{"id":39,"date":"2017-07-06T16:01:45","date_gmt":"2017-07-06T13:01:45","guid":{"rendered":"http:\/\/gatewaypartners.eu\/lt\/?page_id=39"},"modified":"2022-03-04T17:57:10","modified_gmt":"2022-03-04T15:57:10","slug":"eksporto-pletra","status":"publish","type":"page","link":"https:\/\/gatewaypartners.eu\/lt\/paslaugos\/eksporto-pletra\/","title":{"rendered":"Eksporto pl\u0117tra"},"content":{"rendered":"<h3>Prekybos partneri\u0173 pritraukimas<\/h3>\n<p class=\"p1\">Mes pristatysime j\u016bs\u0173 kompanij\u0105 potencialiem verslo partneriam j\u016bs\u0173 tikslin\u0117se rinkose, identifikuosime tinkamiausius pardavimo kanalus ir suorganizuosime verslo susitikimus.<\/p>\n<p>Mes:<\/p>\n<ul>\n<li>\n<p class=\"p1\">Identifikuosime tinkamiausius pardavim\u0173 kanalus<\/p>\n<\/li>\n<li>\n<p class=\"p1\">Pristatysime j\u016bs\u0173 produkt\u0105 potencialiems partneriams j\u016bs\u0173 tikslin\u0117se rinkose<\/p>\n<\/li>\n<li>\n<p class=\"p1\">Suorganizuosime susitikimus su potencialiais pardavim\u0173 partneriais ir klientais j\u016bs\u0173 tikslin\u0117je rinkoje<\/p>\n<\/li>\n<li>\n<p class=\"p1\">Pasir\u016bpinsime visomis praktin\u0117mis detalemis, susijusiomis su j\u016bs\u0173 verslo kelione<\/p>\n<\/li>\n<\/ul>\n<h3>B2B kontakt\u0173 u\u017emezgimo renginiai<\/h3>\n<p class=\"p1\">Mes organizuojame verslo kontakt\u0173 renginius \u012fmoni\u0173 grup\u0117ms, norin\u010dioms pl\u0117sti eksporto partneri\u0173 tinkl\u0105.<\/p>\n<p class=\"p1\">Mes:<\/p>\n<ul>\n<li>\n<p class=\"p1\">Suorganizuosime verslo kontakt\u0173 rengin\u012f \u012fmoni\u0173 grup\u0117ms<\/p>\n<\/li>\n<li>\n<p class=\"p1\">Suorganizuosime individualius verslo susitikimus renginyje dalyvaujan\u010dioms \u012fmon\u0117ms<\/p>\n<\/li>\n<li>\n<p class=\"p1\">Suorganizuosime seminar\u0105 arba mokom\u0105j\u0105 kelion\u0119 \u012f j\u016bs\u0173 tikslin\u0119 rink\u0105<\/p>\n<\/li>\n<li>\n<p class=\"p1\">Sutvarkysime visas praktines detales, susijusias su j\u016bs\u0173 verslo kelione<\/p>\n<\/li>\n<\/ul>\n<h3>Eksporto valdymas<\/h3>\n<p class=\"p1\">Pasirinkus Eksporto Valdymo paslaug\u0105 \u2013 mes tapsime j\u016bs\u0173 i\u0161oriniais eksporto pardavim\u0173 vadybininkais.<\/p>\n<p class=\"p1\">Mes:<\/p>\n<ul>\n<li class=\"p1\">Nuolatos dirbsime su j\u016bs\u0173 eksporto pardavim\u0173 pl\u0117tra<\/li>\n<li class=\"p1\">Pl\u0117sime j\u016bs\u0173 klient\u0173 rat\u0105, b\u016bsime atsakinti u\u017e komunikacij\u0105 ir derybas d\u0117l kain\u0173 ir pristatymo s\u0105lyg\u0173<\/li>\n<li class=\"p1\">Kartu su jumis kursime naujus produktus skirtus eksporto rinkoms<\/li>\n<\/ul>\n","protected":false},"excerpt":{"rendered":"<p>Prekybos partneri\u0173 pritraukimas<br \/>\nB2B kontakt\u0173 u\u017emezgimo renginiai<br \/>\nEksporto valdymas<\/p>\n","protected":false},"author":3,"featured_media":234,"parent":42,"menu_order":1,"comment_status":"closed","ping_status":"closed","template":"template-service.php","meta":{"inline_featured_image":false,"footnotes":""},"class_list":["post-39","page","type-page","status-publish","has-post-thumbnail","hentry"],"acf":[],"yoast_head":"<!-- This site is optimized with the Yoast SEO plugin v20.2.1 - https:\/\/yoast.com\/wordpress\/plugins\/seo\/ -->\n<title>Konsultacijos Eksporto Klausimais | Gateway &amp; Partners<\/title>\n<meta name=\"description\" content=\"Si\u016blome eksporto konsultacijas, \u012fskaitant pardavimo partneri\u0173 pritraukim\u0105, B2B rinkodara renginius ir eksporto valdym\u0105! Vis\u0105 paslaug\u0173 apra\u0161ym\u0105 rasite \u010dia!\" \/>\n<meta name=\"robots\" content=\"index, follow, max-snippet:-1, max-image-preview:large, max-video-preview:-1\" \/>\n<link rel=\"canonical\" href=\"https:\/\/gatewaypartners.eu\/lt\/paslaugos\/eksporto-pletra\/\" \/>\n<meta property=\"og:locale\" content=\"lt_LT\" \/>\n<meta property=\"og:type\" content=\"article\" \/>\n<meta property=\"og:title\" content=\"Konsultacijos Eksporto Klausimais | Gateway &amp; Partners\" \/>\n<meta property=\"og:description\" content=\"Si\u016blome eksporto konsultacijas, \u012fskaitant pardavimo partneri\u0173 pritraukim\u0105, B2B rinkodara renginius ir eksporto valdym\u0105! Vis\u0105 paslaug\u0173 apra\u0161ym\u0105 rasite \u010dia!\" \/>\n<meta property=\"og:url\" content=\"https:\/\/gatewaypartners.eu\/lt\/paslaugos\/eksporto-pletra\/\" \/>\n<meta property=\"og:site_name\" content=\"Gateway &amp; Partners\" \/>\n<meta property=\"article:modified_time\" content=\"2022-03-04T15:57:10+00:00\" \/>\n<meta property=\"og:image\" content=\"https:\/\/gatewaypartners.eu\/lt\/wp-content\/uploads\/sites\/4\/2017\/07\/About-osaka-98351.jpg\" \/>\n\t<meta property=\"og:image:width\" content=\"2048\" \/>\n\t<meta property=\"og:image:height\" content=\"1152\" \/>\n\t<meta property=\"og:image:type\" content=\"image\/jpeg\" \/>\n<meta name=\"twitter:card\" content=\"summary_large_image\" \/>\n<script type=\"application\/ld+json\" class=\"yoast-schema-graph\">{\"@context\":\"https:\/\/schema.org\",\"@graph\":[{\"@type\":\"WebPage\",\"@id\":\"https:\/\/gatewaypartners.eu\/lt\/paslaugos\/eksporto-pletra\/\",\"url\":\"https:\/\/gatewaypartners.eu\/lt\/paslaugos\/eksporto-pletra\/\",\"name\":\"Konsultacijos Eksporto Klausimais | Gateway & Partners\",\"isPartOf\":{\"@id\":\"https:\/\/gatewaypartners.eu\/lt\/#website\"},\"datePublished\":\"2017-07-06T13:01:45+00:00\",\"dateModified\":\"2022-03-04T15:57:10+00:00\",\"description\":\"Si\u016blome eksporto konsultacijas, \u012fskaitant pardavimo partneri\u0173 pritraukim\u0105, B2B rinkodara renginius ir eksporto valdym\u0105! Vis\u0105 paslaug\u0173 apra\u0161ym\u0105 rasite \u010dia!\",\"breadcrumb\":{\"@id\":\"https:\/\/gatewaypartners.eu\/lt\/paslaugos\/eksporto-pletra\/#breadcrumb\"},\"inLanguage\":\"lt-LT\",\"potentialAction\":[{\"@type\":\"ReadAction\",\"target\":[\"https:\/\/gatewaypartners.eu\/lt\/paslaugos\/eksporto-pletra\/\"]}]},{\"@type\":\"BreadcrumbList\",\"@id\":\"https:\/\/gatewaypartners.eu\/lt\/paslaugos\/eksporto-pletra\/#breadcrumb\",\"itemListElement\":[{\"@type\":\"ListItem\",\"position\":1,\"name\":\"Paslaugos\",\"item\":\"https:\/\/gatewaypartners.eu\/lt\/paslaugos\/\"},{\"@type\":\"ListItem\",\"position\":2,\"name\":\"Eksporto pl\u0117tra\"}]},{\"@type\":\"WebSite\",\"@id\":\"https:\/\/gatewaypartners.eu\/lt\/#website\",\"url\":\"https:\/\/gatewaypartners.eu\/lt\/\",\"name\":\"Gateway &amp; Partners\",\"description\":\"J\u016bs\u0173 patikimiausias Eksporto Pl\u0117tros Partneris.\",\"potentialAction\":[{\"@type\":\"SearchAction\",\"target\":{\"@type\":\"EntryPoint\",\"urlTemplate\":\"https:\/\/gatewaypartners.eu\/lt\/?s={search_term_string}\"},\"query-input\":\"required name=search_term_string\"}],\"inLanguage\":\"lt-LT\"}]}<\/script>\n<!-- \/ Yoast SEO plugin. -->","yoast_head_json":{"title":"Konsultacijos Eksporto Klausimais | Gateway & Partners","description":"Si\u016blome eksporto konsultacijas, \u012fskaitant pardavimo partneri\u0173 pritraukim\u0105, B2B rinkodara renginius ir eksporto valdym\u0105! Vis\u0105 paslaug\u0173 apra\u0161ym\u0105 rasite \u010dia!","robots":{"index":"index","follow":"follow","max-snippet":"max-snippet:-1","max-image-preview":"max-image-preview:large","max-video-preview":"max-video-preview:-1"},"canonical":"https:\/\/gatewaypartners.eu\/lt\/paslaugos\/eksporto-pletra\/","og_locale":"lt_LT","og_type":"article","og_title":"Konsultacijos Eksporto Klausimais | Gateway & Partners","og_description":"Si\u016blome eksporto konsultacijas, \u012fskaitant pardavimo partneri\u0173 pritraukim\u0105, B2B rinkodara renginius ir eksporto valdym\u0105! Vis\u0105 paslaug\u0173 apra\u0161ym\u0105 rasite \u010dia!","og_url":"https:\/\/gatewaypartners.eu\/lt\/paslaugos\/eksporto-pletra\/","og_site_name":"Gateway &amp; Partners","article_modified_time":"2022-03-04T15:57:10+00:00","og_image":[{"width":2048,"height":1152,"url":"https:\/\/gatewaypartners.eu\/lt\/wp-content\/uploads\/sites\/4\/2017\/07\/About-osaka-98351.jpg","type":"image\/jpeg"}],"twitter_card":"summary_large_image","schema":{"@context":"https:\/\/schema.org","@graph":[{"@type":"WebPage","@id":"https:\/\/gatewaypartners.eu\/lt\/paslaugos\/eksporto-pletra\/","url":"https:\/\/gatewaypartners.eu\/lt\/paslaugos\/eksporto-pletra\/","name":"Konsultacijos Eksporto Klausimais | Gateway & Partners","isPartOf":{"@id":"https:\/\/gatewaypartners.eu\/lt\/#website"},"datePublished":"2017-07-06T13:01:45+00:00","dateModified":"2022-03-04T15:57:10+00:00","description":"Si\u016blome eksporto konsultacijas, \u012fskaitant pardavimo partneri\u0173 pritraukim\u0105, B2B rinkodara renginius ir eksporto valdym\u0105! Vis\u0105 paslaug\u0173 apra\u0161ym\u0105 rasite \u010dia!","breadcrumb":{"@id":"https:\/\/gatewaypartners.eu\/lt\/paslaugos\/eksporto-pletra\/#breadcrumb"},"inLanguage":"lt-LT","potentialAction":[{"@type":"ReadAction","target":["https:\/\/gatewaypartners.eu\/lt\/paslaugos\/eksporto-pletra\/"]}]},{"@type":"BreadcrumbList","@id":"https:\/\/gatewaypartners.eu\/lt\/paslaugos\/eksporto-pletra\/#breadcrumb","itemListElement":[{"@type":"ListItem","position":1,"name":"Paslaugos","item":"https:\/\/gatewaypartners.eu\/lt\/paslaugos\/"},{"@type":"ListItem","position":2,"name":"Eksporto pl\u0117tra"}]},{"@type":"WebSite","@id":"https:\/\/gatewaypartners.eu\/lt\/#website","url":"https:\/\/gatewaypartners.eu\/lt\/","name":"Gateway &amp; Partners","description":"J\u016bs\u0173 patikimiausias Eksporto Pl\u0117tros Partneris.","potentialAction":[{"@type":"SearchAction","target":{"@type":"EntryPoint","urlTemplate":"https:\/\/gatewaypartners.eu\/lt\/?s={search_term_string}"},"query-input":"required name=search_term_string"}],"inLanguage":"lt-LT"}]}},"_links":{"self":[{"href":"https:\/\/gatewaypartners.eu\/lt\/wp-json\/wp\/v2\/pages\/39","targetHints":{"allow":["GET"]}}],"collection":[{"href":"https:\/\/gatewaypartners.eu\/lt\/wp-json\/wp\/v2\/pages"}],"about":[{"href":"https:\/\/gatewaypartners.eu\/lt\/wp-json\/wp\/v2\/types\/page"}],"author":[{"embeddable":true,"href":"https:\/\/gatewaypartners.eu\/lt\/wp-json\/wp\/v2\/users\/3"}],"replies":[{"embeddable":true,"href":"https:\/\/gatewaypartners.eu\/lt\/wp-json\/wp\/v2\/comments?post=39"}],"version-history":[{"count":1,"href":"https:\/\/gatewaypartners.eu\/lt\/wp-json\/wp\/v2\/pages\/39\/revisions"}],"predecessor-version":[{"id":41,"href":"https:\/\/gatewaypartners.eu\/lt\/wp-json\/wp\/v2\/pages\/39\/revisions\/41"}],"up":[{"embeddable":true,"href":"https:\/\/gatewaypartners.eu\/lt\/wp-json\/wp\/v2\/pages\/42"}],"wp:featuredmedia":[{"embeddable":true,"href":"https:\/\/gatewaypartners.eu\/lt\/wp-json\/wp\/v2\/media\/234"}],"wp:attachment":[{"href":"https:\/\/gatewaypartners.eu\/lt\/wp-json\/wp\/v2\/media?parent=39"}],"curies":[{"name":"wp","href":"https:\/\/api.w.org\/{rel}","templated":true}]}}