{"id":42,"date":"2017-07-06T16:07:15","date_gmt":"2017-07-06T13:07:15","guid":{"rendered":"http:\/\/gatewaypartners.eu\/lt\/?page_id=42"},"modified":"2022-03-04T17:55:31","modified_gmt":"2022-03-04T15:55:31","slug":"paslaugos","status":"publish","type":"page","link":"https:\/\/gatewaypartners.eu\/lt\/paslaugos\/","title":{"rendered":"Paslaugos"},"content":{"rendered":"","protected":false},"excerpt":{"rendered":"<p>Ko jums gali prireikti, siekiant augti tarptautin\u0117se rinkose? Naujausi\u0173 tendencij\u0173 u\u017esienio rinkose analiz\u0117s ir tinkam\u0173 verslo partneri\u0173. \u0160tai \u010dia mes jums ateiname \u012f pagalb\u0105. Mes pateiksime jums ai\u0161kius rezultatus. Mes pad\u0117sime jums sutaupyti laik\u0105 ir pinigus, \u017eengiant \u012f naujas rinkas.<\/p>\n","protected":false},"author":3,"featured_media":475,"parent":0,"menu_order":0,"comment_status":"closed","ping_status":"closed","template":"template-services.php","meta":{"inline_featured_image":false,"footnotes":""},"class_list":["post-42","page","type-page","status-publish","has-post-thumbnail","hentry"],"acf":[],"yoast_head":"<!-- This site is optimized with the Yoast SEO plugin v20.2.1 - https:\/\/yoast.com\/wordpress\/plugins\/seo\/ -->\n<title>Eksporto Valdymas, B2B Pardavimai ir kt. | Gateway &amp; Partners<\/title>\n<meta name=\"description\" content=\"Taupykite savo laik\u0105 ir pinigus \u017eengdami \u012f naujas rinkas. M\u016bs\u0173 paslaugos apima eksporto \u017evalgyb\u0105, tiek\u0117j\u0173 paie\u0161k\u0105, investicij\u0173 pritraukimas ir dar daugiau!\" \/>\n<meta name=\"robots\" content=\"index, follow, max-snippet:-1, max-image-preview:large, max-video-preview:-1\" \/>\n<link rel=\"canonical\" href=\"https:\/\/gatewaypartners.eu\/lt\/paslaugos\/\" \/>\n<meta property=\"og:locale\" content=\"lt_LT\" \/>\n<meta property=\"og:type\" content=\"article\" \/>\n<meta property=\"og:title\" content=\"Eksporto Valdymas, B2B Pardavimai ir kt. | Gateway &amp; Partners\" \/>\n<meta property=\"og:description\" content=\"Taupykite savo laik\u0105 ir pinigus \u017eengdami \u012f naujas rinkas. M\u016bs\u0173 paslaugos apima eksporto \u017evalgyb\u0105, tiek\u0117j\u0173 paie\u0161k\u0105, investicij\u0173 pritraukimas ir dar daugiau!\" \/>\n<meta property=\"og:url\" content=\"https:\/\/gatewaypartners.eu\/lt\/paslaugos\/\" \/>\n<meta property=\"og:site_name\" content=\"Gateway &amp; Partners\" \/>\n<meta property=\"article:modified_time\" content=\"2022-03-04T15:55:31+00:00\" \/>\n<meta property=\"og:image\" content=\"https:\/\/gatewaypartners.eu\/lt\/wp-content\/uploads\/sites\/4\/2017\/07\/airport-1853505_1920.jpg\" \/>\n\t<meta property=\"og:image:width\" content=\"1920\" \/>\n\t<meta property=\"og:image:height\" content=\"1280\" \/>\n\t<meta property=\"og:image:type\" content=\"image\/jpeg\" \/>\n<meta name=\"twitter:card\" content=\"summary_large_image\" \/>\n<script type=\"application\/ld+json\" class=\"yoast-schema-graph\">{\"@context\":\"https:\/\/schema.org\",\"@graph\":[{\"@type\":\"WebPage\",\"@id\":\"https:\/\/gatewaypartners.eu\/lt\/paslaugos\/\",\"url\":\"https:\/\/gatewaypartners.eu\/lt\/paslaugos\/\",\"name\":\"Eksporto Valdymas, B2B Pardavimai ir kt. | Gateway & Partners\",\"isPartOf\":{\"@id\":\"https:\/\/gatewaypartners.eu\/lt\/#website\"},\"datePublished\":\"2017-07-06T13:07:15+00:00\",\"dateModified\":\"2022-03-04T15:55:31+00:00\",\"description\":\"Taupykite savo laik\u0105 ir pinigus \u017eengdami \u012f naujas rinkas. M\u016bs\u0173 paslaugos apima eksporto \u017evalgyb\u0105, tiek\u0117j\u0173 paie\u0161k\u0105, investicij\u0173 pritraukimas ir dar daugiau!\",\"inLanguage\":\"lt-LT\",\"potentialAction\":[{\"@type\":\"ReadAction\",\"target\":[\"https:\/\/gatewaypartners.eu\/lt\/paslaugos\/\"]}]},{\"@type\":\"WebSite\",\"@id\":\"https:\/\/gatewaypartners.eu\/lt\/#website\",\"url\":\"https:\/\/gatewaypartners.eu\/lt\/\",\"name\":\"Gateway &amp; Partners\",\"description\":\"J\u016bs\u0173 patikimiausias Eksporto Pl\u0117tros Partneris.\",\"potentialAction\":[{\"@type\":\"SearchAction\",\"target\":{\"@type\":\"EntryPoint\",\"urlTemplate\":\"https:\/\/gatewaypartners.eu\/lt\/?s={search_term_string}\"},\"query-input\":\"required name=search_term_string\"}],\"inLanguage\":\"lt-LT\"}]}<\/script>\n<!-- \/ Yoast SEO plugin. -->","yoast_head_json":{"title":"Eksporto Valdymas, B2B Pardavimai ir kt. | Gateway & Partners","description":"Taupykite savo laik\u0105 ir pinigus \u017eengdami \u012f naujas rinkas. M\u016bs\u0173 paslaugos apima eksporto \u017evalgyb\u0105, tiek\u0117j\u0173 paie\u0161k\u0105, investicij\u0173 pritraukimas ir dar daugiau!","robots":{"index":"index","follow":"follow","max-snippet":"max-snippet:-1","max-image-preview":"max-image-preview:large","max-video-preview":"max-video-preview:-1"},"canonical":"https:\/\/gatewaypartners.eu\/lt\/paslaugos\/","og_locale":"lt_LT","og_type":"article","og_title":"Eksporto Valdymas, B2B Pardavimai ir kt. | Gateway & Partners","og_description":"Taupykite savo laik\u0105 ir pinigus \u017eengdami \u012f naujas rinkas. M\u016bs\u0173 paslaugos apima eksporto \u017evalgyb\u0105, tiek\u0117j\u0173 paie\u0161k\u0105, investicij\u0173 pritraukimas ir dar daugiau!","og_url":"https:\/\/gatewaypartners.eu\/lt\/paslaugos\/","og_site_name":"Gateway &amp; Partners","article_modified_time":"2022-03-04T15:55:31+00:00","og_image":[{"width":1920,"height":1280,"url":"https:\/\/gatewaypartners.eu\/lt\/wp-content\/uploads\/sites\/4\/2017\/07\/airport-1853505_1920.jpg","type":"image\/jpeg"}],"twitter_card":"summary_large_image","schema":{"@context":"https:\/\/schema.org","@graph":[{"@type":"WebPage","@id":"https:\/\/gatewaypartners.eu\/lt\/paslaugos\/","url":"https:\/\/gatewaypartners.eu\/lt\/paslaugos\/","name":"Eksporto Valdymas, B2B Pardavimai ir kt. | Gateway & Partners","isPartOf":{"@id":"https:\/\/gatewaypartners.eu\/lt\/#website"},"datePublished":"2017-07-06T13:07:15+00:00","dateModified":"2022-03-04T15:55:31+00:00","description":"Taupykite savo laik\u0105 ir pinigus \u017eengdami \u012f naujas rinkas. M\u016bs\u0173 paslaugos apima eksporto \u017evalgyb\u0105, tiek\u0117j\u0173 paie\u0161k\u0105, investicij\u0173 pritraukimas ir dar daugiau!","inLanguage":"lt-LT","potentialAction":[{"@type":"ReadAction","target":["https:\/\/gatewaypartners.eu\/lt\/paslaugos\/"]}]},{"@type":"WebSite","@id":"https:\/\/gatewaypartners.eu\/lt\/#website","url":"https:\/\/gatewaypartners.eu\/lt\/","name":"Gateway &amp; Partners","description":"J\u016bs\u0173 patikimiausias Eksporto Pl\u0117tros Partneris.","potentialAction":[{"@type":"SearchAction","target":{"@type":"EntryPoint","urlTemplate":"https:\/\/gatewaypartners.eu\/lt\/?s={search_term_string}"},"query-input":"required name=search_term_string"}],"inLanguage":"lt-LT"}]}},"_links":{"self":[{"href":"https:\/\/gatewaypartners.eu\/lt\/wp-json\/wp\/v2\/pages\/42","targetHints":{"allow":["GET"]}}],"collection":[{"href":"https:\/\/gatewaypartners.eu\/lt\/wp-json\/wp\/v2\/pages"}],"about":[{"href":"https:\/\/gatewaypartners.eu\/lt\/wp-json\/wp\/v2\/types\/page"}],"author":[{"embeddable":true,"href":"https:\/\/gatewaypartners.eu\/lt\/wp-json\/wp\/v2\/users\/3"}],"replies":[{"embeddable":true,"href":"https:\/\/gatewaypartners.eu\/lt\/wp-json\/wp\/v2\/comments?post=42"}],"version-history":[{"count":2,"href":"https:\/\/gatewaypartners.eu\/lt\/wp-json\/wp\/v2\/pages\/42\/revisions"}],"predecessor-version":[{"id":1274,"href":"https:\/\/gatewaypartners.eu\/lt\/wp-json\/wp\/v2\/pages\/42\/revisions\/1274"}],"wp:featuredmedia":[{"embeddable":true,"href":"https:\/\/gatewaypartners.eu\/lt\/wp-json\/wp\/v2\/media\/475"}],"wp:attachment":[{"href":"https:\/\/gatewaypartners.eu\/lt\/wp-json\/wp\/v2\/media?parent=42"}],"curies":[{"name":"wp","href":"https:\/\/api.w.org\/{rel}","templated":true}]}}