{"id":47,"date":"2017-07-06T16:17:45","date_gmt":"2017-07-06T13:17:45","guid":{"rendered":"http:\/\/gatewaypartners.eu\/lt\/?page_id=47"},"modified":"2022-03-04T18:03:22","modified_gmt":"2022-03-04T16:03:22","slug":"pramones-sakos","status":"publish","type":"page","link":"https:\/\/gatewaypartners.eu\/lt\/pramones-sakos\/","title":{"rendered":"Pramon\u0117s \u0161akos"},"content":{"rendered":"","protected":false},"excerpt":{"rendered":"<p>Sukaupta did\u017eiul\u0117 patirtis dirbant su skirtingomis industrijomis, gilios \u017einios apie rinkas, individualus po\u017ei\u016bris \u012f kiekvien\u0105 nauj\u0105 projekt\u0105 yra tai, kas pad\u0117s didinti j\u016bs\u0173 eksporto pardavimus. Per daugiau nei de\u0161imt\u012f met\u0173, mes dirbome su skirtingomis industrijomis ir rinkomis, pad\u0117dami tiek pradedantiems verslams ir organizacijoms, tiek jau solid\u017ei\u0105 patirt\u012f turin\u010dioms didel\u0117ms \u012fmon\u0117ms.<\/p>\n","protected":false},"author":3,"featured_media":48,"parent":0,"menu_order":0,"comment_status":"closed","ping_status":"closed","template":"template-industries.php","meta":{"inline_featured_image":false,"footnotes":""},"class_list":["post-47","page","type-page","status-publish","has-post-thumbnail","hentry"],"acf":[],"yoast_head":"<!-- This site is optimized with the Yoast SEO plugin v20.2.1 - https:\/\/yoast.com\/wordpress\/plugins\/seo\/ -->\n<title>Pramon\u0117s \u0160akos | Gateway &amp; Partners<\/title>\n<meta name=\"description\" content=\"Didel\u0117 patirtis \u012fvairiose pramon\u0117s \u0161akose, rinkos i\u0161manymas, asmeninis po\u017ei\u016bris ir profesional\u016bs patarimai pad\u0117s padidinti j\u016bs\u0173 eksporto pardavimus.\" \/>\n<meta name=\"robots\" content=\"index, follow, max-snippet:-1, max-image-preview:large, max-video-preview:-1\" \/>\n<link rel=\"canonical\" href=\"https:\/\/gatewaypartners.eu\/lt\/pramones-sakos\/\" \/>\n<meta property=\"og:locale\" content=\"lt_LT\" \/>\n<meta property=\"og:type\" content=\"article\" \/>\n<meta property=\"og:title\" content=\"Pramon\u0117s \u0160akos | Gateway &amp; Partners\" \/>\n<meta property=\"og:description\" content=\"Didel\u0117 patirtis \u012fvairiose pramon\u0117s \u0161akose, rinkos i\u0161manymas, asmeninis po\u017ei\u016bris ir profesional\u016bs patarimai pad\u0117s padidinti j\u016bs\u0173 eksporto pardavimus.\" \/>\n<meta property=\"og:url\" content=\"https:\/\/gatewaypartners.eu\/lt\/pramones-sakos\/\" \/>\n<meta property=\"og:site_name\" content=\"Gateway &amp; Partners\" \/>\n<meta property=\"article:modified_time\" content=\"2022-03-04T16:03:22+00:00\" \/>\n<meta property=\"og:image\" content=\"https:\/\/gatewaypartners.eu\/lt\/wp-content\/uploads\/sites\/4\/2017\/07\/Industries-airport-1659008_1920-1024x683.jpg\" \/>\n\t<meta property=\"og:image:width\" content=\"1024\" \/>\n\t<meta property=\"og:image:height\" content=\"683\" \/>\n\t<meta property=\"og:image:type\" content=\"image\/jpeg\" \/>\n<meta name=\"twitter:card\" content=\"summary_large_image\" \/>\n<script type=\"application\/ld+json\" class=\"yoast-schema-graph\">{\"@context\":\"https:\/\/schema.org\",\"@graph\":[{\"@type\":\"WebPage\",\"@id\":\"https:\/\/gatewaypartners.eu\/lt\/pramones-sakos\/\",\"url\":\"https:\/\/gatewaypartners.eu\/lt\/pramones-sakos\/\",\"name\":\"Pramon\u0117s \u0160akos | Gateway & Partners\",\"isPartOf\":{\"@id\":\"https:\/\/gatewaypartners.eu\/lt\/#website\"},\"datePublished\":\"2017-07-06T13:17:45+00:00\",\"dateModified\":\"2022-03-04T16:03:22+00:00\",\"description\":\"Didel\u0117 patirtis \u012fvairiose pramon\u0117s \u0161akose, rinkos i\u0161manymas, asmeninis po\u017ei\u016bris ir profesional\u016bs patarimai pad\u0117s padidinti j\u016bs\u0173 eksporto pardavimus.\",\"inLanguage\":\"lt-LT\",\"potentialAction\":[{\"@type\":\"ReadAction\",\"target\":[\"https:\/\/gatewaypartners.eu\/lt\/pramones-sakos\/\"]}]},{\"@type\":\"WebSite\",\"@id\":\"https:\/\/gatewaypartners.eu\/lt\/#website\",\"url\":\"https:\/\/gatewaypartners.eu\/lt\/\",\"name\":\"Gateway &amp; Partners\",\"description\":\"J\u016bs\u0173 patikimiausias Eksporto Pl\u0117tros Partneris.\",\"potentialAction\":[{\"@type\":\"SearchAction\",\"target\":{\"@type\":\"EntryPoint\",\"urlTemplate\":\"https:\/\/gatewaypartners.eu\/lt\/?s={search_term_string}\"},\"query-input\":\"required name=search_term_string\"}],\"inLanguage\":\"lt-LT\"}]}<\/script>\n<!-- \/ Yoast SEO plugin. -->","yoast_head_json":{"title":"Pramon\u0117s \u0160akos | Gateway & Partners","description":"Didel\u0117 patirtis \u012fvairiose pramon\u0117s \u0161akose, rinkos i\u0161manymas, asmeninis po\u017ei\u016bris ir profesional\u016bs patarimai pad\u0117s padidinti j\u016bs\u0173 eksporto pardavimus.","robots":{"index":"index","follow":"follow","max-snippet":"max-snippet:-1","max-image-preview":"max-image-preview:large","max-video-preview":"max-video-preview:-1"},"canonical":"https:\/\/gatewaypartners.eu\/lt\/pramones-sakos\/","og_locale":"lt_LT","og_type":"article","og_title":"Pramon\u0117s \u0160akos | Gateway & Partners","og_description":"Didel\u0117 patirtis \u012fvairiose pramon\u0117s \u0161akose, rinkos i\u0161manymas, asmeninis po\u017ei\u016bris ir profesional\u016bs patarimai pad\u0117s padidinti j\u016bs\u0173 eksporto pardavimus.","og_url":"https:\/\/gatewaypartners.eu\/lt\/pramones-sakos\/","og_site_name":"Gateway &amp; Partners","article_modified_time":"2022-03-04T16:03:22+00:00","og_image":[{"width":1024,"height":683,"url":"https:\/\/gatewaypartners.eu\/lt\/wp-content\/uploads\/sites\/4\/2017\/07\/Industries-airport-1659008_1920-1024x683.jpg","type":"image\/jpeg"}],"twitter_card":"summary_large_image","schema":{"@context":"https:\/\/schema.org","@graph":[{"@type":"WebPage","@id":"https:\/\/gatewaypartners.eu\/lt\/pramones-sakos\/","url":"https:\/\/gatewaypartners.eu\/lt\/pramones-sakos\/","name":"Pramon\u0117s \u0160akos | Gateway & Partners","isPartOf":{"@id":"https:\/\/gatewaypartners.eu\/lt\/#website"},"datePublished":"2017-07-06T13:17:45+00:00","dateModified":"2022-03-04T16:03:22+00:00","description":"Didel\u0117 patirtis \u012fvairiose pramon\u0117s \u0161akose, rinkos i\u0161manymas, asmeninis po\u017ei\u016bris ir profesional\u016bs patarimai pad\u0117s padidinti j\u016bs\u0173 eksporto pardavimus.","inLanguage":"lt-LT","potentialAction":[{"@type":"ReadAction","target":["https:\/\/gatewaypartners.eu\/lt\/pramones-sakos\/"]}]},{"@type":"WebSite","@id":"https:\/\/gatewaypartners.eu\/lt\/#website","url":"https:\/\/gatewaypartners.eu\/lt\/","name":"Gateway &amp; Partners","description":"J\u016bs\u0173 patikimiausias Eksporto Pl\u0117tros Partneris.","potentialAction":[{"@type":"SearchAction","target":{"@type":"EntryPoint","urlTemplate":"https:\/\/gatewaypartners.eu\/lt\/?s={search_term_string}"},"query-input":"required name=search_term_string"}],"inLanguage":"lt-LT"}]}},"_links":{"self":[{"href":"https:\/\/gatewaypartners.eu\/lt\/wp-json\/wp\/v2\/pages\/47","targetHints":{"allow":["GET"]}}],"collection":[{"href":"https:\/\/gatewaypartners.eu\/lt\/wp-json\/wp\/v2\/pages"}],"about":[{"href":"https:\/\/gatewaypartners.eu\/lt\/wp-json\/wp\/v2\/types\/page"}],"author":[{"embeddable":true,"href":"https:\/\/gatewaypartners.eu\/lt\/wp-json\/wp\/v2\/users\/3"}],"replies":[{"embeddable":true,"href":"https:\/\/gatewaypartners.eu\/lt\/wp-json\/wp\/v2\/comments?post=47"}],"version-history":[{"count":1,"href":"https:\/\/gatewaypartners.eu\/lt\/wp-json\/wp\/v2\/pages\/47\/revisions"}],"predecessor-version":[{"id":49,"href":"https:\/\/gatewaypartners.eu\/lt\/wp-json\/wp\/v2\/pages\/47\/revisions\/49"}],"wp:featuredmedia":[{"embeddable":true,"href":"https:\/\/gatewaypartners.eu\/lt\/wp-json\/wp\/v2\/media\/48"}],"wp:attachment":[{"href":"https:\/\/gatewaypartners.eu\/lt\/wp-json\/wp\/v2\/media?parent=47"}],"curies":[{"name":"wp","href":"https:\/\/api.w.org\/{rel}","templated":true}]}}