{"id":5,"date":"2017-07-06T14:53:36","date_gmt":"2017-07-06T11:53:36","guid":{"rendered":"http:\/\/gatewaypartners.eu\/lt\/?page_id=5"},"modified":"2022-03-04T17:49:34","modified_gmt":"2022-03-04T15:49:34","slug":"jusu-patikimiausias-eksporto-pletros-partneris","status":"publish","type":"page","link":"https:\/\/gatewaypartners.eu\/lt\/","title":{"rendered":"J\u016bs\u0173 patikimiausias Eksporto Pl\u0117tros Partneris"},"content":{"rendered":"<p><a class=\"btn btn-primary btn-lg\" href=\"http:\/\/gatewaypartners.eu\/lt\/apie\/\">Apie<\/a><\/p>\n<p><!--more--><\/p>\n<p>Nauj\u0173 klient\u0173 bei partnerys\u010di\u0173 pl\u0117tojimas u\u017esienio rinkoje bei produkt\u0173 ar paslaug\u0173 eksportas \u012f u\u017esienio valstybes yra kiekvieno verslininko ateities u\u017edavinys. Remiantis statistika, u\u017esienio prekybos apimtys bei nauj\u0173 eksportuojam\u0173 gamini\u0173 s\u0105ra\u0161as Lietuvoje auga kiekvienais metais. J\u016bs\u0173 \u012fmon\u0117s produktas irgi gal\u0117t\u0173 atsidurti \u0161iame s\u0105ra\u0161e. Eksportas \u2013 tai yra didelis \u017eingsnis j\u016bs\u0173 verslo pl\u0117trai, leisiantis J\u016bs\u0173 \u012fmonei tapti \u017einomai u\u017esienio rinkose.<\/p>\n<p>\u012emon\u0117 privalo b\u016bti b\u016bti pasiruo\u0161us, norint \u012feit\u012f \u012f u\u017esienio rinkas. Pasiruo\u0161imas apima \u012fvairius importo reikalavimus ir norint juos atitikti, reikalingos specialios \u017einios ir patirtis. B\u016btent d\u0117l \u0161ios prie\u017easties, daugelis verslinink\u0173 kreipiasi i profesionalius konsultantus, kuriems eksportas ir eksporto konsultacijos yra kasdienyb\u0117. Mes, Gateway &amp; Partners, teikiame rinkos tyrim\u0173 paslaugas bei savo konsultacijomis padedame vietin\u0117ms \u012fmon\u0117ms \u012feit\u012f i naujas rinkas. Visi\u0161kai nesvarbu, kokioje ni\u0161oje j\u016bs dirbate, tinkama eksporto strategija ir teisingai organizuotas darbas leis jums konkuruoti rinkoje. Eksporto konsultacijos yra pirmas \u017eingsnis, pl\u0117tojant prekyb\u0105 \u012f u\u017esienio rinkas.<\/p>\n<p>Eksporto konsultacijos pad\u0117s jums atsakyti \u012f \u0161iuos klausimus:<\/p>\n<ul>\n<li>Ar produktas\/paslauga tinkamas eksportui ir ar \u012fmon\u0117 pasiruo\u0161usi eksportuoti?<\/li>\n<li>\u012e kurias rinkas b\u016bt\u0173 teisingiausia prad\u0117ti eksporto veikl\u0105?<\/li>\n<li>Kaip geriausiai pasiruo\u0161ti \u012feiti \u012f specifin\u0119 rink\u0105?<\/li>\n<li>Kaip gauti pirmus reik\u0161mingus verslo kontaktus ir kur juos rasti?<\/li>\n<\/ul>\n<p>&nbsp;<\/p>\n<p>Nors eksporto skatinimo gair\u0117s verslumo srityje yra pana\u0161ios, praktikoje j\u0173 panaudojimas skiriasi priklausomai nuo individualios \u012fmon\u0117s. Eksporto konsultacijos pad\u0117s jums nusistatyti prioritetus, siekiant prad\u0117ti kurti eksporto strategijos plan\u0105. Atminkite, tam kad prad\u0117ti eksportuoti, reikia \u012fd\u0117ti galyb\u0119 darbo ir laiko, tad J\u016bs privalote tur\u0117ti kantryb\u0117s, nes praeis nema\u017eai laiko nuo pirmo kontakto iki pirmojo u\u017esakymo.<\/p>\n<p>&nbsp;<\/p>\n<p>Skirting\u0173 preki\u0173 ir paslaug\u0173 eksportas apima daugyb\u0119 klausim\u0173. D\u0117l \u0161ios prie\u017easties, eksporto konsultacijos yra tik viena i\u0161 paslaug\u0173, kurias teikiame. M\u016bs\u0173 eksporto konsultacijas bei kitas paslaugas teikia patyr\u0119 profesionalai su daugyb\u0117s met\u0173 patirtimi eksporto skatinimo srityje.<\/p>\n<p>&nbsp;<\/p>\n","protected":false},"excerpt":{"rendered":"<p>J\u016bs\u0173 vartai \u012f Naujas Rinkas.<\/p>\n","protected":false},"author":3,"featured_media":340,"parent":0,"menu_order":1,"comment_status":"closed","ping_status":"closed","template":"template-home.php","meta":{"inline_featured_image":false,"footnotes":""},"class_list":["post-5","page","type-page","status-publish","has-post-thumbnail","hentry"],"acf":[],"yoast_head":"<!-- This site is optimized with the Yoast SEO plugin v20.2.1 - https:\/\/yoast.com\/wordpress\/plugins\/seo\/ -->\n<title>Eksporto Valdymas | Gateway &amp; Partners<\/title>\n<meta name=\"description\" content=\"M\u016bs\u0173 tikslas - \u012fgyvendinti eksporto strategija ir pad\u0117ti \u012fmon\u0117ms padidinti eksporto apimtis. Kreipkit\u0117s d\u0117l konsultacijos dabar!\" \/>\n<meta name=\"robots\" content=\"index, follow, max-snippet:-1, max-image-preview:large, max-video-preview:-1\" \/>\n<link rel=\"canonical\" href=\"https:\/\/gatewaypartners.eu\/lt\/\" \/>\n<meta property=\"og:locale\" content=\"lt_LT\" \/>\n<meta property=\"og:type\" content=\"article\" \/>\n<meta property=\"og:title\" content=\"Eksporto Valdymas | Gateway &amp; Partners\" \/>\n<meta property=\"og:description\" content=\"M\u016bs\u0173 tikslas - \u012fgyvendinti eksporto strategija ir pad\u0117ti \u012fmon\u0117ms padidinti eksporto apimtis. Kreipkit\u0117s d\u0117l konsultacijos dabar!\" \/>\n<meta property=\"og:url\" content=\"https:\/\/gatewaypartners.eu\/lt\/\" \/>\n<meta property=\"og:site_name\" content=\"Gateway &amp; Partners\" \/>\n<meta property=\"article:modified_time\" content=\"2022-03-04T15:49:34+00:00\" \/>\n<meta property=\"og:image\" content=\"https:\/\/gatewaypartners.eu\/lt\/wp-content\/uploads\/sites\/4\/2017\/07\/Index.jpg\" \/>\n\t<meta property=\"og:image:width\" content=\"2048\" \/>\n\t<meta property=\"og:image:height\" content=\"942\" \/>\n\t<meta property=\"og:image:type\" content=\"image\/jpeg\" \/>\n<meta name=\"twitter:card\" content=\"summary_large_image\" \/>\n<script type=\"application\/ld+json\" class=\"yoast-schema-graph\">{\"@context\":\"https:\/\/schema.org\",\"@graph\":[{\"@type\":\"WebPage\",\"@id\":\"https:\/\/gatewaypartners.eu\/lt\/\",\"url\":\"https:\/\/gatewaypartners.eu\/lt\/\",\"name\":\"Eksporto Valdymas | Gateway & Partners\",\"isPartOf\":{\"@id\":\"https:\/\/gatewaypartners.eu\/lt\/#website\"},\"datePublished\":\"2017-07-06T11:53:36+00:00\",\"dateModified\":\"2022-03-04T15:49:34+00:00\",\"description\":\"M\u016bs\u0173 tikslas - \u012fgyvendinti eksporto strategija ir pad\u0117ti \u012fmon\u0117ms padidinti eksporto apimtis. Kreipkit\u0117s d\u0117l konsultacijos dabar!\",\"inLanguage\":\"lt-LT\",\"potentialAction\":[{\"@type\":\"ReadAction\",\"target\":[\"https:\/\/gatewaypartners.eu\/lt\/\"]}]},{\"@type\":\"WebSite\",\"@id\":\"https:\/\/gatewaypartners.eu\/lt\/#website\",\"url\":\"https:\/\/gatewaypartners.eu\/lt\/\",\"name\":\"Gateway &amp; Partners\",\"description\":\"J\u016bs\u0173 patikimiausias Eksporto Pl\u0117tros Partneris.\",\"potentialAction\":[{\"@type\":\"SearchAction\",\"target\":{\"@type\":\"EntryPoint\",\"urlTemplate\":\"https:\/\/gatewaypartners.eu\/lt\/?s={search_term_string}\"},\"query-input\":\"required name=search_term_string\"}],\"inLanguage\":\"lt-LT\"}]}<\/script>\n<!-- \/ Yoast SEO plugin. -->","yoast_head_json":{"title":"Eksporto Valdymas | Gateway & Partners","description":"M\u016bs\u0173 tikslas - \u012fgyvendinti eksporto strategija ir pad\u0117ti \u012fmon\u0117ms padidinti eksporto apimtis. Kreipkit\u0117s d\u0117l konsultacijos dabar!","robots":{"index":"index","follow":"follow","max-snippet":"max-snippet:-1","max-image-preview":"max-image-preview:large","max-video-preview":"max-video-preview:-1"},"canonical":"https:\/\/gatewaypartners.eu\/lt\/","og_locale":"lt_LT","og_type":"article","og_title":"Eksporto Valdymas | Gateway & Partners","og_description":"M\u016bs\u0173 tikslas - \u012fgyvendinti eksporto strategija ir pad\u0117ti \u012fmon\u0117ms padidinti eksporto apimtis. Kreipkit\u0117s d\u0117l konsultacijos dabar!","og_url":"https:\/\/gatewaypartners.eu\/lt\/","og_site_name":"Gateway &amp; Partners","article_modified_time":"2022-03-04T15:49:34+00:00","og_image":[{"width":2048,"height":942,"url":"https:\/\/gatewaypartners.eu\/lt\/wp-content\/uploads\/sites\/4\/2017\/07\/Index.jpg","type":"image\/jpeg"}],"twitter_card":"summary_large_image","schema":{"@context":"https:\/\/schema.org","@graph":[{"@type":"WebPage","@id":"https:\/\/gatewaypartners.eu\/lt\/","url":"https:\/\/gatewaypartners.eu\/lt\/","name":"Eksporto Valdymas | Gateway & Partners","isPartOf":{"@id":"https:\/\/gatewaypartners.eu\/lt\/#website"},"datePublished":"2017-07-06T11:53:36+00:00","dateModified":"2022-03-04T15:49:34+00:00","description":"M\u016bs\u0173 tikslas - \u012fgyvendinti eksporto strategija ir pad\u0117ti \u012fmon\u0117ms padidinti eksporto apimtis. Kreipkit\u0117s d\u0117l konsultacijos dabar!","inLanguage":"lt-LT","potentialAction":[{"@type":"ReadAction","target":["https:\/\/gatewaypartners.eu\/lt\/"]}]},{"@type":"WebSite","@id":"https:\/\/gatewaypartners.eu\/lt\/#website","url":"https:\/\/gatewaypartners.eu\/lt\/","name":"Gateway &amp; Partners","description":"J\u016bs\u0173 patikimiausias Eksporto Pl\u0117tros Partneris.","potentialAction":[{"@type":"SearchAction","target":{"@type":"EntryPoint","urlTemplate":"https:\/\/gatewaypartners.eu\/lt\/?s={search_term_string}"},"query-input":"required name=search_term_string"}],"inLanguage":"lt-LT"}]}},"_links":{"self":[{"href":"https:\/\/gatewaypartners.eu\/lt\/wp-json\/wp\/v2\/pages\/5","targetHints":{"allow":["GET"]}}],"collection":[{"href":"https:\/\/gatewaypartners.eu\/lt\/wp-json\/wp\/v2\/pages"}],"about":[{"href":"https:\/\/gatewaypartners.eu\/lt\/wp-json\/wp\/v2\/types\/page"}],"author":[{"embeddable":true,"href":"https:\/\/gatewaypartners.eu\/lt\/wp-json\/wp\/v2\/users\/3"}],"replies":[{"embeddable":true,"href":"https:\/\/gatewaypartners.eu\/lt\/wp-json\/wp\/v2\/comments?post=5"}],"version-history":[{"count":7,"href":"https:\/\/gatewaypartners.eu\/lt\/wp-json\/wp\/v2\/pages\/5\/revisions"}],"predecessor-version":[{"id":1139,"href":"https:\/\/gatewaypartners.eu\/lt\/wp-json\/wp\/v2\/pages\/5\/revisions\/1139"}],"wp:featuredmedia":[{"embeddable":true,"href":"https:\/\/gatewaypartners.eu\/lt\/wp-json\/wp\/v2\/media\/340"}],"wp:attachment":[{"href":"https:\/\/gatewaypartners.eu\/lt\/wp-json\/wp\/v2\/media?parent=5"}],"curies":[{"name":"wp","href":"https:\/\/api.w.org\/{rel}","templated":true}]}}