{"id":50,"date":"2017-07-06T16:20:00","date_gmt":"2017-07-06T13:20:00","guid":{"rendered":"http:\/\/gatewaypartners.eu\/lt\/?page_id=50"},"modified":"2022-02-08T12:16:25","modified_gmt":"2022-02-08T10:16:25","slug":"tarptautines-prekybos-organizacijos-ir-klasteriai","status":"publish","type":"page","link":"https:\/\/gatewaypartners.eu\/lt\/pramones-sakos\/tarptautines-prekybos-organizacijos-ir-klasteriai\/","title":{"rendered":"Tarptautin\u0117s Prekybos Organizacijos ir Klasteriai"},"content":{"rendered":"","protected":false},"excerpt":{"rendered":"<p>Gateway &#038; Partners glaud\u017eiai bendradarbiauja su prekybos skatinimo organizacijomis, klasteriais ir asociacijomis. Kartu su min\u0117tais partneriais atlikome rinkos analizes, vyst\u0117me B2B pardavim\u0173 projektus rengdami prekybos parodas, organizavome B2B verslo kontakt\u0173 u\u017emezgimo renginius, reng\u0117me potenciali\u0173 partneri\u0173 vizitus.<\/p>\n","protected":false},"author":3,"featured_media":51,"parent":47,"menu_order":0,"comment_status":"closed","ping_status":"closed","template":"template-industry.php","meta":{"inline_featured_image":false,"footnotes":""},"class_list":["post-50","page","type-page","status-publish","has-post-thumbnail","hentry"],"acf":[],"yoast_head":"<!-- This site is optimized with the Yoast SEO plugin v20.2.1 - https:\/\/yoast.com\/wordpress\/plugins\/seo\/ -->\n<title>Tarptautin\u0117s Prekybos Organizacijos ir Klasteriai - Gateway &amp; Partners<\/title>\n<meta name=\"robots\" content=\"index, follow, max-snippet:-1, max-image-preview:large, max-video-preview:-1\" \/>\n<link rel=\"canonical\" href=\"https:\/\/gatewaypartners.eu\/lt\/pramones-sakos\/tarptautines-prekybos-organizacijos-ir-klasteriai\/\" \/>\n<meta property=\"og:locale\" content=\"lt_LT\" \/>\n<meta property=\"og:type\" content=\"article\" \/>\n<meta property=\"og:title\" content=\"Tarptautin\u0117s Prekybos Organizacijos ir Klasteriai - Gateway &amp; Partners\" \/>\n<meta property=\"og:description\" content=\"Gateway &amp; Partners glaud\u017eiai bendradarbiauja su prekybos skatinimo organizacijomis, klasteriais ir asociacijomis. Kartu su min\u0117tais partneriais atlikome rinkos analizes, vyst\u0117me B2B pardavim\u0173 projektus rengdami prekybos parodas, organizavome B2B verslo kontakt\u0173 u\u017emezgimo renginius, reng\u0117me potenciali\u0173 partneri\u0173 vizitus.\" \/>\n<meta property=\"og:url\" content=\"https:\/\/gatewaypartners.eu\/lt\/pramones-sakos\/tarptautines-prekybos-organizacijos-ir-klasteriai\/\" \/>\n<meta property=\"og:site_name\" content=\"Gateway &amp; Partners\" \/>\n<meta property=\"article:modified_time\" content=\"2022-02-08T10:16:25+00:00\" \/>\n<meta property=\"og:image\" content=\"https:\/\/gatewaypartners.eu\/lt\/wp-content\/uploads\/sites\/4\/2017\/07\/Careers-roof-top-1436884-1024x683.jpg\" \/>\n\t<meta property=\"og:image:width\" content=\"1024\" \/>\n\t<meta property=\"og:image:height\" content=\"683\" \/>\n\t<meta property=\"og:image:type\" content=\"image\/jpeg\" \/>\n<meta name=\"twitter:card\" content=\"summary_large_image\" \/>\n<script type=\"application\/ld+json\" class=\"yoast-schema-graph\">{\"@context\":\"https:\/\/schema.org\",\"@graph\":[{\"@type\":\"WebPage\",\"@id\":\"https:\/\/gatewaypartners.eu\/lt\/pramones-sakos\/tarptautines-prekybos-organizacijos-ir-klasteriai\/\",\"url\":\"https:\/\/gatewaypartners.eu\/lt\/pramones-sakos\/tarptautines-prekybos-organizacijos-ir-klasteriai\/\",\"name\":\"Tarptautin\u0117s Prekybos Organizacijos ir Klasteriai - Gateway &amp; Partners\",\"isPartOf\":{\"@id\":\"https:\/\/gatewaypartners.eu\/lt\/#website\"},\"datePublished\":\"2017-07-06T13:20:00+00:00\",\"dateModified\":\"2022-02-08T10:16:25+00:00\",\"breadcrumb\":{\"@id\":\"https:\/\/gatewaypartners.eu\/lt\/pramones-sakos\/tarptautines-prekybos-organizacijos-ir-klasteriai\/#breadcrumb\"},\"inLanguage\":\"lt-LT\",\"potentialAction\":[{\"@type\":\"ReadAction\",\"target\":[\"https:\/\/gatewaypartners.eu\/lt\/pramones-sakos\/tarptautines-prekybos-organizacijos-ir-klasteriai\/\"]}]},{\"@type\":\"BreadcrumbList\",\"@id\":\"https:\/\/gatewaypartners.eu\/lt\/pramones-sakos\/tarptautines-prekybos-organizacijos-ir-klasteriai\/#breadcrumb\",\"itemListElement\":[{\"@type\":\"ListItem\",\"position\":1,\"name\":\"Pramon\u0117s \u0161akos\",\"item\":\"https:\/\/gatewaypartners.eu\/lt\/pramones-sakos\/\"},{\"@type\":\"ListItem\",\"position\":2,\"name\":\"Tarptautin\u0117s Prekybos Organizacijos ir Klasteriai\"}]},{\"@type\":\"WebSite\",\"@id\":\"https:\/\/gatewaypartners.eu\/lt\/#website\",\"url\":\"https:\/\/gatewaypartners.eu\/lt\/\",\"name\":\"Gateway &amp; Partners\",\"description\":\"J\u016bs\u0173 patikimiausias Eksporto Pl\u0117tros Partneris.\",\"potentialAction\":[{\"@type\":\"SearchAction\",\"target\":{\"@type\":\"EntryPoint\",\"urlTemplate\":\"https:\/\/gatewaypartners.eu\/lt\/?s={search_term_string}\"},\"query-input\":\"required name=search_term_string\"}],\"inLanguage\":\"lt-LT\"}]}<\/script>\n<!-- \/ Yoast SEO plugin. -->","yoast_head_json":{"title":"Tarptautin\u0117s Prekybos Organizacijos ir Klasteriai - Gateway &amp; Partners","robots":{"index":"index","follow":"follow","max-snippet":"max-snippet:-1","max-image-preview":"max-image-preview:large","max-video-preview":"max-video-preview:-1"},"canonical":"https:\/\/gatewaypartners.eu\/lt\/pramones-sakos\/tarptautines-prekybos-organizacijos-ir-klasteriai\/","og_locale":"lt_LT","og_type":"article","og_title":"Tarptautin\u0117s Prekybos Organizacijos ir Klasteriai - Gateway &amp; Partners","og_description":"Gateway & Partners glaud\u017eiai bendradarbiauja su prekybos skatinimo organizacijomis, klasteriais ir asociacijomis. Kartu su min\u0117tais partneriais atlikome rinkos analizes, vyst\u0117me B2B pardavim\u0173 projektus rengdami prekybos parodas, organizavome B2B verslo kontakt\u0173 u\u017emezgimo renginius, reng\u0117me potenciali\u0173 partneri\u0173 vizitus.","og_url":"https:\/\/gatewaypartners.eu\/lt\/pramones-sakos\/tarptautines-prekybos-organizacijos-ir-klasteriai\/","og_site_name":"Gateway &amp; Partners","article_modified_time":"2022-02-08T10:16:25+00:00","og_image":[{"width":1024,"height":683,"url":"https:\/\/gatewaypartners.eu\/lt\/wp-content\/uploads\/sites\/4\/2017\/07\/Careers-roof-top-1436884-1024x683.jpg","type":"image\/jpeg"}],"twitter_card":"summary_large_image","schema":{"@context":"https:\/\/schema.org","@graph":[{"@type":"WebPage","@id":"https:\/\/gatewaypartners.eu\/lt\/pramones-sakos\/tarptautines-prekybos-organizacijos-ir-klasteriai\/","url":"https:\/\/gatewaypartners.eu\/lt\/pramones-sakos\/tarptautines-prekybos-organizacijos-ir-klasteriai\/","name":"Tarptautin\u0117s Prekybos Organizacijos ir Klasteriai - Gateway &amp; Partners","isPartOf":{"@id":"https:\/\/gatewaypartners.eu\/lt\/#website"},"datePublished":"2017-07-06T13:20:00+00:00","dateModified":"2022-02-08T10:16:25+00:00","breadcrumb":{"@id":"https:\/\/gatewaypartners.eu\/lt\/pramones-sakos\/tarptautines-prekybos-organizacijos-ir-klasteriai\/#breadcrumb"},"inLanguage":"lt-LT","potentialAction":[{"@type":"ReadAction","target":["https:\/\/gatewaypartners.eu\/lt\/pramones-sakos\/tarptautines-prekybos-organizacijos-ir-klasteriai\/"]}]},{"@type":"BreadcrumbList","@id":"https:\/\/gatewaypartners.eu\/lt\/pramones-sakos\/tarptautines-prekybos-organizacijos-ir-klasteriai\/#breadcrumb","itemListElement":[{"@type":"ListItem","position":1,"name":"Pramon\u0117s \u0161akos","item":"https:\/\/gatewaypartners.eu\/lt\/pramones-sakos\/"},{"@type":"ListItem","position":2,"name":"Tarptautin\u0117s Prekybos Organizacijos ir Klasteriai"}]},{"@type":"WebSite","@id":"https:\/\/gatewaypartners.eu\/lt\/#website","url":"https:\/\/gatewaypartners.eu\/lt\/","name":"Gateway &amp; Partners","description":"J\u016bs\u0173 patikimiausias Eksporto Pl\u0117tros Partneris.","potentialAction":[{"@type":"SearchAction","target":{"@type":"EntryPoint","urlTemplate":"https:\/\/gatewaypartners.eu\/lt\/?s={search_term_string}"},"query-input":"required name=search_term_string"}],"inLanguage":"lt-LT"}]}},"_links":{"self":[{"href":"https:\/\/gatewaypartners.eu\/lt\/wp-json\/wp\/v2\/pages\/50","targetHints":{"allow":["GET"]}}],"collection":[{"href":"https:\/\/gatewaypartners.eu\/lt\/wp-json\/wp\/v2\/pages"}],"about":[{"href":"https:\/\/gatewaypartners.eu\/lt\/wp-json\/wp\/v2\/types\/page"}],"author":[{"embeddable":true,"href":"https:\/\/gatewaypartners.eu\/lt\/wp-json\/wp\/v2\/users\/3"}],"replies":[{"embeddable":true,"href":"https:\/\/gatewaypartners.eu\/lt\/wp-json\/wp\/v2\/comments?post=50"}],"version-history":[{"count":2,"href":"https:\/\/gatewaypartners.eu\/lt\/wp-json\/wp\/v2\/pages\/50\/revisions"}],"predecessor-version":[{"id":1048,"href":"https:\/\/gatewaypartners.eu\/lt\/wp-json\/wp\/v2\/pages\/50\/revisions\/1048"}],"up":[{"embeddable":true,"href":"https:\/\/gatewaypartners.eu\/lt\/wp-json\/wp\/v2\/pages\/47"}],"wp:featuredmedia":[{"embeddable":true,"href":"https:\/\/gatewaypartners.eu\/lt\/wp-json\/wp\/v2\/media\/51"}],"wp:attachment":[{"href":"https:\/\/gatewaypartners.eu\/lt\/wp-json\/wp\/v2\/media?parent=50"}],"curies":[{"name":"wp","href":"https:\/\/api.w.org\/{rel}","templated":true}]}}