{"id":54,"date":"2017-07-07T14:49:28","date_gmt":"2017-07-07T11:49:28","guid":{"rendered":"http:\/\/gatewaypartners.eu\/lt\/?page_id=54"},"modified":"2022-02-08T12:17:01","modified_gmt":"2022-02-08T10:17:01","slug":"metalo-apdirbimas-ir-masinu-pramone","status":"publish","type":"page","link":"https:\/\/gatewaypartners.eu\/lt\/pramones-sakos\/metalo-apdirbimas-ir-masinu-pramone\/","title":{"rendered":"Metalo apdirbimas ir ma\u0161in\u0173 pramon\u0117"},"content":{"rendered":"","protected":false},"excerpt":{"rendered":"<p>Daug m\u016bs\u0173 klient\u0173 i\u0161 metalo apdirbimo ir ma\u0161in\u0173 pramon\u0117s industrij\u0173 s\u0117kmingai \u017eeng\u0117 \u012f tarptautines rinkas. Mes kasdien dirbame su subrangovais automobili\u0173, ma\u0161in\u0173, transporto ir statyb\u0173 industrijose.<\/p>\n","protected":false},"author":3,"featured_media":55,"parent":47,"menu_order":2,"comment_status":"closed","ping_status":"closed","template":"template-industry.php","meta":{"inline_featured_image":false,"footnotes":""},"class_list":["post-54","page","type-page","status-publish","has-post-thumbnail","hentry"],"acf":[],"yoast_head":"<!-- This site is optimized with the Yoast SEO plugin v20.2.1 - https:\/\/yoast.com\/wordpress\/plugins\/seo\/ -->\n<title>Metalo apdirbimas ir ma\u0161in\u0173 pramon\u0117 - Gateway &amp; Partners<\/title>\n<meta name=\"robots\" content=\"index, follow, max-snippet:-1, max-image-preview:large, max-video-preview:-1\" \/>\n<link rel=\"canonical\" href=\"https:\/\/gatewaypartners.eu\/lt\/pramones-sakos\/metalo-apdirbimas-ir-masinu-pramone\/\" \/>\n<meta property=\"og:locale\" content=\"lt_LT\" \/>\n<meta property=\"og:type\" content=\"article\" \/>\n<meta property=\"og:title\" content=\"Metalo apdirbimas ir ma\u0161in\u0173 pramon\u0117 - Gateway &amp; Partners\" \/>\n<meta property=\"og:description\" content=\"Daug m\u016bs\u0173 klient\u0173 i\u0161 metalo apdirbimo ir ma\u0161in\u0173 pramon\u0117s industrij\u0173 s\u0117kmingai \u017eeng\u0117 \u012f tarptautines rinkas. Mes kasdien dirbame su subrangovais automobili\u0173, ma\u0161in\u0173, transporto ir statyb\u0173 industrijose.\" \/>\n<meta property=\"og:url\" content=\"https:\/\/gatewaypartners.eu\/lt\/pramones-sakos\/metalo-apdirbimas-ir-masinu-pramone\/\" \/>\n<meta property=\"og:site_name\" content=\"Gateway &amp; Partners\" \/>\n<meta property=\"article:modified_time\" content=\"2022-02-08T10:17:01+00:00\" \/>\n<meta property=\"og:image\" content=\"https:\/\/gatewaypartners.eu\/lt\/wp-content\/uploads\/sites\/4\/2017\/07\/Metalworking-drill-444493-2-1024x684.jpg\" \/>\n\t<meta property=\"og:image:width\" content=\"1024\" \/>\n\t<meta property=\"og:image:height\" content=\"684\" \/>\n\t<meta property=\"og:image:type\" content=\"image\/jpeg\" \/>\n<meta name=\"twitter:card\" content=\"summary_large_image\" \/>\n<script type=\"application\/ld+json\" class=\"yoast-schema-graph\">{\"@context\":\"https:\/\/schema.org\",\"@graph\":[{\"@type\":\"WebPage\",\"@id\":\"https:\/\/gatewaypartners.eu\/lt\/pramones-sakos\/metalo-apdirbimas-ir-masinu-pramone\/\",\"url\":\"https:\/\/gatewaypartners.eu\/lt\/pramones-sakos\/metalo-apdirbimas-ir-masinu-pramone\/\",\"name\":\"Metalo apdirbimas ir ma\u0161in\u0173 pramon\u0117 - Gateway &amp; Partners\",\"isPartOf\":{\"@id\":\"https:\/\/gatewaypartners.eu\/lt\/#website\"},\"datePublished\":\"2017-07-07T11:49:28+00:00\",\"dateModified\":\"2022-02-08T10:17:01+00:00\",\"breadcrumb\":{\"@id\":\"https:\/\/gatewaypartners.eu\/lt\/pramones-sakos\/metalo-apdirbimas-ir-masinu-pramone\/#breadcrumb\"},\"inLanguage\":\"lt-LT\",\"potentialAction\":[{\"@type\":\"ReadAction\",\"target\":[\"https:\/\/gatewaypartners.eu\/lt\/pramones-sakos\/metalo-apdirbimas-ir-masinu-pramone\/\"]}]},{\"@type\":\"BreadcrumbList\",\"@id\":\"https:\/\/gatewaypartners.eu\/lt\/pramones-sakos\/metalo-apdirbimas-ir-masinu-pramone\/#breadcrumb\",\"itemListElement\":[{\"@type\":\"ListItem\",\"position\":1,\"name\":\"Pramon\u0117s \u0161akos\",\"item\":\"https:\/\/gatewaypartners.eu\/lt\/pramones-sakos\/\"},{\"@type\":\"ListItem\",\"position\":2,\"name\":\"Metalo apdirbimas ir ma\u0161in\u0173 pramon\u0117\"}]},{\"@type\":\"WebSite\",\"@id\":\"https:\/\/gatewaypartners.eu\/lt\/#website\",\"url\":\"https:\/\/gatewaypartners.eu\/lt\/\",\"name\":\"Gateway &amp; Partners\",\"description\":\"J\u016bs\u0173 patikimiausias Eksporto Pl\u0117tros Partneris.\",\"potentialAction\":[{\"@type\":\"SearchAction\",\"target\":{\"@type\":\"EntryPoint\",\"urlTemplate\":\"https:\/\/gatewaypartners.eu\/lt\/?s={search_term_string}\"},\"query-input\":\"required name=search_term_string\"}],\"inLanguage\":\"lt-LT\"}]}<\/script>\n<!-- \/ Yoast SEO plugin. -->","yoast_head_json":{"title":"Metalo apdirbimas ir ma\u0161in\u0173 pramon\u0117 - Gateway &amp; Partners","robots":{"index":"index","follow":"follow","max-snippet":"max-snippet:-1","max-image-preview":"max-image-preview:large","max-video-preview":"max-video-preview:-1"},"canonical":"https:\/\/gatewaypartners.eu\/lt\/pramones-sakos\/metalo-apdirbimas-ir-masinu-pramone\/","og_locale":"lt_LT","og_type":"article","og_title":"Metalo apdirbimas ir ma\u0161in\u0173 pramon\u0117 - Gateway &amp; Partners","og_description":"Daug m\u016bs\u0173 klient\u0173 i\u0161 metalo apdirbimo ir ma\u0161in\u0173 pramon\u0117s industrij\u0173 s\u0117kmingai \u017eeng\u0117 \u012f tarptautines rinkas. Mes kasdien dirbame su subrangovais automobili\u0173, ma\u0161in\u0173, transporto ir statyb\u0173 industrijose.","og_url":"https:\/\/gatewaypartners.eu\/lt\/pramones-sakos\/metalo-apdirbimas-ir-masinu-pramone\/","og_site_name":"Gateway &amp; Partners","article_modified_time":"2022-02-08T10:17:01+00:00","og_image":[{"width":1024,"height":684,"url":"https:\/\/gatewaypartners.eu\/lt\/wp-content\/uploads\/sites\/4\/2017\/07\/Metalworking-drill-444493-2-1024x684.jpg","type":"image\/jpeg"}],"twitter_card":"summary_large_image","schema":{"@context":"https:\/\/schema.org","@graph":[{"@type":"WebPage","@id":"https:\/\/gatewaypartners.eu\/lt\/pramones-sakos\/metalo-apdirbimas-ir-masinu-pramone\/","url":"https:\/\/gatewaypartners.eu\/lt\/pramones-sakos\/metalo-apdirbimas-ir-masinu-pramone\/","name":"Metalo apdirbimas ir ma\u0161in\u0173 pramon\u0117 - Gateway &amp; Partners","isPartOf":{"@id":"https:\/\/gatewaypartners.eu\/lt\/#website"},"datePublished":"2017-07-07T11:49:28+00:00","dateModified":"2022-02-08T10:17:01+00:00","breadcrumb":{"@id":"https:\/\/gatewaypartners.eu\/lt\/pramones-sakos\/metalo-apdirbimas-ir-masinu-pramone\/#breadcrumb"},"inLanguage":"lt-LT","potentialAction":[{"@type":"ReadAction","target":["https:\/\/gatewaypartners.eu\/lt\/pramones-sakos\/metalo-apdirbimas-ir-masinu-pramone\/"]}]},{"@type":"BreadcrumbList","@id":"https:\/\/gatewaypartners.eu\/lt\/pramones-sakos\/metalo-apdirbimas-ir-masinu-pramone\/#breadcrumb","itemListElement":[{"@type":"ListItem","position":1,"name":"Pramon\u0117s \u0161akos","item":"https:\/\/gatewaypartners.eu\/lt\/pramones-sakos\/"},{"@type":"ListItem","position":2,"name":"Metalo apdirbimas ir ma\u0161in\u0173 pramon\u0117"}]},{"@type":"WebSite","@id":"https:\/\/gatewaypartners.eu\/lt\/#website","url":"https:\/\/gatewaypartners.eu\/lt\/","name":"Gateway &amp; Partners","description":"J\u016bs\u0173 patikimiausias Eksporto Pl\u0117tros Partneris.","potentialAction":[{"@type":"SearchAction","target":{"@type":"EntryPoint","urlTemplate":"https:\/\/gatewaypartners.eu\/lt\/?s={search_term_string}"},"query-input":"required name=search_term_string"}],"inLanguage":"lt-LT"}]}},"_links":{"self":[{"href":"https:\/\/gatewaypartners.eu\/lt\/wp-json\/wp\/v2\/pages\/54","targetHints":{"allow":["GET"]}}],"collection":[{"href":"https:\/\/gatewaypartners.eu\/lt\/wp-json\/wp\/v2\/pages"}],"about":[{"href":"https:\/\/gatewaypartners.eu\/lt\/wp-json\/wp\/v2\/types\/page"}],"author":[{"embeddable":true,"href":"https:\/\/gatewaypartners.eu\/lt\/wp-json\/wp\/v2\/users\/3"}],"replies":[{"embeddable":true,"href":"https:\/\/gatewaypartners.eu\/lt\/wp-json\/wp\/v2\/comments?post=54"}],"version-history":[{"count":2,"href":"https:\/\/gatewaypartners.eu\/lt\/wp-json\/wp\/v2\/pages\/54\/revisions"}],"predecessor-version":[{"id":1275,"href":"https:\/\/gatewaypartners.eu\/lt\/wp-json\/wp\/v2\/pages\/54\/revisions\/1275"}],"up":[{"embeddable":true,"href":"https:\/\/gatewaypartners.eu\/lt\/wp-json\/wp\/v2\/pages\/47"}],"wp:featuredmedia":[{"embeddable":true,"href":"https:\/\/gatewaypartners.eu\/lt\/wp-json\/wp\/v2\/media\/55"}],"wp:attachment":[{"href":"https:\/\/gatewaypartners.eu\/lt\/wp-json\/wp\/v2\/media?parent=54"}],"curies":[{"name":"wp","href":"https:\/\/api.w.org\/{rel}","templated":true}]}}