{"id":57,"date":"2017-07-07T14:51:24","date_gmt":"2017-07-07T11:51:24","guid":{"rendered":"http:\/\/gatewaypartners.eu\/lt\/?page_id=57"},"modified":"2022-02-08T12:17:30","modified_gmt":"2022-02-08T10:17:30","slug":"maistas-ir-gerimai","status":"publish","type":"page","link":"https:\/\/gatewaypartners.eu\/lt\/pramones-sakos\/maistas-ir-gerimai\/","title":{"rendered":"Maistas ir g\u0117rimai"},"content":{"rendered":"","protected":false},"excerpt":{"rendered":"<p>M\u016bs\u0173 komanda dirba su Maisto ir G\u0117rim\u0173 industrija nuo pat \u012fmon\u0117s veiklos prad\u017eios \u2013 2004-\u0173j\u0173 met\u0173. Per \u0161iuos metus \u012fgyvendome daugyb\u0119 projekt\u0173 \u0161ioje industrijoje atvesdami tiek \u012fmones tiek j\u0173 grupes \u012f artimesnes ir tolimesnes u\u017esienio rinkas. Atlikome rinkos analizes ir pristat\u0117me naujus produktus ma\u017emenininkams ir HoReCa rinkos dalyviams.<\/p>\n","protected":false},"author":3,"featured_media":58,"parent":47,"menu_order":3,"comment_status":"closed","ping_status":"closed","template":"template-industry.php","meta":{"inline_featured_image":false,"footnotes":""},"class_list":["post-57","page","type-page","status-publish","has-post-thumbnail","hentry"],"acf":[],"yoast_head":"<!-- This site is optimized with the Yoast SEO plugin v20.2.1 - https:\/\/yoast.com\/wordpress\/plugins\/seo\/ -->\n<title>Maistas ir g\u0117rimai - Gateway &amp; Partners<\/title>\n<meta name=\"robots\" content=\"index, follow, max-snippet:-1, max-image-preview:large, max-video-preview:-1\" \/>\n<link rel=\"canonical\" href=\"https:\/\/gatewaypartners.eu\/lt\/pramones-sakos\/maistas-ir-gerimai\/\" \/>\n<meta property=\"og:locale\" content=\"lt_LT\" \/>\n<meta property=\"og:type\" content=\"article\" \/>\n<meta property=\"og:title\" content=\"Maistas ir g\u0117rimai - Gateway &amp; Partners\" \/>\n<meta property=\"og:description\" content=\"M\u016bs\u0173 komanda dirba su Maisto ir G\u0117rim\u0173 industrija nuo pat \u012fmon\u0117s veiklos prad\u017eios \u2013 2004-\u0173j\u0173 met\u0173. Per \u0161iuos metus \u012fgyvendome daugyb\u0119 projekt\u0173 \u0161ioje industrijoje atvesdami tiek \u012fmones tiek j\u0173 grupes \u012f artimesnes ir tolimesnes u\u017esienio rinkas. Atlikome rinkos analizes ir pristat\u0117me naujus produktus ma\u017emenininkams ir HoReCa rinkos dalyviams.\" \/>\n<meta property=\"og:url\" content=\"https:\/\/gatewaypartners.eu\/lt\/pramones-sakos\/maistas-ir-gerimai\/\" \/>\n<meta property=\"og:site_name\" content=\"Gateway &amp; Partners\" \/>\n<meta property=\"article:modified_time\" content=\"2022-02-08T10:17:30+00:00\" \/>\n<meta property=\"og:image\" content=\"https:\/\/gatewaypartners.eu\/lt\/wp-content\/uploads\/sites\/4\/2017\/07\/Food-supermarket-949912-1024x589.jpg\" \/>\n\t<meta property=\"og:image:width\" content=\"1024\" \/>\n\t<meta property=\"og:image:height\" content=\"589\" \/>\n\t<meta property=\"og:image:type\" content=\"image\/jpeg\" \/>\n<meta name=\"twitter:card\" content=\"summary_large_image\" \/>\n<script type=\"application\/ld+json\" class=\"yoast-schema-graph\">{\"@context\":\"https:\/\/schema.org\",\"@graph\":[{\"@type\":\"WebPage\",\"@id\":\"https:\/\/gatewaypartners.eu\/lt\/pramones-sakos\/maistas-ir-gerimai\/\",\"url\":\"https:\/\/gatewaypartners.eu\/lt\/pramones-sakos\/maistas-ir-gerimai\/\",\"name\":\"Maistas ir g\u0117rimai - Gateway &amp; Partners\",\"isPartOf\":{\"@id\":\"https:\/\/gatewaypartners.eu\/lt\/#website\"},\"datePublished\":\"2017-07-07T11:51:24+00:00\",\"dateModified\":\"2022-02-08T10:17:30+00:00\",\"breadcrumb\":{\"@id\":\"https:\/\/gatewaypartners.eu\/lt\/pramones-sakos\/maistas-ir-gerimai\/#breadcrumb\"},\"inLanguage\":\"lt-LT\",\"potentialAction\":[{\"@type\":\"ReadAction\",\"target\":[\"https:\/\/gatewaypartners.eu\/lt\/pramones-sakos\/maistas-ir-gerimai\/\"]}]},{\"@type\":\"BreadcrumbList\",\"@id\":\"https:\/\/gatewaypartners.eu\/lt\/pramones-sakos\/maistas-ir-gerimai\/#breadcrumb\",\"itemListElement\":[{\"@type\":\"ListItem\",\"position\":1,\"name\":\"Pramon\u0117s \u0161akos\",\"item\":\"https:\/\/gatewaypartners.eu\/lt\/pramones-sakos\/\"},{\"@type\":\"ListItem\",\"position\":2,\"name\":\"Maistas ir g\u0117rimai\"}]},{\"@type\":\"WebSite\",\"@id\":\"https:\/\/gatewaypartners.eu\/lt\/#website\",\"url\":\"https:\/\/gatewaypartners.eu\/lt\/\",\"name\":\"Gateway &amp; Partners\",\"description\":\"J\u016bs\u0173 patikimiausias Eksporto Pl\u0117tros Partneris.\",\"potentialAction\":[{\"@type\":\"SearchAction\",\"target\":{\"@type\":\"EntryPoint\",\"urlTemplate\":\"https:\/\/gatewaypartners.eu\/lt\/?s={search_term_string}\"},\"query-input\":\"required name=search_term_string\"}],\"inLanguage\":\"lt-LT\"}]}<\/script>\n<!-- \/ Yoast SEO plugin. -->","yoast_head_json":{"title":"Maistas ir g\u0117rimai - Gateway &amp; Partners","robots":{"index":"index","follow":"follow","max-snippet":"max-snippet:-1","max-image-preview":"max-image-preview:large","max-video-preview":"max-video-preview:-1"},"canonical":"https:\/\/gatewaypartners.eu\/lt\/pramones-sakos\/maistas-ir-gerimai\/","og_locale":"lt_LT","og_type":"article","og_title":"Maistas ir g\u0117rimai - Gateway &amp; Partners","og_description":"M\u016bs\u0173 komanda dirba su Maisto ir G\u0117rim\u0173 industrija nuo pat \u012fmon\u0117s veiklos prad\u017eios \u2013 2004-\u0173j\u0173 met\u0173. Per \u0161iuos metus \u012fgyvendome daugyb\u0119 projekt\u0173 \u0161ioje industrijoje atvesdami tiek \u012fmones tiek j\u0173 grupes \u012f artimesnes ir tolimesnes u\u017esienio rinkas. Atlikome rinkos analizes ir pristat\u0117me naujus produktus ma\u017emenininkams ir HoReCa rinkos dalyviams.","og_url":"https:\/\/gatewaypartners.eu\/lt\/pramones-sakos\/maistas-ir-gerimai\/","og_site_name":"Gateway &amp; Partners","article_modified_time":"2022-02-08T10:17:30+00:00","og_image":[{"width":1024,"height":589,"url":"https:\/\/gatewaypartners.eu\/lt\/wp-content\/uploads\/sites\/4\/2017\/07\/Food-supermarket-949912-1024x589.jpg","type":"image\/jpeg"}],"twitter_card":"summary_large_image","schema":{"@context":"https:\/\/schema.org","@graph":[{"@type":"WebPage","@id":"https:\/\/gatewaypartners.eu\/lt\/pramones-sakos\/maistas-ir-gerimai\/","url":"https:\/\/gatewaypartners.eu\/lt\/pramones-sakos\/maistas-ir-gerimai\/","name":"Maistas ir g\u0117rimai - Gateway &amp; Partners","isPartOf":{"@id":"https:\/\/gatewaypartners.eu\/lt\/#website"},"datePublished":"2017-07-07T11:51:24+00:00","dateModified":"2022-02-08T10:17:30+00:00","breadcrumb":{"@id":"https:\/\/gatewaypartners.eu\/lt\/pramones-sakos\/maistas-ir-gerimai\/#breadcrumb"},"inLanguage":"lt-LT","potentialAction":[{"@type":"ReadAction","target":["https:\/\/gatewaypartners.eu\/lt\/pramones-sakos\/maistas-ir-gerimai\/"]}]},{"@type":"BreadcrumbList","@id":"https:\/\/gatewaypartners.eu\/lt\/pramones-sakos\/maistas-ir-gerimai\/#breadcrumb","itemListElement":[{"@type":"ListItem","position":1,"name":"Pramon\u0117s \u0161akos","item":"https:\/\/gatewaypartners.eu\/lt\/pramones-sakos\/"},{"@type":"ListItem","position":2,"name":"Maistas ir g\u0117rimai"}]},{"@type":"WebSite","@id":"https:\/\/gatewaypartners.eu\/lt\/#website","url":"https:\/\/gatewaypartners.eu\/lt\/","name":"Gateway &amp; Partners","description":"J\u016bs\u0173 patikimiausias Eksporto Pl\u0117tros Partneris.","potentialAction":[{"@type":"SearchAction","target":{"@type":"EntryPoint","urlTemplate":"https:\/\/gatewaypartners.eu\/lt\/?s={search_term_string}"},"query-input":"required name=search_term_string"}],"inLanguage":"lt-LT"}]}},"_links":{"self":[{"href":"https:\/\/gatewaypartners.eu\/lt\/wp-json\/wp\/v2\/pages\/57","targetHints":{"allow":["GET"]}}],"collection":[{"href":"https:\/\/gatewaypartners.eu\/lt\/wp-json\/wp\/v2\/pages"}],"about":[{"href":"https:\/\/gatewaypartners.eu\/lt\/wp-json\/wp\/v2\/types\/page"}],"author":[{"embeddable":true,"href":"https:\/\/gatewaypartners.eu\/lt\/wp-json\/wp\/v2\/users\/3"}],"replies":[{"embeddable":true,"href":"https:\/\/gatewaypartners.eu\/lt\/wp-json\/wp\/v2\/comments?post=57"}],"version-history":[{"count":1,"href":"https:\/\/gatewaypartners.eu\/lt\/wp-json\/wp\/v2\/pages\/57\/revisions"}],"predecessor-version":[{"id":59,"href":"https:\/\/gatewaypartners.eu\/lt\/wp-json\/wp\/v2\/pages\/57\/revisions\/59"}],"up":[{"embeddable":true,"href":"https:\/\/gatewaypartners.eu\/lt\/wp-json\/wp\/v2\/pages\/47"}],"wp:featuredmedia":[{"embeddable":true,"href":"https:\/\/gatewaypartners.eu\/lt\/wp-json\/wp\/v2\/media\/58"}],"wp:attachment":[{"href":"https:\/\/gatewaypartners.eu\/lt\/wp-json\/wp\/v2\/media?parent=57"}],"curies":[{"name":"wp","href":"https:\/\/api.w.org\/{rel}","templated":true}]}}