{"id":60,"date":"2017-07-07T14:54:32","date_gmt":"2017-07-07T11:54:32","guid":{"rendered":"http:\/\/gatewaypartners.eu\/lt\/?page_id=60"},"modified":"2022-02-08T12:17:51","modified_gmt":"2022-02-08T10:17:51","slug":"statybos-ir-statybines-medziagos","status":"publish","type":"page","link":"https:\/\/gatewaypartners.eu\/lt\/pramones-sakos\/statybos-ir-statybines-medziagos\/","title":{"rendered":"Statybos ir statybin\u0117s med\u017eiagos"},"content":{"rendered":"","protected":false},"excerpt":{"rendered":"<p>Augant \u017emoni\u0173 populiacijai, did\u0117ja gyvenam\u0173j\u0173 b\u016bst\u0173 poreikis. M\u016bs\u0173 d\u0117ka, vidutinio dyd\u017eio statybos kompanijos turi galimyb\u0119 u\u017emegzti ilgalaikes partnerystes su didel\u0117m statyb\u0173 sektoriaus \u012fmon\u0117m u\u017esienio rinkose, ir tapti j\u0173 tiekimo grandin\u0117s dalimi Skandinavijoje ir kitose Europos \u0161alyse.<\/p>\n","protected":false},"author":3,"featured_media":62,"parent":47,"menu_order":4,"comment_status":"closed","ping_status":"closed","template":"template-industry.php","meta":{"inline_featured_image":false,"footnotes":""},"class_list":["post-60","page","type-page","status-publish","has-post-thumbnail","hentry"],"acf":[],"yoast_head":"<!-- This site is optimized with the Yoast SEO plugin v20.2.1 - https:\/\/yoast.com\/wordpress\/plugins\/seo\/ -->\n<title>Statybos ir statybin\u0117s med\u017eiagos - Gateway &amp; Partners<\/title>\n<meta name=\"robots\" content=\"index, follow, max-snippet:-1, max-image-preview:large, max-video-preview:-1\" \/>\n<link rel=\"canonical\" href=\"https:\/\/gatewaypartners.eu\/lt\/pramones-sakos\/statybos-ir-statybines-medziagos\/\" \/>\n<meta property=\"og:locale\" content=\"lt_LT\" \/>\n<meta property=\"og:type\" content=\"article\" \/>\n<meta property=\"og:title\" content=\"Statybos ir statybin\u0117s med\u017eiagos - Gateway &amp; Partners\" \/>\n<meta property=\"og:description\" content=\"Augant \u017emoni\u0173 populiacijai, did\u0117ja gyvenam\u0173j\u0173 b\u016bst\u0173 poreikis. M\u016bs\u0173 d\u0117ka, vidutinio dyd\u017eio statybos kompanijos turi galimyb\u0119 u\u017emegzti ilgalaikes partnerystes su didel\u0117m statyb\u0173 sektoriaus \u012fmon\u0117m u\u017esienio rinkose, ir tapti j\u0173 tiekimo grandin\u0117s dalimi Skandinavijoje ir kitose Europos \u0161alyse.\" \/>\n<meta property=\"og:url\" content=\"https:\/\/gatewaypartners.eu\/lt\/pramones-sakos\/statybos-ir-statybines-medziagos\/\" \/>\n<meta property=\"og:site_name\" content=\"Gateway &amp; Partners\" \/>\n<meta property=\"article:modified_time\" content=\"2022-02-08T10:17:51+00:00\" \/>\n<meta property=\"og:image\" content=\"https:\/\/gatewaypartners.eu\/lt\/wp-content\/uploads\/sites\/4\/2017\/07\/Construction-architecture-1210672-1-1024x768-1.jpg\" \/>\n\t<meta property=\"og:image:width\" content=\"1024\" \/>\n\t<meta property=\"og:image:height\" content=\"768\" \/>\n\t<meta property=\"og:image:type\" content=\"image\/jpeg\" \/>\n<meta name=\"twitter:card\" content=\"summary_large_image\" \/>\n<script type=\"application\/ld+json\" class=\"yoast-schema-graph\">{\"@context\":\"https:\/\/schema.org\",\"@graph\":[{\"@type\":\"WebPage\",\"@id\":\"https:\/\/gatewaypartners.eu\/lt\/pramones-sakos\/statybos-ir-statybines-medziagos\/\",\"url\":\"https:\/\/gatewaypartners.eu\/lt\/pramones-sakos\/statybos-ir-statybines-medziagos\/\",\"name\":\"Statybos ir statybin\u0117s med\u017eiagos - Gateway &amp; Partners\",\"isPartOf\":{\"@id\":\"https:\/\/gatewaypartners.eu\/lt\/#website\"},\"datePublished\":\"2017-07-07T11:54:32+00:00\",\"dateModified\":\"2022-02-08T10:17:51+00:00\",\"breadcrumb\":{\"@id\":\"https:\/\/gatewaypartners.eu\/lt\/pramones-sakos\/statybos-ir-statybines-medziagos\/#breadcrumb\"},\"inLanguage\":\"lt-LT\",\"potentialAction\":[{\"@type\":\"ReadAction\",\"target\":[\"https:\/\/gatewaypartners.eu\/lt\/pramones-sakos\/statybos-ir-statybines-medziagos\/\"]}]},{\"@type\":\"BreadcrumbList\",\"@id\":\"https:\/\/gatewaypartners.eu\/lt\/pramones-sakos\/statybos-ir-statybines-medziagos\/#breadcrumb\",\"itemListElement\":[{\"@type\":\"ListItem\",\"position\":1,\"name\":\"Pramon\u0117s \u0161akos\",\"item\":\"https:\/\/gatewaypartners.eu\/lt\/pramones-sakos\/\"},{\"@type\":\"ListItem\",\"position\":2,\"name\":\"Statybos ir statybin\u0117s med\u017eiagos\"}]},{\"@type\":\"WebSite\",\"@id\":\"https:\/\/gatewaypartners.eu\/lt\/#website\",\"url\":\"https:\/\/gatewaypartners.eu\/lt\/\",\"name\":\"Gateway &amp; Partners\",\"description\":\"J\u016bs\u0173 patikimiausias Eksporto Pl\u0117tros Partneris.\",\"potentialAction\":[{\"@type\":\"SearchAction\",\"target\":{\"@type\":\"EntryPoint\",\"urlTemplate\":\"https:\/\/gatewaypartners.eu\/lt\/?s={search_term_string}\"},\"query-input\":\"required name=search_term_string\"}],\"inLanguage\":\"lt-LT\"}]}<\/script>\n<!-- \/ Yoast SEO plugin. -->","yoast_head_json":{"title":"Statybos ir statybin\u0117s med\u017eiagos - Gateway &amp; Partners","robots":{"index":"index","follow":"follow","max-snippet":"max-snippet:-1","max-image-preview":"max-image-preview:large","max-video-preview":"max-video-preview:-1"},"canonical":"https:\/\/gatewaypartners.eu\/lt\/pramones-sakos\/statybos-ir-statybines-medziagos\/","og_locale":"lt_LT","og_type":"article","og_title":"Statybos ir statybin\u0117s med\u017eiagos - Gateway &amp; Partners","og_description":"Augant \u017emoni\u0173 populiacijai, did\u0117ja gyvenam\u0173j\u0173 b\u016bst\u0173 poreikis. M\u016bs\u0173 d\u0117ka, vidutinio dyd\u017eio statybos kompanijos turi galimyb\u0119 u\u017emegzti ilgalaikes partnerystes su didel\u0117m statyb\u0173 sektoriaus \u012fmon\u0117m u\u017esienio rinkose, ir tapti j\u0173 tiekimo grandin\u0117s dalimi Skandinavijoje ir kitose Europos \u0161alyse.","og_url":"https:\/\/gatewaypartners.eu\/lt\/pramones-sakos\/statybos-ir-statybines-medziagos\/","og_site_name":"Gateway &amp; Partners","article_modified_time":"2022-02-08T10:17:51+00:00","og_image":[{"width":1024,"height":768,"url":"https:\/\/gatewaypartners.eu\/lt\/wp-content\/uploads\/sites\/4\/2017\/07\/Construction-architecture-1210672-1-1024x768-1.jpg","type":"image\/jpeg"}],"twitter_card":"summary_large_image","schema":{"@context":"https:\/\/schema.org","@graph":[{"@type":"WebPage","@id":"https:\/\/gatewaypartners.eu\/lt\/pramones-sakos\/statybos-ir-statybines-medziagos\/","url":"https:\/\/gatewaypartners.eu\/lt\/pramones-sakos\/statybos-ir-statybines-medziagos\/","name":"Statybos ir statybin\u0117s med\u017eiagos - Gateway &amp; Partners","isPartOf":{"@id":"https:\/\/gatewaypartners.eu\/lt\/#website"},"datePublished":"2017-07-07T11:54:32+00:00","dateModified":"2022-02-08T10:17:51+00:00","breadcrumb":{"@id":"https:\/\/gatewaypartners.eu\/lt\/pramones-sakos\/statybos-ir-statybines-medziagos\/#breadcrumb"},"inLanguage":"lt-LT","potentialAction":[{"@type":"ReadAction","target":["https:\/\/gatewaypartners.eu\/lt\/pramones-sakos\/statybos-ir-statybines-medziagos\/"]}]},{"@type":"BreadcrumbList","@id":"https:\/\/gatewaypartners.eu\/lt\/pramones-sakos\/statybos-ir-statybines-medziagos\/#breadcrumb","itemListElement":[{"@type":"ListItem","position":1,"name":"Pramon\u0117s \u0161akos","item":"https:\/\/gatewaypartners.eu\/lt\/pramones-sakos\/"},{"@type":"ListItem","position":2,"name":"Statybos ir statybin\u0117s med\u017eiagos"}]},{"@type":"WebSite","@id":"https:\/\/gatewaypartners.eu\/lt\/#website","url":"https:\/\/gatewaypartners.eu\/lt\/","name":"Gateway &amp; Partners","description":"J\u016bs\u0173 patikimiausias Eksporto Pl\u0117tros Partneris.","potentialAction":[{"@type":"SearchAction","target":{"@type":"EntryPoint","urlTemplate":"https:\/\/gatewaypartners.eu\/lt\/?s={search_term_string}"},"query-input":"required name=search_term_string"}],"inLanguage":"lt-LT"}]}},"_links":{"self":[{"href":"https:\/\/gatewaypartners.eu\/lt\/wp-json\/wp\/v2\/pages\/60","targetHints":{"allow":["GET"]}}],"collection":[{"href":"https:\/\/gatewaypartners.eu\/lt\/wp-json\/wp\/v2\/pages"}],"about":[{"href":"https:\/\/gatewaypartners.eu\/lt\/wp-json\/wp\/v2\/types\/page"}],"author":[{"embeddable":true,"href":"https:\/\/gatewaypartners.eu\/lt\/wp-json\/wp\/v2\/users\/3"}],"replies":[{"embeddable":true,"href":"https:\/\/gatewaypartners.eu\/lt\/wp-json\/wp\/v2\/comments?post=60"}],"version-history":[{"count":1,"href":"https:\/\/gatewaypartners.eu\/lt\/wp-json\/wp\/v2\/pages\/60\/revisions"}],"predecessor-version":[{"id":63,"href":"https:\/\/gatewaypartners.eu\/lt\/wp-json\/wp\/v2\/pages\/60\/revisions\/63"}],"up":[{"embeddable":true,"href":"https:\/\/gatewaypartners.eu\/lt\/wp-json\/wp\/v2\/pages\/47"}],"wp:featuredmedia":[{"embeddable":true,"href":"https:\/\/gatewaypartners.eu\/lt\/wp-json\/wp\/v2\/media\/62"}],"wp:attachment":[{"href":"https:\/\/gatewaypartners.eu\/lt\/wp-json\/wp\/v2\/media?parent=60"}],"curies":[{"name":"wp","href":"https:\/\/api.w.org\/{rel}","templated":true}]}}