{"id":64,"date":"2017-07-07T14:57:35","date_gmt":"2017-07-07T11:57:35","guid":{"rendered":"http:\/\/gatewaypartners.eu\/lt\/?page_id=64"},"modified":"2022-02-08T12:18:42","modified_gmt":"2022-02-08T10:18:42","slug":"elektronikos-ir-automatizavimo-pramones-saka","status":"publish","type":"page","link":"https:\/\/gatewaypartners.eu\/lt\/pramones-sakos\/elektronikos-ir-automatizavimo-pramones-saka\/","title":{"rendered":"Elektronikos ir automatizavimo pramon\u0117s \u0161aka"},"content":{"rendered":"","protected":false},"excerpt":{"rendered":"<p>Kuo inovatyvesnis ir pa\u017eengesnis produktas \u2013 tuo daugiau galima pasiekti! M\u016bs\u0173 komanda yra pasiruo\u0161usi i\u0161mokti ir \u012fsisavinti vis\u0105 reikiam\u0105 informacij\u0105, kad gal\u0117t\u0173 garantuoti puikiai paruo\u0161t\u0105 j\u016bs\u0173 produkto pristatym\u0105 u\u017esienio rinkoms.<\/p>\n","protected":false},"author":3,"featured_media":65,"parent":47,"menu_order":5,"comment_status":"closed","ping_status":"closed","template":"template-industry.php","meta":{"inline_featured_image":false,"footnotes":""},"class_list":["post-64","page","type-page","status-publish","has-post-thumbnail","hentry"],"acf":[],"yoast_head":"<!-- This site is optimized with the Yoast SEO plugin v20.2.1 - https:\/\/yoast.com\/wordpress\/plugins\/seo\/ -->\n<title>Elektronikos ir automatizavimo pramon\u0117s \u0161aka - Gateway &amp; Partners<\/title>\n<meta name=\"robots\" content=\"index, follow, max-snippet:-1, max-image-preview:large, max-video-preview:-1\" \/>\n<link rel=\"canonical\" href=\"https:\/\/gatewaypartners.eu\/lt\/pramones-sakos\/elektronikos-ir-automatizavimo-pramones-saka\/\" \/>\n<meta property=\"og:locale\" content=\"lt_LT\" \/>\n<meta property=\"og:type\" content=\"article\" \/>\n<meta property=\"og:title\" content=\"Elektronikos ir automatizavimo pramon\u0117s \u0161aka - Gateway &amp; Partners\" \/>\n<meta property=\"og:description\" content=\"Kuo inovatyvesnis ir pa\u017eengesnis produktas \u2013 tuo daugiau galima pasiekti! M\u016bs\u0173 komanda yra pasiruo\u0161usi i\u0161mokti ir \u012fsisavinti vis\u0105 reikiam\u0105 informacij\u0105, kad gal\u0117t\u0173 garantuoti puikiai paruo\u0161t\u0105 j\u016bs\u0173 produkto pristatym\u0105 u\u017esienio rinkoms.\" \/>\n<meta property=\"og:url\" content=\"https:\/\/gatewaypartners.eu\/lt\/pramones-sakos\/elektronikos-ir-automatizavimo-pramones-saka\/\" \/>\n<meta property=\"og:site_name\" content=\"Gateway &amp; Partners\" \/>\n<meta property=\"article:modified_time\" content=\"2022-02-08T10:18:42+00:00\" \/>\n<meta property=\"og:image\" content=\"https:\/\/gatewaypartners.eu\/lt\/wp-content\/uploads\/sites\/4\/2017\/07\/Electronic-service-428538-1024x678.jpg\" \/>\n\t<meta property=\"og:image:width\" content=\"1024\" \/>\n\t<meta property=\"og:image:height\" content=\"678\" \/>\n\t<meta property=\"og:image:type\" content=\"image\/jpeg\" \/>\n<meta name=\"twitter:card\" content=\"summary_large_image\" \/>\n<script type=\"application\/ld+json\" class=\"yoast-schema-graph\">{\"@context\":\"https:\/\/schema.org\",\"@graph\":[{\"@type\":\"WebPage\",\"@id\":\"https:\/\/gatewaypartners.eu\/lt\/pramones-sakos\/elektronikos-ir-automatizavimo-pramones-saka\/\",\"url\":\"https:\/\/gatewaypartners.eu\/lt\/pramones-sakos\/elektronikos-ir-automatizavimo-pramones-saka\/\",\"name\":\"Elektronikos ir automatizavimo pramon\u0117s \u0161aka - Gateway &amp; Partners\",\"isPartOf\":{\"@id\":\"https:\/\/gatewaypartners.eu\/lt\/#website\"},\"datePublished\":\"2017-07-07T11:57:35+00:00\",\"dateModified\":\"2022-02-08T10:18:42+00:00\",\"breadcrumb\":{\"@id\":\"https:\/\/gatewaypartners.eu\/lt\/pramones-sakos\/elektronikos-ir-automatizavimo-pramones-saka\/#breadcrumb\"},\"inLanguage\":\"lt-LT\",\"potentialAction\":[{\"@type\":\"ReadAction\",\"target\":[\"https:\/\/gatewaypartners.eu\/lt\/pramones-sakos\/elektronikos-ir-automatizavimo-pramones-saka\/\"]}]},{\"@type\":\"BreadcrumbList\",\"@id\":\"https:\/\/gatewaypartners.eu\/lt\/pramones-sakos\/elektronikos-ir-automatizavimo-pramones-saka\/#breadcrumb\",\"itemListElement\":[{\"@type\":\"ListItem\",\"position\":1,\"name\":\"Pramon\u0117s \u0161akos\",\"item\":\"https:\/\/gatewaypartners.eu\/lt\/pramones-sakos\/\"},{\"@type\":\"ListItem\",\"position\":2,\"name\":\"Elektronikos ir automatizavimo pramon\u0117s \u0161aka\"}]},{\"@type\":\"WebSite\",\"@id\":\"https:\/\/gatewaypartners.eu\/lt\/#website\",\"url\":\"https:\/\/gatewaypartners.eu\/lt\/\",\"name\":\"Gateway &amp; Partners\",\"description\":\"J\u016bs\u0173 patikimiausias Eksporto Pl\u0117tros Partneris.\",\"potentialAction\":[{\"@type\":\"SearchAction\",\"target\":{\"@type\":\"EntryPoint\",\"urlTemplate\":\"https:\/\/gatewaypartners.eu\/lt\/?s={search_term_string}\"},\"query-input\":\"required name=search_term_string\"}],\"inLanguage\":\"lt-LT\"}]}<\/script>\n<!-- \/ Yoast SEO plugin. -->","yoast_head_json":{"title":"Elektronikos ir automatizavimo pramon\u0117s \u0161aka - Gateway &amp; Partners","robots":{"index":"index","follow":"follow","max-snippet":"max-snippet:-1","max-image-preview":"max-image-preview:large","max-video-preview":"max-video-preview:-1"},"canonical":"https:\/\/gatewaypartners.eu\/lt\/pramones-sakos\/elektronikos-ir-automatizavimo-pramones-saka\/","og_locale":"lt_LT","og_type":"article","og_title":"Elektronikos ir automatizavimo pramon\u0117s \u0161aka - Gateway &amp; Partners","og_description":"Kuo inovatyvesnis ir pa\u017eengesnis produktas \u2013 tuo daugiau galima pasiekti! M\u016bs\u0173 komanda yra pasiruo\u0161usi i\u0161mokti ir \u012fsisavinti vis\u0105 reikiam\u0105 informacij\u0105, kad gal\u0117t\u0173 garantuoti puikiai paruo\u0161t\u0105 j\u016bs\u0173 produkto pristatym\u0105 u\u017esienio rinkoms.","og_url":"https:\/\/gatewaypartners.eu\/lt\/pramones-sakos\/elektronikos-ir-automatizavimo-pramones-saka\/","og_site_name":"Gateway &amp; Partners","article_modified_time":"2022-02-08T10:18:42+00:00","og_image":[{"width":1024,"height":678,"url":"https:\/\/gatewaypartners.eu\/lt\/wp-content\/uploads\/sites\/4\/2017\/07\/Electronic-service-428538-1024x678.jpg","type":"image\/jpeg"}],"twitter_card":"summary_large_image","schema":{"@context":"https:\/\/schema.org","@graph":[{"@type":"WebPage","@id":"https:\/\/gatewaypartners.eu\/lt\/pramones-sakos\/elektronikos-ir-automatizavimo-pramones-saka\/","url":"https:\/\/gatewaypartners.eu\/lt\/pramones-sakos\/elektronikos-ir-automatizavimo-pramones-saka\/","name":"Elektronikos ir automatizavimo pramon\u0117s \u0161aka - Gateway &amp; Partners","isPartOf":{"@id":"https:\/\/gatewaypartners.eu\/lt\/#website"},"datePublished":"2017-07-07T11:57:35+00:00","dateModified":"2022-02-08T10:18:42+00:00","breadcrumb":{"@id":"https:\/\/gatewaypartners.eu\/lt\/pramones-sakos\/elektronikos-ir-automatizavimo-pramones-saka\/#breadcrumb"},"inLanguage":"lt-LT","potentialAction":[{"@type":"ReadAction","target":["https:\/\/gatewaypartners.eu\/lt\/pramones-sakos\/elektronikos-ir-automatizavimo-pramones-saka\/"]}]},{"@type":"BreadcrumbList","@id":"https:\/\/gatewaypartners.eu\/lt\/pramones-sakos\/elektronikos-ir-automatizavimo-pramones-saka\/#breadcrumb","itemListElement":[{"@type":"ListItem","position":1,"name":"Pramon\u0117s \u0161akos","item":"https:\/\/gatewaypartners.eu\/lt\/pramones-sakos\/"},{"@type":"ListItem","position":2,"name":"Elektronikos ir automatizavimo pramon\u0117s \u0161aka"}]},{"@type":"WebSite","@id":"https:\/\/gatewaypartners.eu\/lt\/#website","url":"https:\/\/gatewaypartners.eu\/lt\/","name":"Gateway &amp; Partners","description":"J\u016bs\u0173 patikimiausias Eksporto Pl\u0117tros Partneris.","potentialAction":[{"@type":"SearchAction","target":{"@type":"EntryPoint","urlTemplate":"https:\/\/gatewaypartners.eu\/lt\/?s={search_term_string}"},"query-input":"required name=search_term_string"}],"inLanguage":"lt-LT"}]}},"_links":{"self":[{"href":"https:\/\/gatewaypartners.eu\/lt\/wp-json\/wp\/v2\/pages\/64","targetHints":{"allow":["GET"]}}],"collection":[{"href":"https:\/\/gatewaypartners.eu\/lt\/wp-json\/wp\/v2\/pages"}],"about":[{"href":"https:\/\/gatewaypartners.eu\/lt\/wp-json\/wp\/v2\/types\/page"}],"author":[{"embeddable":true,"href":"https:\/\/gatewaypartners.eu\/lt\/wp-json\/wp\/v2\/users\/3"}],"replies":[{"embeddable":true,"href":"https:\/\/gatewaypartners.eu\/lt\/wp-json\/wp\/v2\/comments?post=64"}],"version-history":[{"count":1,"href":"https:\/\/gatewaypartners.eu\/lt\/wp-json\/wp\/v2\/pages\/64\/revisions"}],"predecessor-version":[{"id":66,"href":"https:\/\/gatewaypartners.eu\/lt\/wp-json\/wp\/v2\/pages\/64\/revisions\/66"}],"up":[{"embeddable":true,"href":"https:\/\/gatewaypartners.eu\/lt\/wp-json\/wp\/v2\/pages\/47"}],"wp:featuredmedia":[{"embeddable":true,"href":"https:\/\/gatewaypartners.eu\/lt\/wp-json\/wp\/v2\/media\/65"}],"wp:attachment":[{"href":"https:\/\/gatewaypartners.eu\/lt\/wp-json\/wp\/v2\/media?parent=64"}],"curies":[{"name":"wp","href":"https:\/\/api.w.org\/{rel}","templated":true}]}}