{"id":67,"date":"2017-07-07T14:59:03","date_gmt":"2017-07-07T11:59:03","guid":{"rendered":"http:\/\/gatewaypartners.eu\/lt\/?page_id=67"},"modified":"2022-02-08T12:18:27","modified_gmt":"2022-02-08T10:18:27","slug":"baldu-gamyba-ir-medienos-apdirbimas","status":"publish","type":"page","link":"https:\/\/gatewaypartners.eu\/lt\/pramones-sakos\/baldu-gamyba-ir-medienos-apdirbimas\/","title":{"rendered":"Bald\u0173 gamyba ir medienos apdirbimas"},"content":{"rendered":"","protected":false},"excerpt":{"rendered":"<p>Mi\u0161kai ir medienos gaminiai yra vieni i\u0161 skiriam\u0173j\u0173 \u0160iaur\u0117s regiono \u0161ali\u0173 bruo\u017e\u0173. Mes pad\u0117jome tiek individualiems eksportuotojams, tiek j\u0173 grup\u0117ms \u012fsitvirtinti tarptautin\u0117se rinkose, tokiu b\u016bdu prisid\u0117dami prie bald\u0173 gamybos ir medienos apdirbimo sektoriaus pl\u0117tros.<\/p>\n","protected":false},"author":3,"featured_media":68,"parent":47,"menu_order":6,"comment_status":"closed","ping_status":"closed","template":"template-industry.php","meta":{"inline_featured_image":false,"footnotes":""},"class_list":["post-67","page","type-page","status-publish","has-post-thumbnail","hentry"],"acf":[],"yoast_head":"<!-- This site is optimized with the Yoast SEO plugin v20.2.1 - https:\/\/yoast.com\/wordpress\/plugins\/seo\/ -->\n<title>Bald\u0173 gamyba ir medienos apdirbimas - Gateway &amp; Partners<\/title>\n<meta name=\"robots\" content=\"index, follow, max-snippet:-1, max-image-preview:large, max-video-preview:-1\" \/>\n<link rel=\"canonical\" href=\"https:\/\/gatewaypartners.eu\/lt\/pramones-sakos\/baldu-gamyba-ir-medienos-apdirbimas\/\" \/>\n<meta property=\"og:locale\" content=\"lt_LT\" \/>\n<meta property=\"og:type\" content=\"article\" \/>\n<meta property=\"og:title\" content=\"Bald\u0173 gamyba ir medienos apdirbimas - Gateway &amp; Partners\" \/>\n<meta property=\"og:description\" content=\"Mi\u0161kai ir medienos gaminiai yra vieni i\u0161 skiriam\u0173j\u0173 \u0160iaur\u0117s regiono \u0161ali\u0173 bruo\u017e\u0173. Mes pad\u0117jome tiek individualiems eksportuotojams, tiek j\u0173 grup\u0117ms \u012fsitvirtinti tarptautin\u0117se rinkose, tokiu b\u016bdu prisid\u0117dami prie bald\u0173 gamybos ir medienos apdirbimo sektoriaus pl\u0117tros.\" \/>\n<meta property=\"og:url\" content=\"https:\/\/gatewaypartners.eu\/lt\/pramones-sakos\/baldu-gamyba-ir-medienos-apdirbimas\/\" \/>\n<meta property=\"og:site_name\" content=\"Gateway &amp; Partners\" \/>\n<meta property=\"article:modified_time\" content=\"2022-02-08T10:18:27+00:00\" \/>\n<meta property=\"og:image\" content=\"https:\/\/gatewaypartners.eu\/lt\/wp-content\/uploads\/sites\/4\/2017\/07\/Furniture-table-690661-1024x680.jpg\" \/>\n\t<meta property=\"og:image:width\" content=\"1024\" \/>\n\t<meta property=\"og:image:height\" content=\"680\" \/>\n\t<meta property=\"og:image:type\" content=\"image\/jpeg\" \/>\n<meta name=\"twitter:card\" content=\"summary_large_image\" \/>\n<script type=\"application\/ld+json\" class=\"yoast-schema-graph\">{\"@context\":\"https:\/\/schema.org\",\"@graph\":[{\"@type\":\"WebPage\",\"@id\":\"https:\/\/gatewaypartners.eu\/lt\/pramones-sakos\/baldu-gamyba-ir-medienos-apdirbimas\/\",\"url\":\"https:\/\/gatewaypartners.eu\/lt\/pramones-sakos\/baldu-gamyba-ir-medienos-apdirbimas\/\",\"name\":\"Bald\u0173 gamyba ir medienos apdirbimas - Gateway &amp; Partners\",\"isPartOf\":{\"@id\":\"https:\/\/gatewaypartners.eu\/lt\/#website\"},\"datePublished\":\"2017-07-07T11:59:03+00:00\",\"dateModified\":\"2022-02-08T10:18:27+00:00\",\"breadcrumb\":{\"@id\":\"https:\/\/gatewaypartners.eu\/lt\/pramones-sakos\/baldu-gamyba-ir-medienos-apdirbimas\/#breadcrumb\"},\"inLanguage\":\"lt-LT\",\"potentialAction\":[{\"@type\":\"ReadAction\",\"target\":[\"https:\/\/gatewaypartners.eu\/lt\/pramones-sakos\/baldu-gamyba-ir-medienos-apdirbimas\/\"]}]},{\"@type\":\"BreadcrumbList\",\"@id\":\"https:\/\/gatewaypartners.eu\/lt\/pramones-sakos\/baldu-gamyba-ir-medienos-apdirbimas\/#breadcrumb\",\"itemListElement\":[{\"@type\":\"ListItem\",\"position\":1,\"name\":\"Pramon\u0117s \u0161akos\",\"item\":\"https:\/\/gatewaypartners.eu\/lt\/pramones-sakos\/\"},{\"@type\":\"ListItem\",\"position\":2,\"name\":\"Bald\u0173 gamyba ir medienos apdirbimas\"}]},{\"@type\":\"WebSite\",\"@id\":\"https:\/\/gatewaypartners.eu\/lt\/#website\",\"url\":\"https:\/\/gatewaypartners.eu\/lt\/\",\"name\":\"Gateway &amp; Partners\",\"description\":\"J\u016bs\u0173 patikimiausias Eksporto Pl\u0117tros Partneris.\",\"potentialAction\":[{\"@type\":\"SearchAction\",\"target\":{\"@type\":\"EntryPoint\",\"urlTemplate\":\"https:\/\/gatewaypartners.eu\/lt\/?s={search_term_string}\"},\"query-input\":\"required name=search_term_string\"}],\"inLanguage\":\"lt-LT\"}]}<\/script>\n<!-- \/ Yoast SEO plugin. -->","yoast_head_json":{"title":"Bald\u0173 gamyba ir medienos apdirbimas - Gateway &amp; Partners","robots":{"index":"index","follow":"follow","max-snippet":"max-snippet:-1","max-image-preview":"max-image-preview:large","max-video-preview":"max-video-preview:-1"},"canonical":"https:\/\/gatewaypartners.eu\/lt\/pramones-sakos\/baldu-gamyba-ir-medienos-apdirbimas\/","og_locale":"lt_LT","og_type":"article","og_title":"Bald\u0173 gamyba ir medienos apdirbimas - Gateway &amp; Partners","og_description":"Mi\u0161kai ir medienos gaminiai yra vieni i\u0161 skiriam\u0173j\u0173 \u0160iaur\u0117s regiono \u0161ali\u0173 bruo\u017e\u0173. Mes pad\u0117jome tiek individualiems eksportuotojams, tiek j\u0173 grup\u0117ms \u012fsitvirtinti tarptautin\u0117se rinkose, tokiu b\u016bdu prisid\u0117dami prie bald\u0173 gamybos ir medienos apdirbimo sektoriaus pl\u0117tros.","og_url":"https:\/\/gatewaypartners.eu\/lt\/pramones-sakos\/baldu-gamyba-ir-medienos-apdirbimas\/","og_site_name":"Gateway &amp; Partners","article_modified_time":"2022-02-08T10:18:27+00:00","og_image":[{"width":1024,"height":680,"url":"https:\/\/gatewaypartners.eu\/lt\/wp-content\/uploads\/sites\/4\/2017\/07\/Furniture-table-690661-1024x680.jpg","type":"image\/jpeg"}],"twitter_card":"summary_large_image","schema":{"@context":"https:\/\/schema.org","@graph":[{"@type":"WebPage","@id":"https:\/\/gatewaypartners.eu\/lt\/pramones-sakos\/baldu-gamyba-ir-medienos-apdirbimas\/","url":"https:\/\/gatewaypartners.eu\/lt\/pramones-sakos\/baldu-gamyba-ir-medienos-apdirbimas\/","name":"Bald\u0173 gamyba ir medienos apdirbimas - Gateway &amp; Partners","isPartOf":{"@id":"https:\/\/gatewaypartners.eu\/lt\/#website"},"datePublished":"2017-07-07T11:59:03+00:00","dateModified":"2022-02-08T10:18:27+00:00","breadcrumb":{"@id":"https:\/\/gatewaypartners.eu\/lt\/pramones-sakos\/baldu-gamyba-ir-medienos-apdirbimas\/#breadcrumb"},"inLanguage":"lt-LT","potentialAction":[{"@type":"ReadAction","target":["https:\/\/gatewaypartners.eu\/lt\/pramones-sakos\/baldu-gamyba-ir-medienos-apdirbimas\/"]}]},{"@type":"BreadcrumbList","@id":"https:\/\/gatewaypartners.eu\/lt\/pramones-sakos\/baldu-gamyba-ir-medienos-apdirbimas\/#breadcrumb","itemListElement":[{"@type":"ListItem","position":1,"name":"Pramon\u0117s \u0161akos","item":"https:\/\/gatewaypartners.eu\/lt\/pramones-sakos\/"},{"@type":"ListItem","position":2,"name":"Bald\u0173 gamyba ir medienos apdirbimas"}]},{"@type":"WebSite","@id":"https:\/\/gatewaypartners.eu\/lt\/#website","url":"https:\/\/gatewaypartners.eu\/lt\/","name":"Gateway &amp; Partners","description":"J\u016bs\u0173 patikimiausias Eksporto Pl\u0117tros Partneris.","potentialAction":[{"@type":"SearchAction","target":{"@type":"EntryPoint","urlTemplate":"https:\/\/gatewaypartners.eu\/lt\/?s={search_term_string}"},"query-input":"required name=search_term_string"}],"inLanguage":"lt-LT"}]}},"_links":{"self":[{"href":"https:\/\/gatewaypartners.eu\/lt\/wp-json\/wp\/v2\/pages\/67","targetHints":{"allow":["GET"]}}],"collection":[{"href":"https:\/\/gatewaypartners.eu\/lt\/wp-json\/wp\/v2\/pages"}],"about":[{"href":"https:\/\/gatewaypartners.eu\/lt\/wp-json\/wp\/v2\/types\/page"}],"author":[{"embeddable":true,"href":"https:\/\/gatewaypartners.eu\/lt\/wp-json\/wp\/v2\/users\/3"}],"replies":[{"embeddable":true,"href":"https:\/\/gatewaypartners.eu\/lt\/wp-json\/wp\/v2\/comments?post=67"}],"version-history":[{"count":1,"href":"https:\/\/gatewaypartners.eu\/lt\/wp-json\/wp\/v2\/pages\/67\/revisions"}],"predecessor-version":[{"id":69,"href":"https:\/\/gatewaypartners.eu\/lt\/wp-json\/wp\/v2\/pages\/67\/revisions\/69"}],"up":[{"embeddable":true,"href":"https:\/\/gatewaypartners.eu\/lt\/wp-json\/wp\/v2\/pages\/47"}],"wp:featuredmedia":[{"embeddable":true,"href":"https:\/\/gatewaypartners.eu\/lt\/wp-json\/wp\/v2\/media\/68"}],"wp:attachment":[{"href":"https:\/\/gatewaypartners.eu\/lt\/wp-json\/wp\/v2\/media?parent=67"}],"curies":[{"name":"wp","href":"https:\/\/api.w.org\/{rel}","templated":true}]}}