{"id":73,"date":"2017-07-07T15:01:44","date_gmt":"2017-07-07T12:01:44","guid":{"rendered":"http:\/\/gatewaypartners.eu\/lt\/?page_id=73"},"modified":"2022-02-08T12:19:14","modified_gmt":"2022-02-08T10:19:14","slug":"it-ir-technologijos","status":"publish","type":"page","link":"https:\/\/gatewaypartners.eu\/lt\/pramones-sakos\/it-ir-technologijos\/","title":{"rendered":"IT ir technologijos"},"content":{"rendered":"","protected":false},"excerpt":{"rendered":"<p>Nepaisant to, kad IT kompanijose viskas vyksta skaitmeniniu b\u016bdu, joms taip pat yra reikalingi B2B parneriai ir klientai. IT kompanijoms mes padedam atlikdami rinkos analizes ir ie\u0161kodami potenciali\u0173 verslo partneri\u0173 nuo Skandinavijos iki Indijos.<\/p>\n","protected":false},"author":3,"featured_media":74,"parent":47,"menu_order":8,"comment_status":"closed","ping_status":"closed","template":"template-industry.php","meta":{"inline_featured_image":false,"footnotes":""},"class_list":["post-73","page","type-page","status-publish","has-post-thumbnail","hentry"],"acf":[],"yoast_head":"<!-- This site is optimized with the Yoast SEO plugin v20.2.1 - https:\/\/yoast.com\/wordpress\/plugins\/seo\/ -->\n<title>IT ir technologijos - Gateway &amp; Partners<\/title>\n<meta name=\"robots\" content=\"index, follow, max-snippet:-1, max-image-preview:large, max-video-preview:-1\" \/>\n<link rel=\"canonical\" href=\"https:\/\/gatewaypartners.eu\/lt\/pramones-sakos\/it-ir-technologijos\/\" \/>\n<meta property=\"og:locale\" content=\"lt_LT\" \/>\n<meta property=\"og:type\" content=\"article\" \/>\n<meta property=\"og:title\" content=\"IT ir technologijos - Gateway &amp; Partners\" \/>\n<meta property=\"og:description\" content=\"Nepaisant to, kad IT kompanijose viskas vyksta skaitmeniniu b\u016bdu, joms taip pat yra reikalingi B2B parneriai ir klientai. IT kompanijoms mes padedam atlikdami rinkos analizes ir ie\u0161kodami potenciali\u0173 verslo partneri\u0173 nuo Skandinavijos iki Indijos.\" \/>\n<meta property=\"og:url\" content=\"https:\/\/gatewaypartners.eu\/lt\/pramones-sakos\/it-ir-technologijos\/\" \/>\n<meta property=\"og:site_name\" content=\"Gateway &amp; Partners\" \/>\n<meta property=\"article:modified_time\" content=\"2022-02-08T10:19:14+00:00\" \/>\n<meta property=\"og:image\" content=\"https:\/\/gatewaypartners.eu\/lt\/wp-content\/uploads\/sites\/4\/2017\/07\/IT-mother-board-581597-3-1024x768.jpg\" \/>\n\t<meta property=\"og:image:width\" content=\"1024\" \/>\n\t<meta property=\"og:image:height\" content=\"768\" \/>\n\t<meta property=\"og:image:type\" content=\"image\/jpeg\" \/>\n<meta name=\"twitter:card\" content=\"summary_large_image\" \/>\n<script type=\"application\/ld+json\" class=\"yoast-schema-graph\">{\"@context\":\"https:\/\/schema.org\",\"@graph\":[{\"@type\":\"WebPage\",\"@id\":\"https:\/\/gatewaypartners.eu\/lt\/pramones-sakos\/it-ir-technologijos\/\",\"url\":\"https:\/\/gatewaypartners.eu\/lt\/pramones-sakos\/it-ir-technologijos\/\",\"name\":\"IT ir technologijos - Gateway &amp; Partners\",\"isPartOf\":{\"@id\":\"https:\/\/gatewaypartners.eu\/lt\/#website\"},\"datePublished\":\"2017-07-07T12:01:44+00:00\",\"dateModified\":\"2022-02-08T10:19:14+00:00\",\"breadcrumb\":{\"@id\":\"https:\/\/gatewaypartners.eu\/lt\/pramones-sakos\/it-ir-technologijos\/#breadcrumb\"},\"inLanguage\":\"lt-LT\",\"potentialAction\":[{\"@type\":\"ReadAction\",\"target\":[\"https:\/\/gatewaypartners.eu\/lt\/pramones-sakos\/it-ir-technologijos\/\"]}]},{\"@type\":\"BreadcrumbList\",\"@id\":\"https:\/\/gatewaypartners.eu\/lt\/pramones-sakos\/it-ir-technologijos\/#breadcrumb\",\"itemListElement\":[{\"@type\":\"ListItem\",\"position\":1,\"name\":\"Pramon\u0117s \u0161akos\",\"item\":\"https:\/\/gatewaypartners.eu\/lt\/pramones-sakos\/\"},{\"@type\":\"ListItem\",\"position\":2,\"name\":\"IT ir technologijos\"}]},{\"@type\":\"WebSite\",\"@id\":\"https:\/\/gatewaypartners.eu\/lt\/#website\",\"url\":\"https:\/\/gatewaypartners.eu\/lt\/\",\"name\":\"Gateway &amp; Partners\",\"description\":\"J\u016bs\u0173 patikimiausias Eksporto Pl\u0117tros Partneris.\",\"potentialAction\":[{\"@type\":\"SearchAction\",\"target\":{\"@type\":\"EntryPoint\",\"urlTemplate\":\"https:\/\/gatewaypartners.eu\/lt\/?s={search_term_string}\"},\"query-input\":\"required name=search_term_string\"}],\"inLanguage\":\"lt-LT\"}]}<\/script>\n<!-- \/ Yoast SEO plugin. -->","yoast_head_json":{"title":"IT ir technologijos - Gateway &amp; Partners","robots":{"index":"index","follow":"follow","max-snippet":"max-snippet:-1","max-image-preview":"max-image-preview:large","max-video-preview":"max-video-preview:-1"},"canonical":"https:\/\/gatewaypartners.eu\/lt\/pramones-sakos\/it-ir-technologijos\/","og_locale":"lt_LT","og_type":"article","og_title":"IT ir technologijos - Gateway &amp; Partners","og_description":"Nepaisant to, kad IT kompanijose viskas vyksta skaitmeniniu b\u016bdu, joms taip pat yra reikalingi B2B parneriai ir klientai. IT kompanijoms mes padedam atlikdami rinkos analizes ir ie\u0161kodami potenciali\u0173 verslo partneri\u0173 nuo Skandinavijos iki Indijos.","og_url":"https:\/\/gatewaypartners.eu\/lt\/pramones-sakos\/it-ir-technologijos\/","og_site_name":"Gateway &amp; Partners","article_modified_time":"2022-02-08T10:19:14+00:00","og_image":[{"width":1024,"height":768,"url":"https:\/\/gatewaypartners.eu\/lt\/wp-content\/uploads\/sites\/4\/2017\/07\/IT-mother-board-581597-3-1024x768.jpg","type":"image\/jpeg"}],"twitter_card":"summary_large_image","schema":{"@context":"https:\/\/schema.org","@graph":[{"@type":"WebPage","@id":"https:\/\/gatewaypartners.eu\/lt\/pramones-sakos\/it-ir-technologijos\/","url":"https:\/\/gatewaypartners.eu\/lt\/pramones-sakos\/it-ir-technologijos\/","name":"IT ir technologijos - Gateway &amp; Partners","isPartOf":{"@id":"https:\/\/gatewaypartners.eu\/lt\/#website"},"datePublished":"2017-07-07T12:01:44+00:00","dateModified":"2022-02-08T10:19:14+00:00","breadcrumb":{"@id":"https:\/\/gatewaypartners.eu\/lt\/pramones-sakos\/it-ir-technologijos\/#breadcrumb"},"inLanguage":"lt-LT","potentialAction":[{"@type":"ReadAction","target":["https:\/\/gatewaypartners.eu\/lt\/pramones-sakos\/it-ir-technologijos\/"]}]},{"@type":"BreadcrumbList","@id":"https:\/\/gatewaypartners.eu\/lt\/pramones-sakos\/it-ir-technologijos\/#breadcrumb","itemListElement":[{"@type":"ListItem","position":1,"name":"Pramon\u0117s \u0161akos","item":"https:\/\/gatewaypartners.eu\/lt\/pramones-sakos\/"},{"@type":"ListItem","position":2,"name":"IT ir technologijos"}]},{"@type":"WebSite","@id":"https:\/\/gatewaypartners.eu\/lt\/#website","url":"https:\/\/gatewaypartners.eu\/lt\/","name":"Gateway &amp; Partners","description":"J\u016bs\u0173 patikimiausias Eksporto Pl\u0117tros Partneris.","potentialAction":[{"@type":"SearchAction","target":{"@type":"EntryPoint","urlTemplate":"https:\/\/gatewaypartners.eu\/lt\/?s={search_term_string}"},"query-input":"required name=search_term_string"}],"inLanguage":"lt-LT"}]}},"_links":{"self":[{"href":"https:\/\/gatewaypartners.eu\/lt\/wp-json\/wp\/v2\/pages\/73","targetHints":{"allow":["GET"]}}],"collection":[{"href":"https:\/\/gatewaypartners.eu\/lt\/wp-json\/wp\/v2\/pages"}],"about":[{"href":"https:\/\/gatewaypartners.eu\/lt\/wp-json\/wp\/v2\/types\/page"}],"author":[{"embeddable":true,"href":"https:\/\/gatewaypartners.eu\/lt\/wp-json\/wp\/v2\/users\/3"}],"replies":[{"embeddable":true,"href":"https:\/\/gatewaypartners.eu\/lt\/wp-json\/wp\/v2\/comments?post=73"}],"version-history":[{"count":1,"href":"https:\/\/gatewaypartners.eu\/lt\/wp-json\/wp\/v2\/pages\/73\/revisions"}],"predecessor-version":[{"id":75,"href":"https:\/\/gatewaypartners.eu\/lt\/wp-json\/wp\/v2\/pages\/73\/revisions\/75"}],"up":[{"embeddable":true,"href":"https:\/\/gatewaypartners.eu\/lt\/wp-json\/wp\/v2\/pages\/47"}],"wp:featuredmedia":[{"embeddable":true,"href":"https:\/\/gatewaypartners.eu\/lt\/wp-json\/wp\/v2\/media\/74"}],"wp:attachment":[{"href":"https:\/\/gatewaypartners.eu\/lt\/wp-json\/wp\/v2\/media?parent=73"}],"curies":[{"name":"wp","href":"https:\/\/api.w.org\/{rel}","templated":true}]}}