{"id":76,"date":"2017-07-07T15:03:02","date_gmt":"2017-07-07T12:03:02","guid":{"rendered":"http:\/\/gatewaypartners.eu\/lt\/?page_id=76"},"modified":"2022-02-08T12:19:33","modified_gmt":"2022-02-08T10:19:33","slug":"dizainas-gyvenimo-budas-ir-apranga","status":"publish","type":"page","link":"https:\/\/gatewaypartners.eu\/lt\/pramones-sakos\/dizainas-gyvenimo-budas-ir-apranga\/","title":{"rendered":"Dizainas, gyvenimo b\u016bdas ir apranga"},"content":{"rendered":"","protected":false},"excerpt":{"rendered":"<p>\u012emon\u0117s dirban\u010dios k\u016brybin\u0117se industrijose ir si\u016blan\u010dios vienetinius arba riboto tira\u017eo produktus, da\u017eniausiai yra nedidel\u0117s. M\u016bs\u0173 komanda su malonumu padeda \u0161ioms \u012fmon\u0117ms pristatyti savo produktus tarptautin\u0117se rinkose.<\/p>\n","protected":false},"author":3,"featured_media":77,"parent":47,"menu_order":9,"comment_status":"closed","ping_status":"closed","template":"template-industry.php","meta":{"inline_featured_image":false,"footnotes":""},"class_list":["post-76","page","type-page","status-publish","has-post-thumbnail","hentry"],"acf":[],"yoast_head":"<!-- This site is optimized with the Yoast SEO plugin v20.2.1 - https:\/\/yoast.com\/wordpress\/plugins\/seo\/ -->\n<title>Dizainas, gyvenimo b\u016bdas ir apranga - Gateway &amp; Partners<\/title>\n<meta name=\"robots\" content=\"index, follow, max-snippet:-1, max-image-preview:large, max-video-preview:-1\" \/>\n<link rel=\"canonical\" href=\"https:\/\/gatewaypartners.eu\/lt\/pramones-sakos\/dizainas-gyvenimo-budas-ir-apranga\/\" \/>\n<meta property=\"og:locale\" content=\"lt_LT\" \/>\n<meta property=\"og:type\" content=\"article\" \/>\n<meta property=\"og:title\" content=\"Dizainas, gyvenimo b\u016bdas ir apranga - Gateway &amp; Partners\" \/>\n<meta property=\"og:description\" content=\"\u012emon\u0117s dirban\u010dios k\u016brybin\u0117se industrijose ir si\u016blan\u010dios vienetinius arba riboto tira\u017eo produktus, da\u017eniausiai yra nedidel\u0117s. M\u016bs\u0173 komanda su malonumu padeda \u0161ioms \u012fmon\u0117ms pristatyti savo produktus tarptautin\u0117se rinkose.\" \/>\n<meta property=\"og:url\" content=\"https:\/\/gatewaypartners.eu\/lt\/pramones-sakos\/dizainas-gyvenimo-budas-ir-apranga\/\" \/>\n<meta property=\"og:site_name\" content=\"Gateway &amp; Partners\" \/>\n<meta property=\"article:modified_time\" content=\"2022-02-08T10:19:33+00:00\" \/>\n<meta property=\"og:image\" content=\"https:\/\/gatewaypartners.eu\/lt\/wp-content\/uploads\/sites\/4\/2017\/07\/Design-thread-931889_1920-1024x767.jpg\" \/>\n\t<meta property=\"og:image:width\" content=\"1024\" \/>\n\t<meta property=\"og:image:height\" content=\"767\" \/>\n\t<meta property=\"og:image:type\" content=\"image\/jpeg\" \/>\n<meta name=\"twitter:card\" content=\"summary_large_image\" \/>\n<script type=\"application\/ld+json\" class=\"yoast-schema-graph\">{\"@context\":\"https:\/\/schema.org\",\"@graph\":[{\"@type\":\"WebPage\",\"@id\":\"https:\/\/gatewaypartners.eu\/lt\/pramones-sakos\/dizainas-gyvenimo-budas-ir-apranga\/\",\"url\":\"https:\/\/gatewaypartners.eu\/lt\/pramones-sakos\/dizainas-gyvenimo-budas-ir-apranga\/\",\"name\":\"Dizainas, gyvenimo b\u016bdas ir apranga - Gateway &amp; Partners\",\"isPartOf\":{\"@id\":\"https:\/\/gatewaypartners.eu\/lt\/#website\"},\"datePublished\":\"2017-07-07T12:03:02+00:00\",\"dateModified\":\"2022-02-08T10:19:33+00:00\",\"breadcrumb\":{\"@id\":\"https:\/\/gatewaypartners.eu\/lt\/pramones-sakos\/dizainas-gyvenimo-budas-ir-apranga\/#breadcrumb\"},\"inLanguage\":\"lt-LT\",\"potentialAction\":[{\"@type\":\"ReadAction\",\"target\":[\"https:\/\/gatewaypartners.eu\/lt\/pramones-sakos\/dizainas-gyvenimo-budas-ir-apranga\/\"]}]},{\"@type\":\"BreadcrumbList\",\"@id\":\"https:\/\/gatewaypartners.eu\/lt\/pramones-sakos\/dizainas-gyvenimo-budas-ir-apranga\/#breadcrumb\",\"itemListElement\":[{\"@type\":\"ListItem\",\"position\":1,\"name\":\"Pramon\u0117s \u0161akos\",\"item\":\"https:\/\/gatewaypartners.eu\/lt\/pramones-sakos\/\"},{\"@type\":\"ListItem\",\"position\":2,\"name\":\"Dizainas, gyvenimo b\u016bdas ir apranga\"}]},{\"@type\":\"WebSite\",\"@id\":\"https:\/\/gatewaypartners.eu\/lt\/#website\",\"url\":\"https:\/\/gatewaypartners.eu\/lt\/\",\"name\":\"Gateway &amp; Partners\",\"description\":\"J\u016bs\u0173 patikimiausias Eksporto Pl\u0117tros Partneris.\",\"potentialAction\":[{\"@type\":\"SearchAction\",\"target\":{\"@type\":\"EntryPoint\",\"urlTemplate\":\"https:\/\/gatewaypartners.eu\/lt\/?s={search_term_string}\"},\"query-input\":\"required name=search_term_string\"}],\"inLanguage\":\"lt-LT\"}]}<\/script>\n<!-- \/ Yoast SEO plugin. -->","yoast_head_json":{"title":"Dizainas, gyvenimo b\u016bdas ir apranga - Gateway &amp; Partners","robots":{"index":"index","follow":"follow","max-snippet":"max-snippet:-1","max-image-preview":"max-image-preview:large","max-video-preview":"max-video-preview:-1"},"canonical":"https:\/\/gatewaypartners.eu\/lt\/pramones-sakos\/dizainas-gyvenimo-budas-ir-apranga\/","og_locale":"lt_LT","og_type":"article","og_title":"Dizainas, gyvenimo b\u016bdas ir apranga - Gateway &amp; Partners","og_description":"\u012emon\u0117s dirban\u010dios k\u016brybin\u0117se industrijose ir si\u016blan\u010dios vienetinius arba riboto tira\u017eo produktus, da\u017eniausiai yra nedidel\u0117s. M\u016bs\u0173 komanda su malonumu padeda \u0161ioms \u012fmon\u0117ms pristatyti savo produktus tarptautin\u0117se rinkose.","og_url":"https:\/\/gatewaypartners.eu\/lt\/pramones-sakos\/dizainas-gyvenimo-budas-ir-apranga\/","og_site_name":"Gateway &amp; Partners","article_modified_time":"2022-02-08T10:19:33+00:00","og_image":[{"width":1024,"height":767,"url":"https:\/\/gatewaypartners.eu\/lt\/wp-content\/uploads\/sites\/4\/2017\/07\/Design-thread-931889_1920-1024x767.jpg","type":"image\/jpeg"}],"twitter_card":"summary_large_image","schema":{"@context":"https:\/\/schema.org","@graph":[{"@type":"WebPage","@id":"https:\/\/gatewaypartners.eu\/lt\/pramones-sakos\/dizainas-gyvenimo-budas-ir-apranga\/","url":"https:\/\/gatewaypartners.eu\/lt\/pramones-sakos\/dizainas-gyvenimo-budas-ir-apranga\/","name":"Dizainas, gyvenimo b\u016bdas ir apranga - Gateway &amp; Partners","isPartOf":{"@id":"https:\/\/gatewaypartners.eu\/lt\/#website"},"datePublished":"2017-07-07T12:03:02+00:00","dateModified":"2022-02-08T10:19:33+00:00","breadcrumb":{"@id":"https:\/\/gatewaypartners.eu\/lt\/pramones-sakos\/dizainas-gyvenimo-budas-ir-apranga\/#breadcrumb"},"inLanguage":"lt-LT","potentialAction":[{"@type":"ReadAction","target":["https:\/\/gatewaypartners.eu\/lt\/pramones-sakos\/dizainas-gyvenimo-budas-ir-apranga\/"]}]},{"@type":"BreadcrumbList","@id":"https:\/\/gatewaypartners.eu\/lt\/pramones-sakos\/dizainas-gyvenimo-budas-ir-apranga\/#breadcrumb","itemListElement":[{"@type":"ListItem","position":1,"name":"Pramon\u0117s \u0161akos","item":"https:\/\/gatewaypartners.eu\/lt\/pramones-sakos\/"},{"@type":"ListItem","position":2,"name":"Dizainas, gyvenimo b\u016bdas ir apranga"}]},{"@type":"WebSite","@id":"https:\/\/gatewaypartners.eu\/lt\/#website","url":"https:\/\/gatewaypartners.eu\/lt\/","name":"Gateway &amp; Partners","description":"J\u016bs\u0173 patikimiausias Eksporto Pl\u0117tros Partneris.","potentialAction":[{"@type":"SearchAction","target":{"@type":"EntryPoint","urlTemplate":"https:\/\/gatewaypartners.eu\/lt\/?s={search_term_string}"},"query-input":"required name=search_term_string"}],"inLanguage":"lt-LT"}]}},"_links":{"self":[{"href":"https:\/\/gatewaypartners.eu\/lt\/wp-json\/wp\/v2\/pages\/76","targetHints":{"allow":["GET"]}}],"collection":[{"href":"https:\/\/gatewaypartners.eu\/lt\/wp-json\/wp\/v2\/pages"}],"about":[{"href":"https:\/\/gatewaypartners.eu\/lt\/wp-json\/wp\/v2\/types\/page"}],"author":[{"embeddable":true,"href":"https:\/\/gatewaypartners.eu\/lt\/wp-json\/wp\/v2\/users\/3"}],"replies":[{"embeddable":true,"href":"https:\/\/gatewaypartners.eu\/lt\/wp-json\/wp\/v2\/comments?post=76"}],"version-history":[{"count":1,"href":"https:\/\/gatewaypartners.eu\/lt\/wp-json\/wp\/v2\/pages\/76\/revisions"}],"predecessor-version":[{"id":78,"href":"https:\/\/gatewaypartners.eu\/lt\/wp-json\/wp\/v2\/pages\/76\/revisions\/78"}],"up":[{"embeddable":true,"href":"https:\/\/gatewaypartners.eu\/lt\/wp-json\/wp\/v2\/pages\/47"}],"wp:featuredmedia":[{"embeddable":true,"href":"https:\/\/gatewaypartners.eu\/lt\/wp-json\/wp\/v2\/media\/77"}],"wp:attachment":[{"href":"https:\/\/gatewaypartners.eu\/lt\/wp-json\/wp\/v2\/media?parent=76"}],"curies":[{"name":"wp","href":"https:\/\/api.w.org\/{rel}","templated":true}]}}