{"id":80,"date":"2017-07-07T15:09:34","date_gmt":"2017-07-07T12:09:34","guid":{"rendered":"http:\/\/gatewaypartners.eu\/lt\/?page_id=80"},"modified":"2026-04-08T17:42:54","modified_gmt":"2026-04-08T14:42:54","slug":"apie","status":"publish","type":"page","link":"https:\/\/gatewaypartners.eu\/lt\/apie\/","title":{"rendered":"Apie mus"},"content":{"rendered":"<h2 style=\"text-align: center;\">M\u016bs\u0173 istorija<\/h2>\n<p>\u201eGateway &amp; Partners\u201c (buvusi \u201eGatewayBaltic\u201c) savo veikl\u0105 prad\u0117jo 2004 m. \u012emon\u0117 specializuojasi eksporto partneri\u0173 paie\u0161ka bei rinkos tyrimais. M\u016bs\u0173 misija yra pad\u0117ti klientams padidinti eksporto apimtis, padedant jiems pa\u017einti ir patekti \u012f naujas rinkas. Per visus savo veiklos metus mes dirbome su daugiau nei 1000 klient\u0173 i\u0161 skirting\u0173 pramon\u0117s \u0161ak\u0173. M\u016bs\u0173 klientai yra vietiniai eksportuotojai, tarptautin\u0117s pardavim\u0173 skatinimo agent\u016bros ir klasteriai. Mes dirbame tose rinkose, kuriose m\u016bs\u0173 klientai nori padidinti savo pardavimus &#8211; nuo netoliese esan\u010dios Skandinavijos iki toki\u0173 \u0161ali\u0173 kaip Kinija ir Meksika.<\/p>\n<p>\u201eGateway &amp; Partners\u201c glaud\u017eiai bendradarbiauja su tokiomis prekybos r\u0117mimo organizacijomis kaip \u201eInnovation Norway\u201c, \u201eEnterprise Estonia\u201c, World Bank, Latvijos investicij\u0173 ir pl\u0117tros agent\u016bra, Moldovos investicij\u0173 ir eksporto skatinimo agent\u016bra, \u201eEnterprise Ireland\u201c, \u201eBusiness Lithuania\u201c, \u201eEnterprise Georgia\u201c. Taip pat su Turkijos virtuv\u0117s gamintoj\u0173 klasteriu, Turkijos tekstil\u0117s asociacija, Turkijos elektronikos gamintoj\u0173 klasteriu.<\/p>\n<p>\u0160iandien mes did\u017eiuojam\u0117s, kad turime profesional\u0173 komand\u0105, kuri stengiasi pad\u0117ti vietin\u0117ms \u012fmon\u0117ms pl\u0117sti savo versl\u0105 u\u017esienio rinkose. Galime pagr\u012fstai save vadinti vienu geriausi\u0173 eksporto pl\u0117tros partneri\u0173.<\/p>\n","protected":false},"excerpt":{"rendered":"<p>Pardavim\u0173 vystymas tarptautin\u0117se rinkose yra m\u016bs\u0173 aistra. M\u016bs\u0173 komanda su turima kompetencija ir partneri\u0173 tinklu prisid\u0117s prie j\u016bs\u0173 s\u0117kmingos pl\u0117tros u\u017esienio rinkose.<\/p>\n","protected":false},"author":3,"featured_media":478,"parent":0,"menu_order":0,"comment_status":"closed","ping_status":"closed","template":"template-about.php","meta":{"inline_featured_image":false,"footnotes":""},"class_list":["post-80","page","type-page","status-publish","has-post-thumbnail","hentry"],"acf":[],"yoast_head":"<!-- This site is optimized with the Yoast SEO plugin v20.2.1 - https:\/\/yoast.com\/wordpress\/plugins\/seo\/ -->\n<title>Klient\u0173 Eksporto Didinimas Nuo 2004 m | Gateway &amp; Partners<\/title>\n<meta name=\"description\" content=\"M\u016bs\u0173 aistra - tarptautini\u0173 pardavim\u0173 pl\u0117tra. Savo kompetencija, komanda ir tinklu suteikiame jums galimyb\u0119 vykdyti tarptautin\u0119 prekyba.\" \/>\n<meta name=\"robots\" content=\"index, follow, max-snippet:-1, max-image-preview:large, max-video-preview:-1\" \/>\n<link rel=\"canonical\" href=\"https:\/\/gatewaypartners.eu\/lt\/apie\/\" \/>\n<meta property=\"og:locale\" content=\"lt_LT\" \/>\n<meta property=\"og:type\" content=\"article\" \/>\n<meta property=\"og:title\" content=\"Klient\u0173 Eksporto Didinimas Nuo 2004 m | Gateway &amp; Partners\" \/>\n<meta property=\"og:description\" content=\"M\u016bs\u0173 aistra - tarptautini\u0173 pardavim\u0173 pl\u0117tra. Savo kompetencija, komanda ir tinklu suteikiame jums galimyb\u0119 vykdyti tarptautin\u0119 prekyba.\" \/>\n<meta property=\"og:url\" content=\"https:\/\/gatewaypartners.eu\/lt\/apie\/\" \/>\n<meta property=\"og:site_name\" content=\"Gateway &amp; Partners\" \/>\n<meta property=\"article:modified_time\" content=\"2026-04-08T14:42:54+00:00\" \/>\n<meta property=\"og:image\" content=\"https:\/\/gatewaypartners.eu\/lt\/wp-content\/uploads\/sites\/4\/2017\/07\/airport-about.jpg\" \/>\n\t<meta property=\"og:image:width\" content=\"2048\" \/>\n\t<meta property=\"og:image:height\" content=\"1396\" \/>\n\t<meta property=\"og:image:type\" content=\"image\/jpeg\" \/>\n<meta name=\"twitter:card\" content=\"summary_large_image\" \/>\n<script type=\"application\/ld+json\" class=\"yoast-schema-graph\">{\"@context\":\"https:\/\/schema.org\",\"@graph\":[{\"@type\":\"WebPage\",\"@id\":\"https:\/\/gatewaypartners.eu\/lt\/apie\/\",\"url\":\"https:\/\/gatewaypartners.eu\/lt\/apie\/\",\"name\":\"Klient\u0173 Eksporto Didinimas Nuo 2004 m | Gateway & Partners\",\"isPartOf\":{\"@id\":\"https:\/\/gatewaypartners.eu\/lt\/#website\"},\"datePublished\":\"2017-07-07T12:09:34+00:00\",\"dateModified\":\"2026-04-08T14:42:54+00:00\",\"description\":\"M\u016bs\u0173 aistra - tarptautini\u0173 pardavim\u0173 pl\u0117tra. Savo kompetencija, komanda ir tinklu suteikiame jums galimyb\u0119 vykdyti tarptautin\u0119 prekyba.\",\"inLanguage\":\"lt-LT\",\"potentialAction\":[{\"@type\":\"ReadAction\",\"target\":[\"https:\/\/gatewaypartners.eu\/lt\/apie\/\"]}]},{\"@type\":\"WebSite\",\"@id\":\"https:\/\/gatewaypartners.eu\/lt\/#website\",\"url\":\"https:\/\/gatewaypartners.eu\/lt\/\",\"name\":\"Gateway &amp; Partners\",\"description\":\"J\u016bs\u0173 patikimiausias Eksporto Pl\u0117tros Partneris.\",\"potentialAction\":[{\"@type\":\"SearchAction\",\"target\":{\"@type\":\"EntryPoint\",\"urlTemplate\":\"https:\/\/gatewaypartners.eu\/lt\/?s={search_term_string}\"},\"query-input\":\"required name=search_term_string\"}],\"inLanguage\":\"lt-LT\"}]}<\/script>\n<!-- \/ Yoast SEO plugin. -->","yoast_head_json":{"title":"Klient\u0173 Eksporto Didinimas Nuo 2004 m | Gateway & Partners","description":"M\u016bs\u0173 aistra - tarptautini\u0173 pardavim\u0173 pl\u0117tra. Savo kompetencija, komanda ir tinklu suteikiame jums galimyb\u0119 vykdyti tarptautin\u0119 prekyba.","robots":{"index":"index","follow":"follow","max-snippet":"max-snippet:-1","max-image-preview":"max-image-preview:large","max-video-preview":"max-video-preview:-1"},"canonical":"https:\/\/gatewaypartners.eu\/lt\/apie\/","og_locale":"lt_LT","og_type":"article","og_title":"Klient\u0173 Eksporto Didinimas Nuo 2004 m | Gateway & Partners","og_description":"M\u016bs\u0173 aistra - tarptautini\u0173 pardavim\u0173 pl\u0117tra. Savo kompetencija, komanda ir tinklu suteikiame jums galimyb\u0119 vykdyti tarptautin\u0119 prekyba.","og_url":"https:\/\/gatewaypartners.eu\/lt\/apie\/","og_site_name":"Gateway &amp; Partners","article_modified_time":"2026-04-08T14:42:54+00:00","og_image":[{"width":2048,"height":1396,"url":"https:\/\/gatewaypartners.eu\/lt\/wp-content\/uploads\/sites\/4\/2017\/07\/airport-about.jpg","type":"image\/jpeg"}],"twitter_card":"summary_large_image","schema":{"@context":"https:\/\/schema.org","@graph":[{"@type":"WebPage","@id":"https:\/\/gatewaypartners.eu\/lt\/apie\/","url":"https:\/\/gatewaypartners.eu\/lt\/apie\/","name":"Klient\u0173 Eksporto Didinimas Nuo 2004 m | Gateway & Partners","isPartOf":{"@id":"https:\/\/gatewaypartners.eu\/lt\/#website"},"datePublished":"2017-07-07T12:09:34+00:00","dateModified":"2026-04-08T14:42:54+00:00","description":"M\u016bs\u0173 aistra - tarptautini\u0173 pardavim\u0173 pl\u0117tra. Savo kompetencija, komanda ir tinklu suteikiame jums galimyb\u0119 vykdyti tarptautin\u0119 prekyba.","inLanguage":"lt-LT","potentialAction":[{"@type":"ReadAction","target":["https:\/\/gatewaypartners.eu\/lt\/apie\/"]}]},{"@type":"WebSite","@id":"https:\/\/gatewaypartners.eu\/lt\/#website","url":"https:\/\/gatewaypartners.eu\/lt\/","name":"Gateway &amp; Partners","description":"J\u016bs\u0173 patikimiausias Eksporto Pl\u0117tros Partneris.","potentialAction":[{"@type":"SearchAction","target":{"@type":"EntryPoint","urlTemplate":"https:\/\/gatewaypartners.eu\/lt\/?s={search_term_string}"},"query-input":"required name=search_term_string"}],"inLanguage":"lt-LT"}]}},"_links":{"self":[{"href":"https:\/\/gatewaypartners.eu\/lt\/wp-json\/wp\/v2\/pages\/80","targetHints":{"allow":["GET"]}}],"collection":[{"href":"https:\/\/gatewaypartners.eu\/lt\/wp-json\/wp\/v2\/pages"}],"about":[{"href":"https:\/\/gatewaypartners.eu\/lt\/wp-json\/wp\/v2\/types\/page"}],"author":[{"embeddable":true,"href":"https:\/\/gatewaypartners.eu\/lt\/wp-json\/wp\/v2\/users\/3"}],"replies":[{"embeddable":true,"href":"https:\/\/gatewaypartners.eu\/lt\/wp-json\/wp\/v2\/comments?post=80"}],"version-history":[{"count":42,"href":"https:\/\/gatewaypartners.eu\/lt\/wp-json\/wp\/v2\/pages\/80\/revisions"}],"predecessor-version":[{"id":1461,"href":"https:\/\/gatewaypartners.eu\/lt\/wp-json\/wp\/v2\/pages\/80\/revisions\/1461"}],"wp:featuredmedia":[{"embeddable":true,"href":"https:\/\/gatewaypartners.eu\/lt\/wp-json\/wp\/v2\/media\/478"}],"wp:attachment":[{"href":"https:\/\/gatewaypartners.eu\/lt\/wp-json\/wp\/v2\/media?parent=80"}],"curies":[{"name":"wp","href":"https:\/\/api.w.org\/{rel}","templated":true}]}}