{"id":83,"date":"2017-07-07T15:18:00","date_gmt":"2017-07-07T12:18:00","guid":{"rendered":"http:\/\/gatewaypartners.eu\/lt\/?page_id=83"},"modified":"2024-11-15T13:27:28","modified_gmt":"2024-11-15T11:27:28","slug":"karjera","status":"publish","type":"page","link":"https:\/\/gatewaypartners.eu\/lt\/karjera\/","title":{"rendered":"Karjera"},"content":{"rendered":"<p>Gateway &amp; Partners komandoje dirba motyvuoti, energingi ir pla\u010diai \u012f pasaul\u012f \u017evelgiantys \u017emon\u0117s, kurie yra pasiruo\u0161\u0119 padaryti visk\u0105, kad m\u016bs\u0173 klientai gal\u0117t\u0173 s\u0117kmingai \u017eengti \u012f naujas rinkas ir jose pl\u0117stis. Prisijungdamas prie m\u016bs\u0173 jaunatvi\u0161kos profesional\u0173 komandos Tu ne tik mokysies ir patirsi, k\u0105 rei\u0161kia dirbti su tarptautine prekyba, ta\u010diau taip pat \u012fsiliesi \u012f dinami\u0161k\u0105 ir draugi\u0161k\u0105 kolektyv\u0105.<\/p>\n<p>Dirbti Gateway &amp; Partners tai rei\u0161kia:<\/p>\n<ul>\n<li>Spart\u0173 profesin\u012f tobul\u0117jim\u0105, susipa\u017e\u012fstant su naujomis industrijomis ir rinkomis<\/li>\n<li>Darb\u0105 komandose, gaunant nuolatin\u012f gr\u012f\u017etam\u0105j\u012f ry\u0161\u012f ir mokymus<\/li>\n<li>Individualias, Tavo poreikius atitinkan\u010dias karjeros galimybes<\/li>\n<li>Sta\u017euotes u\u017esienyje<\/li>\n<li>Tokias vertybes kaip palaikymas, pasitik\u0117jimas, pagarba, atvirumas ir nuotykiai<\/li>\n<li>Puiki\u0105 kiekvienos savait\u0117s prad\u017ei\u0105 \u2013 pirmadieninius pusry\u010dius su draugi\u0161kais kolegomis<\/li>\n<\/ul>\n<p>We are always looking for bright people. Join us for full time, part-time or freelance assignments!<\/p>\n","protected":false},"excerpt":{"rendered":"<p>Jeigu Tave domina tarptautinis verslas ir tu esi pasiruo\u0161\u0119s spar\u010diam profesiniam tobul\u0117jimui ir i\u0161\u0161\u016bkiams, tuomet prisijunk prie m\u016bs\u0173 komandos!<\/p>\n","protected":false},"author":3,"featured_media":85,"parent":0,"menu_order":0,"comment_status":"closed","ping_status":"closed","template":"template-careers.php","meta":{"inline_featured_image":false,"footnotes":""},"class_list":["post-83","page","type-page","status-publish","has-post-thumbnail","hentry"],"acf":[],"yoast_head":"<!-- This site is optimized with the Yoast SEO plugin v20.2.1 - https:\/\/yoast.com\/wordpress\/plugins\/seo\/ -->\n<title>I\u0161pl\u0117skite Savo Karjeros Galimybes | Gateway &amp; Partners<\/title>\n<meta name=\"description\" content=\"Jei jus domina tarptautinis verslas, prisijunkite prie m\u016bs\u0173 komandos ir dirbkite vis\u0105 darbo dien\u0105, ne vis\u0105 darbo dien\u0105 arba laisvai samdom\u0105 darb\u0105!\" \/>\n<meta name=\"robots\" content=\"index, follow, max-snippet:-1, max-image-preview:large, max-video-preview:-1\" \/>\n<link rel=\"canonical\" href=\"https:\/\/gatewaypartners.eu\/lt\/karjera\/\" \/>\n<meta property=\"og:locale\" content=\"lt_LT\" \/>\n<meta property=\"og:type\" content=\"article\" \/>\n<meta property=\"og:title\" content=\"I\u0161pl\u0117skite Savo Karjeros Galimybes | Gateway &amp; Partners\" \/>\n<meta property=\"og:description\" content=\"Jei jus domina tarptautinis verslas, prisijunkite prie m\u016bs\u0173 komandos ir dirbkite vis\u0105 darbo dien\u0105, ne vis\u0105 darbo dien\u0105 arba laisvai samdom\u0105 darb\u0105!\" \/>\n<meta property=\"og:url\" content=\"https:\/\/gatewaypartners.eu\/lt\/karjera\/\" \/>\n<meta property=\"og:site_name\" content=\"Gateway &amp; Partners\" \/>\n<meta property=\"article:modified_time\" content=\"2024-11-15T11:27:28+00:00\" \/>\n<meta property=\"og:image\" content=\"https:\/\/gatewaypartners.eu\/lt\/wp-content\/uploads\/sites\/4\/2017\/07\/airport-1937761_1280-1024x512.jpg\" \/>\n\t<meta property=\"og:image:width\" content=\"1024\" \/>\n\t<meta property=\"og:image:height\" content=\"512\" \/>\n\t<meta property=\"og:image:type\" content=\"image\/jpeg\" \/>\n<meta name=\"twitter:card\" content=\"summary_large_image\" \/>\n<script type=\"application\/ld+json\" class=\"yoast-schema-graph\">{\"@context\":\"https:\/\/schema.org\",\"@graph\":[{\"@type\":\"WebPage\",\"@id\":\"https:\/\/gatewaypartners.eu\/lt\/karjera\/\",\"url\":\"https:\/\/gatewaypartners.eu\/lt\/karjera\/\",\"name\":\"I\u0161pl\u0117skite Savo Karjeros Galimybes | Gateway & Partners\",\"isPartOf\":{\"@id\":\"https:\/\/gatewaypartners.eu\/lt\/#website\"},\"datePublished\":\"2017-07-07T12:18:00+00:00\",\"dateModified\":\"2024-11-15T11:27:28+00:00\",\"description\":\"Jei jus domina tarptautinis verslas, prisijunkite prie m\u016bs\u0173 komandos ir dirbkite vis\u0105 darbo dien\u0105, ne vis\u0105 darbo dien\u0105 arba laisvai samdom\u0105 darb\u0105!\",\"inLanguage\":\"lt-LT\",\"potentialAction\":[{\"@type\":\"ReadAction\",\"target\":[\"https:\/\/gatewaypartners.eu\/lt\/karjera\/\"]}]},{\"@type\":\"WebSite\",\"@id\":\"https:\/\/gatewaypartners.eu\/lt\/#website\",\"url\":\"https:\/\/gatewaypartners.eu\/lt\/\",\"name\":\"Gateway &amp; Partners\",\"description\":\"J\u016bs\u0173 patikimiausias Eksporto Pl\u0117tros Partneris.\",\"potentialAction\":[{\"@type\":\"SearchAction\",\"target\":{\"@type\":\"EntryPoint\",\"urlTemplate\":\"https:\/\/gatewaypartners.eu\/lt\/?s={search_term_string}\"},\"query-input\":\"required name=search_term_string\"}],\"inLanguage\":\"lt-LT\"}]}<\/script>\n<!-- \/ Yoast SEO plugin. -->","yoast_head_json":{"title":"I\u0161pl\u0117skite Savo Karjeros Galimybes | Gateway & Partners","description":"Jei jus domina tarptautinis verslas, prisijunkite prie m\u016bs\u0173 komandos ir dirbkite vis\u0105 darbo dien\u0105, ne vis\u0105 darbo dien\u0105 arba laisvai samdom\u0105 darb\u0105!","robots":{"index":"index","follow":"follow","max-snippet":"max-snippet:-1","max-image-preview":"max-image-preview:large","max-video-preview":"max-video-preview:-1"},"canonical":"https:\/\/gatewaypartners.eu\/lt\/karjera\/","og_locale":"lt_LT","og_type":"article","og_title":"I\u0161pl\u0117skite Savo Karjeros Galimybes | Gateway & Partners","og_description":"Jei jus domina tarptautinis verslas, prisijunkite prie m\u016bs\u0173 komandos ir dirbkite vis\u0105 darbo dien\u0105, ne vis\u0105 darbo dien\u0105 arba laisvai samdom\u0105 darb\u0105!","og_url":"https:\/\/gatewaypartners.eu\/lt\/karjera\/","og_site_name":"Gateway &amp; Partners","article_modified_time":"2024-11-15T11:27:28+00:00","og_image":[{"width":1024,"height":512,"url":"https:\/\/gatewaypartners.eu\/lt\/wp-content\/uploads\/sites\/4\/2017\/07\/airport-1937761_1280-1024x512.jpg","type":"image\/jpeg"}],"twitter_card":"summary_large_image","schema":{"@context":"https:\/\/schema.org","@graph":[{"@type":"WebPage","@id":"https:\/\/gatewaypartners.eu\/lt\/karjera\/","url":"https:\/\/gatewaypartners.eu\/lt\/karjera\/","name":"I\u0161pl\u0117skite Savo Karjeros Galimybes | Gateway & Partners","isPartOf":{"@id":"https:\/\/gatewaypartners.eu\/lt\/#website"},"datePublished":"2017-07-07T12:18:00+00:00","dateModified":"2024-11-15T11:27:28+00:00","description":"Jei jus domina tarptautinis verslas, prisijunkite prie m\u016bs\u0173 komandos ir dirbkite vis\u0105 darbo dien\u0105, ne vis\u0105 darbo dien\u0105 arba laisvai samdom\u0105 darb\u0105!","inLanguage":"lt-LT","potentialAction":[{"@type":"ReadAction","target":["https:\/\/gatewaypartners.eu\/lt\/karjera\/"]}]},{"@type":"WebSite","@id":"https:\/\/gatewaypartners.eu\/lt\/#website","url":"https:\/\/gatewaypartners.eu\/lt\/","name":"Gateway &amp; Partners","description":"J\u016bs\u0173 patikimiausias Eksporto Pl\u0117tros Partneris.","potentialAction":[{"@type":"SearchAction","target":{"@type":"EntryPoint","urlTemplate":"https:\/\/gatewaypartners.eu\/lt\/?s={search_term_string}"},"query-input":"required name=search_term_string"}],"inLanguage":"lt-LT"}]}},"_links":{"self":[{"href":"https:\/\/gatewaypartners.eu\/lt\/wp-json\/wp\/v2\/pages\/83","targetHints":{"allow":["GET"]}}],"collection":[{"href":"https:\/\/gatewaypartners.eu\/lt\/wp-json\/wp\/v2\/pages"}],"about":[{"href":"https:\/\/gatewaypartners.eu\/lt\/wp-json\/wp\/v2\/types\/page"}],"author":[{"embeddable":true,"href":"https:\/\/gatewaypartners.eu\/lt\/wp-json\/wp\/v2\/users\/3"}],"replies":[{"embeddable":true,"href":"https:\/\/gatewaypartners.eu\/lt\/wp-json\/wp\/v2\/comments?post=83"}],"version-history":[{"count":7,"href":"https:\/\/gatewaypartners.eu\/lt\/wp-json\/wp\/v2\/pages\/83\/revisions"}],"predecessor-version":[{"id":1448,"href":"https:\/\/gatewaypartners.eu\/lt\/wp-json\/wp\/v2\/pages\/83\/revisions\/1448"}],"wp:featuredmedia":[{"embeddable":true,"href":"https:\/\/gatewaypartners.eu\/lt\/wp-json\/wp\/v2\/media\/85"}],"wp:attachment":[{"href":"https:\/\/gatewaypartners.eu\/lt\/wp-json\/wp\/v2\/media?parent=83"}],"curies":[{"name":"wp","href":"https:\/\/api.w.org\/{rel}","templated":true}]}}