{"id":89,"date":"2017-07-07T15:23:58","date_gmt":"2017-07-07T12:23:58","guid":{"rendered":"http:\/\/gatewaypartners.eu\/lt\/?page_id=89"},"modified":"2022-03-04T18:06:40","modified_gmt":"2022-03-04T16:06:40","slug":"kontaktai","status":"publish","type":"page","link":"https:\/\/gatewaypartners.eu\/lt\/kontaktai\/","title":{"rendered":"Kontaktai"},"content":{"rendered":"<p>Kontaktai<\/p>\n","protected":false},"excerpt":{"rendered":"<p>Jeigu J\u016bs planuojate pl\u0117stis tarptautin\u0117se rinkoses mes esame pasiruo\u0161\u0119 Jums pad\u0117ti \u2013 susisiekite su mumis. Para\u0161ykite mums, paskambinkite ir pasimatykime!<\/p>\n","protected":false},"author":3,"featured_media":90,"parent":0,"menu_order":0,"comment_status":"closed","ping_status":"closed","template":"template-contacts.php","meta":{"inline_featured_image":false,"footnotes":""},"class_list":["post-89","page","type-page","status-publish","has-post-thumbnail","hentry"],"acf":[],"yoast_head":"<!-- This site is optimized with the Yoast SEO plugin v20.2.1 - https:\/\/yoast.com\/wordpress\/plugins\/seo\/ -->\n<title>Kontaktai | Gateway &amp; Partners<\/title>\n<meta name=\"description\" content=\"Susipa\u017einkite su m\u016bs\u0173 partneri\u0173 komanda visame pasaulyje. Jei siekiate tarptautinio augimo - ra\u0161ykite mums, skambinkite ir susitikite!\" \/>\n<meta name=\"robots\" content=\"index, follow, max-snippet:-1, max-image-preview:large, max-video-preview:-1\" \/>\n<link rel=\"canonical\" href=\"https:\/\/gatewaypartners.eu\/lt\/kontaktai\/\" \/>\n<meta property=\"og:locale\" content=\"lt_LT\" \/>\n<meta property=\"og:type\" content=\"article\" \/>\n<meta property=\"og:title\" content=\"Kontaktai | Gateway &amp; Partners\" \/>\n<meta property=\"og:description\" content=\"Susipa\u017einkite su m\u016bs\u0173 partneri\u0173 komanda visame pasaulyje. Jei siekiate tarptautinio augimo - ra\u0161ykite mums, skambinkite ir susitikite!\" \/>\n<meta property=\"og:url\" content=\"https:\/\/gatewaypartners.eu\/lt\/kontaktai\/\" \/>\n<meta property=\"og:site_name\" content=\"Gateway &amp; Partners\" \/>\n<meta property=\"article:modified_time\" content=\"2022-03-04T16:06:40+00:00\" \/>\n<meta property=\"og:image\" content=\"https:\/\/gatewaypartners.eu\/lt\/wp-content\/uploads\/sites\/4\/2017\/07\/contacts-1024x686-1.jpg\" \/>\n\t<meta property=\"og:image:width\" content=\"1024\" \/>\n\t<meta property=\"og:image:height\" content=\"686\" \/>\n\t<meta property=\"og:image:type\" content=\"image\/jpeg\" \/>\n<meta name=\"twitter:card\" content=\"summary_large_image\" \/>\n<script type=\"application\/ld+json\" class=\"yoast-schema-graph\">{\"@context\":\"https:\/\/schema.org\",\"@graph\":[{\"@type\":\"WebPage\",\"@id\":\"https:\/\/gatewaypartners.eu\/lt\/kontaktai\/\",\"url\":\"https:\/\/gatewaypartners.eu\/lt\/kontaktai\/\",\"name\":\"Kontaktai | Gateway & Partners\",\"isPartOf\":{\"@id\":\"https:\/\/gatewaypartners.eu\/lt\/#website\"},\"datePublished\":\"2017-07-07T12:23:58+00:00\",\"dateModified\":\"2022-03-04T16:06:40+00:00\",\"description\":\"Susipa\u017einkite su m\u016bs\u0173 partneri\u0173 komanda visame pasaulyje. Jei siekiate tarptautinio augimo - ra\u0161ykite mums, skambinkite ir susitikite!\",\"inLanguage\":\"lt-LT\",\"potentialAction\":[{\"@type\":\"ReadAction\",\"target\":[\"https:\/\/gatewaypartners.eu\/lt\/kontaktai\/\"]}]},{\"@type\":\"WebSite\",\"@id\":\"https:\/\/gatewaypartners.eu\/lt\/#website\",\"url\":\"https:\/\/gatewaypartners.eu\/lt\/\",\"name\":\"Gateway &amp; Partners\",\"description\":\"J\u016bs\u0173 patikimiausias Eksporto Pl\u0117tros Partneris.\",\"potentialAction\":[{\"@type\":\"SearchAction\",\"target\":{\"@type\":\"EntryPoint\",\"urlTemplate\":\"https:\/\/gatewaypartners.eu\/lt\/?s={search_term_string}\"},\"query-input\":\"required name=search_term_string\"}],\"inLanguage\":\"lt-LT\"}]}<\/script>\n<!-- \/ Yoast SEO plugin. -->","yoast_head_json":{"title":"Kontaktai | Gateway & Partners","description":"Susipa\u017einkite su m\u016bs\u0173 partneri\u0173 komanda visame pasaulyje. Jei siekiate tarptautinio augimo - ra\u0161ykite mums, skambinkite ir susitikite!","robots":{"index":"index","follow":"follow","max-snippet":"max-snippet:-1","max-image-preview":"max-image-preview:large","max-video-preview":"max-video-preview:-1"},"canonical":"https:\/\/gatewaypartners.eu\/lt\/kontaktai\/","og_locale":"lt_LT","og_type":"article","og_title":"Kontaktai | Gateway & Partners","og_description":"Susipa\u017einkite su m\u016bs\u0173 partneri\u0173 komanda visame pasaulyje. Jei siekiate tarptautinio augimo - ra\u0161ykite mums, skambinkite ir susitikite!","og_url":"https:\/\/gatewaypartners.eu\/lt\/kontaktai\/","og_site_name":"Gateway &amp; Partners","article_modified_time":"2022-03-04T16:06:40+00:00","og_image":[{"width":1024,"height":686,"url":"https:\/\/gatewaypartners.eu\/lt\/wp-content\/uploads\/sites\/4\/2017\/07\/contacts-1024x686-1.jpg","type":"image\/jpeg"}],"twitter_card":"summary_large_image","schema":{"@context":"https:\/\/schema.org","@graph":[{"@type":"WebPage","@id":"https:\/\/gatewaypartners.eu\/lt\/kontaktai\/","url":"https:\/\/gatewaypartners.eu\/lt\/kontaktai\/","name":"Kontaktai | Gateway & Partners","isPartOf":{"@id":"https:\/\/gatewaypartners.eu\/lt\/#website"},"datePublished":"2017-07-07T12:23:58+00:00","dateModified":"2022-03-04T16:06:40+00:00","description":"Susipa\u017einkite su m\u016bs\u0173 partneri\u0173 komanda visame pasaulyje. Jei siekiate tarptautinio augimo - ra\u0161ykite mums, skambinkite ir susitikite!","inLanguage":"lt-LT","potentialAction":[{"@type":"ReadAction","target":["https:\/\/gatewaypartners.eu\/lt\/kontaktai\/"]}]},{"@type":"WebSite","@id":"https:\/\/gatewaypartners.eu\/lt\/#website","url":"https:\/\/gatewaypartners.eu\/lt\/","name":"Gateway &amp; Partners","description":"J\u016bs\u0173 patikimiausias Eksporto Pl\u0117tros Partneris.","potentialAction":[{"@type":"SearchAction","target":{"@type":"EntryPoint","urlTemplate":"https:\/\/gatewaypartners.eu\/lt\/?s={search_term_string}"},"query-input":"required name=search_term_string"}],"inLanguage":"lt-LT"}]}},"_links":{"self":[{"href":"https:\/\/gatewaypartners.eu\/lt\/wp-json\/wp\/v2\/pages\/89","targetHints":{"allow":["GET"]}}],"collection":[{"href":"https:\/\/gatewaypartners.eu\/lt\/wp-json\/wp\/v2\/pages"}],"about":[{"href":"https:\/\/gatewaypartners.eu\/lt\/wp-json\/wp\/v2\/types\/page"}],"author":[{"embeddable":true,"href":"https:\/\/gatewaypartners.eu\/lt\/wp-json\/wp\/v2\/users\/3"}],"replies":[{"embeddable":true,"href":"https:\/\/gatewaypartners.eu\/lt\/wp-json\/wp\/v2\/comments?post=89"}],"version-history":[{"count":1,"href":"https:\/\/gatewaypartners.eu\/lt\/wp-json\/wp\/v2\/pages\/89\/revisions"}],"predecessor-version":[{"id":91,"href":"https:\/\/gatewaypartners.eu\/lt\/wp-json\/wp\/v2\/pages\/89\/revisions\/91"}],"wp:featuredmedia":[{"embeddable":true,"href":"https:\/\/gatewaypartners.eu\/lt\/wp-json\/wp\/v2\/media\/90"}],"wp:attachment":[{"href":"https:\/\/gatewaypartners.eu\/lt\/wp-json\/wp\/v2\/media?parent=89"}],"curies":[{"name":"wp","href":"https:\/\/api.w.org\/{rel}","templated":true}]}}