{"id":1552,"date":"2022-11-22T10:18:29","date_gmt":"2022-11-22T08:18:29","guid":{"rendered":"https:\/\/gatewaypartners.eu\/lv\/?page_id=1552"},"modified":"2023-02-03T09:11:42","modified_gmt":"2023-02-03T07:11:42","slug":"biezak-uzdotie-jautajumi-buj","status":"publish","type":"page","link":"https:\/\/gatewaypartners.eu\/lv\/biezak-uzdotie-jautajumi-buj\/","title":{"rendered":"Bie\u017e\u0101k uzdotie jaut\u0101jumi (BUJ)"},"content":{"rendered":"<ul style=\"list-style-type:none;>\n<li><input checked=\"checked\" type=\"checkbox\" \/><i><\/i><br \/>\n<h2>K\u0101 es varu uzs\u0101kt p\u0101rdo\u0161anu starptautiskajos tirgos?<\/h2>\n<p>Past\u0101v vair\u0101kas strat\u0113\u0123ijas, kuras var tikt pielietotas, lai ieietu \u0101rzemju tirgos &#8211; izmantojot tie\u0161o p\u0101rdo\u0161anu, izmantojot tirdzniec\u012bbas p\u0101rst\u0101vi m\u0113r\u0137a tirg\u016b, veidojot strat\u0113\u0123iskas partnerattiec\u012bbas ar viet\u0113jiem uz\u0146\u0113mumiem. J\u016bsu uz\u0146\u0113m\u0113jdarb\u012bbas modelis noteiks kura ir vispiem\u0113rot\u0101k\u0101 eksporta att\u012bst\u012bbas strat\u0113\u0123ija tie\u0161i J\u016bsu uz\u0146\u0113mumam.\n<\/li>\n<li><input checked=\"checked\" type=\"checkbox\" \/><i><\/i><br \/>\n<h2>K\u0101 atrast import\u0113t\u0101jus, izplat\u012bt\u0101jus, tirdzniec\u012bbas p\u0101rst\u0101vjus, a\u0123entus vai partnerus \u0101rzem\u0113s?<\/h2>\n<p>Tie\u0161saist\u0113 ir pieejamas da\u017e\u0101das datu b\u0101zes, kas pied\u0101v\u0101  sarakstus ar uz\u0146\u0113mumiem vis\u0101 pasaul\u0113. Da\u017eas datu b\u0101zes ir bezmaksas, bet da\u017e\u0101m saturs ir pieejams tikai veicot nor\u0101d\u012bto samaksu par inform\u0101cijas ieg\u016b\u0161anu. T\u0101pat, iesp\u0113jams veikt partneru mekl\u0113\u0161anu internet\u0101, neizmantojot datu b\u0101zes, ta\u010du tas ir laikietilp\u012bgs process. \u013boti bie\u017ei uz\u0146\u0113mumi partnerus atrod piedaloties nozaru izst\u0101d\u0113s, bet izmaksas ir lielas. Gateway&#038;Partners savas darb\u012bbas laik\u0101 ir izveidojis savu priv\u0101to kontaktu datub\u0101zi, kur\u0101 ir vair\u0101k k\u0101 70 t\u016bksto\u0161i uz\u0146\u0113mumu kontaktu, l\u012bdz ar to m\u0113s pied\u0101v\u0101jam risin\u0101jumus, kas \u013cauj ietaup\u012bt laiku un l\u012bdzek\u013cus. Sazinies ar mums, lai uzzin\u0101tu k\u0101 m\u0113s tev varam pal\u012bdz\u0113t.\n<\/li>\n<li><input checked=\"checked\" type=\"checkbox\" \/><br \/>\n<i><\/i><\/p>\n<h2>K\u0101 es varu uzzin\u0101t vair\u0101k par sava produkta vai pakalpojuma p\u0101rdo\u0161anas potenci\u0101lu starptautiskajos tirgos?<br \/>\n<\/h2>\n<p>Lai saprastu sava produkta potenci\u0101lu eksporta tirgos, ir nepiecie\u0161ams veikt tirgus izp\u0113ti. Viens no veidiem k\u0101 ieg\u016bt inform\u0101ciju par konkr\u0113tu tirgu un nozari, ir iev\u0101kt to pa\u0161am. P\u0113t\u012bjums parasti sast\u0101v no prim\u0101r\u0101s un sekund\u0101r\u0101s izp\u0113tes, un datu anal\u012bzes. Sekund\u0101r\u0101 izp\u0113te ietver dokumentu izp\u0113ti, visp\u0101r\u012bgu datu iev\u0101k\u0161anu no pieejamajiem avotiem, bet nav iev\u0101kti tie\u0161i konkr\u0113tajam uzdevumam. Prim\u0101r\u0101 izp\u0113te ir datu iev\u0101k\u0161ana jau konkr\u0113tam m\u0113r\u0137im veicot intervijas, aptaujas, eksperimentus, utt. Lai  atvieglotu \u0161o procesu, da\u017e\u0101di uz\u0146\u0113mumi pied\u0101v\u0101 veikt tirgus izp\u0113tes un anal\u012bzi tie\u0161i J\u016bsu vajadz\u012bb\u0101m. Gateway&#038;Partners ir viens no piepras\u012bt\u0101kajiem uz\u0146\u0113mumiem re\u0123ion\u0101 \u0161\u0101du tirgus p\u0113t\u012bjumu veik\u0161an\u0101.\n<\/li>\n<li>\n<input checked=\"checked\" type=\"checkbox\" \/><br \/>\n<i><\/i><\/p>\n<h2>K\u0101ds ir lab\u0101kais veids, k\u0101 atrast potenci\u0101los tirgus savam produktam?<br \/>\n<\/h2>\n<p>Vislab\u0101kais veids k\u0101 saprast kur\u0161 ir vispiem\u0113rot\u0101kais tirgus tie\u0161i J\u016bsu produktam ir ar tirgus izp\u0113tes pal\u012bdz\u012bbu. T\u0101 \u013caus saprast tirgus tendences, situ\u0101ciju nozar\u0113 da\u017e\u0101d\u0101s valst\u012bs un to, kur J\u016bsu produktam ir potenci\u0101ls noieta tirgus.\n <\/li>\n<li><input checked=\"checked\" type=\"checkbox\" \/><br \/>\n<i><\/i><\/p>\n<h2>Es uzskatu, ka mans produkts vai pakalpojums var\u0113tu b\u016btu veiksm\u012bgs \u0101rzemju tirg\u016b,  bet es  nezinu k\u0101 uzs\u0101kt eksportu. Kur var griezties p\u0113c pal\u012bdz\u012bbas?<br \/>\n<\/h2>\n<p>Lab\u0101kais veids, k\u0101 sa\u0146emt pal\u012bdz\u012bbu, ir v\u0113rsties pie konsult\u0101ciju uz\u0146\u0113mumiem, kas sniedz atbalstu eksporta uzs\u0101k\u0161an\u0101 un jaunu eksporta tirgu izv\u0113l\u0113. \u0160\u0101diem uz\u0146\u0113mumiem ir nepiecie\u0161am\u0101s zin\u0101\u0161anas un pieredze, lai sniegtu Jums lab\u0101kos ieteikumus, k\u0101 ar\u012b pal\u012bdz\u0113tu atrast klientus \u0101rzem\u0113s.\n<\/li>\n<li><input checked=\"checked\" type=\"checkbox\" \/><br \/>\n<i><\/i><\/p>\n<h2>Kas man j\u0101zina pirms eksporta uzs\u0101k\u0161anas?<br \/>\n<\/h2>\n<p>Vispirms ir nepiecie\u0161ams nov\u0113rt\u0113t savu eksportsp\u0113ju un izstr\u0101d\u0101t eksporta strat\u0113\u0123iju. Ja Jums ir pietiekami liela ra\u017eo\u0161anas kapacit\u0101te, lai apkalpotu papildus piepras\u012bjumu, finan\u0161u resursi, kas saist\u012bti ar eksporta izmaks\u0101m, cilv\u0113kresursi, lai fiziski apkalpotu jaunus tirgus, ra\u017eo\u0161anas jauda un konkur\u0113tsp\u0113j\u012bgs produkts, tad esat gatavs eksportam. Eksporta strat\u0113\u0123ija j\u0101izstr\u0101d\u0101 atbilsto\u0161i J\u016bsu uz\u0146\u0113m\u0113jdarb\u012bbas modelim, produktam vai pakalpojumam, k\u0101 ar\u012b j\u0101defin\u0113 eksporta m\u0113r\u0137i. Kad tas ir izdar\u012bts, tad var \u0137erties kl\u0101t pie praktiskas eksporta att\u012bst\u012bbas, balstoties uz pie\u0146emto strat\u0113\u0123iju.\n<\/li>\n<li><input checked=\"checked\" type=\"checkbox\" \/><br \/>\n<i><\/i><\/p>\n<h2>K\u0101ds ir pirmais solis eksport\u0101?<br \/>\n<\/h2>\n<p>Nov\u0113rt\u0113t sava produkta vai pakalpojuma eksporta potenci\u0101lu, identific\u0113t un izp\u0113t\u012bt v\u0113lamos eksporta galam\u0113r\u0137us, apsv\u0113rt lab\u0101ko eksporta strat\u0113\u0123iju ieie\u0161anai \u0101rvalstu tirg\u016b.\n<\/li>\n<li><input checked=\"checked\" type=\"checkbox\" \/><br \/>\n<i><\/i><\/p>\n<h2>K\u0101p\u0113c eksports ir noz\u012bm\u012bgs?<br \/>\n<\/h2>\n<p>Eksports ir lielisks veids, k\u0101 papla\u0161in\u0101t uz\u0146\u0113muma p\u0101rdo\u0161anas apjomus un veicin\u0101t strauj\u0101ku biznesa izaugsmi. Tas ir veids, mazin\u0101t risku str\u0101d\u0101jot tikai vien\u0101 tirg\u016b, ieg\u016bt jaunu klientu loku, att\u012bst\u012bt un papla\u0161in\u0101t ra\u017eo\u0161anu, rad\u012bt jaunas darba vietas, palielin\u0101t  apgroz\u012bjumu un ar\u012b pe\u013c\u0146u.\n<\/li>\n<\/ul>\n<p><!--\n\n<div class=\"row\">\n\n\n<div class=\"col-md-4\"><\/div>\n\n\n\n\n<div class=\"col-md-4\">\n<a href=\"https:\/\/gatewaypartners.eu\/contacts\/\"><button type=\"button\">If you have more questions contact US<\/button> <\/a>\n<\/div>\n\n\n\n\n<div class=\"col-md-4\"><\/div>\n\n\n<\/div>\n\n--><\/p>\n<div class=\"container page-content\">\n<div class=\"row\">\n<div class=\"col-sm-10 col-sm-offset-1 col-md-8 col-md-offset-2\">\n<button class=\"form-modal btn btn-primary btn-lg\" type=\"button\" data-toggle=\"modal\" data-target=\"#contact-form\">Uzdod savu jaut\u0101jumu<\/button>\n<\/div>\n<\/div>\n<\/div>\n<style>\nul li {\n  position: relative;\n  padding: 0;\n  margin: 0;\n  padding-bottom: 4px;\n  padding-top: 18px;\n  border-top: 1px dotted #dce7eb;\n}\nul li i {\n  position: absolute;\n  transform: translate(-6px, 0);\n  margin-top: 40px;\n  right: 0;\n}\nul li h2 {\n  margin-right:15px\n}\nul li i:before, ul li i:after {\n  content: \"\";\n  position: absolute;\n  background-color: #899A1B;;\n  width: 3px;\n  height: 9px;\n}\nul li i:before {\n  transform: translate(-2px, 0) rotate(45deg);\n}\nul li i:after {\n  transform: translate(2px, 0) rotate(-45deg);\n}\nul li input[type=checkbox] {\n  position: absolute;\n  cursor: pointer;\n  width: 100%;\n  height: 100%;\n  z-index: 1;\n  opacity: 0;\n}\nul li input[type=checkbox]:checked ~ p {\n  margin-top: 0;\n  max-height: 0;\n  opacity: 0;\n  transform: translate(0, 50%);\n}\nul li input[type=checkbox]:checked ~ i:before {\n  transform: translate(2px, 0) rotate(45deg);\n}\nul li input[type=checkbox]:checked ~ i:after {\n  transform: translate(-2px, 0) rotate(-45deg);\n}<\/p>\n<p>@keyframes flipdown {\n  0% {\n    opacity: 0;\n    transform-origin: top center;\n    transform: rotateX(-90deg);\n  }\n  5% {\n    opacity: 1;\n  }\n  80% {\n    transform: rotateX(8deg);\n  }\n  83% {\n    transform: rotateX(6deg);\n  }\n  92% {\n    transform: rotateX(-3deg);\n  }\n  100% {\n    transform-origin: top center;\n    transform: rotateX(0deg);\n  }\n}\n<\/style>\n<p><script type=\"application\/ld+json\">\n{\n \"@context\": \"https:\/\/schema.org\",\n \"@type\": \"FAQPage\",\n \"mainEntity\": [{\n   \"@type\": \"Question\",\n   \"name\": \"K\u0101 es varu uzs\u0101kt p\u0101rdo\u0161anu starptautiskajos tirgos?\",\n   \"acceptedAnswer\": {\n     \"@type\": \"Answer\",\n     \"text\": \"Past\u0101v vair\u0101kas strat\u0113\u0123ijas, kuras var tikt pielietotas, lai ieietu \u0101rzemju tirgos \u2013 izmantojot tie\u0161o p\u0101rdo\u0161anu, izmantojot tirdzniec\u012bbas p\u0101rst\u0101vi m\u0113r\u0137a tirg\u016b, veidojot strat\u0113\u0123iskas partnerattiec\u012bbas ar viet\u0113jiem uz\u0146\u0113mumiem. J\u016bsu uz\u0146\u0113m\u0113jdarb\u012bbas modelis noteiks kura ir vispiem\u0113rot\u0101k\u0101 eksporta att\u012bst\u012bbas strat\u0113\u0123ija tie\u0161i J\u016bsu uz\u0146\u0113mumam.\"\n   }\n },{\n   \"@type\": \"Question\",\n   \"name\": \"K\u0101 atrast import\u0113t\u0101jus, izplat\u012bt\u0101jus, tirdzniec\u012bbas p\u0101rst\u0101vjus, a\u0123entus vai partnerus \u0101rzem\u0113s?\",\n   \"acceptedAnswer\": {\n     \"@type\": \"Answer\",\n     \"text\": \"Tie\u0161saist\u0113 ir pieejamas da\u017e\u0101das datu b\u0101zes, kas pied\u0101v\u0101 sarakstus ar uz\u0146\u0113mumiem vis\u0101 pasaul\u0113. Da\u017eas datu b\u0101zes ir bezmaksas, bet da\u017e\u0101m saturs ir pieejams tikai veicot nor\u0101d\u012bto samaksu par inform\u0101cijas ieg\u016b\u0161anu. T\u0101pat, iesp\u0113jams veikt partneru mekl\u0113\u0161anu internet\u0101, neizmantojot datu b\u0101zes, ta\u010du tas ir laikietilp\u012bgs process. \u013boti bie\u017ei uz\u0146\u0113mumi partnerus atrod piedaloties nozaru izst\u0101d\u0113s, bet izmaksas ir lielas. Gateway&Partners savas darb\u012bbas laik\u0101 ir izveidojis savu priv\u0101to kontaktu datub\u0101zi, kur\u0101 ir vair\u0101k k\u0101 70 t\u016bksto\u0161i uz\u0146\u0113mumu kontaktu, l\u012bdz ar to m\u0113s pied\u0101v\u0101jam risin\u0101jumus, kas \u013cauj ietaup\u012bt laiku un l\u012bdzek\u013cus. Sazinies ar mums, lai uzzin\u0101tu k\u0101 m\u0113s tev varam pal\u012bdz\u0113t.\"\n   }\n },{\n   \"@type\": \"Question\",\n   \"name\": \"K\u0101 es varu uzzin\u0101t vair\u0101k par sava produkta vai pakalpojuma p\u0101rdo\u0161anas potenci\u0101lu starptautiskajos tirgos?\",\n   \"acceptedAnswer\": {\n     \"@type\": \"Answer\",\n     \"text\": \"Lai saprastu sava produkta potenci\u0101lu eksporta tirgos, ir nepiecie\u0161ams veikt tirgus izp\u0113ti. Viens no veidiem k\u0101 ieg\u016bt inform\u0101ciju par konkr\u0113tu tirgu un nozari, ir iev\u0101kt to pa\u0161am. P\u0113t\u012bjums parasti sast\u0101v no prim\u0101r\u0101s un sekund\u0101r\u0101s izp\u0113tes, un datu anal\u012bzes. Sekund\u0101r\u0101 izp\u0113te ietver dokumentu izp\u0113ti, visp\u0101r\u012bgu datu iev\u0101k\u0161anu no pieejamajiem avotiem, bet nav iev\u0101kti tie\u0161i konkr\u0113tajam uzdevumam. Prim\u0101r\u0101 izp\u0113te ir datu iev\u0101k\u0161ana jau konkr\u0113tam m\u0113r\u0137im veicot intervijas, aptaujas, eksperimentus, utt. Lai atvieglotu \u0161o procesu, da\u017e\u0101di uz\u0146\u0113mumi pied\u0101v\u0101 veikt tirgus izp\u0113tes un anal\u012bzi tie\u0161i J\u016bsu vajadz\u012bb\u0101m. Gateway&Partners ir viens no piepras\u012bt\u0101kajiem uz\u0146\u0113mumiem re\u0123ion\u0101 \u0161\u0101du tirgus p\u0113t\u012bjumu veik\u0161an\u0101.\"\n   }\n },{\n   \"@type\": \"Question\",\n   \"name\": \"K\u0101ds ir lab\u0101kais veids, k\u0101 atrast potenci\u0101los tirgus savam produktam?\",\n   \"acceptedAnswer\": {\n     \"@type\": \"Answer\",\n     \"text\": \"Vislab\u0101kais veids k\u0101 saprast kur\u0161 ir vispiem\u0113rot\u0101kais tirgus tie\u0161i J\u016bsu produktam ir ar tirgus izp\u0113tes pal\u012bdz\u012bbu. T\u0101 \u013caus saprast tirgus tendences, situ\u0101ciju nozar\u0113 da\u017e\u0101d\u0101s valst\u012bs un to, kur J\u016bsu produktam ir potenci\u0101ls noieta tirgus.\"\n   }\n },{\n   \"@type\": \"Question\",\n   \"name\": \"Es uzskatu, ka mans produkts vai pakalpojums var\u0113tu b\u016btu veiksm\u012bgs \u0101rzemju tirg\u016b, bet es nezinu k\u0101 uzs\u0101kt eksportu. Kur var griezties p\u0113c pal\u012bdz\u012bbas?\",\n   \"acceptedAnswer\": {\n     \"@type\": \"Answer\",\n     \"text\": \"Lab\u0101kais veids, k\u0101 sa\u0146emt pal\u012bdz\u012bbu, ir v\u0113rsties pie konsult\u0101ciju uz\u0146\u0113mumiem, kas sniedz atbalstu eksporta uzs\u0101k\u0161an\u0101 un jaunu eksporta tirgu izv\u0113l\u0113. \u0160\u0101diem uz\u0146\u0113mumiem ir nepiecie\u0161am\u0101s zin\u0101\u0161anas un pieredze, lai sniegtu Jums lab\u0101kos ieteikumus, k\u0101 ar\u012b pal\u012bdz\u0113tu atrast klientus \u0101rzem\u0113s.\"\n   }\n },{\n   \"@type\": \"Question\",\n   \"name\": \"Kas man j\u0101zina pirms eksporta uzs\u0101k\u0161anas?\",\n   \"acceptedAnswer\": {\n     \"@type\": \"Answer\",\n     \"text\": \"Vispirms ir nepiecie\u0161ams nov\u0113rt\u0113t savu eksportsp\u0113ju un izstr\u0101d\u0101t eksporta strat\u0113\u0123iju. Ja Jums ir pietiekami liela ra\u017eo\u0161anas kapacit\u0101te, lai apkalpotu papildus piepras\u012bjumu, finan\u0161u resursi, kas saist\u012bti ar eksporta izmaks\u0101m, cilv\u0113kresursi, lai fiziski apkalpotu jaunus tirgus, ra\u017eo\u0161anas jauda un konkur\u0113tsp\u0113j\u012bgs produkts, tad esat gatavs eksportam. Eksporta strat\u0113\u0123ija j\u0101izstr\u0101d\u0101 atbilsto\u0161i J\u016bsu uz\u0146\u0113m\u0113jdarb\u012bbas modelim, produktam vai pakalpojumam, k\u0101 ar\u012b j\u0101defin\u0113 eksporta m\u0113r\u0137i. Kad tas ir izdar\u012bts, tad var \u0137erties kl\u0101t pie praktiskas eksporta att\u012bst\u012bbas, balstoties uz pie\u0146emto strat\u0113\u0123iju.\"\n   }\n },{\n   \"@type\": \"Question\",\n   \"name\": \"K\u0101ds ir pirmais solis eksport\u0101?\",\n   \"acceptedAnswer\": {\n     \"@type\": \"Answer\",\n     \"text\": \"Eksports ir lielisks veids, k\u0101 papla\u0161in\u0101t uz\u0146\u0113muma p\u0101rdo\u0161anas apjomus un veicin\u0101t strauj\u0101ku biznesa izaugsmi. Tas ir veids, mazin\u0101t risku str\u0101d\u0101jot tikai vien\u0101 tirg\u016b, ieg\u016bt jaunu klientu loku, att\u012bst\u012bt un papla\u0161in\u0101t ra\u017eo\u0161anu, rad\u012bt jaunas darba vietas, palielin\u0101t apgroz\u012bjumu un ar\u012b pe\u013c\u0146u.\"\n   }\n }]\n}\n<\/script><\/p>\n","protected":false},"excerpt":{"rendered":"","protected":false},"author":3,"featured_media":0,"parent":0,"menu_order":0,"comment_status":"closed","ping_status":"closed","template":"","meta":{"inline_featured_image":false,"footnotes":""},"class_list":["post-1552","page","type-page","status-publish","hentry"],"acf":[],"yoast_head":"<!-- This site is optimized with the Yoast SEO plugin v20.2.1 - https:\/\/yoast.com\/wordpress\/plugins\/seo\/ -->\n<title>Bie\u017e\u0101k uzdotie jaut\u0101jumi (BUJ) - Gateway &amp; Partners<\/title>\n<meta name=\"robots\" content=\"index, follow, max-snippet:-1, max-image-preview:large, max-video-preview:-1\" \/>\n<link rel=\"canonical\" href=\"https:\/\/gatewaypartners.eu\/lv\/biezak-uzdotie-jautajumi-buj\/\" \/>\n<meta property=\"og:locale\" content=\"lv_LV\" \/>\n<meta property=\"og:type\" content=\"article\" \/>\n<meta property=\"og:title\" content=\"Bie\u017e\u0101k uzdotie jaut\u0101jumi (BUJ) - Gateway &amp; Partners\" \/>\n<meta property=\"og:url\" content=\"https:\/\/gatewaypartners.eu\/lv\/biezak-uzdotie-jautajumi-buj\/\" \/>\n<meta property=\"og:site_name\" content=\"Gateway &amp; Partners\" \/>\n<meta property=\"article:modified_time\" content=\"2023-02-03T07:11:42+00:00\" \/>\n<meta name=\"twitter:card\" content=\"summary_large_image\" \/>\n<script type=\"application\/ld+json\" class=\"yoast-schema-graph\">{\"@context\":\"https:\/\/schema.org\",\"@graph\":[{\"@type\":\"WebPage\",\"@id\":\"https:\/\/gatewaypartners.eu\/lv\/biezak-uzdotie-jautajumi-buj\/\",\"url\":\"https:\/\/gatewaypartners.eu\/lv\/biezak-uzdotie-jautajumi-buj\/\",\"name\":\"Bie\u017e\u0101k uzdotie jaut\u0101jumi (BUJ) - Gateway &amp; Partners\",\"isPartOf\":{\"@id\":\"https:\/\/gatewaypartners.eu\/lv\/#website\"},\"datePublished\":\"2022-11-22T08:18:29+00:00\",\"dateModified\":\"2023-02-03T07:11:42+00:00\",\"inLanguage\":\"lv-LV\",\"potentialAction\":[{\"@type\":\"ReadAction\",\"target\":[\"https:\/\/gatewaypartners.eu\/lv\/biezak-uzdotie-jautajumi-buj\/\"]}]},{\"@type\":\"WebSite\",\"@id\":\"https:\/\/gatewaypartners.eu\/lv\/#website\",\"url\":\"https:\/\/gatewaypartners.eu\/lv\/\",\"name\":\"Gateway &amp; Partners\",\"description\":\"Your Export Powerhouse\",\"potentialAction\":[{\"@type\":\"SearchAction\",\"target\":{\"@type\":\"EntryPoint\",\"urlTemplate\":\"https:\/\/gatewaypartners.eu\/lv\/?s={search_term_string}\"},\"query-input\":\"required name=search_term_string\"}],\"inLanguage\":\"lv-LV\"}]}<\/script>\n<!-- \/ Yoast SEO plugin. -->","yoast_head_json":{"title":"Bie\u017e\u0101k uzdotie jaut\u0101jumi (BUJ) - Gateway &amp; Partners","robots":{"index":"index","follow":"follow","max-snippet":"max-snippet:-1","max-image-preview":"max-image-preview:large","max-video-preview":"max-video-preview:-1"},"canonical":"https:\/\/gatewaypartners.eu\/lv\/biezak-uzdotie-jautajumi-buj\/","og_locale":"lv_LV","og_type":"article","og_title":"Bie\u017e\u0101k uzdotie jaut\u0101jumi (BUJ) - Gateway &amp; Partners","og_url":"https:\/\/gatewaypartners.eu\/lv\/biezak-uzdotie-jautajumi-buj\/","og_site_name":"Gateway &amp; Partners","article_modified_time":"2023-02-03T07:11:42+00:00","twitter_card":"summary_large_image","schema":{"@context":"https:\/\/schema.org","@graph":[{"@type":"WebPage","@id":"https:\/\/gatewaypartners.eu\/lv\/biezak-uzdotie-jautajumi-buj\/","url":"https:\/\/gatewaypartners.eu\/lv\/biezak-uzdotie-jautajumi-buj\/","name":"Bie\u017e\u0101k uzdotie jaut\u0101jumi (BUJ) - Gateway &amp; Partners","isPartOf":{"@id":"https:\/\/gatewaypartners.eu\/lv\/#website"},"datePublished":"2022-11-22T08:18:29+00:00","dateModified":"2023-02-03T07:11:42+00:00","inLanguage":"lv-LV","potentialAction":[{"@type":"ReadAction","target":["https:\/\/gatewaypartners.eu\/lv\/biezak-uzdotie-jautajumi-buj\/"]}]},{"@type":"WebSite","@id":"https:\/\/gatewaypartners.eu\/lv\/#website","url":"https:\/\/gatewaypartners.eu\/lv\/","name":"Gateway &amp; Partners","description":"Your Export Powerhouse","potentialAction":[{"@type":"SearchAction","target":{"@type":"EntryPoint","urlTemplate":"https:\/\/gatewaypartners.eu\/lv\/?s={search_term_string}"},"query-input":"required name=search_term_string"}],"inLanguage":"lv-LV"}]}},"_links":{"self":[{"href":"https:\/\/gatewaypartners.eu\/lv\/wp-json\/wp\/v2\/pages\/1552","targetHints":{"allow":["GET"]}}],"collection":[{"href":"https:\/\/gatewaypartners.eu\/lv\/wp-json\/wp\/v2\/pages"}],"about":[{"href":"https:\/\/gatewaypartners.eu\/lv\/wp-json\/wp\/v2\/types\/page"}],"author":[{"embeddable":true,"href":"https:\/\/gatewaypartners.eu\/lv\/wp-json\/wp\/v2\/users\/3"}],"replies":[{"embeddable":true,"href":"https:\/\/gatewaypartners.eu\/lv\/wp-json\/wp\/v2\/comments?post=1552"}],"version-history":[{"count":33,"href":"https:\/\/gatewaypartners.eu\/lv\/wp-json\/wp\/v2\/pages\/1552\/revisions"}],"predecessor-version":[{"id":1668,"href":"https:\/\/gatewaypartners.eu\/lv\/wp-json\/wp\/v2\/pages\/1552\/revisions\/1668"}],"wp:attachment":[{"href":"https:\/\/gatewaypartners.eu\/lv\/wp-json\/wp\/v2\/media?parent=1552"}],"curies":[{"name":"wp","href":"https:\/\/api.w.org\/{rel}","templated":true}]}}