{"id":528,"date":"2017-03-24T10:48:07","date_gmt":"2017-03-24T08:48:07","guid":{"rendered":"http:\/\/gatewaypartners.eu\/lv\/?page_id=528"},"modified":"2022-02-21T17:25:24","modified_gmt":"2022-02-21T15:25:24","slug":"tavs-export-powerhouse","status":"publish","type":"page","link":"https:\/\/gatewaypartners.eu\/lv\/","title":{"rendered":"Tava Eksporta Sp\u0113kstacija"},"content":{"rendered":"<p><a class=\"btn btn-primary btn-lg\" href=\"http:\/\/gatewaypartners.eu\/lv\/par-mums\/\">Par mums<\/a><\/p>\n<p><!--more--><\/p>\n<p><span style=\"font-weight: 400;\">Jaunas sadarb\u012bbas veido\u0161ana \u0101rpus viet\u0113j\u0101 tirgus robe\u017e\u0101m un savu pied\u0101v\u0101to pre\u010du vai pakalpojumu eksports uz \u0101rvalst\u012bm ir katra uz\u0146\u0113m\u0113ja n\u0101kotnes m\u0113r\u0137is. K\u0101 liecina statistikas dati, Latvijas \u0101r\u0113j\u0101s tirdzniec\u012bbas apjoms palielin\u0101s ar katru gadu un eksport\u0113jamo pre\u010du grupas papildina arvien jauni saraksti. Ar\u012b j\u016bsu uz\u0146\u0113muma pied\u0101v\u0101t\u0101 produkcija var b\u016bt to vid\u016b un k\u013c\u016bt par eksportsp\u0113j\u012bgu preci. Eksports \u2013 tas ir j\u016bsu biznesa att\u012bst\u012bbas n\u0101kamais posms, kas pal\u012bdz\u0113s k\u013c\u016bt atpaz\u012bstamiem citu valstu tirgos. <\/span><\/p>\n<p><span style=\"font-weight: 400;\">Lai iek\u013c\u016btu starptautiskos tirgos, nepiecie\u0161ams nopietni sagatavoties. Tas ietver virkni svar\u012bgu priek\u0161noteikumu, kuru izpilde prasa \u012bpa\u0161as zin\u0101\u0161anas un pieredzi. Tie\u0161i t\u0101lab daudzi uz\u0146\u0113m\u0113ji izv\u0113las profesion\u0101lu konsultantu pal\u012bdz\u012bbu, kam eksports un eksporta konsult\u0101cijas ir ikdienas darbs. M\u0113s, uz\u0146\u0113mums <\/span><i><span style=\"font-weight: 400;\">Gateway &amp; Partners<\/span><\/i><span style=\"font-weight: 400;\">, pied\u0101v\u0101jam pakalpojumus viet\u0113jiem uz\u0146\u0113mumiem jaunu tirgu izp\u0113t\u0113 un apg\u016b\u0161an\u0101. Neatkar\u012bgi no t\u0101, k\u0101du biznesa ni\u0161u p\u0101rst\u0101vat, atbilsto\u0161i izstr\u0101d\u0101ta eksporta veicin\u0101\u0161anas strat\u0113\u0123ija un pareizi organiz\u0113ts eksports, \u013caus jums k\u013c\u016bt v\u0113l konkur\u0113tsp\u0113j\u012bg\u0101kiem tirg\u016b. Eksporta konsult\u0101cijas ir pirmais solis, dom\u0101jot par uz\u0146\u0113muma \u0101r\u0113j\u0101s tirdzniec\u012bbas att\u012bst\u012bbu.<\/span><\/p>\n<p>Eksporta konsult\u0101cijas pal\u012bdz\u0113s sa\u0146emt atbildes uz \u0161\u0101diem galvenajiem jaut\u0101jumiem:<\/p>\n<ul>\n<li style=\"font-weight: 400;\"><span style=\"font-weight: 400;\">Vai eksports manam uz\u0146\u0113mumam pa\u0161reiz\u0113j\u0101 situ\u0101cij\u0101 b\u016bs piem\u0113rots, vai uz\u0146\u0113mums ir tam gatavs?<\/span><\/li>\n<li style=\"font-weight: 400;\"><span style=\"font-weight: 400;\">Kuri eksporta tirgi uz\u0146\u0113mumam b\u016btu vispiem\u0113rot\u0101kie vispirms?<\/span><\/li>\n<li style=\"font-weight: 400;\"><span style=\"font-weight: 400;\">K\u0101 p\u0113c iesp\u0113jas veiksm\u012bg\u0101k sagatavoties konkr\u0113to tirgu iekaro\u0161anai?<\/span><\/li>\n<li style=\"font-weight: 400;\"><span style=\"font-weight: 400;\">K\u0101 ieg\u016bt pirmos potenci\u0101los biznesa kontaktus un kur tos mekl\u0113t?<\/span><\/li>\n<\/ul>\n<p><span style=\"font-weight: 400;\">Lai ar\u012b kopum\u0101 eksporta veicin\u0101\u0161anas vadl\u012bnijas uz\u0146\u0113m\u0113jdarb\u012bb\u0101 ir l\u012bdz\u012bgas, praks\u0113 to izmantojums katram konkr\u0113tajam uz\u0146\u0113mumam it at\u0161\u0137ir\u012bgs. Eksporta konsult\u0101cijas pal\u012bdz\u0113s jums noteikt priorit\u0101tes, lai uzs\u0101ktu eksporta strat\u0113\u0123isk\u0101 pl\u0101na izstr\u0101di. Atcerieties &#8211; eksports ir laikietilp\u012bgs un darbietilp\u012bgs process \u2013 jums j\u0101b\u016bt paciet\u012bgiem, jo no pirm\u0101 kontakta l\u012bdz pirmajam pas\u016bt\u012bjumam paies ilgs laiks. <\/span><\/p>\n<p>Da\u017e\u0101du pre\u010du un pakalpojumu eksports aptver daudz jaut\u0101jumus, t\u0101p\u0113c eksporta konsult\u0101cijas ir tikai viens no m\u016bsu pla\u0161\u0101 pakalpojumu kl\u0101sta. M\u016bsu pied\u0101v\u0101t\u0101s eksporta konsult\u0101cijas un citus pakalpojumus pied\u0101v\u0101 pieredz\u0113ju\u0161i savas jomas profesion\u0101\u013ci ar iev\u0113rojamu pieredzi starptautisk\u0101 tirgus veicin\u0101\u0161an\u0101.<\/p>\n","protected":false},"excerpt":{"rendered":"<p>Tavs ce\u013c\u0161 uz jauniem eksporta tirgiem<\/p>\n","protected":false},"author":9,"featured_media":422,"parent":0,"menu_order":0,"comment_status":"closed","ping_status":"closed","template":"template-home.php","meta":{"inline_featured_image":false,"footnotes":""},"class_list":["post-528","page","type-page","status-publish","has-post-thumbnail","hentry"],"acf":[],"yoast_head":"<!-- This site is optimized with the Yoast SEO plugin v20.2.1 - https:\/\/yoast.com\/wordpress\/plugins\/seo\/ -->\n<title>Eksporta Sp\u0113kstacija | Gateway &amp; Partners<\/title>\n<meta name=\"description\" content=\"Pied\u0101v\u0101jam veikt pakalpojumus, k\u0101 sadarb\u012bbas partneru piesaiste, tirgus anal\u012bze un invest\u012bciju piesaiste. Pilnu pakalpojuma aprakstu skat\u012bt \u0161eit!\" \/>\n<meta name=\"robots\" content=\"index, follow, max-snippet:-1, max-image-preview:large, max-video-preview:-1\" \/>\n<link rel=\"canonical\" href=\"https:\/\/gatewaypartners.eu\/lv\/\" \/>\n<meta property=\"og:locale\" content=\"lv_LV\" \/>\n<meta property=\"og:type\" content=\"article\" \/>\n<meta property=\"og:title\" content=\"Eksporta Sp\u0113kstacija | Gateway &amp; Partners\" \/>\n<meta property=\"og:description\" content=\"Pied\u0101v\u0101jam veikt pakalpojumus, k\u0101 sadarb\u012bbas partneru piesaiste, tirgus anal\u012bze un invest\u012bciju piesaiste. Pilnu pakalpojuma aprakstu skat\u012bt \u0161eit!\" \/>\n<meta property=\"og:url\" content=\"https:\/\/gatewaypartners.eu\/lv\/\" \/>\n<meta property=\"og:site_name\" content=\"Gateway &amp; Partners\" \/>\n<meta property=\"article:modified_time\" content=\"2022-02-21T15:25:24+00:00\" \/>\n<meta property=\"og:image\" content=\"https:\/\/gatewaypartners.eu\/lv\/wp-content\/uploads\/sites\/2\/2017\/03\/Index.jpg\" \/>\n\t<meta property=\"og:image:width\" content=\"2048\" \/>\n\t<meta property=\"og:image:height\" content=\"942\" \/>\n\t<meta property=\"og:image:type\" content=\"image\/jpeg\" \/>\n<meta name=\"twitter:card\" content=\"summary_large_image\" \/>\n<script type=\"application\/ld+json\" class=\"yoast-schema-graph\">{\"@context\":\"https:\/\/schema.org\",\"@graph\":[{\"@type\":\"WebPage\",\"@id\":\"https:\/\/gatewaypartners.eu\/lv\/\",\"url\":\"https:\/\/gatewaypartners.eu\/lv\/\",\"name\":\"Eksporta Sp\u0113kstacija | Gateway & Partners\",\"isPartOf\":{\"@id\":\"https:\/\/gatewaypartners.eu\/lv\/#website\"},\"datePublished\":\"2017-03-24T08:48:07+00:00\",\"dateModified\":\"2022-02-21T15:25:24+00:00\",\"description\":\"Pied\u0101v\u0101jam veikt pakalpojumus, k\u0101 sadarb\u012bbas partneru piesaiste, tirgus anal\u012bze un invest\u012bciju piesaiste. Pilnu pakalpojuma aprakstu skat\u012bt \u0161eit!\",\"inLanguage\":\"lv-LV\",\"potentialAction\":[{\"@type\":\"ReadAction\",\"target\":[\"https:\/\/gatewaypartners.eu\/lv\/\"]}]},{\"@type\":\"WebSite\",\"@id\":\"https:\/\/gatewaypartners.eu\/lv\/#website\",\"url\":\"https:\/\/gatewaypartners.eu\/lv\/\",\"name\":\"Gateway &amp; Partners\",\"description\":\"Your Export Powerhouse\",\"potentialAction\":[{\"@type\":\"SearchAction\",\"target\":{\"@type\":\"EntryPoint\",\"urlTemplate\":\"https:\/\/gatewaypartners.eu\/lv\/?s={search_term_string}\"},\"query-input\":\"required name=search_term_string\"}],\"inLanguage\":\"lv-LV\"}]}<\/script>\n<!-- \/ Yoast SEO plugin. -->","yoast_head_json":{"title":"Eksporta Sp\u0113kstacija | Gateway & Partners","description":"Pied\u0101v\u0101jam veikt pakalpojumus, k\u0101 sadarb\u012bbas partneru piesaiste, tirgus anal\u012bze un invest\u012bciju piesaiste. Pilnu pakalpojuma aprakstu skat\u012bt \u0161eit!","robots":{"index":"index","follow":"follow","max-snippet":"max-snippet:-1","max-image-preview":"max-image-preview:large","max-video-preview":"max-video-preview:-1"},"canonical":"https:\/\/gatewaypartners.eu\/lv\/","og_locale":"lv_LV","og_type":"article","og_title":"Eksporta Sp\u0113kstacija | Gateway & Partners","og_description":"Pied\u0101v\u0101jam veikt pakalpojumus, k\u0101 sadarb\u012bbas partneru piesaiste, tirgus anal\u012bze un invest\u012bciju piesaiste. Pilnu pakalpojuma aprakstu skat\u012bt \u0161eit!","og_url":"https:\/\/gatewaypartners.eu\/lv\/","og_site_name":"Gateway &amp; Partners","article_modified_time":"2022-02-21T15:25:24+00:00","og_image":[{"width":2048,"height":942,"url":"https:\/\/gatewaypartners.eu\/lv\/wp-content\/uploads\/sites\/2\/2017\/03\/Index.jpg","type":"image\/jpeg"}],"twitter_card":"summary_large_image","schema":{"@context":"https:\/\/schema.org","@graph":[{"@type":"WebPage","@id":"https:\/\/gatewaypartners.eu\/lv\/","url":"https:\/\/gatewaypartners.eu\/lv\/","name":"Eksporta Sp\u0113kstacija | Gateway & Partners","isPartOf":{"@id":"https:\/\/gatewaypartners.eu\/lv\/#website"},"datePublished":"2017-03-24T08:48:07+00:00","dateModified":"2022-02-21T15:25:24+00:00","description":"Pied\u0101v\u0101jam veikt pakalpojumus, k\u0101 sadarb\u012bbas partneru piesaiste, tirgus anal\u012bze un invest\u012bciju piesaiste. Pilnu pakalpojuma aprakstu skat\u012bt \u0161eit!","inLanguage":"lv-LV","potentialAction":[{"@type":"ReadAction","target":["https:\/\/gatewaypartners.eu\/lv\/"]}]},{"@type":"WebSite","@id":"https:\/\/gatewaypartners.eu\/lv\/#website","url":"https:\/\/gatewaypartners.eu\/lv\/","name":"Gateway &amp; Partners","description":"Your Export Powerhouse","potentialAction":[{"@type":"SearchAction","target":{"@type":"EntryPoint","urlTemplate":"https:\/\/gatewaypartners.eu\/lv\/?s={search_term_string}"},"query-input":"required name=search_term_string"}],"inLanguage":"lv-LV"}]}},"_links":{"self":[{"href":"https:\/\/gatewaypartners.eu\/lv\/wp-json\/wp\/v2\/pages\/528","targetHints":{"allow":["GET"]}}],"collection":[{"href":"https:\/\/gatewaypartners.eu\/lv\/wp-json\/wp\/v2\/pages"}],"about":[{"href":"https:\/\/gatewaypartners.eu\/lv\/wp-json\/wp\/v2\/types\/page"}],"author":[{"embeddable":true,"href":"https:\/\/gatewaypartners.eu\/lv\/wp-json\/wp\/v2\/users\/9"}],"replies":[{"embeddable":true,"href":"https:\/\/gatewaypartners.eu\/lv\/wp-json\/wp\/v2\/comments?post=528"}],"version-history":[{"count":8,"href":"https:\/\/gatewaypartners.eu\/lv\/wp-json\/wp\/v2\/pages\/528\/revisions"}],"predecessor-version":[{"id":1102,"href":"https:\/\/gatewaypartners.eu\/lv\/wp-json\/wp\/v2\/pages\/528\/revisions\/1102"}],"wp:featuredmedia":[{"embeddable":true,"href":"https:\/\/gatewaypartners.eu\/lv\/wp-json\/wp\/v2\/media\/422"}],"wp:attachment":[{"href":"https:\/\/gatewaypartners.eu\/lv\/wp-json\/wp\/v2\/media?parent=528"}],"curies":[{"name":"wp","href":"https:\/\/api.w.org\/{rel}","templated":true}]}}