{"id":534,"date":"2017-03-24T15:54:26","date_gmt":"2017-03-24T13:54:26","guid":{"rendered":"http:\/\/gatewaypartners.eu\/lv\/?page_id=534"},"modified":"2022-09-05T17:51:55","modified_gmt":"2022-09-05T14:51:55","slug":"apmacibas-par-eksportu","status":"publish","type":"page","link":"https:\/\/gatewaypartners.eu\/lv\/pakalpojumi\/apmacibas-par-eksportu\/","title":{"rendered":"Apm\u0101c\u012bbas par eksportu"},"content":{"rendered":"<h3>Eksporta meistarklase<\/h3>\n<p>Starptautiskai <a href=\"https:\/\/gatewaypartners.eu\/lv\/pakalpojumi\/market-intelligence\/\">tirgus att\u012bst\u012bbai<\/a> ir b\u016btiski veidot ilgtsp\u0113j\u012bgas klientu attiec\u012bbas. M\u016bsu eksporta meistarklase sniedz visus nepiecie\u0161amos r\u012bkus, lai dibin\u0101tu un izkoptu <a href=\"https:\/\/gatewaypartners.eu\/lv\/pakalpojumi\/export-intelligence\/\">jaunas biznesa attiec\u012bbas<\/a>. Eksporta meistarklases treni\u0146i parasti aiz\u0146em 1-2 dienas un taj\u0101s piedal\u0101s uz\u0146\u0113mumu p\u0101rdo\u0161anas vad\u012bt\u0101ji un direktori. Meistarklasi var noorganiz\u0113t k\u0101 atv\u0113rto kursu vai ar\u012b k\u0101 individu\u0101lu konsult\u0101ciju klientam.<\/p>\n<p>Meistarklases ietvaros tiks apskat\u012bti viens vai vair\u0101ki temati:<\/p>\n<ul>\n<li>Eksporta tehnolo\u0123iju klastera pl\u0101no\u0161ana un strat\u0113\u0123ija<\/li>\n<li><a href=\"https:\/\/gatewaypartners.eu\/lv\/pakalpojumi\/eksporta-zimola-attistisana\/\">Eksporta z\u012bmols<\/a> un m\u0101rketings<\/li>\n<li><a href=\"https:\/\/gatewaypartners.eu\/lv\/pakalpojumi\/export-intelligence\/\">Eksporta p\u0101rdo\u0161ana<\/a> un klientu attiec\u012bbas<\/li>\n<\/ul>\n<h3>Eksporta akad\u0113mija<\/h3>\n<p class=\"p1\">Piecu dienu eksporta akad\u0113mija ietver intens\u012bvu apm\u0101c\u012bbu programmu, lai sagatavotu eksport\u0113t\u0101jus starptautiskai izaugsmei. Akad\u0113mijas ietvaros eksporta p\u0101rdo\u0161anas vad\u012bt\u0101ji\u00a0un uz\u0146\u0113mumu direktori m\u0101c\u0101s no ekspertiem un veiksm\u012bgiem eksport\u0113t\u0101jiem, analiz\u0113 situ\u0101cijas, pilda praktiskus uzdevumus un diskut\u0113 par individu\u0101liem izaicin\u0101jumiem.<\/p>\n<p class=\"p1\">Eksporta akad\u0113mijas ietvaros tiks apskat\u012bti sekojo\u0161ie temati:<\/p>\n<ul>\n<li class=\"p2\">Veiksm\u012bgas eksporta klastera strat\u0113\u0123ijas un pl\u0101na izveide<\/li>\n<li class=\"p2\"><a href=\"https:\/\/gatewaypartners.eu\/lv\/pakalpojumi\/market-intelligence\/\">Tirgus anal\u012bze<\/a> un pied\u0101v\u0101juma anal\u012bze<\/li>\n<li class=\"p2\"><a href=\"https:\/\/gatewaypartners.eu\/lv\/pakalpojumi\/eksporta-zimola-attistisana\/\">Eksporta z\u012bmola att\u012bst\u012b\u0161ana<\/a> un m\u0101rketings<\/li>\n<li class=\"p2\"><a href=\"https:\/\/gatewaypartners.eu\/lv\/pakalpojumi\/export-intelligence\/\">P\u0101rdo\u0161anas partneru piesaiste<\/a> un piedal\u012b\u0161an\u0101s izst\u0101d\u0113s<\/li>\n<li class=\"p2\"><a href=\"https:\/\/gatewaypartners.eu\/lv\/pakalpojumi\/export-intelligence\/\">Klientu attiec\u012bbu att\u012bst\u012b\u0161ana<\/a> un sarunu ve\u0161ana<\/li>\n<li class=\"p2\">Eksporta praktisk\u0101 puse \u2013 lo\u0123istika, tarifi, muita, juridisk\u0101s attiec\u012bbas un <a href=\"https:\/\/gatewaypartners.eu\/lv\/pakalpojumi\/investiciju-piesaiste\/\">eksporta finans\u0113\u0161ana<\/a>.<\/li>\n<\/ul>\n<h3>Eksporta rokasgr\u0101mata<\/h3>\n<p><a href=\"https:\/\/gatewaypartners.eu\/lv\/par-mums\/\">Gateway &amp; Partners<\/a> komanda ir izveidojusi vair\u0101kus izgl\u012btojo\u0161us materi\u0101lus. Eksporta rokasgr\u0101mat\u0101 ir iek\u013cauti svar\u012bg\u0101kie temati par uz\u0146\u0113mumu att\u012bst\u012b\u0161anos starptautisk\u0101 l\u012bmen\u012b. Eksporta rokasgr\u0101mata ir \u00a0noz\u012bm\u012bgs pal\u012bgs k\u0101 soli pa solim att\u012bst\u012bties starptautisk\u0101 tirg\u016b.<\/p>\n<p>Atjaunota eksporta rokasgr\u0101mata tika izdota 2017. gada pavasar\u012b.<\/p>\n","protected":false},"excerpt":{"rendered":"<p>Eksporta meistarklase<br \/>\nEksporta akad\u0113mija<br \/>\nEksporta rokasgr\u0101mata<\/p>\n","protected":false},"author":9,"featured_media":431,"parent":544,"menu_order":5,"comment_status":"closed","ping_status":"closed","template":"template-service.php","meta":{"inline_featured_image":false,"footnotes":""},"class_list":["post-534","page","type-page","status-publish","has-post-thumbnail","hentry"],"acf":[],"yoast_head":"<!-- This site is optimized with the Yoast SEO plugin v20.2.1 - https:\/\/yoast.com\/wordpress\/plugins\/seo\/ -->\n<title>Kas ir Eksports un Starptautiskais Tirgus | Gateway &amp; Partners<\/title>\n<meta name=\"description\" content=\"M\u016bsu eksporta meisterklase, akad\u0113mija un rokasgr\u0101mata sniedz zin\u0101\u0161anas par attiec\u012bb\u0101m ar klientu, veiksm\u012bgu eksporta kl\u0101steru izveidi un starptautisko tirgu.\" \/>\n<meta name=\"robots\" content=\"index, follow, max-snippet:-1, max-image-preview:large, max-video-preview:-1\" \/>\n<link rel=\"canonical\" href=\"https:\/\/gatewaypartners.eu\/lv\/pakalpojumi\/apmacibas-par-eksportu\/\" \/>\n<meta property=\"og:locale\" content=\"lv_LV\" \/>\n<meta property=\"og:type\" content=\"article\" \/>\n<meta property=\"og:title\" content=\"Kas ir Eksports un Starptautiskais Tirgus | Gateway &amp; Partners\" \/>\n<meta property=\"og:description\" content=\"M\u016bsu eksporta meisterklase, akad\u0113mija un rokasgr\u0101mata sniedz zin\u0101\u0161anas par attiec\u012bb\u0101m ar klientu, veiksm\u012bgu eksporta kl\u0101steru izveidi un starptautisko tirgu.\" \/>\n<meta property=\"og:url\" content=\"https:\/\/gatewaypartners.eu\/lv\/pakalpojumi\/apmacibas-par-eksportu\/\" \/>\n<meta property=\"og:site_name\" content=\"Gateway &amp; Partners\" \/>\n<meta property=\"article:modified_time\" content=\"2022-09-05T14:51:55+00:00\" \/>\n<meta property=\"og:image\" content=\"https:\/\/gatewaypartners.eu\/lv\/wp-content\/uploads\/sites\/2\/2017\/03\/Export_education-treadmill-1028296.jpg\" \/>\n\t<meta property=\"og:image:width\" content=\"2048\" \/>\n\t<meta property=\"og:image:height\" content=\"1536\" \/>\n\t<meta property=\"og:image:type\" content=\"image\/jpeg\" \/>\n<meta name=\"twitter:card\" content=\"summary_large_image\" \/>\n<script type=\"application\/ld+json\" class=\"yoast-schema-graph\">{\"@context\":\"https:\/\/schema.org\",\"@graph\":[{\"@type\":\"WebPage\",\"@id\":\"https:\/\/gatewaypartners.eu\/lv\/pakalpojumi\/apmacibas-par-eksportu\/\",\"url\":\"https:\/\/gatewaypartners.eu\/lv\/pakalpojumi\/apmacibas-par-eksportu\/\",\"name\":\"Kas ir Eksports un Starptautiskais Tirgus | Gateway & Partners\",\"isPartOf\":{\"@id\":\"https:\/\/gatewaypartners.eu\/lv\/#website\"},\"datePublished\":\"2017-03-24T13:54:26+00:00\",\"dateModified\":\"2022-09-05T14:51:55+00:00\",\"description\":\"M\u016bsu eksporta meisterklase, akad\u0113mija un rokasgr\u0101mata sniedz zin\u0101\u0161anas par attiec\u012bb\u0101m ar klientu, veiksm\u012bgu eksporta kl\u0101steru izveidi un starptautisko tirgu.\",\"breadcrumb\":{\"@id\":\"https:\/\/gatewaypartners.eu\/lv\/pakalpojumi\/apmacibas-par-eksportu\/#breadcrumb\"},\"inLanguage\":\"lv-LV\",\"potentialAction\":[{\"@type\":\"ReadAction\",\"target\":[\"https:\/\/gatewaypartners.eu\/lv\/pakalpojumi\/apmacibas-par-eksportu\/\"]}]},{\"@type\":\"BreadcrumbList\",\"@id\":\"https:\/\/gatewaypartners.eu\/lv\/pakalpojumi\/apmacibas-par-eksportu\/#breadcrumb\",\"itemListElement\":[{\"@type\":\"ListItem\",\"position\":1,\"name\":\"Pakalpojumi\",\"item\":\"https:\/\/gatewaypartners.eu\/lv\/pakalpojumi\/\"},{\"@type\":\"ListItem\",\"position\":2,\"name\":\"Apm\u0101c\u012bbas par eksportu\"}]},{\"@type\":\"WebSite\",\"@id\":\"https:\/\/gatewaypartners.eu\/lv\/#website\",\"url\":\"https:\/\/gatewaypartners.eu\/lv\/\",\"name\":\"Gateway &amp; Partners\",\"description\":\"Your Export Powerhouse\",\"potentialAction\":[{\"@type\":\"SearchAction\",\"target\":{\"@type\":\"EntryPoint\",\"urlTemplate\":\"https:\/\/gatewaypartners.eu\/lv\/?s={search_term_string}\"},\"query-input\":\"required name=search_term_string\"}],\"inLanguage\":\"lv-LV\"}]}<\/script>\n<!-- \/ Yoast SEO plugin. -->","yoast_head_json":{"title":"Kas ir Eksports un Starptautiskais Tirgus | Gateway & Partners","description":"M\u016bsu eksporta meisterklase, akad\u0113mija un rokasgr\u0101mata sniedz zin\u0101\u0161anas par attiec\u012bb\u0101m ar klientu, veiksm\u012bgu eksporta kl\u0101steru izveidi un starptautisko tirgu.","robots":{"index":"index","follow":"follow","max-snippet":"max-snippet:-1","max-image-preview":"max-image-preview:large","max-video-preview":"max-video-preview:-1"},"canonical":"https:\/\/gatewaypartners.eu\/lv\/pakalpojumi\/apmacibas-par-eksportu\/","og_locale":"lv_LV","og_type":"article","og_title":"Kas ir Eksports un Starptautiskais Tirgus | Gateway & Partners","og_description":"M\u016bsu eksporta meisterklase, akad\u0113mija un rokasgr\u0101mata sniedz zin\u0101\u0161anas par attiec\u012bb\u0101m ar klientu, veiksm\u012bgu eksporta kl\u0101steru izveidi un starptautisko tirgu.","og_url":"https:\/\/gatewaypartners.eu\/lv\/pakalpojumi\/apmacibas-par-eksportu\/","og_site_name":"Gateway &amp; Partners","article_modified_time":"2022-09-05T14:51:55+00:00","og_image":[{"width":2048,"height":1536,"url":"https:\/\/gatewaypartners.eu\/lv\/wp-content\/uploads\/sites\/2\/2017\/03\/Export_education-treadmill-1028296.jpg","type":"image\/jpeg"}],"twitter_card":"summary_large_image","schema":{"@context":"https:\/\/schema.org","@graph":[{"@type":"WebPage","@id":"https:\/\/gatewaypartners.eu\/lv\/pakalpojumi\/apmacibas-par-eksportu\/","url":"https:\/\/gatewaypartners.eu\/lv\/pakalpojumi\/apmacibas-par-eksportu\/","name":"Kas ir Eksports un Starptautiskais Tirgus | Gateway & Partners","isPartOf":{"@id":"https:\/\/gatewaypartners.eu\/lv\/#website"},"datePublished":"2017-03-24T13:54:26+00:00","dateModified":"2022-09-05T14:51:55+00:00","description":"M\u016bsu eksporta meisterklase, akad\u0113mija un rokasgr\u0101mata sniedz zin\u0101\u0161anas par attiec\u012bb\u0101m ar klientu, veiksm\u012bgu eksporta kl\u0101steru izveidi un starptautisko tirgu.","breadcrumb":{"@id":"https:\/\/gatewaypartners.eu\/lv\/pakalpojumi\/apmacibas-par-eksportu\/#breadcrumb"},"inLanguage":"lv-LV","potentialAction":[{"@type":"ReadAction","target":["https:\/\/gatewaypartners.eu\/lv\/pakalpojumi\/apmacibas-par-eksportu\/"]}]},{"@type":"BreadcrumbList","@id":"https:\/\/gatewaypartners.eu\/lv\/pakalpojumi\/apmacibas-par-eksportu\/#breadcrumb","itemListElement":[{"@type":"ListItem","position":1,"name":"Pakalpojumi","item":"https:\/\/gatewaypartners.eu\/lv\/pakalpojumi\/"},{"@type":"ListItem","position":2,"name":"Apm\u0101c\u012bbas par eksportu"}]},{"@type":"WebSite","@id":"https:\/\/gatewaypartners.eu\/lv\/#website","url":"https:\/\/gatewaypartners.eu\/lv\/","name":"Gateway &amp; Partners","description":"Your Export Powerhouse","potentialAction":[{"@type":"SearchAction","target":{"@type":"EntryPoint","urlTemplate":"https:\/\/gatewaypartners.eu\/lv\/?s={search_term_string}"},"query-input":"required name=search_term_string"}],"inLanguage":"lv-LV"}]}},"_links":{"self":[{"href":"https:\/\/gatewaypartners.eu\/lv\/wp-json\/wp\/v2\/pages\/534","targetHints":{"allow":["GET"]}}],"collection":[{"href":"https:\/\/gatewaypartners.eu\/lv\/wp-json\/wp\/v2\/pages"}],"about":[{"href":"https:\/\/gatewaypartners.eu\/lv\/wp-json\/wp\/v2\/types\/page"}],"author":[{"embeddable":true,"href":"https:\/\/gatewaypartners.eu\/lv\/wp-json\/wp\/v2\/users\/9"}],"replies":[{"embeddable":true,"href":"https:\/\/gatewaypartners.eu\/lv\/wp-json\/wp\/v2\/comments?post=534"}],"version-history":[{"count":9,"href":"https:\/\/gatewaypartners.eu\/lv\/wp-json\/wp\/v2\/pages\/534\/revisions"}],"predecessor-version":[{"id":1466,"href":"https:\/\/gatewaypartners.eu\/lv\/wp-json\/wp\/v2\/pages\/534\/revisions\/1466"}],"up":[{"embeddable":true,"href":"https:\/\/gatewaypartners.eu\/lv\/wp-json\/wp\/v2\/pages\/544"}],"wp:featuredmedia":[{"embeddable":true,"href":"https:\/\/gatewaypartners.eu\/lv\/wp-json\/wp\/v2\/media\/431"}],"wp:attachment":[{"href":"https:\/\/gatewaypartners.eu\/lv\/wp-json\/wp\/v2\/media?parent=534"}],"curies":[{"name":"wp","href":"https:\/\/api.w.org\/{rel}","templated":true}]}}