{"id":536,"date":"2017-03-24T16:18:33","date_gmt":"2017-03-24T14:18:33","guid":{"rendered":"http:\/\/gatewaypartners.eu\/lv\/?page_id=536"},"modified":"2022-09-05T17:49:40","modified_gmt":"2022-09-05T14:49:40","slug":"eksporta-zimola-attistisana","status":"publish","type":"page","link":"https:\/\/gatewaypartners.eu\/lv\/pakalpojumi\/eksporta-zimola-attistisana\/","title":{"rendered":"Eksporta z\u012bmola att\u012bst\u012b\u0161ana"},"content":{"rendered":"<h3>Z\u012bmola att\u012bst\u012b\u0161ana<\/h3>\n<p class=\"p1\">Pirmais iespaids ir svar\u012bgs ne tikai cilv\u0113ku attiec\u012bb\u0101s, bet ar\u012b starptautisk\u0101 biznes\u0101. Kad uz\u0146\u0113mums s\u0101k augt un att\u012bst\u012bties starptautisk\u0101 tirg\u016b, tam nereti ir nepiecie\u0161ams atjaunot vai pat izveidot jaunu korporat\u012bvo z\u012bmolu. M\u016bsu ekspertu komanda kop\u0101 ar starptautiskiem dizaineriem sagatavos J\u016bsu z\u012bmolu starptautiskiem tirgiem.<\/p>\n<p>M\u0113s:<\/p>\n<ul>\n<li>\n<p class=\"p2\">Veiksim z\u012bmola auditu un identific\u0113sim J\u016bsu z\u012bmola svar\u012bg\u0101kos aspektus<\/p>\n<\/li>\n<li>\n<p class=\"p2\">Vizualiz\u0113sim J\u016bsu z\u012bmola identit\u0101ti un p\u0101rv\u0113rt\u012bsim to grafiskos att\u0113los \u2013 logotips, kr\u0101sas, fonti<\/p>\n<\/li>\n<li>\n<p class=\"p2\">Sagatavosim svar\u012bg\u0101kos satura m\u0101rketinga materi\u0101lus<\/p>\n<\/li>\n<li>\n<p class=\"p2\">Sniegsim padomus J\u016bsu komandai jaun\u0101s korporat\u012bv\u0101s identit\u0101tes izmanto\u0161an\u0101<\/p>\n<\/li>\n<\/ul>\n<h3>M\u0101rketinga materi\u0101lu dizains<\/h3>\n<p class=\"p1\">Nav b\u016btiski, vai t\u0101 ir p\u0101rdo\u0161anas prezent\u0101cija, m\u0101jas lapa, katalogs, bro\u0161\u016bra vai produktu portfolio \u2013 m\u0113s sagatavojam visus nepiecie\u0161amos m\u0101rketinga materi\u0101lus, lai m\u016bsu klients b\u016btu gatavs z\u012bmola att\u012bst\u012bbai starptautisk\u0101 biznesa vid\u0113. M\u016bsu komanda ne tikai sagatavos Jums m\u0101rketinga materi\u0101lus, bet b\u016bs ar\u012b grafisk\u0101 dizaina atbalsta komanda ilgsto\u0161as sadarb\u012bbas gad\u012bjum\u0101.<\/p>\n<p class=\"p1\">M\u0113s:<\/p>\n<ul>\n<li class=\"p1\">Izveidosim dizainu J\u016bsu eksporta m\u0101jas lapai \u2013 moderns dizains un atbilsto\u0161a inform\u0101cija<\/li>\n<li class=\"p1\">Sagatavosim J\u016bsu m\u0101rketinga materi\u0101lus \u2013 profilu, p\u0101rdo\u0161anas prezent\u0101ciju, produktu katalogu un tml.<\/li>\n<li class=\"p1\">Uztur\u0113sim un atjaunosim J\u016bsu m\u0101rketinga materi\u0101lus<\/li>\n<\/ul>\n<h3>Asist\u0113\u0161ana izst\u0101d\u0113s<\/h3>\n<p class=\"p1\">Izst\u0101des v\u0113l aizvien ir vieni no pla\u0161\u0101kajiem pas\u0101kumiem, kur satikt starptautiskus biznesa partnerus. M\u016bsu <a href=\"https:\/\/gatewaypartners.eu\/lv\/pakalpojumi\/market-intelligence\/\">tirgus<\/a> padomdev\u0113ju komanda asist\u0113s Jums izst\u0101des sagatavo\u0161an\u0101s proces\u0101 \u2013 s\u0101kot ar dizaina izveidi J\u016bsu z\u012bmola stendam un uzskates materi\u0101liem, l\u012bdz pat sagatavo\u0161an\u0101s darbiem pirms izst\u0101des un asist\u0113\u0161anai izst\u0101des laik\u0101.<\/p>\n<p class=\"p1\">M\u0113s:<\/p>\n<ul>\n<li class=\"p1\">Izveidosim dizainu J\u016bsu stendam un uzskates materi\u0101liem \u2013 prezent\u0101cij\u0101m, bro\u0161\u016br\u0101m, paraugiem un izdales materi\u0101liem.<\/li>\n<li class=\"p1\">Uzaicin\u0101sim J\u016bsu eso\u0161os un jaunos klientus uz izst\u0101di un noorganiz\u0113sim <a href=\"https:\/\/gatewaypartners.eu\/lv\/pakalpojumi\/export-intelligence\/\">B2B tik\u0161an\u0101s<\/a>.<\/li>\n<li class=\"p1\">Asist\u0113sim Jums izst\u0101des ietvaros \u2013 b\u016bsim papildus p\u0101rdo\u0161anas sp\u0113ki J\u016bsu stend\u0101<\/li>\n<li class=\"p1\">Sniegsim atbalstu p\u0113c izst\u0101des \u2013 komunic\u0113sim un sazin\u0101simies ar <a href=\"https:\/\/gatewaypartners.eu\/lv\/pakalpojumi\/market-intelligence\/\">potenci\u0101lajiem klientiem<\/a><\/li>\n<\/ul>\n","protected":false},"excerpt":{"rendered":"<p>Z\u012bmola att\u012bst\u012bba<br \/>\nM\u0101rketinga materi\u0101lu dizains<br \/>\nAsist\u0113\u0161ana izst\u0101d\u0113s <\/p>\n","protected":false},"author":9,"featured_media":448,"parent":544,"menu_order":4,"comment_status":"closed","ping_status":"closed","template":"template-service.php","meta":{"inline_featured_image":false,"footnotes":""},"class_list":["post-536","page","type-page","status-publish","has-post-thumbnail","hentry"],"acf":[],"yoast_head":"<!-- This site is optimized with the Yoast SEO plugin v20.2.1 - https:\/\/yoast.com\/wordpress\/plugins\/seo\/ -->\n<title>Eksporta Z\u012bmola Att\u012bst\u012b\u0161ana | Gateway &amp; Partners<\/title>\n<meta name=\"description\" content=\"M\u0113s sagatavosim J\u016bsu z\u012bmolu starptautiskiem tirgiem, veicot z\u012bmola att\u012bst\u012bbu, m\u0101rketinga materi\u0101lu dizainu un asist\u0113\u0161anas izstr\u0101des. Izskatiet pied\u0101v\u0101jumu \u0161eit!\" \/>\n<meta name=\"robots\" content=\"index, follow, max-snippet:-1, max-image-preview:large, max-video-preview:-1\" \/>\n<link rel=\"canonical\" href=\"https:\/\/gatewaypartners.eu\/lv\/pakalpojumi\/eksporta-zimola-attistisana\/\" \/>\n<meta property=\"og:locale\" content=\"lv_LV\" \/>\n<meta property=\"og:type\" content=\"article\" \/>\n<meta property=\"og:title\" content=\"Eksporta Z\u012bmola Att\u012bst\u012b\u0161ana | Gateway &amp; Partners\" \/>\n<meta property=\"og:description\" content=\"M\u0113s sagatavosim J\u016bsu z\u012bmolu starptautiskiem tirgiem, veicot z\u012bmola att\u012bst\u012bbu, m\u0101rketinga materi\u0101lu dizainu un asist\u0113\u0161anas izstr\u0101des. Izskatiet pied\u0101v\u0101jumu \u0161eit!\" \/>\n<meta property=\"og:url\" content=\"https:\/\/gatewaypartners.eu\/lv\/pakalpojumi\/eksporta-zimola-attistisana\/\" \/>\n<meta property=\"og:site_name\" content=\"Gateway &amp; Partners\" \/>\n<meta property=\"article:modified_time\" content=\"2022-09-05T14:49:40+00:00\" \/>\n<meta property=\"og:image\" content=\"https:\/\/gatewaypartners.eu\/lv\/wp-content\/uploads\/sites\/2\/2017\/03\/Market_service-paris-1265956.jpg\" \/>\n\t<meta property=\"og:image:width\" content=\"2048\" \/>\n\t<meta property=\"og:image:height\" content=\"1365\" \/>\n\t<meta property=\"og:image:type\" content=\"image\/jpeg\" \/>\n<meta name=\"twitter:card\" content=\"summary_large_image\" \/>\n<script type=\"application\/ld+json\" class=\"yoast-schema-graph\">{\"@context\":\"https:\/\/schema.org\",\"@graph\":[{\"@type\":\"WebPage\",\"@id\":\"https:\/\/gatewaypartners.eu\/lv\/pakalpojumi\/eksporta-zimola-attistisana\/\",\"url\":\"https:\/\/gatewaypartners.eu\/lv\/pakalpojumi\/eksporta-zimola-attistisana\/\",\"name\":\"Eksporta Z\u012bmola Att\u012bst\u012b\u0161ana | Gateway & Partners\",\"isPartOf\":{\"@id\":\"https:\/\/gatewaypartners.eu\/lv\/#website\"},\"datePublished\":\"2017-03-24T14:18:33+00:00\",\"dateModified\":\"2022-09-05T14:49:40+00:00\",\"description\":\"M\u0113s sagatavosim J\u016bsu z\u012bmolu starptautiskiem tirgiem, veicot z\u012bmola att\u012bst\u012bbu, m\u0101rketinga materi\u0101lu dizainu un asist\u0113\u0161anas izstr\u0101des. Izskatiet pied\u0101v\u0101jumu \u0161eit!\",\"breadcrumb\":{\"@id\":\"https:\/\/gatewaypartners.eu\/lv\/pakalpojumi\/eksporta-zimola-attistisana\/#breadcrumb\"},\"inLanguage\":\"lv-LV\",\"potentialAction\":[{\"@type\":\"ReadAction\",\"target\":[\"https:\/\/gatewaypartners.eu\/lv\/pakalpojumi\/eksporta-zimola-attistisana\/\"]}]},{\"@type\":\"BreadcrumbList\",\"@id\":\"https:\/\/gatewaypartners.eu\/lv\/pakalpojumi\/eksporta-zimola-attistisana\/#breadcrumb\",\"itemListElement\":[{\"@type\":\"ListItem\",\"position\":1,\"name\":\"Pakalpojumi\",\"item\":\"https:\/\/gatewaypartners.eu\/lv\/pakalpojumi\/\"},{\"@type\":\"ListItem\",\"position\":2,\"name\":\"Eksporta z\u012bmola att\u012bst\u012b\u0161ana\"}]},{\"@type\":\"WebSite\",\"@id\":\"https:\/\/gatewaypartners.eu\/lv\/#website\",\"url\":\"https:\/\/gatewaypartners.eu\/lv\/\",\"name\":\"Gateway &amp; Partners\",\"description\":\"Your Export Powerhouse\",\"potentialAction\":[{\"@type\":\"SearchAction\",\"target\":{\"@type\":\"EntryPoint\",\"urlTemplate\":\"https:\/\/gatewaypartners.eu\/lv\/?s={search_term_string}\"},\"query-input\":\"required name=search_term_string\"}],\"inLanguage\":\"lv-LV\"}]}<\/script>\n<!-- \/ Yoast SEO plugin. -->","yoast_head_json":{"title":"Eksporta Z\u012bmola Att\u012bst\u012b\u0161ana | Gateway & Partners","description":"M\u0113s sagatavosim J\u016bsu z\u012bmolu starptautiskiem tirgiem, veicot z\u012bmola att\u012bst\u012bbu, m\u0101rketinga materi\u0101lu dizainu un asist\u0113\u0161anas izstr\u0101des. Izskatiet pied\u0101v\u0101jumu \u0161eit!","robots":{"index":"index","follow":"follow","max-snippet":"max-snippet:-1","max-image-preview":"max-image-preview:large","max-video-preview":"max-video-preview:-1"},"canonical":"https:\/\/gatewaypartners.eu\/lv\/pakalpojumi\/eksporta-zimola-attistisana\/","og_locale":"lv_LV","og_type":"article","og_title":"Eksporta Z\u012bmola Att\u012bst\u012b\u0161ana | Gateway & Partners","og_description":"M\u0113s sagatavosim J\u016bsu z\u012bmolu starptautiskiem tirgiem, veicot z\u012bmola att\u012bst\u012bbu, m\u0101rketinga materi\u0101lu dizainu un asist\u0113\u0161anas izstr\u0101des. Izskatiet pied\u0101v\u0101jumu \u0161eit!","og_url":"https:\/\/gatewaypartners.eu\/lv\/pakalpojumi\/eksporta-zimola-attistisana\/","og_site_name":"Gateway &amp; Partners","article_modified_time":"2022-09-05T14:49:40+00:00","og_image":[{"width":2048,"height":1365,"url":"https:\/\/gatewaypartners.eu\/lv\/wp-content\/uploads\/sites\/2\/2017\/03\/Market_service-paris-1265956.jpg","type":"image\/jpeg"}],"twitter_card":"summary_large_image","schema":{"@context":"https:\/\/schema.org","@graph":[{"@type":"WebPage","@id":"https:\/\/gatewaypartners.eu\/lv\/pakalpojumi\/eksporta-zimola-attistisana\/","url":"https:\/\/gatewaypartners.eu\/lv\/pakalpojumi\/eksporta-zimola-attistisana\/","name":"Eksporta Z\u012bmola Att\u012bst\u012b\u0161ana | Gateway & Partners","isPartOf":{"@id":"https:\/\/gatewaypartners.eu\/lv\/#website"},"datePublished":"2017-03-24T14:18:33+00:00","dateModified":"2022-09-05T14:49:40+00:00","description":"M\u0113s sagatavosim J\u016bsu z\u012bmolu starptautiskiem tirgiem, veicot z\u012bmola att\u012bst\u012bbu, m\u0101rketinga materi\u0101lu dizainu un asist\u0113\u0161anas izstr\u0101des. Izskatiet pied\u0101v\u0101jumu \u0161eit!","breadcrumb":{"@id":"https:\/\/gatewaypartners.eu\/lv\/pakalpojumi\/eksporta-zimola-attistisana\/#breadcrumb"},"inLanguage":"lv-LV","potentialAction":[{"@type":"ReadAction","target":["https:\/\/gatewaypartners.eu\/lv\/pakalpojumi\/eksporta-zimola-attistisana\/"]}]},{"@type":"BreadcrumbList","@id":"https:\/\/gatewaypartners.eu\/lv\/pakalpojumi\/eksporta-zimola-attistisana\/#breadcrumb","itemListElement":[{"@type":"ListItem","position":1,"name":"Pakalpojumi","item":"https:\/\/gatewaypartners.eu\/lv\/pakalpojumi\/"},{"@type":"ListItem","position":2,"name":"Eksporta z\u012bmola att\u012bst\u012b\u0161ana"}]},{"@type":"WebSite","@id":"https:\/\/gatewaypartners.eu\/lv\/#website","url":"https:\/\/gatewaypartners.eu\/lv\/","name":"Gateway &amp; Partners","description":"Your Export Powerhouse","potentialAction":[{"@type":"SearchAction","target":{"@type":"EntryPoint","urlTemplate":"https:\/\/gatewaypartners.eu\/lv\/?s={search_term_string}"},"query-input":"required name=search_term_string"}],"inLanguage":"lv-LV"}]}},"_links":{"self":[{"href":"https:\/\/gatewaypartners.eu\/lv\/wp-json\/wp\/v2\/pages\/536","targetHints":{"allow":["GET"]}}],"collection":[{"href":"https:\/\/gatewaypartners.eu\/lv\/wp-json\/wp\/v2\/pages"}],"about":[{"href":"https:\/\/gatewaypartners.eu\/lv\/wp-json\/wp\/v2\/types\/page"}],"author":[{"embeddable":true,"href":"https:\/\/gatewaypartners.eu\/lv\/wp-json\/wp\/v2\/users\/9"}],"replies":[{"embeddable":true,"href":"https:\/\/gatewaypartners.eu\/lv\/wp-json\/wp\/v2\/comments?post=536"}],"version-history":[{"count":6,"href":"https:\/\/gatewaypartners.eu\/lv\/wp-json\/wp\/v2\/pages\/536\/revisions"}],"predecessor-version":[{"id":1464,"href":"https:\/\/gatewaypartners.eu\/lv\/wp-json\/wp\/v2\/pages\/536\/revisions\/1464"}],"up":[{"embeddable":true,"href":"https:\/\/gatewaypartners.eu\/lv\/wp-json\/wp\/v2\/pages\/544"}],"wp:featuredmedia":[{"embeddable":true,"href":"https:\/\/gatewaypartners.eu\/lv\/wp-json\/wp\/v2\/media\/448"}],"wp:attachment":[{"href":"https:\/\/gatewaypartners.eu\/lv\/wp-json\/wp\/v2\/media?parent=536"}],"curies":[{"name":"wp","href":"https:\/\/api.w.org\/{rel}","templated":true}]}}