{"id":538,"date":"2017-03-24T16:35:44","date_gmt":"2017-03-24T14:35:44","guid":{"rendered":"http:\/\/gatewaypartners.eu\/lv\/?page_id=538"},"modified":"2022-09-05T17:48:53","modified_gmt":"2022-09-05T14:48:53","slug":"investiciju-piesaiste","status":"publish","type":"page","link":"https:\/\/gatewaypartners.eu\/lv\/pakalpojumi\/investiciju-piesaiste\/","title":{"rendered":"Invest\u012bciju piesaiste"},"content":{"rendered":"<h3>Iesp\u0113jam\u012bbu izp\u0113te<\/h3>\n<p class=\"p1\"><span class=\"s1\">Lai piesaist\u012btu investorus,<\/span> ir nepiecie\u0161ams veikt latvijas invest\u012bciju un \u0101rzemju invest\u012bciju jomas anal\u012bzi ar m\u0113r\u0137i noskaidrot <a href=\"https:\/\/gatewaypartners.eu\/lv\/pakalpojumi\/market-intelligence\/\">uz\u0146\u0113muma priek\u0161roc\u012bbas tirg\u016b<\/a>, invest\u012bciju ekonomiskos ieguvums, k\u0101 ar\u012b preciz\u0113t re\u0123ionus un industrijas, kuru p\u0101rst\u0101vji var\u0113tu k\u013c\u016bt par potenci\u0101lajiem investoriem. P\u0113c izp\u0113tes veik\u0161anas nodro\u0161in\u0101m invest\u012bciju pied\u0101v\u0101juma sagatavo\u0161anu, lai ieliktu pamatus veiksm\u012bgam invest\u012bciju piesaistes procesam.<\/p>\n<p>M\u0113s:<\/p>\n<ul>\n<li>\n<p class=\"p1\">Iev\u0101ksim svar\u012bg\u0101ko inform\u0101ciju par invest\u012bcij\u0101m ar m\u0113r\u0137i noskaidrot uz\u0146\u0113muma konkur\u0113jo\u0161\u0101s priek\u0161roc\u012bbas<\/p>\n<\/li>\n<li>\n<p class=\"p1\">Veiksim invest\u012bciju ie\u0146\u0113mumu-izdevumu anal\u012bzi un to n\u0101kotnes prognozes<\/p>\n<\/li>\n<li>\n<p class=\"p1\">Analiz\u0113sim un ieteiksim investoru profilu \u2013 industriju, re\u0123ionu, izm\u0113ru, biznesa segmentu<\/p>\n<\/li>\n<li>\n<p class=\"p1\">Sagatavosim datus invest\u012bciju pied\u0101v\u0101juma att\u012bst\u012b\u0161anai<\/p>\n<\/li>\n<\/ul>\n<h3>Invest\u012bciju pied\u0101v\u0101juma sagatavo\u0161ana<\/h3>\n<p class=\"p1\">Lai <a href=\"https:\/\/gatewaypartners.eu\/lv\/pakalpojumi\/export-intelligence\/\">piesaist\u012btu potenci\u0101los investorus<\/a>, ir svar\u012bgi sagatavot augstas kvalit\u0101tes pied\u0101v\u0101jumu, kuram uzreiz tiks izr\u0101d\u012bta interese, k\u0101 ar\u012b preciz\u0113t <a href=\"https:\/\/gatewaypartners.eu\/lv\/pakalpojumi\/market-intelligence\/\"><span class=\"s1\">invest\u012bciju <\/span>biznesa <span class=\"s1\">potenci\u0101lu<\/span><\/a>.<\/p>\n<p class=\"p1\">M\u0113s:<\/p>\n<ul>\n<li class=\"p2\">Iev\u0101ksim visu nepiecie\u0161amo inform\u0101ciju<\/li>\n<li class=\"p2\">Apr\u0113\u0137in\u0101sim visas finanses<\/li>\n<li class=\"p2\">Sagatavosim invest\u012bciju pied\u0101v\u0101jumu<\/li>\n<\/ul>\n<h3>Invest\u012bciju piesaiste<\/h3>\n<p class=\"p1\">Invest\u012bciju piesaiste ir \u013coti svar\u012bga valsts iest\u0101d\u0113m, pa\u0161vald\u012bb\u0101m un priv\u0101taj\u0101m organiz\u0101cij\u0101m. Sniedzot pakalpojumu, kas saist\u012bts ar invest\u012bciju piesaisti, m\u0113s veiksim invest\u012bciju pied\u0101v\u0101jumu anal\u012bzi, identific\u0113sim investoru profilus un valstis, iepaz\u012bstin\u0101sim potenci\u0101los investorus ar J\u016bsu pied\u0101v\u0101jumu un uzs\u0101ksim sarunas.<\/p>\n<p class=\"p1\">M\u0113s:<\/p>\n<ul>\n<li class=\"p2\">Veiksim invest\u012bciju pied\u0101v\u0101juma anal\u012bzi, iesp\u0113jam\u012bbu anal\u012bzi un sagatavosim invest\u012bciju pied\u0101v\u0101jumu<\/li>\n<li class=\"p2\">Identific\u0113sim potenci\u0101los priv\u0101tos investorus \u2013 industrijas, izm\u0113ru, profilu, valsti<\/li>\n<li class=\"p2\">Komunic\u0113sim un prezent\u0113sim J\u016bsu pied\u0101v\u0101jumu potenci\u0101lajiem investoriem<\/li>\n<li class=\"p2\">Organiz\u0113sim invest\u012bciju piesaistes tik\u0161anos starp ab\u0101m iesaist\u012btaj\u0101m pus\u0113m<\/li>\n<li class=\"p2\">Organiz\u0113sim <a href=\"https:\/\/gatewaypartners.eu\/lv\/pakalpojumi\/export-intelligence\/\">investoru viz\u012btes<\/a> uz J\u016bsu atra\u0161an\u0101s vietu<\/li>\n<li class=\"p2\">Komunic\u0113sim ar potenci\u0101lo investoru p\u0113c tik\u0161an\u0101s<\/li>\n<\/ul>\n","protected":false},"excerpt":{"rendered":"<p>Iesp\u0113jam\u012bbu izp\u0113te<br \/>\nInvest\u012bciju pied\u0101v\u0101juma att\u012bst\u012b\u0161ana<br \/>\nInvestoru piesaiste<\/p>\n","protected":false},"author":9,"featured_media":433,"parent":544,"menu_order":3,"comment_status":"closed","ping_status":"closed","template":"template-service.php","meta":{"inline_featured_image":false,"footnotes":""},"class_list":["post-538","page","type-page","status-publish","has-post-thumbnail","hentry"],"acf":[],"yoast_head":"<!-- This site is optimized with the Yoast SEO plugin v20.2.1 - https:\/\/yoast.com\/wordpress\/plugins\/seo\/ -->\n<title>Invest\u012bciju Piesaiste | Gateway &amp; Partners<\/title>\n<meta name=\"description\" content=\"Pied\u0101v\u0101jam invest\u012bciju piesaistes pakalpojumus, k\u0101 invest\u012bciju pied\u0101v\u0101jumu anal\u012bze, investoru indentific\u0113\u0161ana un inverstoru piesaiste J\u016bsu pied\u0101v\u0101jumam.\" \/>\n<meta name=\"robots\" content=\"index, follow, max-snippet:-1, max-image-preview:large, max-video-preview:-1\" \/>\n<link rel=\"canonical\" href=\"https:\/\/gatewaypartners.eu\/lv\/pakalpojumi\/investiciju-piesaiste\/\" \/>\n<meta property=\"og:locale\" content=\"lv_LV\" \/>\n<meta property=\"og:type\" content=\"article\" \/>\n<meta property=\"og:title\" content=\"Invest\u012bciju Piesaiste | Gateway &amp; Partners\" \/>\n<meta property=\"og:description\" content=\"Pied\u0101v\u0101jam invest\u012bciju piesaistes pakalpojumus, k\u0101 invest\u012bciju pied\u0101v\u0101jumu anal\u012bze, investoru indentific\u0113\u0161ana un inverstoru piesaiste J\u016bsu pied\u0101v\u0101jumam.\" \/>\n<meta property=\"og:url\" content=\"https:\/\/gatewaypartners.eu\/lv\/pakalpojumi\/investiciju-piesaiste\/\" \/>\n<meta property=\"og:site_name\" content=\"Gateway &amp; Partners\" \/>\n<meta property=\"article:modified_time\" content=\"2022-09-05T14:48:53+00:00\" \/>\n<meta property=\"og:image\" content=\"https:\/\/gatewaypartners.eu\/lv\/wp-content\/uploads\/sites\/2\/2017\/03\/Investment_attraction-train-1747216.jpg\" \/>\n\t<meta property=\"og:image:width\" content=\"2048\" \/>\n\t<meta property=\"og:image:height\" content=\"1153\" \/>\n\t<meta property=\"og:image:type\" content=\"image\/jpeg\" \/>\n<meta name=\"twitter:card\" content=\"summary_large_image\" \/>\n<script type=\"application\/ld+json\" class=\"yoast-schema-graph\">{\"@context\":\"https:\/\/schema.org\",\"@graph\":[{\"@type\":\"WebPage\",\"@id\":\"https:\/\/gatewaypartners.eu\/lv\/pakalpojumi\/investiciju-piesaiste\/\",\"url\":\"https:\/\/gatewaypartners.eu\/lv\/pakalpojumi\/investiciju-piesaiste\/\",\"name\":\"Invest\u012bciju Piesaiste | Gateway & Partners\",\"isPartOf\":{\"@id\":\"https:\/\/gatewaypartners.eu\/lv\/#website\"},\"datePublished\":\"2017-03-24T14:35:44+00:00\",\"dateModified\":\"2022-09-05T14:48:53+00:00\",\"description\":\"Pied\u0101v\u0101jam invest\u012bciju piesaistes pakalpojumus, k\u0101 invest\u012bciju pied\u0101v\u0101jumu anal\u012bze, investoru indentific\u0113\u0161ana un inverstoru piesaiste J\u016bsu pied\u0101v\u0101jumam.\",\"breadcrumb\":{\"@id\":\"https:\/\/gatewaypartners.eu\/lv\/pakalpojumi\/investiciju-piesaiste\/#breadcrumb\"},\"inLanguage\":\"lv-LV\",\"potentialAction\":[{\"@type\":\"ReadAction\",\"target\":[\"https:\/\/gatewaypartners.eu\/lv\/pakalpojumi\/investiciju-piesaiste\/\"]}]},{\"@type\":\"BreadcrumbList\",\"@id\":\"https:\/\/gatewaypartners.eu\/lv\/pakalpojumi\/investiciju-piesaiste\/#breadcrumb\",\"itemListElement\":[{\"@type\":\"ListItem\",\"position\":1,\"name\":\"Pakalpojumi\",\"item\":\"https:\/\/gatewaypartners.eu\/lv\/pakalpojumi\/\"},{\"@type\":\"ListItem\",\"position\":2,\"name\":\"Invest\u012bciju piesaiste\"}]},{\"@type\":\"WebSite\",\"@id\":\"https:\/\/gatewaypartners.eu\/lv\/#website\",\"url\":\"https:\/\/gatewaypartners.eu\/lv\/\",\"name\":\"Gateway &amp; Partners\",\"description\":\"Your Export Powerhouse\",\"potentialAction\":[{\"@type\":\"SearchAction\",\"target\":{\"@type\":\"EntryPoint\",\"urlTemplate\":\"https:\/\/gatewaypartners.eu\/lv\/?s={search_term_string}\"},\"query-input\":\"required name=search_term_string\"}],\"inLanguage\":\"lv-LV\"}]}<\/script>\n<!-- \/ Yoast SEO plugin. -->","yoast_head_json":{"title":"Invest\u012bciju Piesaiste | Gateway & Partners","description":"Pied\u0101v\u0101jam invest\u012bciju piesaistes pakalpojumus, k\u0101 invest\u012bciju pied\u0101v\u0101jumu anal\u012bze, investoru indentific\u0113\u0161ana un inverstoru piesaiste J\u016bsu pied\u0101v\u0101jumam.","robots":{"index":"index","follow":"follow","max-snippet":"max-snippet:-1","max-image-preview":"max-image-preview:large","max-video-preview":"max-video-preview:-1"},"canonical":"https:\/\/gatewaypartners.eu\/lv\/pakalpojumi\/investiciju-piesaiste\/","og_locale":"lv_LV","og_type":"article","og_title":"Invest\u012bciju Piesaiste | Gateway & Partners","og_description":"Pied\u0101v\u0101jam invest\u012bciju piesaistes pakalpojumus, k\u0101 invest\u012bciju pied\u0101v\u0101jumu anal\u012bze, investoru indentific\u0113\u0161ana un inverstoru piesaiste J\u016bsu pied\u0101v\u0101jumam.","og_url":"https:\/\/gatewaypartners.eu\/lv\/pakalpojumi\/investiciju-piesaiste\/","og_site_name":"Gateway &amp; Partners","article_modified_time":"2022-09-05T14:48:53+00:00","og_image":[{"width":2048,"height":1153,"url":"https:\/\/gatewaypartners.eu\/lv\/wp-content\/uploads\/sites\/2\/2017\/03\/Investment_attraction-train-1747216.jpg","type":"image\/jpeg"}],"twitter_card":"summary_large_image","schema":{"@context":"https:\/\/schema.org","@graph":[{"@type":"WebPage","@id":"https:\/\/gatewaypartners.eu\/lv\/pakalpojumi\/investiciju-piesaiste\/","url":"https:\/\/gatewaypartners.eu\/lv\/pakalpojumi\/investiciju-piesaiste\/","name":"Invest\u012bciju Piesaiste | Gateway & Partners","isPartOf":{"@id":"https:\/\/gatewaypartners.eu\/lv\/#website"},"datePublished":"2017-03-24T14:35:44+00:00","dateModified":"2022-09-05T14:48:53+00:00","description":"Pied\u0101v\u0101jam invest\u012bciju piesaistes pakalpojumus, k\u0101 invest\u012bciju pied\u0101v\u0101jumu anal\u012bze, investoru indentific\u0113\u0161ana un inverstoru piesaiste J\u016bsu pied\u0101v\u0101jumam.","breadcrumb":{"@id":"https:\/\/gatewaypartners.eu\/lv\/pakalpojumi\/investiciju-piesaiste\/#breadcrumb"},"inLanguage":"lv-LV","potentialAction":[{"@type":"ReadAction","target":["https:\/\/gatewaypartners.eu\/lv\/pakalpojumi\/investiciju-piesaiste\/"]}]},{"@type":"BreadcrumbList","@id":"https:\/\/gatewaypartners.eu\/lv\/pakalpojumi\/investiciju-piesaiste\/#breadcrumb","itemListElement":[{"@type":"ListItem","position":1,"name":"Pakalpojumi","item":"https:\/\/gatewaypartners.eu\/lv\/pakalpojumi\/"},{"@type":"ListItem","position":2,"name":"Invest\u012bciju piesaiste"}]},{"@type":"WebSite","@id":"https:\/\/gatewaypartners.eu\/lv\/#website","url":"https:\/\/gatewaypartners.eu\/lv\/","name":"Gateway &amp; Partners","description":"Your Export Powerhouse","potentialAction":[{"@type":"SearchAction","target":{"@type":"EntryPoint","urlTemplate":"https:\/\/gatewaypartners.eu\/lv\/?s={search_term_string}"},"query-input":"required name=search_term_string"}],"inLanguage":"lv-LV"}]}},"_links":{"self":[{"href":"https:\/\/gatewaypartners.eu\/lv\/wp-json\/wp\/v2\/pages\/538","targetHints":{"allow":["GET"]}}],"collection":[{"href":"https:\/\/gatewaypartners.eu\/lv\/wp-json\/wp\/v2\/pages"}],"about":[{"href":"https:\/\/gatewaypartners.eu\/lv\/wp-json\/wp\/v2\/types\/page"}],"author":[{"embeddable":true,"href":"https:\/\/gatewaypartners.eu\/lv\/wp-json\/wp\/v2\/users\/9"}],"replies":[{"embeddable":true,"href":"https:\/\/gatewaypartners.eu\/lv\/wp-json\/wp\/v2\/comments?post=538"}],"version-history":[{"count":7,"href":"https:\/\/gatewaypartners.eu\/lv\/wp-json\/wp\/v2\/pages\/538\/revisions"}],"predecessor-version":[{"id":1463,"href":"https:\/\/gatewaypartners.eu\/lv\/wp-json\/wp\/v2\/pages\/538\/revisions\/1463"}],"up":[{"embeddable":true,"href":"https:\/\/gatewaypartners.eu\/lv\/wp-json\/wp\/v2\/pages\/544"}],"wp:featuredmedia":[{"embeddable":true,"href":"https:\/\/gatewaypartners.eu\/lv\/wp-json\/wp\/v2\/media\/433"}],"wp:attachment":[{"href":"https:\/\/gatewaypartners.eu\/lv\/wp-json\/wp\/v2\/media?parent=538"}],"curies":[{"name":"wp","href":"https:\/\/api.w.org\/{rel}","templated":true}]}}