{"id":540,"date":"2017-03-24T16:48:50","date_gmt":"2017-03-24T14:48:50","guid":{"rendered":"http:\/\/gatewaypartners.eu\/lv\/?page_id=540"},"modified":"2022-09-05T17:47:48","modified_gmt":"2022-09-05T14:47:48","slug":"market-intelligence","status":"publish","type":"page","link":"https:\/\/gatewaypartners.eu\/lv\/pakalpojumi\/market-intelligence\/","title":{"rendered":"Tirgus izp\u0113te"},"content":{"rendered":"<h3>Tirgus izp\u0113te un tirgus anal\u012bze<\/h3>\n<p>Tirgus p\u0113t\u012bjumu projekti ir noz\u012bm\u012bgs atbalsts uz\u0146\u0113mumiem, sniedzot specifisku ieskatu tirg\u016b, kas ir svar\u012bgi ikviens m\u016bsu klientiem strat\u0113\u0123isku l\u0113mumu pie\u0146em\u0161an\u0101 un att\u012bst\u012bbas strat\u0113\u0123ijas izveid\u0113.<\/p>\n<p>M\u0113s:<\/p>\n<ul>\n<li>\n<p class=\"p1\">Sagatavosim\u00a0tirgus p\u0101rskatu, atkl\u0101sim galvenos ekonomikas dzin\u0113jsp\u0113kus un tirgus tendences<\/p>\n<\/li>\n<li>\n<p class=\"p1\">Nov\u0113rt\u0113sim tirgus izm\u0113ru, analiz\u0113sim un sal\u012bdzin\u0101sim importa un viet\u0113j\u0101s ra\u017eo\u0161anas apjomus, k\u0101 ar\u012b tirgus da\u013cas<\/p>\n<\/li>\n<li>\n<p class=\"p1\">Analiz\u0113sim specifisku industriju att\u012bst\u012bbu un konkurenci taj\u0101s<\/p>\n<\/li>\n<li>\n<p class=\"p1\">Sniegsim pal\u012bdz\u012bbu segment\u0101cijas un pozicion\u0113\u0161anas noteik\u0161an\u0101<\/p>\n<\/li>\n<li>\n<p class=\"p1\">Noteiksim efekt\u012bv\u0101kos p\u0101rdo\u0161anas kan\u0101lus un galvenos klientus<\/p>\n<\/li>\n<li>\n<p class=\"p1\">Veiksim ekspertu intervijas, analiz\u0113sim statistiskas datus un iev\u0101ksim inform\u0101ciju no da\u017e\u0101diem inform\u0101cijas avotiem<\/p>\n<\/li>\n<li>\n<p class=\"p1\"><a href=\"https:\/\/gatewaypartners.eu\/lv\/pakalpojumi\/export-intelligence\/\">Sal\u012bdzin\u0101sim da\u017e\u0101dus tirgus<\/a> un ieteiksim piem\u0113rtot\u0101ko<\/p>\n<\/li>\n<li>\n<p class=\"p1\">Sagatavosim tirgus atskaites ar profesion\u0101lu vizualiz\u0101ciju un kopsavilkumiem prezent\u0101cijas form\u0101t\u0101<\/p>\n<\/li>\n<\/ul>\n<h3>Kvalitat\u012bv\u0101s un kvantitat\u012bv\u0101s klientu aptaujas un konkurentu sal\u012bdzin\u0101\u0161ana<\/h3>\n<p class=\"p1\">\u0160is pakalpojums Jums sniegs iesp\u0113ju izprast k\u0101 klienti v\u0113rt\u0113 J\u016bsu pakalpojumu, un pal\u012bdz\u0113s sal\u012bdzin\u0101t \u00a0J\u016bsu un konkurentu pied\u0101v\u0101jumus, k\u0101 ar\u012b saprast <a href=\"https:\/\/gatewaypartners.eu\/lv\/pakalpojumi\/export-intelligence\/\">potenci\u0101lo klientu vajadz\u012bbas<\/a>.<\/p>\n<p class=\"p1\">M\u0113s:<\/p>\n<ul>\n<li class=\"p1\">Izmantojot t\u0101das interv\u0113\u0161anas metodes k\u0101 fokusa grupa, viens pret viens intervijas, CATI vai CAPI metodes, interv\u0113sim potenci\u0101los klientus, lai izprastu vi\u0146u <a href=\"https:\/\/gatewaypartners.eu\/lv\/pakalpojumi\/export-intelligence\/\">tirgus vajadz\u012bbas<\/a> un J\u016bsu produkta piem\u0113rot\u012bbu<\/li>\n<li class=\"p1\">Organiz\u0113sim intervijas ar J\u016bsu jau eso\u0161ajiem klientiem, lai noskaidrotu uz\u0146\u0113muma stipr\u0101s un v\u0101j\u0101s puses<\/li>\n<li class=\"p1\">Sal\u012bdzin\u0101sim J\u016bsu pied\u0101v\u0101jumu ar konkurences pied\u0101v\u0101jumiem<\/li>\n<li class=\"p1\">Veiksim rekomend\u0101cijas, lai sasniegtu J\u016bsu eso\u0161o un jauno klientu vajadz\u012bbas<\/li>\n<li class=\"p1\">Sagatavosim profesion\u0101lu un viegli lietojamu inform\u0101cijas p\u0101rskatu<\/li>\n<\/ul>\n<h3>Tirgus un p\u0101rdo\u0161anas potenci\u0101la monitorings<\/h3>\n<p>Iev\u0101ksim jaun\u0101ko tirgus inform\u0101ciju par J\u016bsu klientiem, konkurentiem un tirgus att\u012bst\u012bbas tendenc\u0113m, <a href=\"https:\/\/gatewaypartners.eu\/lv\/pakalpojumi\/investiciju-piesaiste\/\">invest\u012bciju piesaisti<\/a> nodro\u0161inot jaun\u0101ko inform\u0101ciju, \u0161\u0101di \u013caujot pie\u0146emt Jums lab\u0101kos strat\u0113\u0123iskos l\u0113mumus.<\/p>\n<p class=\"p1\">M\u0113s:<\/p>\n<ul>\n<li class=\"p1\">Identific\u0113sim Jums aktu\u0101lo inform\u0101ciju, kurai ir nepiecie\u0161ams sekot ikdien\u0101, ikm\u0113nes\u012b, ceturksn\u012b vai gad\u0101<\/li>\n<li class=\"p1\">Iev\u0101ksim inform\u0101ciju no viet\u0113jiem resursiem par da\u017e\u0101diem tirgiem<\/li>\n<li class=\"p1\">Apkoposim un nodosim Jums aktu\u0101lo m\u0113r\u0137a tirgus noteik\u0161anas inform\u0101ciju \u0113rt\u0101 un viegli lietojam\u0101\u00a0form\u0101t\u0101<\/li>\n<\/ul>\n<p><!--more--><\/p>\n<p><span style=\"font-weight: 400;\">Tirgus izp\u0113te ir noz\u012bm\u012bgs atbalsts ikviena uz\u0146\u0113muma darb\u012bb\u0101. Inform\u0101cijas ieg\u016b\u0161ana un apkopo\u0161ana par uz\u0146\u0113mumam svar\u012bgiem tirgiem pal\u012bdz izstr\u0101d\u0101t t\u0101l\u0101ku att\u012bst\u012bbas strat\u0113\u0123iju un pie\u0146emt pareizus l\u0113mumus t\u0101s \u012bsteno\u0161an\u0101. Regul\u0101ra un sistem\u0101tiska tirgus izp\u0113te \u013cauj ieg\u016bt visaptvero\u0161u p\u0101rskatu par noris\u0113m katras konkr\u0113t\u0101s biznesa ni\u0161as tirg\u016b, prognoz\u0113t konkurentu iesp\u0113jam\u0101s darb\u012bbas un savlaic\u012bgi sagatavoties da\u017e\u0101da veida izmai\u0146\u0101m tirg\u016b. <\/span><\/p>\n<p><span style=\"font-weight: 400;\">Viena no b\u016btisk\u0101kaj\u0101m tirgus izp\u0113tes metod\u0113m ir tirgus anal\u012bze, kas pal\u012bdz ieg\u016bt v\u0113l s\u012bk\u0101ku inform\u0101ciju par tirgus ietekm\u0113jo\u0161iem faktoriem, iesp\u0113j\u0101m, potenci\u0101liem draudiem, tirgus segmentiem, produkta vai pakalpojuma nepiecie\u0161am\u012bbu, klientu vajadz\u012bb\u0101m u.c. Atbilsto\u0161a un t\u0101lredz\u012bga \u0161o datu izmanto\u0161ana pal\u012bdz\u0113s Jums paaugstin\u0101t sava uz\u0146\u0113muma konkur\u0113tsp\u0113ju un apg\u016bt jaunus tirgus. <\/span><\/p>\n<p><span style=\"font-weight: 400;\">Tirgus izp\u0113te un tirgus anal\u012bze ir pakalpojumi, ko v\u0113lams uztic\u0113t profesion\u0101liem speci\u0101listiem, kam tas ir ikdienas darbs. Tas garant\u0113 dro\u0161us un uzticamus rezult\u0101tus, k\u0101 ar\u012b j\u016bs sa\u0146emsiet konsult\u0101cijas un praktiskus ieteikumus sava uz\u0146\u0113muma att\u012bst\u012bbas strat\u0113\u0123ijas pilnveido\u0161an\u0101. <\/span><\/p>\n<p><b>Pakalpojums<\/b> <b>tirgus izp\u0113te<\/b><span style=\"font-weight: 400;\"> un <\/span><b>tirgus anal\u012bze<\/b> <b>ietver:<\/b><\/p>\n<ul>\n<li style=\"font-weight: 400;\"><span style=\"font-weight: 400;\">tirgus p\u0101rskata sagatavo\u0161ana, galveno ekonomikas dzin\u0113jsp\u0113ku identifik\u0101cija un tirgus tenden\u010du raksturojums;<\/span><\/li>\n<li style=\"font-weight: 400;\"><span style=\"font-weight: 400;\">tirgus apjoma nov\u0113rt\u0113jums, tirgus anal\u012bze sal\u012bdzinot importa un viet\u0113j\u0101s ra\u017eo\u0161anas apjomus, k\u0101 ar\u012b tirgus da\u013cas;<\/span><\/li>\n<li style=\"font-weight: 400;\"><span style=\"font-weight: 400;\">specifisku industriju att\u012bst\u012bbas un konkur\u0113tsp\u0113jas anal\u012bze;<\/span><\/li>\n<li style=\"font-weight: 400;\"><span style=\"font-weight: 400;\">tirgus segment\u0101cijas un pozicion\u0113\u0161anas noteik\u0161ana;<\/span><\/li>\n<li style=\"font-weight: 400;\"><span style=\"font-weight: 400;\">tirgus izp\u0113te, nosakot efekt\u012bv\u0101kos p\u0101rdo\u0161anas kan\u0101lus un priorit\u0101ros klientus;<\/span><\/li>\n<li style=\"font-weight: 400;\"><span style=\"font-weight: 400;\">ekspertu intervijas, statistikas datu anal\u012bze un inform\u0101cijas ieg\u016b\u0161ana no da\u017e\u0101diem avotiem;<\/span><\/li>\n<li style=\"font-weight: 400;\"><span style=\"font-weight: 400;\">tirgus anal\u012bze, veicot da\u017e\u0101du tirgu sal\u012bdzin\u0101\u0161anu un klienta vajadz\u012bbai atbilsto\u0161\u0101ko tirgu atra\u0161ana;<\/span><\/li>\n<li style=\"font-weight: 400;\"><span style=\"font-weight: 400;\">tirgus atskai\u0161u sagatavo\u0161ana vizu\u0101l\u0101 prezent\u0101cijas form\u0101t\u0101.<\/span><\/li>\n<\/ul>\n<p><span style=\"font-weight: 400;\">Lai izprastu, k\u0101 klienti v\u0113rt\u0113 j\u016bsu sniegtos pakalpojumus un k\u0101das b\u016btu potenci\u0101lo klientu vajadz\u012bbas, pied\u0101v\u0101jam veikt kvalitat\u012bv\u0101s un kvantitat\u012bv\u0101s klientu aptaujas un konkurentu sal\u012bdzin\u0101\u0161anu. \u0160\u0101di tiek veikta papildu tirgus izp\u0113te.<\/span><\/p>\n<p><b>Pakalpojums kvalitat\u012bv\u0101s un kvantitat\u012bv\u0101s klientu aptaujas un konkurentu sal\u012bdzin\u0101\u0161ana ietver:<\/b><\/p>\n<ul>\n<li style=\"font-weight: 400;\"><span style=\"font-weight: 400;\">potenci\u0101lo klientu aptauja vi\u0146u vajadz\u012bbu noskaidro\u0161anai un j\u016bsu preces vai pakalpojuma piem\u0113rot\u012bbai izmantojot da\u017e\u0101das interv\u0113\u0161anas metodes (fokusgrupa, viens pret viens, CATI vai CAPI metode);<\/span><\/li>\n<li style=\"font-weight: 400;\"><span style=\"font-weight: 400;\">intervijas ar j\u016bsu eso\u0161ajiem klientiem uz\u0146\u0113muma stipro un v\u0101jo pu\u0161u noteik\u0161anai;<\/span><\/li>\n<li style=\"font-weight: 400;\"><span style=\"font-weight: 400;\">j\u016bsu pied\u0101v\u0101juma un analoga konkurenta pied\u0101v\u0101jumu sal\u012bdzin\u0101jums;<\/span><\/li>\n<li style=\"font-weight: 400;\"><span style=\"font-weight: 400;\">profesion\u0101la p\u0101rskata sagatavo\u0161ana.<\/span><\/li>\n<\/ul>\n<p><span style=\"font-weight: 400;\">Tirgus izp\u0113te un ar to saist\u012bt\u0101 tirgus anal\u012bze ir nep\u0101rtraukts process, t\u0101p\u0113c pied\u0101v\u0101jam regul\u0101ru tirgus un p\u0101rdo\u0161anas potenci\u0101la monitoringu. P\u0113c vajadz\u012bbas nodro\u0161in\u0101m p\u0101rskatus par katru dienu, m\u0113nesi, reizi ceturksn\u012b vai gad\u0101. J\u016bsu ieguvums \u2013 jaun\u0101k\u0101 tirgus inform\u0101cija par klientiem, konkurentiem, tirgus att\u012bst\u012bbas tendenc\u0113m. Tas \u013caus Jums pie\u0146emt strat\u0113\u0123iski lab\u0101kos l\u0113mumus gan \u012bstermi\u0146\u0101, gan ilgtermi\u0146\u0101.<\/span><\/p>\n","protected":false},"excerpt":{"rendered":"<p>Tirgus izp\u0113te un p\u0101rskats<br \/>\nKvalitat\u012bv\u0101s un kvantitat\u012bv\u0101s klientu aptaujas un konkurentu sal\u012bdzin\u0101\u0161ana<br \/>\nTirgus un p\u0101rdo\u0161anas potenci\u0101la monitorings<\/p>\n","protected":false},"author":9,"featured_media":443,"parent":544,"menu_order":2,"comment_status":"closed","ping_status":"closed","template":"template-service.php","meta":{"inline_featured_image":false,"footnotes":""},"class_list":["post-540","page","type-page","status-publish","has-post-thumbnail","hentry"],"acf":[],"yoast_head":"<!-- This site is optimized with the Yoast SEO plugin v20.2.1 - https:\/\/yoast.com\/wordpress\/plugins\/seo\/ -->\n<title>Tirgus Izp\u0113te un Tirgus Anal\u012bze | Gateway &amp; Partners<\/title>\n<meta name=\"description\" content=\"Pied\u0101v\u0101jam tirgus izp\u0113tes pakalpojumus: Tirgus p\u0113t\u012bjumi, anal\u012bze, Kvalitat\u012bv\u0101s un kvantitat\u012bv\u0101s klientu aptaujas, klientu un konkurentu inform\u0101cija.\" \/>\n<meta name=\"robots\" content=\"index, follow, max-snippet:-1, max-image-preview:large, max-video-preview:-1\" \/>\n<link rel=\"canonical\" href=\"https:\/\/gatewaypartners.eu\/lv\/pakalpojumi\/market-intelligence\/\" \/>\n<meta property=\"og:locale\" content=\"lv_LV\" \/>\n<meta property=\"og:type\" content=\"article\" \/>\n<meta property=\"og:title\" content=\"Tirgus Izp\u0113te un Tirgus Anal\u012bze | Gateway &amp; Partners\" \/>\n<meta property=\"og:description\" content=\"Pied\u0101v\u0101jam tirgus izp\u0113tes pakalpojumus: Tirgus p\u0113t\u012bjumi, anal\u012bze, Kvalitat\u012bv\u0101s un kvantitat\u012bv\u0101s klientu aptaujas, klientu un konkurentu inform\u0101cija.\" \/>\n<meta property=\"og:url\" content=\"https:\/\/gatewaypartners.eu\/lv\/pakalpojumi\/market-intelligence\/\" \/>\n<meta property=\"og:site_name\" content=\"Gateway &amp; Partners\" \/>\n<meta property=\"article:modified_time\" content=\"2022-09-05T14:47:48+00:00\" \/>\n<meta property=\"og:image\" content=\"https:\/\/gatewaypartners.eu\/lv\/wp-content\/uploads\/sites\/2\/2017\/03\/Market_intelligence-airport-1640407.jpg\" \/>\n\t<meta property=\"og:image:width\" content=\"2048\" \/>\n\t<meta property=\"og:image:height\" content=\"1536\" \/>\n\t<meta property=\"og:image:type\" content=\"image\/jpeg\" \/>\n<meta name=\"twitter:card\" content=\"summary_large_image\" \/>\n<script type=\"application\/ld+json\" class=\"yoast-schema-graph\">{\"@context\":\"https:\/\/schema.org\",\"@graph\":[{\"@type\":\"WebPage\",\"@id\":\"https:\/\/gatewaypartners.eu\/lv\/pakalpojumi\/market-intelligence\/\",\"url\":\"https:\/\/gatewaypartners.eu\/lv\/pakalpojumi\/market-intelligence\/\",\"name\":\"Tirgus Izp\u0113te un Tirgus Anal\u012bze | Gateway & Partners\",\"isPartOf\":{\"@id\":\"https:\/\/gatewaypartners.eu\/lv\/#website\"},\"datePublished\":\"2017-03-24T14:48:50+00:00\",\"dateModified\":\"2022-09-05T14:47:48+00:00\",\"description\":\"Pied\u0101v\u0101jam tirgus izp\u0113tes pakalpojumus: Tirgus p\u0113t\u012bjumi, anal\u012bze, Kvalitat\u012bv\u0101s un kvantitat\u012bv\u0101s klientu aptaujas, klientu un konkurentu inform\u0101cija.\",\"breadcrumb\":{\"@id\":\"https:\/\/gatewaypartners.eu\/lv\/pakalpojumi\/market-intelligence\/#breadcrumb\"},\"inLanguage\":\"lv-LV\",\"potentialAction\":[{\"@type\":\"ReadAction\",\"target\":[\"https:\/\/gatewaypartners.eu\/lv\/pakalpojumi\/market-intelligence\/\"]}]},{\"@type\":\"BreadcrumbList\",\"@id\":\"https:\/\/gatewaypartners.eu\/lv\/pakalpojumi\/market-intelligence\/#breadcrumb\",\"itemListElement\":[{\"@type\":\"ListItem\",\"position\":1,\"name\":\"Pakalpojumi\",\"item\":\"https:\/\/gatewaypartners.eu\/lv\/pakalpojumi\/\"},{\"@type\":\"ListItem\",\"position\":2,\"name\":\"Tirgus izp\u0113te\"}]},{\"@type\":\"WebSite\",\"@id\":\"https:\/\/gatewaypartners.eu\/lv\/#website\",\"url\":\"https:\/\/gatewaypartners.eu\/lv\/\",\"name\":\"Gateway &amp; Partners\",\"description\":\"Your Export Powerhouse\",\"potentialAction\":[{\"@type\":\"SearchAction\",\"target\":{\"@type\":\"EntryPoint\",\"urlTemplate\":\"https:\/\/gatewaypartners.eu\/lv\/?s={search_term_string}\"},\"query-input\":\"required name=search_term_string\"}],\"inLanguage\":\"lv-LV\"}]}<\/script>\n<!-- \/ Yoast SEO plugin. -->","yoast_head_json":{"title":"Tirgus Izp\u0113te un Tirgus Anal\u012bze | Gateway & Partners","description":"Pied\u0101v\u0101jam tirgus izp\u0113tes pakalpojumus: Tirgus p\u0113t\u012bjumi, anal\u012bze, Kvalitat\u012bv\u0101s un kvantitat\u012bv\u0101s klientu aptaujas, klientu un konkurentu inform\u0101cija.","robots":{"index":"index","follow":"follow","max-snippet":"max-snippet:-1","max-image-preview":"max-image-preview:large","max-video-preview":"max-video-preview:-1"},"canonical":"https:\/\/gatewaypartners.eu\/lv\/pakalpojumi\/market-intelligence\/","og_locale":"lv_LV","og_type":"article","og_title":"Tirgus Izp\u0113te un Tirgus Anal\u012bze | Gateway & Partners","og_description":"Pied\u0101v\u0101jam tirgus izp\u0113tes pakalpojumus: Tirgus p\u0113t\u012bjumi, anal\u012bze, Kvalitat\u012bv\u0101s un kvantitat\u012bv\u0101s klientu aptaujas, klientu un konkurentu inform\u0101cija.","og_url":"https:\/\/gatewaypartners.eu\/lv\/pakalpojumi\/market-intelligence\/","og_site_name":"Gateway &amp; Partners","article_modified_time":"2022-09-05T14:47:48+00:00","og_image":[{"width":2048,"height":1536,"url":"https:\/\/gatewaypartners.eu\/lv\/wp-content\/uploads\/sites\/2\/2017\/03\/Market_intelligence-airport-1640407.jpg","type":"image\/jpeg"}],"twitter_card":"summary_large_image","schema":{"@context":"https:\/\/schema.org","@graph":[{"@type":"WebPage","@id":"https:\/\/gatewaypartners.eu\/lv\/pakalpojumi\/market-intelligence\/","url":"https:\/\/gatewaypartners.eu\/lv\/pakalpojumi\/market-intelligence\/","name":"Tirgus Izp\u0113te un Tirgus Anal\u012bze | Gateway & Partners","isPartOf":{"@id":"https:\/\/gatewaypartners.eu\/lv\/#website"},"datePublished":"2017-03-24T14:48:50+00:00","dateModified":"2022-09-05T14:47:48+00:00","description":"Pied\u0101v\u0101jam tirgus izp\u0113tes pakalpojumus: Tirgus p\u0113t\u012bjumi, anal\u012bze, Kvalitat\u012bv\u0101s un kvantitat\u012bv\u0101s klientu aptaujas, klientu un konkurentu inform\u0101cija.","breadcrumb":{"@id":"https:\/\/gatewaypartners.eu\/lv\/pakalpojumi\/market-intelligence\/#breadcrumb"},"inLanguage":"lv-LV","potentialAction":[{"@type":"ReadAction","target":["https:\/\/gatewaypartners.eu\/lv\/pakalpojumi\/market-intelligence\/"]}]},{"@type":"BreadcrumbList","@id":"https:\/\/gatewaypartners.eu\/lv\/pakalpojumi\/market-intelligence\/#breadcrumb","itemListElement":[{"@type":"ListItem","position":1,"name":"Pakalpojumi","item":"https:\/\/gatewaypartners.eu\/lv\/pakalpojumi\/"},{"@type":"ListItem","position":2,"name":"Tirgus izp\u0113te"}]},{"@type":"WebSite","@id":"https:\/\/gatewaypartners.eu\/lv\/#website","url":"https:\/\/gatewaypartners.eu\/lv\/","name":"Gateway &amp; Partners","description":"Your Export Powerhouse","potentialAction":[{"@type":"SearchAction","target":{"@type":"EntryPoint","urlTemplate":"https:\/\/gatewaypartners.eu\/lv\/?s={search_term_string}"},"query-input":"required name=search_term_string"}],"inLanguage":"lv-LV"}]}},"_links":{"self":[{"href":"https:\/\/gatewaypartners.eu\/lv\/wp-json\/wp\/v2\/pages\/540","targetHints":{"allow":["GET"]}}],"collection":[{"href":"https:\/\/gatewaypartners.eu\/lv\/wp-json\/wp\/v2\/pages"}],"about":[{"href":"https:\/\/gatewaypartners.eu\/lv\/wp-json\/wp\/v2\/types\/page"}],"author":[{"embeddable":true,"href":"https:\/\/gatewaypartners.eu\/lv\/wp-json\/wp\/v2\/users\/9"}],"replies":[{"embeddable":true,"href":"https:\/\/gatewaypartners.eu\/lv\/wp-json\/wp\/v2\/comments?post=540"}],"version-history":[{"count":21,"href":"https:\/\/gatewaypartners.eu\/lv\/wp-json\/wp\/v2\/pages\/540\/revisions"}],"predecessor-version":[{"id":1462,"href":"https:\/\/gatewaypartners.eu\/lv\/wp-json\/wp\/v2\/pages\/540\/revisions\/1462"}],"up":[{"embeddable":true,"href":"https:\/\/gatewaypartners.eu\/lv\/wp-json\/wp\/v2\/pages\/544"}],"wp:featuredmedia":[{"embeddable":true,"href":"https:\/\/gatewaypartners.eu\/lv\/wp-json\/wp\/v2\/media\/443"}],"wp:attachment":[{"href":"https:\/\/gatewaypartners.eu\/lv\/wp-json\/wp\/v2\/media?parent=540"}],"curies":[{"name":"wp","href":"https:\/\/api.w.org\/{rel}","templated":true}]}}