{"id":542,"date":"2017-03-24T17:51:24","date_gmt":"2017-03-24T15:51:24","guid":{"rendered":"http:\/\/gatewaypartners.eu\/lv\/?page_id=542"},"modified":"2022-09-05T17:45:27","modified_gmt":"2022-09-05T14:45:27","slug":"export-intelligence","status":"publish","type":"page","link":"https:\/\/gatewaypartners.eu\/lv\/pakalpojumi\/export-intelligence\/","title":{"rendered":"Eksporta konsult\u0101cijas"},"content":{"rendered":"<h3>Eksporta partneru piesaiste<\/h3>\n<p class=\"p1\">M\u0113s iepaz\u012bstin\u0101sim J\u016bsu uz\u0146\u0113mumu ar potenci\u0101lajiem partneriem J\u016bsu m\u0113r\u0137a tirg\u016b, identific\u0113sim p\u0101rdo\u0161anas potenci\u0101lus un noorganiz\u0113sim p\u0101rdo\u0161anas tik\u0161an\u0101s.<\/p>\n<p>M\u0113s:<\/p>\n<ul>\n<li>\n<p class=\"p1\">Identific\u0113sim pareizos p\u0101rdo\u0161anas kan\u0101lus<\/p>\n<\/li>\n<li>\n<p class=\"p1\">Iepaz\u012bstin\u0101sim <a href=\"https:\/\/gatewaypartners.eu\/lv\/pakalpojumi\/market-intelligence\/\">m\u0113r\u0137a tirgus<\/a> potenci\u0101los biznesa partnerus un klientus ar J\u016bsu produktu<\/p>\n<\/li>\n<li>\n<p class=\"p1\">Noorganiz\u0113sim biznesa tik\u0161an\u0101s ar potenci\u0101lajiem p\u0101rdo\u0161anas partneriem un klientiem m\u0113r\u0137a tirg\u016b<\/p>\n<\/li>\n<li>\n<p class=\"p1\">Veiksim visas praktisk\u0101s darb\u012bbas, lai Jums b\u016btu izcila biznesa viz\u012bte<\/p>\n<\/li>\n<\/ul>\n<h3>B2B kontaktbir\u017eas<\/h3>\n<p class=\"p1\">M\u0113s <a href=\"https:\/\/gatewaypartners.eu\/lv\/pakalpojumi\/eksporta-zimola-attistisana\/\">organiz\u0113jam B2B kontaktbir\u017eas<\/a> uz\u0146\u0113mumu grup\u0101m, kuras ir ieinteres\u0113tas jaunu eksporta partneru piesaist\u0113.<\/p>\n<p class=\"p1\">M\u0113s:<\/p>\n<ul>\n<li>\n<p class=\"p1\">Noorganiz\u0113sim B2B kontaktbir\u017eu uz\u0146\u0113muma grupai, nodro\u0161inot vair\u0101ku uz\u0146\u0113mumu vienlaic\u012bgu piedal\u012b\u0161anos<\/p>\n<\/li>\n<li>\n<p class=\"p1\">Vienosimies par individu\u0101lu p\u0101rdo\u0161anas tik\u0161anos norisi konktaktbir\u017eas dal\u012bbniekiem<\/p>\n<\/li>\n<li>\n<p class=\"p1\">Noorganiz\u0113sim m\u0101c\u012bbu semin\u0101ru vai m\u0101c\u012bbu viz\u012bti m\u0113r\u0137a tirg\u016b<\/p>\n<\/li>\n<li>\n<p class=\"p1\">Veiksim visas praktisk\u0101s darb\u012bbas, lai Jums b\u016btu izcila biznesa viz\u012bte<\/p>\n<\/li>\n<\/ul>\n<h3>Eksporta mened\u017ements<\/h3>\n<p class=\"p1\">Eksporta mened\u017ementa pakalpojumu ietvaros m\u0113s str\u0101d\u0101sim k\u0101 J\u016bsu <a href=\"https:\/\/gatewaypartners.eu\/lv\/pakalpojumi\/eksporta-zimola-attistisana\/\">\u0101r\u0113jie eksporta p\u0101rdo\u0161anas p\u0101rst\u0101vji<\/a>.<\/p>\n<p class=\"p1\">M\u0113s:<\/p>\n<ul>\n<li class=\"p1\">Str\u0101d\u0101sim pie J\u016bsu\u00a0eksporta strat\u0113\u0123ijas p\u0101rdo\u0161anas apjomu att\u012bst\u012b\u0161anai<\/li>\n<li class=\"p1\">Att\u012bst\u012bsim un uztur\u0113sim klientu attiec\u012bbas, ietverot\u00a0komunik\u0101ciju ar <a href=\"https:\/\/gatewaypartners.eu\/lv\/pakalpojumi\/investiciju-piesaiste\/\">potenci\u0101lajiem partneriem<\/a> un vieno\u0161anos par cen\u0101m un pieg\u0101des nosac\u012bjumiem<\/li>\n<li class=\"p1\">Kop\u0101 ar Jums att\u012bst\u012bsim jaunu produktu izveidi <a href=\"https:\/\/gatewaypartners.eu\/lv\/pakalpojumi\/market-intelligence\/\">eksporta tirgus<\/a> apguvei<\/li>\n<\/ul>\n","protected":false},"excerpt":{"rendered":"<p>Eksporta partneru un klientu piesaiste<br \/>\nB2B kontaktbir\u017eu organiz\u0101cija<br \/>\nEksporta mened\u017ements<\/p>\n","protected":false},"author":9,"featured_media":467,"parent":544,"menu_order":1,"comment_status":"closed","ping_status":"closed","template":"template-service.php","meta":{"inline_featured_image":false,"footnotes":""},"class_list":["post-542","page","type-page","status-publish","has-post-thumbnail","hentry"],"acf":[],"yoast_head":"<!-- This site is optimized with the Yoast SEO plugin v20.2.1 - https:\/\/yoast.com\/wordpress\/plugins\/seo\/ -->\n<title>Eksporta Konsult\u0101cijas | Gateway &amp; Partners<\/title>\n<meta name=\"description\" content=\"M\u0113s pied\u0101v\u0101jam pakalpjumus, k\u0101 tik\u0161an\u0101s ar klientiem un sadarb\u012bbas partneru piesaiste. Organiz\u0113jam B2B kontaktbir\u017eas un str\u0101d\u0101jam pie eksporta strat\u0113gijas.\" \/>\n<meta name=\"robots\" content=\"index, follow, max-snippet:-1, max-image-preview:large, max-video-preview:-1\" \/>\n<link rel=\"canonical\" href=\"https:\/\/gatewaypartners.eu\/lv\/pakalpojumi\/export-intelligence\/\" \/>\n<meta property=\"og:locale\" content=\"lv_LV\" \/>\n<meta property=\"og:type\" content=\"article\" \/>\n<meta property=\"og:title\" content=\"Eksporta Konsult\u0101cijas | Gateway &amp; Partners\" \/>\n<meta property=\"og:description\" content=\"M\u0113s pied\u0101v\u0101jam pakalpjumus, k\u0101 tik\u0161an\u0101s ar klientiem un sadarb\u012bbas partneru piesaiste. Organiz\u0113jam B2B kontaktbir\u017eas un str\u0101d\u0101jam pie eksporta strat\u0113gijas.\" \/>\n<meta property=\"og:url\" content=\"https:\/\/gatewaypartners.eu\/lv\/pakalpojumi\/export-intelligence\/\" \/>\n<meta property=\"og:site_name\" content=\"Gateway &amp; Partners\" \/>\n<meta property=\"article:modified_time\" content=\"2022-09-05T14:45:27+00:00\" \/>\n<meta property=\"og:image\" content=\"https:\/\/gatewaypartners.eu\/lv\/wp-content\/uploads\/sites\/2\/2017\/03\/About-osaka-98351.jpg\" \/>\n\t<meta property=\"og:image:width\" content=\"2048\" \/>\n\t<meta property=\"og:image:height\" content=\"1152\" \/>\n\t<meta property=\"og:image:type\" content=\"image\/jpeg\" \/>\n<meta name=\"twitter:card\" content=\"summary_large_image\" \/>\n<script type=\"application\/ld+json\" class=\"yoast-schema-graph\">{\"@context\":\"https:\/\/schema.org\",\"@graph\":[{\"@type\":\"WebPage\",\"@id\":\"https:\/\/gatewaypartners.eu\/lv\/pakalpojumi\/export-intelligence\/\",\"url\":\"https:\/\/gatewaypartners.eu\/lv\/pakalpojumi\/export-intelligence\/\",\"name\":\"Eksporta Konsult\u0101cijas | Gateway & Partners\",\"isPartOf\":{\"@id\":\"https:\/\/gatewaypartners.eu\/lv\/#website\"},\"datePublished\":\"2017-03-24T15:51:24+00:00\",\"dateModified\":\"2022-09-05T14:45:27+00:00\",\"description\":\"M\u0113s pied\u0101v\u0101jam pakalpjumus, k\u0101 tik\u0161an\u0101s ar klientiem un sadarb\u012bbas partneru piesaiste. Organiz\u0113jam B2B kontaktbir\u017eas un str\u0101d\u0101jam pie eksporta strat\u0113gijas.\",\"breadcrumb\":{\"@id\":\"https:\/\/gatewaypartners.eu\/lv\/pakalpojumi\/export-intelligence\/#breadcrumb\"},\"inLanguage\":\"lv-LV\",\"potentialAction\":[{\"@type\":\"ReadAction\",\"target\":[\"https:\/\/gatewaypartners.eu\/lv\/pakalpojumi\/export-intelligence\/\"]}]},{\"@type\":\"BreadcrumbList\",\"@id\":\"https:\/\/gatewaypartners.eu\/lv\/pakalpojumi\/export-intelligence\/#breadcrumb\",\"itemListElement\":[{\"@type\":\"ListItem\",\"position\":1,\"name\":\"Pakalpojumi\",\"item\":\"https:\/\/gatewaypartners.eu\/lv\/pakalpojumi\/\"},{\"@type\":\"ListItem\",\"position\":2,\"name\":\"Eksporta konsult\u0101cijas\"}]},{\"@type\":\"WebSite\",\"@id\":\"https:\/\/gatewaypartners.eu\/lv\/#website\",\"url\":\"https:\/\/gatewaypartners.eu\/lv\/\",\"name\":\"Gateway &amp; Partners\",\"description\":\"Your Export Powerhouse\",\"potentialAction\":[{\"@type\":\"SearchAction\",\"target\":{\"@type\":\"EntryPoint\",\"urlTemplate\":\"https:\/\/gatewaypartners.eu\/lv\/?s={search_term_string}\"},\"query-input\":\"required name=search_term_string\"}],\"inLanguage\":\"lv-LV\"}]}<\/script>\n<!-- \/ Yoast SEO plugin. -->","yoast_head_json":{"title":"Eksporta Konsult\u0101cijas | Gateway & Partners","description":"M\u0113s pied\u0101v\u0101jam pakalpjumus, k\u0101 tik\u0161an\u0101s ar klientiem un sadarb\u012bbas partneru piesaiste. Organiz\u0113jam B2B kontaktbir\u017eas un str\u0101d\u0101jam pie eksporta strat\u0113gijas.","robots":{"index":"index","follow":"follow","max-snippet":"max-snippet:-1","max-image-preview":"max-image-preview:large","max-video-preview":"max-video-preview:-1"},"canonical":"https:\/\/gatewaypartners.eu\/lv\/pakalpojumi\/export-intelligence\/","og_locale":"lv_LV","og_type":"article","og_title":"Eksporta Konsult\u0101cijas | Gateway & Partners","og_description":"M\u0113s pied\u0101v\u0101jam pakalpjumus, k\u0101 tik\u0161an\u0101s ar klientiem un sadarb\u012bbas partneru piesaiste. Organiz\u0113jam B2B kontaktbir\u017eas un str\u0101d\u0101jam pie eksporta strat\u0113gijas.","og_url":"https:\/\/gatewaypartners.eu\/lv\/pakalpojumi\/export-intelligence\/","og_site_name":"Gateway &amp; Partners","article_modified_time":"2022-09-05T14:45:27+00:00","og_image":[{"width":2048,"height":1152,"url":"https:\/\/gatewaypartners.eu\/lv\/wp-content\/uploads\/sites\/2\/2017\/03\/About-osaka-98351.jpg","type":"image\/jpeg"}],"twitter_card":"summary_large_image","schema":{"@context":"https:\/\/schema.org","@graph":[{"@type":"WebPage","@id":"https:\/\/gatewaypartners.eu\/lv\/pakalpojumi\/export-intelligence\/","url":"https:\/\/gatewaypartners.eu\/lv\/pakalpojumi\/export-intelligence\/","name":"Eksporta Konsult\u0101cijas | Gateway & Partners","isPartOf":{"@id":"https:\/\/gatewaypartners.eu\/lv\/#website"},"datePublished":"2017-03-24T15:51:24+00:00","dateModified":"2022-09-05T14:45:27+00:00","description":"M\u0113s pied\u0101v\u0101jam pakalpjumus, k\u0101 tik\u0161an\u0101s ar klientiem un sadarb\u012bbas partneru piesaiste. Organiz\u0113jam B2B kontaktbir\u017eas un str\u0101d\u0101jam pie eksporta strat\u0113gijas.","breadcrumb":{"@id":"https:\/\/gatewaypartners.eu\/lv\/pakalpojumi\/export-intelligence\/#breadcrumb"},"inLanguage":"lv-LV","potentialAction":[{"@type":"ReadAction","target":["https:\/\/gatewaypartners.eu\/lv\/pakalpojumi\/export-intelligence\/"]}]},{"@type":"BreadcrumbList","@id":"https:\/\/gatewaypartners.eu\/lv\/pakalpojumi\/export-intelligence\/#breadcrumb","itemListElement":[{"@type":"ListItem","position":1,"name":"Pakalpojumi","item":"https:\/\/gatewaypartners.eu\/lv\/pakalpojumi\/"},{"@type":"ListItem","position":2,"name":"Eksporta konsult\u0101cijas"}]},{"@type":"WebSite","@id":"https:\/\/gatewaypartners.eu\/lv\/#website","url":"https:\/\/gatewaypartners.eu\/lv\/","name":"Gateway &amp; Partners","description":"Your Export Powerhouse","potentialAction":[{"@type":"SearchAction","target":{"@type":"EntryPoint","urlTemplate":"https:\/\/gatewaypartners.eu\/lv\/?s={search_term_string}"},"query-input":"required name=search_term_string"}],"inLanguage":"lv-LV"}]}},"_links":{"self":[{"href":"https:\/\/gatewaypartners.eu\/lv\/wp-json\/wp\/v2\/pages\/542","targetHints":{"allow":["GET"]}}],"collection":[{"href":"https:\/\/gatewaypartners.eu\/lv\/wp-json\/wp\/v2\/pages"}],"about":[{"href":"https:\/\/gatewaypartners.eu\/lv\/wp-json\/wp\/v2\/types\/page"}],"author":[{"embeddable":true,"href":"https:\/\/gatewaypartners.eu\/lv\/wp-json\/wp\/v2\/users\/9"}],"replies":[{"embeddable":true,"href":"https:\/\/gatewaypartners.eu\/lv\/wp-json\/wp\/v2\/comments?post=542"}],"version-history":[{"count":13,"href":"https:\/\/gatewaypartners.eu\/lv\/wp-json\/wp\/v2\/pages\/542\/revisions"}],"predecessor-version":[{"id":1459,"href":"https:\/\/gatewaypartners.eu\/lv\/wp-json\/wp\/v2\/pages\/542\/revisions\/1459"}],"up":[{"embeddable":true,"href":"https:\/\/gatewaypartners.eu\/lv\/wp-json\/wp\/v2\/pages\/544"}],"wp:featuredmedia":[{"embeddable":true,"href":"https:\/\/gatewaypartners.eu\/lv\/wp-json\/wp\/v2\/media\/467"}],"wp:attachment":[{"href":"https:\/\/gatewaypartners.eu\/lv\/wp-json\/wp\/v2\/media?parent=542"}],"curies":[{"name":"wp","href":"https:\/\/api.w.org\/{rel}","templated":true}]}}