{"id":544,"date":"2017-03-24T17:54:34","date_gmt":"2017-03-24T15:54:34","guid":{"rendered":"http:\/\/gatewaypartners.eu\/lv\/?page_id=544"},"modified":"2022-02-21T17:27:08","modified_gmt":"2022-02-21T15:27:08","slug":"pakalpojumi","status":"publish","type":"page","link":"https:\/\/gatewaypartners.eu\/lv\/pakalpojumi\/","title":{"rendered":"Pakalpojumi"},"content":{"rendered":"","protected":false},"excerpt":{"rendered":"<p>Kas Jums ir nepiecie\u0161ams, kad dom\u0101jat par starptautisku izaugsmi?  Jauni ieskati tirgus izp\u0113t\u0113 un atbilsto\u0161i biznesa partneri. M\u016bsu pakalpojumi Jums pal\u012bdz\u0113s m\u0113r\u0137a tirgus noteik\u0161anai. M\u0113s sniedzam praktiskus rezult\u0101tus, ietaupot J\u016bsu laiku un naudu, apg\u016bstot jaunus tirgus. <\/p>\n","protected":false},"author":9,"featured_media":391,"parent":0,"menu_order":0,"comment_status":"closed","ping_status":"closed","template":"template-services.php","meta":{"inline_featured_image":false,"footnotes":""},"class_list":["post-544","page","type-page","status-publish","has-post-thumbnail","hentry"],"acf":[],"yoast_head":"<!-- This site is optimized with the Yoast SEO plugin v20.2.1 - https:\/\/yoast.com\/wordpress\/plugins\/seo\/ -->\n<title>Pakalpojumi | Gateway &amp; Partners<\/title>\n<meta name=\"description\" content=\"M\u016bsu pakalpojumi: eksporta konsult\u0101cijas, tirgus izp\u0113te, z\u012bmola att\u012bst\u012bba, apm\u0101c\u012bbas un invest\u012bciju piesaiste. Sniedzam rezult\u0101tus, ietaupot J\u016bsu resursus.\" \/>\n<meta name=\"robots\" content=\"index, follow, max-snippet:-1, max-image-preview:large, max-video-preview:-1\" \/>\n<link rel=\"canonical\" href=\"https:\/\/gatewaypartners.eu\/lv\/pakalpojumi\/\" \/>\n<meta property=\"og:locale\" content=\"lv_LV\" \/>\n<meta property=\"og:type\" content=\"article\" \/>\n<meta property=\"og:title\" content=\"Pakalpojumi | Gateway &amp; Partners\" \/>\n<meta property=\"og:description\" content=\"M\u016bsu pakalpojumi: eksporta konsult\u0101cijas, tirgus izp\u0113te, z\u012bmola att\u012bst\u012bba, apm\u0101c\u012bbas un invest\u012bciju piesaiste. Sniedzam rezult\u0101tus, ietaupot J\u016bsu resursus.\" \/>\n<meta property=\"og:url\" content=\"https:\/\/gatewaypartners.eu\/lv\/pakalpojumi\/\" \/>\n<meta property=\"og:site_name\" content=\"Gateway &amp; Partners\" \/>\n<meta property=\"article:modified_time\" content=\"2022-02-21T15:27:08+00:00\" \/>\n<meta property=\"og:image\" content=\"https:\/\/gatewaypartners.eu\/lv\/wp-content\/uploads\/sites\/2\/2017\/03\/airport-1853505_1920.jpg\" \/>\n\t<meta property=\"og:image:width\" content=\"1920\" \/>\n\t<meta property=\"og:image:height\" content=\"1280\" \/>\n\t<meta property=\"og:image:type\" content=\"image\/jpeg\" \/>\n<meta name=\"twitter:card\" content=\"summary_large_image\" \/>\n<script type=\"application\/ld+json\" class=\"yoast-schema-graph\">{\"@context\":\"https:\/\/schema.org\",\"@graph\":[{\"@type\":\"WebPage\",\"@id\":\"https:\/\/gatewaypartners.eu\/lv\/pakalpojumi\/\",\"url\":\"https:\/\/gatewaypartners.eu\/lv\/pakalpojumi\/\",\"name\":\"Pakalpojumi | Gateway & Partners\",\"isPartOf\":{\"@id\":\"https:\/\/gatewaypartners.eu\/lv\/#website\"},\"datePublished\":\"2017-03-24T15:54:34+00:00\",\"dateModified\":\"2022-02-21T15:27:08+00:00\",\"description\":\"M\u016bsu pakalpojumi: eksporta konsult\u0101cijas, tirgus izp\u0113te, z\u012bmola att\u012bst\u012bba, apm\u0101c\u012bbas un invest\u012bciju piesaiste. Sniedzam rezult\u0101tus, ietaupot J\u016bsu resursus.\",\"inLanguage\":\"lv-LV\",\"potentialAction\":[{\"@type\":\"ReadAction\",\"target\":[\"https:\/\/gatewaypartners.eu\/lv\/pakalpojumi\/\"]}]},{\"@type\":\"WebSite\",\"@id\":\"https:\/\/gatewaypartners.eu\/lv\/#website\",\"url\":\"https:\/\/gatewaypartners.eu\/lv\/\",\"name\":\"Gateway &amp; Partners\",\"description\":\"Your Export Powerhouse\",\"potentialAction\":[{\"@type\":\"SearchAction\",\"target\":{\"@type\":\"EntryPoint\",\"urlTemplate\":\"https:\/\/gatewaypartners.eu\/lv\/?s={search_term_string}\"},\"query-input\":\"required name=search_term_string\"}],\"inLanguage\":\"lv-LV\"}]}<\/script>\n<!-- \/ Yoast SEO plugin. -->","yoast_head_json":{"title":"Pakalpojumi | Gateway & Partners","description":"M\u016bsu pakalpojumi: eksporta konsult\u0101cijas, tirgus izp\u0113te, z\u012bmola att\u012bst\u012bba, apm\u0101c\u012bbas un invest\u012bciju piesaiste. Sniedzam rezult\u0101tus, ietaupot J\u016bsu resursus.","robots":{"index":"index","follow":"follow","max-snippet":"max-snippet:-1","max-image-preview":"max-image-preview:large","max-video-preview":"max-video-preview:-1"},"canonical":"https:\/\/gatewaypartners.eu\/lv\/pakalpojumi\/","og_locale":"lv_LV","og_type":"article","og_title":"Pakalpojumi | Gateway & Partners","og_description":"M\u016bsu pakalpojumi: eksporta konsult\u0101cijas, tirgus izp\u0113te, z\u012bmola att\u012bst\u012bba, apm\u0101c\u012bbas un invest\u012bciju piesaiste. Sniedzam rezult\u0101tus, ietaupot J\u016bsu resursus.","og_url":"https:\/\/gatewaypartners.eu\/lv\/pakalpojumi\/","og_site_name":"Gateway &amp; Partners","article_modified_time":"2022-02-21T15:27:08+00:00","og_image":[{"width":1920,"height":1280,"url":"https:\/\/gatewaypartners.eu\/lv\/wp-content\/uploads\/sites\/2\/2017\/03\/airport-1853505_1920.jpg","type":"image\/jpeg"}],"twitter_card":"summary_large_image","schema":{"@context":"https:\/\/schema.org","@graph":[{"@type":"WebPage","@id":"https:\/\/gatewaypartners.eu\/lv\/pakalpojumi\/","url":"https:\/\/gatewaypartners.eu\/lv\/pakalpojumi\/","name":"Pakalpojumi | Gateway & Partners","isPartOf":{"@id":"https:\/\/gatewaypartners.eu\/lv\/#website"},"datePublished":"2017-03-24T15:54:34+00:00","dateModified":"2022-02-21T15:27:08+00:00","description":"M\u016bsu pakalpojumi: eksporta konsult\u0101cijas, tirgus izp\u0113te, z\u012bmola att\u012bst\u012bba, apm\u0101c\u012bbas un invest\u012bciju piesaiste. Sniedzam rezult\u0101tus, ietaupot J\u016bsu resursus.","inLanguage":"lv-LV","potentialAction":[{"@type":"ReadAction","target":["https:\/\/gatewaypartners.eu\/lv\/pakalpojumi\/"]}]},{"@type":"WebSite","@id":"https:\/\/gatewaypartners.eu\/lv\/#website","url":"https:\/\/gatewaypartners.eu\/lv\/","name":"Gateway &amp; Partners","description":"Your Export Powerhouse","potentialAction":[{"@type":"SearchAction","target":{"@type":"EntryPoint","urlTemplate":"https:\/\/gatewaypartners.eu\/lv\/?s={search_term_string}"},"query-input":"required name=search_term_string"}],"inLanguage":"lv-LV"}]}},"_links":{"self":[{"href":"https:\/\/gatewaypartners.eu\/lv\/wp-json\/wp\/v2\/pages\/544","targetHints":{"allow":["GET"]}}],"collection":[{"href":"https:\/\/gatewaypartners.eu\/lv\/wp-json\/wp\/v2\/pages"}],"about":[{"href":"https:\/\/gatewaypartners.eu\/lv\/wp-json\/wp\/v2\/types\/page"}],"author":[{"embeddable":true,"href":"https:\/\/gatewaypartners.eu\/lv\/wp-json\/wp\/v2\/users\/9"}],"replies":[{"embeddable":true,"href":"https:\/\/gatewaypartners.eu\/lv\/wp-json\/wp\/v2\/comments?post=544"}],"version-history":[{"count":4,"href":"https:\/\/gatewaypartners.eu\/lv\/wp-json\/wp\/v2\/pages\/544\/revisions"}],"predecessor-version":[{"id":1379,"href":"https:\/\/gatewaypartners.eu\/lv\/wp-json\/wp\/v2\/pages\/544\/revisions\/1379"}],"wp:featuredmedia":[{"embeddable":true,"href":"https:\/\/gatewaypartners.eu\/lv\/wp-json\/wp\/v2\/media\/391"}],"wp:attachment":[{"href":"https:\/\/gatewaypartners.eu\/lv\/wp-json\/wp\/v2\/media?parent=544"}],"curies":[{"name":"wp","href":"https:\/\/api.w.org\/{rel}","templated":true}]}}