{"id":546,"date":"2017-03-24T17:55:37","date_gmt":"2017-03-24T15:55:37","guid":{"rendered":"http:\/\/gatewaypartners.eu\/lv\/?page_id=546"},"modified":"2022-02-21T17:36:05","modified_gmt":"2022-02-21T15:36:05","slug":"dizains-dzivesstils-un-apgerbs","status":"publish","type":"page","link":"https:\/\/gatewaypartners.eu\/lv\/industrijas\/dizains-dzivesstils-un-apgerbs\/","title":{"rendered":"Dizains, dz\u012bvesstils un ap\u0123\u0113rbs"},"content":{"rendered":"","protected":false},"excerpt":{"rendered":"<p>Nereti rado\u0161ie uz\u0146\u0113mumi ir mazi un fokus\u0113jas uz br\u012bni\u0161\u0137\u012bgu produktu rad\u012b\u0161anu. M\u016bsu komanda ar liel\u0101ko prieku pal\u012bdz \u0161\u0101diem uz\u0146\u0113mumiem att\u012bst\u012bt starptautisko p\u0101rdo\u0161anu un iepaz\u012bstin\u0101t pasauli ar vair\u0101k br\u012bni\u0161\u0137\u012bg\u0101m liet\u0101m!<\/p>\n","protected":false},"author":9,"featured_media":417,"parent":569,"menu_order":9,"comment_status":"closed","ping_status":"closed","template":"template-industry.php","meta":{"inline_featured_image":false,"footnotes":""},"class_list":["post-546","page","type-page","status-publish","has-post-thumbnail","hentry"],"acf":[],"yoast_head":"<!-- This site is optimized with the Yoast SEO plugin v20.2.1 - https:\/\/yoast.com\/wordpress\/plugins\/seo\/ -->\n<title>Dizains, Dz\u012bvesstils un Ap\u0123\u0113rbs | Gateway &amp; Partners<\/title>\n<meta name=\"description\" content=\"M\u016bsu komanda ar prieku pal\u012bdz maziem uz\u0146\u0113mumiem att\u012bst\u012bt starptautisko p\u0101rdo\u0161anu. Uzziniet, ko par sadarb\u012bbu dom\u0101 m\u016bsu dizaina, dz\u012bvesstila un ap\u0123\u0113rbu klienti!\" \/>\n<meta name=\"robots\" content=\"index, follow, max-snippet:-1, max-image-preview:large, max-video-preview:-1\" \/>\n<link rel=\"canonical\" href=\"https:\/\/gatewaypartners.eu\/lv\/industrijas\/dizains-dzivesstils-un-apgerbs\/\" \/>\n<meta property=\"og:locale\" content=\"lv_LV\" \/>\n<meta property=\"og:type\" content=\"article\" \/>\n<meta property=\"og:title\" content=\"Dizains, Dz\u012bvesstils un Ap\u0123\u0113rbs | Gateway &amp; Partners\" \/>\n<meta property=\"og:description\" content=\"M\u016bsu komanda ar prieku pal\u012bdz maziem uz\u0146\u0113mumiem att\u012bst\u012bt starptautisko p\u0101rdo\u0161anu. Uzziniet, ko par sadarb\u012bbu dom\u0101 m\u016bsu dizaina, dz\u012bvesstila un ap\u0123\u0113rbu klienti!\" \/>\n<meta property=\"og:url\" content=\"https:\/\/gatewaypartners.eu\/lv\/industrijas\/dizains-dzivesstils-un-apgerbs\/\" \/>\n<meta property=\"og:site_name\" content=\"Gateway &amp; Partners\" \/>\n<meta property=\"article:modified_time\" content=\"2022-02-21T15:36:05+00:00\" \/>\n<meta property=\"og:image\" content=\"https:\/\/gatewaypartners.eu\/lv\/wp-content\/uploads\/sites\/2\/2017\/03\/Design-thread-931889_1920.jpg\" \/>\n\t<meta property=\"og:image:width\" content=\"1920\" \/>\n\t<meta property=\"og:image:height\" content=\"1439\" \/>\n\t<meta property=\"og:image:type\" content=\"image\/jpeg\" \/>\n<meta name=\"twitter:card\" content=\"summary_large_image\" \/>\n<script type=\"application\/ld+json\" class=\"yoast-schema-graph\">{\"@context\":\"https:\/\/schema.org\",\"@graph\":[{\"@type\":\"WebPage\",\"@id\":\"https:\/\/gatewaypartners.eu\/lv\/industrijas\/dizains-dzivesstils-un-apgerbs\/\",\"url\":\"https:\/\/gatewaypartners.eu\/lv\/industrijas\/dizains-dzivesstils-un-apgerbs\/\",\"name\":\"Dizains, Dz\u012bvesstils un Ap\u0123\u0113rbs | Gateway & Partners\",\"isPartOf\":{\"@id\":\"https:\/\/gatewaypartners.eu\/lv\/#website\"},\"datePublished\":\"2017-03-24T15:55:37+00:00\",\"dateModified\":\"2022-02-21T15:36:05+00:00\",\"description\":\"M\u016bsu komanda ar prieku pal\u012bdz maziem uz\u0146\u0113mumiem att\u012bst\u012bt starptautisko p\u0101rdo\u0161anu. Uzziniet, ko par sadarb\u012bbu dom\u0101 m\u016bsu dizaina, dz\u012bvesstila un ap\u0123\u0113rbu klienti!\",\"breadcrumb\":{\"@id\":\"https:\/\/gatewaypartners.eu\/lv\/industrijas\/dizains-dzivesstils-un-apgerbs\/#breadcrumb\"},\"inLanguage\":\"lv-LV\",\"potentialAction\":[{\"@type\":\"ReadAction\",\"target\":[\"https:\/\/gatewaypartners.eu\/lv\/industrijas\/dizains-dzivesstils-un-apgerbs\/\"]}]},{\"@type\":\"BreadcrumbList\",\"@id\":\"https:\/\/gatewaypartners.eu\/lv\/industrijas\/dizains-dzivesstils-un-apgerbs\/#breadcrumb\",\"itemListElement\":[{\"@type\":\"ListItem\",\"position\":1,\"name\":\"Industrijas\",\"item\":\"https:\/\/gatewaypartners.eu\/lv\/industrijas\/\"},{\"@type\":\"ListItem\",\"position\":2,\"name\":\"Dizains, dz\u012bvesstils un ap\u0123\u0113rbs\"}]},{\"@type\":\"WebSite\",\"@id\":\"https:\/\/gatewaypartners.eu\/lv\/#website\",\"url\":\"https:\/\/gatewaypartners.eu\/lv\/\",\"name\":\"Gateway &amp; Partners\",\"description\":\"Your Export Powerhouse\",\"potentialAction\":[{\"@type\":\"SearchAction\",\"target\":{\"@type\":\"EntryPoint\",\"urlTemplate\":\"https:\/\/gatewaypartners.eu\/lv\/?s={search_term_string}\"},\"query-input\":\"required name=search_term_string\"}],\"inLanguage\":\"lv-LV\"}]}<\/script>\n<!-- \/ Yoast SEO plugin. -->","yoast_head_json":{"title":"Dizains, Dz\u012bvesstils un Ap\u0123\u0113rbs | Gateway & Partners","description":"M\u016bsu komanda ar prieku pal\u012bdz maziem uz\u0146\u0113mumiem att\u012bst\u012bt starptautisko p\u0101rdo\u0161anu. Uzziniet, ko par sadarb\u012bbu dom\u0101 m\u016bsu dizaina, dz\u012bvesstila un ap\u0123\u0113rbu klienti!","robots":{"index":"index","follow":"follow","max-snippet":"max-snippet:-1","max-image-preview":"max-image-preview:large","max-video-preview":"max-video-preview:-1"},"canonical":"https:\/\/gatewaypartners.eu\/lv\/industrijas\/dizains-dzivesstils-un-apgerbs\/","og_locale":"lv_LV","og_type":"article","og_title":"Dizains, Dz\u012bvesstils un Ap\u0123\u0113rbs | Gateway & Partners","og_description":"M\u016bsu komanda ar prieku pal\u012bdz maziem uz\u0146\u0113mumiem att\u012bst\u012bt starptautisko p\u0101rdo\u0161anu. Uzziniet, ko par sadarb\u012bbu dom\u0101 m\u016bsu dizaina, dz\u012bvesstila un ap\u0123\u0113rbu klienti!","og_url":"https:\/\/gatewaypartners.eu\/lv\/industrijas\/dizains-dzivesstils-un-apgerbs\/","og_site_name":"Gateway &amp; Partners","article_modified_time":"2022-02-21T15:36:05+00:00","og_image":[{"width":1920,"height":1439,"url":"https:\/\/gatewaypartners.eu\/lv\/wp-content\/uploads\/sites\/2\/2017\/03\/Design-thread-931889_1920.jpg","type":"image\/jpeg"}],"twitter_card":"summary_large_image","schema":{"@context":"https:\/\/schema.org","@graph":[{"@type":"WebPage","@id":"https:\/\/gatewaypartners.eu\/lv\/industrijas\/dizains-dzivesstils-un-apgerbs\/","url":"https:\/\/gatewaypartners.eu\/lv\/industrijas\/dizains-dzivesstils-un-apgerbs\/","name":"Dizains, Dz\u012bvesstils un Ap\u0123\u0113rbs | Gateway & Partners","isPartOf":{"@id":"https:\/\/gatewaypartners.eu\/lv\/#website"},"datePublished":"2017-03-24T15:55:37+00:00","dateModified":"2022-02-21T15:36:05+00:00","description":"M\u016bsu komanda ar prieku pal\u012bdz maziem uz\u0146\u0113mumiem att\u012bst\u012bt starptautisko p\u0101rdo\u0161anu. Uzziniet, ko par sadarb\u012bbu dom\u0101 m\u016bsu dizaina, dz\u012bvesstila un ap\u0123\u0113rbu klienti!","breadcrumb":{"@id":"https:\/\/gatewaypartners.eu\/lv\/industrijas\/dizains-dzivesstils-un-apgerbs\/#breadcrumb"},"inLanguage":"lv-LV","potentialAction":[{"@type":"ReadAction","target":["https:\/\/gatewaypartners.eu\/lv\/industrijas\/dizains-dzivesstils-un-apgerbs\/"]}]},{"@type":"BreadcrumbList","@id":"https:\/\/gatewaypartners.eu\/lv\/industrijas\/dizains-dzivesstils-un-apgerbs\/#breadcrumb","itemListElement":[{"@type":"ListItem","position":1,"name":"Industrijas","item":"https:\/\/gatewaypartners.eu\/lv\/industrijas\/"},{"@type":"ListItem","position":2,"name":"Dizains, dz\u012bvesstils un ap\u0123\u0113rbs"}]},{"@type":"WebSite","@id":"https:\/\/gatewaypartners.eu\/lv\/#website","url":"https:\/\/gatewaypartners.eu\/lv\/","name":"Gateway &amp; Partners","description":"Your Export Powerhouse","potentialAction":[{"@type":"SearchAction","target":{"@type":"EntryPoint","urlTemplate":"https:\/\/gatewaypartners.eu\/lv\/?s={search_term_string}"},"query-input":"required name=search_term_string"}],"inLanguage":"lv-LV"}]}},"_links":{"self":[{"href":"https:\/\/gatewaypartners.eu\/lv\/wp-json\/wp\/v2\/pages\/546","targetHints":{"allow":["GET"]}}],"collection":[{"href":"https:\/\/gatewaypartners.eu\/lv\/wp-json\/wp\/v2\/pages"}],"about":[{"href":"https:\/\/gatewaypartners.eu\/lv\/wp-json\/wp\/v2\/types\/page"}],"author":[{"embeddable":true,"href":"https:\/\/gatewaypartners.eu\/lv\/wp-json\/wp\/v2\/users\/9"}],"replies":[{"embeddable":true,"href":"https:\/\/gatewaypartners.eu\/lv\/wp-json\/wp\/v2\/comments?post=546"}],"version-history":[{"count":3,"href":"https:\/\/gatewaypartners.eu\/lv\/wp-json\/wp\/v2\/pages\/546\/revisions"}],"predecessor-version":[{"id":802,"href":"https:\/\/gatewaypartners.eu\/lv\/wp-json\/wp\/v2\/pages\/546\/revisions\/802"}],"up":[{"embeddable":true,"href":"https:\/\/gatewaypartners.eu\/lv\/wp-json\/wp\/v2\/pages\/569"}],"wp:featuredmedia":[{"embeddable":true,"href":"https:\/\/gatewaypartners.eu\/lv\/wp-json\/wp\/v2\/media\/417"}],"wp:attachment":[{"href":"https:\/\/gatewaypartners.eu\/lv\/wp-json\/wp\/v2\/media?parent=546"}],"curies":[{"name":"wp","href":"https:\/\/api.w.org\/{rel}","templated":true}]}}