{"id":551,"date":"2017-03-25T17:10:16","date_gmt":"2017-03-25T15:10:16","guid":{"rendered":"http:\/\/gatewaypartners.eu\/lv\/?page_id=551"},"modified":"2022-02-21T17:35:35","modified_gmt":"2022-02-21T15:35:35","slug":"it-un-tehnologijas","status":"publish","type":"page","link":"https:\/\/gatewaypartners.eu\/lv\/industrijas\/it-un-tehnologijas\/","title":{"rendered":"IT un tehnolo\u0123ijas"},"content":{"rendered":"","protected":false},"excerpt":{"rendered":"<p>Lai gan IT uz\u0146\u0113mumi str\u0101d\u0101 digit\u0101laj\u0101 vid\u0113, ar\u012b vi\u0146iem ir nepiecie\u0161am\u012bba p\u0113c B2B partneriem un jauniem klientiem. M\u0113s sniedzam atbalstu da\u017e\u0101diem IT uz\u0146\u0113mumiem, veicot tirgus izp\u0113ti, mekl\u0113jot tiem piem\u0113rotus att\u012bst\u012b\u0161an\u0101s virzienus un biznesa partnerus s\u0101kot ar Skandin\u0101vijas valst\u012bm, l\u012bdz pat Indijai.<\/p>\n","protected":false},"author":9,"featured_media":436,"parent":569,"menu_order":8,"comment_status":"closed","ping_status":"closed","template":"template-industry.php","meta":{"inline_featured_image":false,"footnotes":""},"class_list":["post-551","page","type-page","status-publish","has-post-thumbnail","hentry"],"acf":[],"yoast_head":"<!-- This site is optimized with the Yoast SEO plugin v20.2.1 - https:\/\/yoast.com\/wordpress\/plugins\/seo\/ -->\n<title>IT un Tehnolo\u0123ijas | Gateway &amp; Partners<\/title>\n<meta name=\"description\" content=\"IT uz\u0146\u0113mumi str\u0101d\u0101 digit\u0101laj\u0101 vid\u0113, tom\u0113r ar\u012b vi\u0146iem ir nepiecie\u0161am\u012bba p\u0113c B2B partneriem un jauniem klientiem. Uzziniet, ko par mums saka m\u016bsu IT klienti!\" \/>\n<meta name=\"robots\" content=\"index, follow, max-snippet:-1, max-image-preview:large, max-video-preview:-1\" \/>\n<link rel=\"canonical\" href=\"https:\/\/gatewaypartners.eu\/lv\/industrijas\/it-un-tehnologijas\/\" \/>\n<meta property=\"og:locale\" content=\"lv_LV\" \/>\n<meta property=\"og:type\" content=\"article\" \/>\n<meta property=\"og:title\" content=\"IT un Tehnolo\u0123ijas | Gateway &amp; Partners\" \/>\n<meta property=\"og:description\" content=\"IT uz\u0146\u0113mumi str\u0101d\u0101 digit\u0101laj\u0101 vid\u0113, tom\u0113r ar\u012b vi\u0146iem ir nepiecie\u0161am\u012bba p\u0113c B2B partneriem un jauniem klientiem. Uzziniet, ko par mums saka m\u016bsu IT klienti!\" \/>\n<meta property=\"og:url\" content=\"https:\/\/gatewaypartners.eu\/lv\/industrijas\/it-un-tehnologijas\/\" \/>\n<meta property=\"og:site_name\" content=\"Gateway &amp; Partners\" \/>\n<meta property=\"article:modified_time\" content=\"2022-02-21T15:35:35+00:00\" \/>\n<meta property=\"og:image\" content=\"https:\/\/gatewaypartners.eu\/lv\/wp-content\/uploads\/sites\/2\/2017\/03\/IT-mother-board-581597-2.jpg\" \/>\n\t<meta property=\"og:image:width\" content=\"2048\" \/>\n\t<meta property=\"og:image:height\" content=\"1536\" \/>\n\t<meta property=\"og:image:type\" content=\"image\/jpeg\" \/>\n<meta name=\"twitter:card\" content=\"summary_large_image\" \/>\n<script type=\"application\/ld+json\" class=\"yoast-schema-graph\">{\"@context\":\"https:\/\/schema.org\",\"@graph\":[{\"@type\":\"WebPage\",\"@id\":\"https:\/\/gatewaypartners.eu\/lv\/industrijas\/it-un-tehnologijas\/\",\"url\":\"https:\/\/gatewaypartners.eu\/lv\/industrijas\/it-un-tehnologijas\/\",\"name\":\"IT un Tehnolo\u0123ijas | Gateway & Partners\",\"isPartOf\":{\"@id\":\"https:\/\/gatewaypartners.eu\/lv\/#website\"},\"datePublished\":\"2017-03-25T15:10:16+00:00\",\"dateModified\":\"2022-02-21T15:35:35+00:00\",\"description\":\"IT uz\u0146\u0113mumi str\u0101d\u0101 digit\u0101laj\u0101 vid\u0113, tom\u0113r ar\u012b vi\u0146iem ir nepiecie\u0161am\u012bba p\u0113c B2B partneriem un jauniem klientiem. Uzziniet, ko par mums saka m\u016bsu IT klienti!\",\"breadcrumb\":{\"@id\":\"https:\/\/gatewaypartners.eu\/lv\/industrijas\/it-un-tehnologijas\/#breadcrumb\"},\"inLanguage\":\"lv-LV\",\"potentialAction\":[{\"@type\":\"ReadAction\",\"target\":[\"https:\/\/gatewaypartners.eu\/lv\/industrijas\/it-un-tehnologijas\/\"]}]},{\"@type\":\"BreadcrumbList\",\"@id\":\"https:\/\/gatewaypartners.eu\/lv\/industrijas\/it-un-tehnologijas\/#breadcrumb\",\"itemListElement\":[{\"@type\":\"ListItem\",\"position\":1,\"name\":\"Industrijas\",\"item\":\"https:\/\/gatewaypartners.eu\/lv\/industrijas\/\"},{\"@type\":\"ListItem\",\"position\":2,\"name\":\"IT un tehnolo\u0123ijas\"}]},{\"@type\":\"WebSite\",\"@id\":\"https:\/\/gatewaypartners.eu\/lv\/#website\",\"url\":\"https:\/\/gatewaypartners.eu\/lv\/\",\"name\":\"Gateway &amp; Partners\",\"description\":\"Your Export Powerhouse\",\"potentialAction\":[{\"@type\":\"SearchAction\",\"target\":{\"@type\":\"EntryPoint\",\"urlTemplate\":\"https:\/\/gatewaypartners.eu\/lv\/?s={search_term_string}\"},\"query-input\":\"required name=search_term_string\"}],\"inLanguage\":\"lv-LV\"}]}<\/script>\n<!-- \/ Yoast SEO plugin. -->","yoast_head_json":{"title":"IT un Tehnolo\u0123ijas | Gateway & Partners","description":"IT uz\u0146\u0113mumi str\u0101d\u0101 digit\u0101laj\u0101 vid\u0113, tom\u0113r ar\u012b vi\u0146iem ir nepiecie\u0161am\u012bba p\u0113c B2B partneriem un jauniem klientiem. Uzziniet, ko par mums saka m\u016bsu IT klienti!","robots":{"index":"index","follow":"follow","max-snippet":"max-snippet:-1","max-image-preview":"max-image-preview:large","max-video-preview":"max-video-preview:-1"},"canonical":"https:\/\/gatewaypartners.eu\/lv\/industrijas\/it-un-tehnologijas\/","og_locale":"lv_LV","og_type":"article","og_title":"IT un Tehnolo\u0123ijas | Gateway & Partners","og_description":"IT uz\u0146\u0113mumi str\u0101d\u0101 digit\u0101laj\u0101 vid\u0113, tom\u0113r ar\u012b vi\u0146iem ir nepiecie\u0161am\u012bba p\u0113c B2B partneriem un jauniem klientiem. Uzziniet, ko par mums saka m\u016bsu IT klienti!","og_url":"https:\/\/gatewaypartners.eu\/lv\/industrijas\/it-un-tehnologijas\/","og_site_name":"Gateway &amp; Partners","article_modified_time":"2022-02-21T15:35:35+00:00","og_image":[{"width":2048,"height":1536,"url":"https:\/\/gatewaypartners.eu\/lv\/wp-content\/uploads\/sites\/2\/2017\/03\/IT-mother-board-581597-2.jpg","type":"image\/jpeg"}],"twitter_card":"summary_large_image","schema":{"@context":"https:\/\/schema.org","@graph":[{"@type":"WebPage","@id":"https:\/\/gatewaypartners.eu\/lv\/industrijas\/it-un-tehnologijas\/","url":"https:\/\/gatewaypartners.eu\/lv\/industrijas\/it-un-tehnologijas\/","name":"IT un Tehnolo\u0123ijas | Gateway & Partners","isPartOf":{"@id":"https:\/\/gatewaypartners.eu\/lv\/#website"},"datePublished":"2017-03-25T15:10:16+00:00","dateModified":"2022-02-21T15:35:35+00:00","description":"IT uz\u0146\u0113mumi str\u0101d\u0101 digit\u0101laj\u0101 vid\u0113, tom\u0113r ar\u012b vi\u0146iem ir nepiecie\u0161am\u012bba p\u0113c B2B partneriem un jauniem klientiem. Uzziniet, ko par mums saka m\u016bsu IT klienti!","breadcrumb":{"@id":"https:\/\/gatewaypartners.eu\/lv\/industrijas\/it-un-tehnologijas\/#breadcrumb"},"inLanguage":"lv-LV","potentialAction":[{"@type":"ReadAction","target":["https:\/\/gatewaypartners.eu\/lv\/industrijas\/it-un-tehnologijas\/"]}]},{"@type":"BreadcrumbList","@id":"https:\/\/gatewaypartners.eu\/lv\/industrijas\/it-un-tehnologijas\/#breadcrumb","itemListElement":[{"@type":"ListItem","position":1,"name":"Industrijas","item":"https:\/\/gatewaypartners.eu\/lv\/industrijas\/"},{"@type":"ListItem","position":2,"name":"IT un tehnolo\u0123ijas"}]},{"@type":"WebSite","@id":"https:\/\/gatewaypartners.eu\/lv\/#website","url":"https:\/\/gatewaypartners.eu\/lv\/","name":"Gateway &amp; Partners","description":"Your Export Powerhouse","potentialAction":[{"@type":"SearchAction","target":{"@type":"EntryPoint","urlTemplate":"https:\/\/gatewaypartners.eu\/lv\/?s={search_term_string}"},"query-input":"required name=search_term_string"}],"inLanguage":"lv-LV"}]}},"_links":{"self":[{"href":"https:\/\/gatewaypartners.eu\/lv\/wp-json\/wp\/v2\/pages\/551","targetHints":{"allow":["GET"]}}],"collection":[{"href":"https:\/\/gatewaypartners.eu\/lv\/wp-json\/wp\/v2\/pages"}],"about":[{"href":"https:\/\/gatewaypartners.eu\/lv\/wp-json\/wp\/v2\/types\/page"}],"author":[{"embeddable":true,"href":"https:\/\/gatewaypartners.eu\/lv\/wp-json\/wp\/v2\/users\/9"}],"replies":[{"embeddable":true,"href":"https:\/\/gatewaypartners.eu\/lv\/wp-json\/wp\/v2\/comments?post=551"}],"version-history":[{"count":3,"href":"https:\/\/gatewaypartners.eu\/lv\/wp-json\/wp\/v2\/pages\/551\/revisions"}],"predecessor-version":[{"id":801,"href":"https:\/\/gatewaypartners.eu\/lv\/wp-json\/wp\/v2\/pages\/551\/revisions\/801"}],"up":[{"embeddable":true,"href":"https:\/\/gatewaypartners.eu\/lv\/wp-json\/wp\/v2\/pages\/569"}],"wp:featuredmedia":[{"embeddable":true,"href":"https:\/\/gatewaypartners.eu\/lv\/wp-json\/wp\/v2\/media\/436"}],"wp:attachment":[{"href":"https:\/\/gatewaypartners.eu\/lv\/wp-json\/wp\/v2\/media?parent=551"}],"curies":[{"name":"wp","href":"https:\/\/api.w.org\/{rel}","templated":true}]}}