{"id":553,"date":"2017-03-25T17:11:43","date_gmt":"2017-03-25T15:11:43","guid":{"rendered":"http:\/\/gatewaypartners.eu\/lv\/?page_id=553"},"modified":"2022-02-21T17:35:08","modified_gmt":"2022-02-21T15:35:08","slug":"iepakojumi-un-druka","status":"publish","type":"page","link":"https:\/\/gatewaypartners.eu\/lv\/industrijas\/iepakojumi-un-druka\/","title":{"rendered":"Iepakojumi un druka"},"content":{"rendered":"","protected":false},"excerpt":{"rendered":"<p>Mainoties un palielinoties pasaules iedz\u012bvot\u0101ju iepirk\u0161an\u0101s paradumiem, iepakojums ir k\u013cuvis par neat\u0146emamu m\u016bsu ikdienas sast\u0101vda\u013cu! Laika gait\u0101 esam organiz\u0113ju\u0161i vair\u0101k k\u0101 300 p\u0101rdo\u0161anas tik\u0161an\u0101s m\u016bsu iepakojumu un drukas pakalpojumu klientiem da\u017e\u0101dos Eiropas tirgos.<\/p>\n","protected":false},"author":9,"featured_media":455,"parent":569,"menu_order":7,"comment_status":"closed","ping_status":"closed","template":"template-industry.php","meta":{"inline_featured_image":false,"footnotes":""},"class_list":["post-553","page","type-page","status-publish","has-post-thumbnail","hentry"],"acf":[],"yoast_head":"<!-- This site is optimized with the Yoast SEO plugin v20.2.1 - https:\/\/yoast.com\/wordpress\/plugins\/seo\/ -->\n<title>Iepakojumi un Druka | Gateway &amp; Partners<\/title>\n<meta name=\"description\" content=\"Iepakojums ir k\u013cuvis par neat\u0146emamu m\u016bsu ikdienas sast\u0101vda\u013cu! Uzziniet, ko par sadarb\u012bbu ar mums saka m\u016bsu iepakojuma un drukas klienti Eiropas tirgos!\" \/>\n<meta name=\"robots\" content=\"index, follow, max-snippet:-1, max-image-preview:large, max-video-preview:-1\" \/>\n<link rel=\"canonical\" href=\"https:\/\/gatewaypartners.eu\/lv\/industrijas\/iepakojumi-un-druka\/\" \/>\n<meta property=\"og:locale\" content=\"lv_LV\" \/>\n<meta property=\"og:type\" content=\"article\" \/>\n<meta property=\"og:title\" content=\"Iepakojumi un Druka | Gateway &amp; Partners\" \/>\n<meta property=\"og:description\" content=\"Iepakojums ir k\u013cuvis par neat\u0146emamu m\u016bsu ikdienas sast\u0101vda\u013cu! Uzziniet, ko par sadarb\u012bbu ar mums saka m\u016bsu iepakojuma un drukas klienti Eiropas tirgos!\" \/>\n<meta property=\"og:url\" content=\"https:\/\/gatewaypartners.eu\/lv\/industrijas\/iepakojumi-un-druka\/\" \/>\n<meta property=\"og:site_name\" content=\"Gateway &amp; Partners\" \/>\n<meta property=\"article:modified_time\" content=\"2022-02-21T15:35:08+00:00\" \/>\n<meta property=\"og:image\" content=\"https:\/\/gatewaypartners.eu\/lv\/wp-content\/uploads\/sites\/2\/2017\/03\/Packaging-toner-581905.jpg\" \/>\n\t<meta property=\"og:image:width\" content=\"2048\" \/>\n\t<meta property=\"og:image:height\" content=\"1536\" \/>\n\t<meta property=\"og:image:type\" content=\"image\/jpeg\" \/>\n<meta name=\"twitter:card\" content=\"summary_large_image\" \/>\n<script type=\"application\/ld+json\" class=\"yoast-schema-graph\">{\"@context\":\"https:\/\/schema.org\",\"@graph\":[{\"@type\":\"WebPage\",\"@id\":\"https:\/\/gatewaypartners.eu\/lv\/industrijas\/iepakojumi-un-druka\/\",\"url\":\"https:\/\/gatewaypartners.eu\/lv\/industrijas\/iepakojumi-un-druka\/\",\"name\":\"Iepakojumi un Druka | Gateway & Partners\",\"isPartOf\":{\"@id\":\"https:\/\/gatewaypartners.eu\/lv\/#website\"},\"datePublished\":\"2017-03-25T15:11:43+00:00\",\"dateModified\":\"2022-02-21T15:35:08+00:00\",\"description\":\"Iepakojums ir k\u013cuvis par neat\u0146emamu m\u016bsu ikdienas sast\u0101vda\u013cu! Uzziniet, ko par sadarb\u012bbu ar mums saka m\u016bsu iepakojuma un drukas klienti Eiropas tirgos!\",\"breadcrumb\":{\"@id\":\"https:\/\/gatewaypartners.eu\/lv\/industrijas\/iepakojumi-un-druka\/#breadcrumb\"},\"inLanguage\":\"lv-LV\",\"potentialAction\":[{\"@type\":\"ReadAction\",\"target\":[\"https:\/\/gatewaypartners.eu\/lv\/industrijas\/iepakojumi-un-druka\/\"]}]},{\"@type\":\"BreadcrumbList\",\"@id\":\"https:\/\/gatewaypartners.eu\/lv\/industrijas\/iepakojumi-un-druka\/#breadcrumb\",\"itemListElement\":[{\"@type\":\"ListItem\",\"position\":1,\"name\":\"Industrijas\",\"item\":\"https:\/\/gatewaypartners.eu\/lv\/industrijas\/\"},{\"@type\":\"ListItem\",\"position\":2,\"name\":\"Iepakojumi un druka\"}]},{\"@type\":\"WebSite\",\"@id\":\"https:\/\/gatewaypartners.eu\/lv\/#website\",\"url\":\"https:\/\/gatewaypartners.eu\/lv\/\",\"name\":\"Gateway &amp; Partners\",\"description\":\"Your Export Powerhouse\",\"potentialAction\":[{\"@type\":\"SearchAction\",\"target\":{\"@type\":\"EntryPoint\",\"urlTemplate\":\"https:\/\/gatewaypartners.eu\/lv\/?s={search_term_string}\"},\"query-input\":\"required name=search_term_string\"}],\"inLanguage\":\"lv-LV\"}]}<\/script>\n<!-- \/ Yoast SEO plugin. -->","yoast_head_json":{"title":"Iepakojumi un Druka | Gateway & Partners","description":"Iepakojums ir k\u013cuvis par neat\u0146emamu m\u016bsu ikdienas sast\u0101vda\u013cu! Uzziniet, ko par sadarb\u012bbu ar mums saka m\u016bsu iepakojuma un drukas klienti Eiropas tirgos!","robots":{"index":"index","follow":"follow","max-snippet":"max-snippet:-1","max-image-preview":"max-image-preview:large","max-video-preview":"max-video-preview:-1"},"canonical":"https:\/\/gatewaypartners.eu\/lv\/industrijas\/iepakojumi-un-druka\/","og_locale":"lv_LV","og_type":"article","og_title":"Iepakojumi un Druka | Gateway & Partners","og_description":"Iepakojums ir k\u013cuvis par neat\u0146emamu m\u016bsu ikdienas sast\u0101vda\u013cu! Uzziniet, ko par sadarb\u012bbu ar mums saka m\u016bsu iepakojuma un drukas klienti Eiropas tirgos!","og_url":"https:\/\/gatewaypartners.eu\/lv\/industrijas\/iepakojumi-un-druka\/","og_site_name":"Gateway &amp; Partners","article_modified_time":"2022-02-21T15:35:08+00:00","og_image":[{"width":2048,"height":1536,"url":"https:\/\/gatewaypartners.eu\/lv\/wp-content\/uploads\/sites\/2\/2017\/03\/Packaging-toner-581905.jpg","type":"image\/jpeg"}],"twitter_card":"summary_large_image","schema":{"@context":"https:\/\/schema.org","@graph":[{"@type":"WebPage","@id":"https:\/\/gatewaypartners.eu\/lv\/industrijas\/iepakojumi-un-druka\/","url":"https:\/\/gatewaypartners.eu\/lv\/industrijas\/iepakojumi-un-druka\/","name":"Iepakojumi un Druka | Gateway & Partners","isPartOf":{"@id":"https:\/\/gatewaypartners.eu\/lv\/#website"},"datePublished":"2017-03-25T15:11:43+00:00","dateModified":"2022-02-21T15:35:08+00:00","description":"Iepakojums ir k\u013cuvis par neat\u0146emamu m\u016bsu ikdienas sast\u0101vda\u013cu! Uzziniet, ko par sadarb\u012bbu ar mums saka m\u016bsu iepakojuma un drukas klienti Eiropas tirgos!","breadcrumb":{"@id":"https:\/\/gatewaypartners.eu\/lv\/industrijas\/iepakojumi-un-druka\/#breadcrumb"},"inLanguage":"lv-LV","potentialAction":[{"@type":"ReadAction","target":["https:\/\/gatewaypartners.eu\/lv\/industrijas\/iepakojumi-un-druka\/"]}]},{"@type":"BreadcrumbList","@id":"https:\/\/gatewaypartners.eu\/lv\/industrijas\/iepakojumi-un-druka\/#breadcrumb","itemListElement":[{"@type":"ListItem","position":1,"name":"Industrijas","item":"https:\/\/gatewaypartners.eu\/lv\/industrijas\/"},{"@type":"ListItem","position":2,"name":"Iepakojumi un druka"}]},{"@type":"WebSite","@id":"https:\/\/gatewaypartners.eu\/lv\/#website","url":"https:\/\/gatewaypartners.eu\/lv\/","name":"Gateway &amp; Partners","description":"Your Export Powerhouse","potentialAction":[{"@type":"SearchAction","target":{"@type":"EntryPoint","urlTemplate":"https:\/\/gatewaypartners.eu\/lv\/?s={search_term_string}"},"query-input":"required name=search_term_string"}],"inLanguage":"lv-LV"}]}},"_links":{"self":[{"href":"https:\/\/gatewaypartners.eu\/lv\/wp-json\/wp\/v2\/pages\/553","targetHints":{"allow":["GET"]}}],"collection":[{"href":"https:\/\/gatewaypartners.eu\/lv\/wp-json\/wp\/v2\/pages"}],"about":[{"href":"https:\/\/gatewaypartners.eu\/lv\/wp-json\/wp\/v2\/types\/page"}],"author":[{"embeddable":true,"href":"https:\/\/gatewaypartners.eu\/lv\/wp-json\/wp\/v2\/users\/9"}],"replies":[{"embeddable":true,"href":"https:\/\/gatewaypartners.eu\/lv\/wp-json\/wp\/v2\/comments?post=553"}],"version-history":[{"count":6,"href":"https:\/\/gatewaypartners.eu\/lv\/wp-json\/wp\/v2\/pages\/553\/revisions"}],"predecessor-version":[{"id":1396,"href":"https:\/\/gatewaypartners.eu\/lv\/wp-json\/wp\/v2\/pages\/553\/revisions\/1396"}],"up":[{"embeddable":true,"href":"https:\/\/gatewaypartners.eu\/lv\/wp-json\/wp\/v2\/pages\/569"}],"wp:featuredmedia":[{"embeddable":true,"href":"https:\/\/gatewaypartners.eu\/lv\/wp-json\/wp\/v2\/media\/455"}],"wp:attachment":[{"href":"https:\/\/gatewaypartners.eu\/lv\/wp-json\/wp\/v2\/media?parent=553"}],"curies":[{"name":"wp","href":"https:\/\/api.w.org\/{rel}","templated":true}]}}