{"id":555,"date":"2017-03-25T17:12:55","date_gmt":"2017-03-25T15:12:55","guid":{"rendered":"http:\/\/gatewaypartners.eu\/lv\/?page_id=555"},"modified":"2022-02-21T17:34:17","modified_gmt":"2022-02-21T15:34:17","slug":"mebeles-un-kokapstrade","status":"publish","type":"page","link":"https:\/\/gatewaypartners.eu\/lv\/industrijas\/mebeles-un-kokapstrade\/","title":{"rendered":"M\u0113beles un kokapstr\u0101de"},"content":{"rendered":"","protected":false},"excerpt":{"rendered":"<p>Zieme\u013cu re\u0123iona za\u013cais zelts ir me\u017ei un viss, ko iesp\u0113jams ra\u017eot no koka. Savas past\u0101v\u0113\u0161anas laik\u0101 m\u0113s esam pal\u012bdz\u0113ju\u0161i kokapstr\u0101des industriju p\u0101rst\u0101vo\u0161iem individu\u0101liem eksport\u0113t\u0101jiem un uz\u0146\u0113mumu grup\u0101m virz\u012bt to produktus da\u017e\u0101dos tirgos un veiksm\u012bgi att\u012bst\u012bt \u0161o industriju. <\/p>\n","protected":false},"author":9,"featured_media":441,"parent":569,"menu_order":6,"comment_status":"closed","ping_status":"closed","template":"template-industry.php","meta":{"inline_featured_image":false,"footnotes":""},"class_list":["post-555","page","type-page","status-publish","has-post-thumbnail","hentry"],"acf":[],"yoast_head":"<!-- This site is optimized with the Yoast SEO plugin v20.2.1 - https:\/\/yoast.com\/wordpress\/plugins\/seo\/ -->\n<title>M\u0113beles un Kokapstr\u0101de | Gateway &amp; Partners<\/title>\n<meta name=\"description\" content=\"Esam veiksm\u012bgi att\u012bst\u012bju\u0161i kokapstr\u0101des industiju eksportu da\u017e\u0101dos tirgos. Ieskatieties, ko par mums run\u0101 m\u0113be\u013cu un kokapstr\u0101des uz\u0146\u0113mumi!\" \/>\n<meta name=\"robots\" content=\"index, follow, max-snippet:-1, max-image-preview:large, max-video-preview:-1\" \/>\n<link rel=\"canonical\" href=\"https:\/\/gatewaypartners.eu\/lv\/industrijas\/mebeles-un-kokapstrade\/\" \/>\n<meta property=\"og:locale\" content=\"lv_LV\" \/>\n<meta property=\"og:type\" content=\"article\" \/>\n<meta property=\"og:title\" content=\"M\u0113beles un Kokapstr\u0101de | Gateway &amp; Partners\" \/>\n<meta property=\"og:description\" content=\"Esam veiksm\u012bgi att\u012bst\u012bju\u0161i kokapstr\u0101des industiju eksportu da\u017e\u0101dos tirgos. Ieskatieties, ko par mums run\u0101 m\u0113be\u013cu un kokapstr\u0101des uz\u0146\u0113mumi!\" \/>\n<meta property=\"og:url\" content=\"https:\/\/gatewaypartners.eu\/lv\/industrijas\/mebeles-un-kokapstrade\/\" \/>\n<meta property=\"og:site_name\" content=\"Gateway &amp; Partners\" \/>\n<meta property=\"article:modified_time\" content=\"2022-02-21T15:34:17+00:00\" \/>\n<meta property=\"og:image\" content=\"https:\/\/gatewaypartners.eu\/lv\/wp-content\/uploads\/sites\/2\/2017\/03\/Furniture-table-690661.jpg\" \/>\n\t<meta property=\"og:image:width\" content=\"2048\" \/>\n\t<meta property=\"og:image:height\" content=\"1360\" \/>\n\t<meta property=\"og:image:type\" content=\"image\/jpeg\" \/>\n<meta name=\"twitter:card\" content=\"summary_large_image\" \/>\n<script type=\"application\/ld+json\" class=\"yoast-schema-graph\">{\"@context\":\"https:\/\/schema.org\",\"@graph\":[{\"@type\":\"WebPage\",\"@id\":\"https:\/\/gatewaypartners.eu\/lv\/industrijas\/mebeles-un-kokapstrade\/\",\"url\":\"https:\/\/gatewaypartners.eu\/lv\/industrijas\/mebeles-un-kokapstrade\/\",\"name\":\"M\u0113beles un Kokapstr\u0101de | Gateway & Partners\",\"isPartOf\":{\"@id\":\"https:\/\/gatewaypartners.eu\/lv\/#website\"},\"datePublished\":\"2017-03-25T15:12:55+00:00\",\"dateModified\":\"2022-02-21T15:34:17+00:00\",\"description\":\"Esam veiksm\u012bgi att\u012bst\u012bju\u0161i kokapstr\u0101des industiju eksportu da\u017e\u0101dos tirgos. Ieskatieties, ko par mums run\u0101 m\u0113be\u013cu un kokapstr\u0101des uz\u0146\u0113mumi!\",\"breadcrumb\":{\"@id\":\"https:\/\/gatewaypartners.eu\/lv\/industrijas\/mebeles-un-kokapstrade\/#breadcrumb\"},\"inLanguage\":\"lv-LV\",\"potentialAction\":[{\"@type\":\"ReadAction\",\"target\":[\"https:\/\/gatewaypartners.eu\/lv\/industrijas\/mebeles-un-kokapstrade\/\"]}]},{\"@type\":\"BreadcrumbList\",\"@id\":\"https:\/\/gatewaypartners.eu\/lv\/industrijas\/mebeles-un-kokapstrade\/#breadcrumb\",\"itemListElement\":[{\"@type\":\"ListItem\",\"position\":1,\"name\":\"Industrijas\",\"item\":\"https:\/\/gatewaypartners.eu\/lv\/industrijas\/\"},{\"@type\":\"ListItem\",\"position\":2,\"name\":\"M\u0113beles un kokapstr\u0101de\"}]},{\"@type\":\"WebSite\",\"@id\":\"https:\/\/gatewaypartners.eu\/lv\/#website\",\"url\":\"https:\/\/gatewaypartners.eu\/lv\/\",\"name\":\"Gateway &amp; Partners\",\"description\":\"Your Export Powerhouse\",\"potentialAction\":[{\"@type\":\"SearchAction\",\"target\":{\"@type\":\"EntryPoint\",\"urlTemplate\":\"https:\/\/gatewaypartners.eu\/lv\/?s={search_term_string}\"},\"query-input\":\"required name=search_term_string\"}],\"inLanguage\":\"lv-LV\"}]}<\/script>\n<!-- \/ Yoast SEO plugin. -->","yoast_head_json":{"title":"M\u0113beles un Kokapstr\u0101de | Gateway & Partners","description":"Esam veiksm\u012bgi att\u012bst\u012bju\u0161i kokapstr\u0101des industiju eksportu da\u017e\u0101dos tirgos. Ieskatieties, ko par mums run\u0101 m\u0113be\u013cu un kokapstr\u0101des uz\u0146\u0113mumi!","robots":{"index":"index","follow":"follow","max-snippet":"max-snippet:-1","max-image-preview":"max-image-preview:large","max-video-preview":"max-video-preview:-1"},"canonical":"https:\/\/gatewaypartners.eu\/lv\/industrijas\/mebeles-un-kokapstrade\/","og_locale":"lv_LV","og_type":"article","og_title":"M\u0113beles un Kokapstr\u0101de | Gateway & Partners","og_description":"Esam veiksm\u012bgi att\u012bst\u012bju\u0161i kokapstr\u0101des industiju eksportu da\u017e\u0101dos tirgos. Ieskatieties, ko par mums run\u0101 m\u0113be\u013cu un kokapstr\u0101des uz\u0146\u0113mumi!","og_url":"https:\/\/gatewaypartners.eu\/lv\/industrijas\/mebeles-un-kokapstrade\/","og_site_name":"Gateway &amp; Partners","article_modified_time":"2022-02-21T15:34:17+00:00","og_image":[{"width":2048,"height":1360,"url":"https:\/\/gatewaypartners.eu\/lv\/wp-content\/uploads\/sites\/2\/2017\/03\/Furniture-table-690661.jpg","type":"image\/jpeg"}],"twitter_card":"summary_large_image","schema":{"@context":"https:\/\/schema.org","@graph":[{"@type":"WebPage","@id":"https:\/\/gatewaypartners.eu\/lv\/industrijas\/mebeles-un-kokapstrade\/","url":"https:\/\/gatewaypartners.eu\/lv\/industrijas\/mebeles-un-kokapstrade\/","name":"M\u0113beles un Kokapstr\u0101de | Gateway & Partners","isPartOf":{"@id":"https:\/\/gatewaypartners.eu\/lv\/#website"},"datePublished":"2017-03-25T15:12:55+00:00","dateModified":"2022-02-21T15:34:17+00:00","description":"Esam veiksm\u012bgi att\u012bst\u012bju\u0161i kokapstr\u0101des industiju eksportu da\u017e\u0101dos tirgos. Ieskatieties, ko par mums run\u0101 m\u0113be\u013cu un kokapstr\u0101des uz\u0146\u0113mumi!","breadcrumb":{"@id":"https:\/\/gatewaypartners.eu\/lv\/industrijas\/mebeles-un-kokapstrade\/#breadcrumb"},"inLanguage":"lv-LV","potentialAction":[{"@type":"ReadAction","target":["https:\/\/gatewaypartners.eu\/lv\/industrijas\/mebeles-un-kokapstrade\/"]}]},{"@type":"BreadcrumbList","@id":"https:\/\/gatewaypartners.eu\/lv\/industrijas\/mebeles-un-kokapstrade\/#breadcrumb","itemListElement":[{"@type":"ListItem","position":1,"name":"Industrijas","item":"https:\/\/gatewaypartners.eu\/lv\/industrijas\/"},{"@type":"ListItem","position":2,"name":"M\u0113beles un kokapstr\u0101de"}]},{"@type":"WebSite","@id":"https:\/\/gatewaypartners.eu\/lv\/#website","url":"https:\/\/gatewaypartners.eu\/lv\/","name":"Gateway &amp; Partners","description":"Your Export Powerhouse","potentialAction":[{"@type":"SearchAction","target":{"@type":"EntryPoint","urlTemplate":"https:\/\/gatewaypartners.eu\/lv\/?s={search_term_string}"},"query-input":"required name=search_term_string"}],"inLanguage":"lv-LV"}]}},"_links":{"self":[{"href":"https:\/\/gatewaypartners.eu\/lv\/wp-json\/wp\/v2\/pages\/555","targetHints":{"allow":["GET"]}}],"collection":[{"href":"https:\/\/gatewaypartners.eu\/lv\/wp-json\/wp\/v2\/pages"}],"about":[{"href":"https:\/\/gatewaypartners.eu\/lv\/wp-json\/wp\/v2\/types\/page"}],"author":[{"embeddable":true,"href":"https:\/\/gatewaypartners.eu\/lv\/wp-json\/wp\/v2\/users\/9"}],"replies":[{"embeddable":true,"href":"https:\/\/gatewaypartners.eu\/lv\/wp-json\/wp\/v2\/comments?post=555"}],"version-history":[{"count":4,"href":"https:\/\/gatewaypartners.eu\/lv\/wp-json\/wp\/v2\/pages\/555\/revisions"}],"predecessor-version":[{"id":798,"href":"https:\/\/gatewaypartners.eu\/lv\/wp-json\/wp\/v2\/pages\/555\/revisions\/798"}],"up":[{"embeddable":true,"href":"https:\/\/gatewaypartners.eu\/lv\/wp-json\/wp\/v2\/pages\/569"}],"wp:featuredmedia":[{"embeddable":true,"href":"https:\/\/gatewaypartners.eu\/lv\/wp-json\/wp\/v2\/media\/441"}],"wp:attachment":[{"href":"https:\/\/gatewaypartners.eu\/lv\/wp-json\/wp\/v2\/media?parent=555"}],"curies":[{"name":"wp","href":"https:\/\/api.w.org\/{rel}","templated":true}]}}