{"id":557,"date":"2017-03-25T17:14:04","date_gmt":"2017-03-25T15:14:04","guid":{"rendered":"http:\/\/gatewaypartners.eu\/lv\/?page_id=557"},"modified":"2022-02-21T17:33:45","modified_gmt":"2022-02-21T15:33:45","slug":"elektronikas-un-automatizacijas-industrija","status":"publish","type":"page","link":"https:\/\/gatewaypartners.eu\/lv\/industrijas\/elektronikas-un-automatizacijas-industrija\/","title":{"rendered":"Elektronikas un automatiz\u0101cijas industrija"},"content":{"rendered":"","protected":false},"excerpt":{"rendered":"<p>Jo progres\u012bv\u0101ks un inovat\u012bv\u0101ks produkts, jo lab\u0101k! M\u016bsu komanda ir ieinteres\u0113ta apg\u016bt un izzin\u0101t visu, kas saist\u012bts ar J\u016bsu produktu, lai p\u0113c iesp\u0113jas lab\u0101k ar to iepaz\u012bstin\u0101tu potenci\u0101los klientus da\u017e\u0101dos tirgos.<\/p>\n","protected":false},"author":9,"featured_media":429,"parent":569,"menu_order":5,"comment_status":"closed","ping_status":"closed","template":"template-industry.php","meta":{"inline_featured_image":false,"footnotes":""},"class_list":["post-557","page","type-page","status-publish","has-post-thumbnail","hentry"],"acf":[],"yoast_head":"<!-- This site is optimized with the Yoast SEO plugin v20.2.1 - https:\/\/yoast.com\/wordpress\/plugins\/seo\/ -->\n<title>Elektronikas Industrija | Gateway &amp; Partners<\/title>\n<meta name=\"description\" content=\"M\u016bsu komanda ir ieinteres\u0113ta izzin\u0101t visu par J\u016bsu rad\u012bto produktu. Uzziniet, ko par sadarb\u012bbu st\u0101sta m\u016bsu elektronikas un automatiz\u0101cijas klienti!\" \/>\n<meta name=\"robots\" content=\"index, follow, max-snippet:-1, max-image-preview:large, max-video-preview:-1\" \/>\n<link rel=\"canonical\" href=\"https:\/\/gatewaypartners.eu\/lv\/industrijas\/elektronikas-un-automatizacijas-industrija\/\" \/>\n<meta property=\"og:locale\" content=\"lv_LV\" \/>\n<meta property=\"og:type\" content=\"article\" \/>\n<meta property=\"og:title\" content=\"Elektronikas Industrija | Gateway &amp; Partners\" \/>\n<meta property=\"og:description\" content=\"M\u016bsu komanda ir ieinteres\u0113ta izzin\u0101t visu par J\u016bsu rad\u012bto produktu. Uzziniet, ko par sadarb\u012bbu st\u0101sta m\u016bsu elektronikas un automatiz\u0101cijas klienti!\" \/>\n<meta property=\"og:url\" content=\"https:\/\/gatewaypartners.eu\/lv\/industrijas\/elektronikas-un-automatizacijas-industrija\/\" \/>\n<meta property=\"og:site_name\" content=\"Gateway &amp; Partners\" \/>\n<meta property=\"article:modified_time\" content=\"2022-02-21T15:33:45+00:00\" \/>\n<meta property=\"og:image\" content=\"https:\/\/gatewaypartners.eu\/lv\/wp-content\/uploads\/sites\/2\/2017\/03\/Electronic-service-428538.jpg\" \/>\n\t<meta property=\"og:image:width\" content=\"2000\" \/>\n\t<meta property=\"og:image:height\" content=\"1324\" \/>\n\t<meta property=\"og:image:type\" content=\"image\/jpeg\" \/>\n<meta name=\"twitter:card\" content=\"summary_large_image\" \/>\n<script type=\"application\/ld+json\" class=\"yoast-schema-graph\">{\"@context\":\"https:\/\/schema.org\",\"@graph\":[{\"@type\":\"WebPage\",\"@id\":\"https:\/\/gatewaypartners.eu\/lv\/industrijas\/elektronikas-un-automatizacijas-industrija\/\",\"url\":\"https:\/\/gatewaypartners.eu\/lv\/industrijas\/elektronikas-un-automatizacijas-industrija\/\",\"name\":\"Elektronikas Industrija | Gateway & Partners\",\"isPartOf\":{\"@id\":\"https:\/\/gatewaypartners.eu\/lv\/#website\"},\"datePublished\":\"2017-03-25T15:14:04+00:00\",\"dateModified\":\"2022-02-21T15:33:45+00:00\",\"description\":\"M\u016bsu komanda ir ieinteres\u0113ta izzin\u0101t visu par J\u016bsu rad\u012bto produktu. Uzziniet, ko par sadarb\u012bbu st\u0101sta m\u016bsu elektronikas un automatiz\u0101cijas klienti!\",\"breadcrumb\":{\"@id\":\"https:\/\/gatewaypartners.eu\/lv\/industrijas\/elektronikas-un-automatizacijas-industrija\/#breadcrumb\"},\"inLanguage\":\"lv-LV\",\"potentialAction\":[{\"@type\":\"ReadAction\",\"target\":[\"https:\/\/gatewaypartners.eu\/lv\/industrijas\/elektronikas-un-automatizacijas-industrija\/\"]}]},{\"@type\":\"BreadcrumbList\",\"@id\":\"https:\/\/gatewaypartners.eu\/lv\/industrijas\/elektronikas-un-automatizacijas-industrija\/#breadcrumb\",\"itemListElement\":[{\"@type\":\"ListItem\",\"position\":1,\"name\":\"Industrijas\",\"item\":\"https:\/\/gatewaypartners.eu\/lv\/industrijas\/\"},{\"@type\":\"ListItem\",\"position\":2,\"name\":\"Elektronikas un automatiz\u0101cijas industrija\"}]},{\"@type\":\"WebSite\",\"@id\":\"https:\/\/gatewaypartners.eu\/lv\/#website\",\"url\":\"https:\/\/gatewaypartners.eu\/lv\/\",\"name\":\"Gateway &amp; Partners\",\"description\":\"Your Export Powerhouse\",\"potentialAction\":[{\"@type\":\"SearchAction\",\"target\":{\"@type\":\"EntryPoint\",\"urlTemplate\":\"https:\/\/gatewaypartners.eu\/lv\/?s={search_term_string}\"},\"query-input\":\"required name=search_term_string\"}],\"inLanguage\":\"lv-LV\"}]}<\/script>\n<!-- \/ Yoast SEO plugin. -->","yoast_head_json":{"title":"Elektronikas Industrija | Gateway & Partners","description":"M\u016bsu komanda ir ieinteres\u0113ta izzin\u0101t visu par J\u016bsu rad\u012bto produktu. Uzziniet, ko par sadarb\u012bbu st\u0101sta m\u016bsu elektronikas un automatiz\u0101cijas klienti!","robots":{"index":"index","follow":"follow","max-snippet":"max-snippet:-1","max-image-preview":"max-image-preview:large","max-video-preview":"max-video-preview:-1"},"canonical":"https:\/\/gatewaypartners.eu\/lv\/industrijas\/elektronikas-un-automatizacijas-industrija\/","og_locale":"lv_LV","og_type":"article","og_title":"Elektronikas Industrija | Gateway & Partners","og_description":"M\u016bsu komanda ir ieinteres\u0113ta izzin\u0101t visu par J\u016bsu rad\u012bto produktu. Uzziniet, ko par sadarb\u012bbu st\u0101sta m\u016bsu elektronikas un automatiz\u0101cijas klienti!","og_url":"https:\/\/gatewaypartners.eu\/lv\/industrijas\/elektronikas-un-automatizacijas-industrija\/","og_site_name":"Gateway &amp; Partners","article_modified_time":"2022-02-21T15:33:45+00:00","og_image":[{"width":2000,"height":1324,"url":"https:\/\/gatewaypartners.eu\/lv\/wp-content\/uploads\/sites\/2\/2017\/03\/Electronic-service-428538.jpg","type":"image\/jpeg"}],"twitter_card":"summary_large_image","schema":{"@context":"https:\/\/schema.org","@graph":[{"@type":"WebPage","@id":"https:\/\/gatewaypartners.eu\/lv\/industrijas\/elektronikas-un-automatizacijas-industrija\/","url":"https:\/\/gatewaypartners.eu\/lv\/industrijas\/elektronikas-un-automatizacijas-industrija\/","name":"Elektronikas Industrija | Gateway & Partners","isPartOf":{"@id":"https:\/\/gatewaypartners.eu\/lv\/#website"},"datePublished":"2017-03-25T15:14:04+00:00","dateModified":"2022-02-21T15:33:45+00:00","description":"M\u016bsu komanda ir ieinteres\u0113ta izzin\u0101t visu par J\u016bsu rad\u012bto produktu. Uzziniet, ko par sadarb\u012bbu st\u0101sta m\u016bsu elektronikas un automatiz\u0101cijas klienti!","breadcrumb":{"@id":"https:\/\/gatewaypartners.eu\/lv\/industrijas\/elektronikas-un-automatizacijas-industrija\/#breadcrumb"},"inLanguage":"lv-LV","potentialAction":[{"@type":"ReadAction","target":["https:\/\/gatewaypartners.eu\/lv\/industrijas\/elektronikas-un-automatizacijas-industrija\/"]}]},{"@type":"BreadcrumbList","@id":"https:\/\/gatewaypartners.eu\/lv\/industrijas\/elektronikas-un-automatizacijas-industrija\/#breadcrumb","itemListElement":[{"@type":"ListItem","position":1,"name":"Industrijas","item":"https:\/\/gatewaypartners.eu\/lv\/industrijas\/"},{"@type":"ListItem","position":2,"name":"Elektronikas un automatiz\u0101cijas industrija"}]},{"@type":"WebSite","@id":"https:\/\/gatewaypartners.eu\/lv\/#website","url":"https:\/\/gatewaypartners.eu\/lv\/","name":"Gateway &amp; Partners","description":"Your Export Powerhouse","potentialAction":[{"@type":"SearchAction","target":{"@type":"EntryPoint","urlTemplate":"https:\/\/gatewaypartners.eu\/lv\/?s={search_term_string}"},"query-input":"required name=search_term_string"}],"inLanguage":"lv-LV"}]}},"_links":{"self":[{"href":"https:\/\/gatewaypartners.eu\/lv\/wp-json\/wp\/v2\/pages\/557","targetHints":{"allow":["GET"]}}],"collection":[{"href":"https:\/\/gatewaypartners.eu\/lv\/wp-json\/wp\/v2\/pages"}],"about":[{"href":"https:\/\/gatewaypartners.eu\/lv\/wp-json\/wp\/v2\/types\/page"}],"author":[{"embeddable":true,"href":"https:\/\/gatewaypartners.eu\/lv\/wp-json\/wp\/v2\/users\/9"}],"replies":[{"embeddable":true,"href":"https:\/\/gatewaypartners.eu\/lv\/wp-json\/wp\/v2\/comments?post=557"}],"version-history":[{"count":5,"href":"https:\/\/gatewaypartners.eu\/lv\/wp-json\/wp\/v2\/pages\/557\/revisions"}],"predecessor-version":[{"id":1370,"href":"https:\/\/gatewaypartners.eu\/lv\/wp-json\/wp\/v2\/pages\/557\/revisions\/1370"}],"up":[{"embeddable":true,"href":"https:\/\/gatewaypartners.eu\/lv\/wp-json\/wp\/v2\/pages\/569"}],"wp:featuredmedia":[{"embeddable":true,"href":"https:\/\/gatewaypartners.eu\/lv\/wp-json\/wp\/v2\/media\/429"}],"wp:attachment":[{"href":"https:\/\/gatewaypartners.eu\/lv\/wp-json\/wp\/v2\/media?parent=557"}],"curies":[{"name":"wp","href":"https:\/\/api.w.org\/{rel}","templated":true}]}}