{"id":559,"date":"2017-03-25T17:15:11","date_gmt":"2017-03-25T15:15:11","guid":{"rendered":"http:\/\/gatewaypartners.eu\/lv\/?page_id=559"},"modified":"2022-02-21T17:33:24","modified_gmt":"2022-02-21T15:33:24","slug":"celtnieciba-un-buvmateriali","status":"publish","type":"page","link":"https:\/\/gatewaypartners.eu\/lv\/industrijas\/celtnieciba-un-buvmateriali\/","title":{"rendered":"Celtniec\u012bba un b\u016bvmateri\u0101li"},"content":{"rendered":"","protected":false},"excerpt":{"rendered":"<p>Pasaules iedz\u012bvot\u0101ju skaits nemain\u012bgi palielin\u0101s un ikvienam ir nepiecie\u0161amas pat\u012bkamas telpas dz\u012bvo\u0161anai. M\u016bsu pakalpojumi pal\u012bdz maza un vid\u0113j\u0101 izm\u0113ra uz\u0146\u0113mumiem dibin\u0101t kontaktus ar apak\u0161uz\u0146\u0113m\u0113jiem vai nekustamo \u012bpa\u0161umu att\u012bst\u012bt\u0101jiem to m\u0113r\u0137a tirgos, \u0161\u0101di pal\u012bdzot att\u012bst\u012bt celtniec\u012bbu Skandin\u0101vij\u0101, Eirop\u0101 vai jebkur citur pasaul\u0113.<\/p>\n","protected":false},"author":9,"featured_media":447,"parent":569,"menu_order":4,"comment_status":"closed","ping_status":"closed","template":"template-industry.php","meta":{"inline_featured_image":false,"footnotes":""},"class_list":["post-559","page","type-page","status-publish","has-post-thumbnail","hentry"],"acf":[],"yoast_head":"<!-- This site is optimized with the Yoast SEO plugin v20.2.1 - https:\/\/yoast.com\/wordpress\/plugins\/seo\/ -->\n<title>Celtniec\u012bba un B\u016bvmateri\u0101li | Gateway &amp; Partners<\/title>\n<meta name=\"description\" content=\"M\u016bsu pakalpojumi pal\u012bdz dibin\u0101t kontaktus ar uz\u0146\u0113m\u0113jiem, kas pal\u012bdz att\u012bst\u012bt celtniec\u012bbu. Iel\u016bkojieties, ko par mums run\u0101 celtniec\u012bbas uz\u0146\u0113mumi!\" \/>\n<meta name=\"robots\" content=\"index, follow, max-snippet:-1, max-image-preview:large, max-video-preview:-1\" \/>\n<link rel=\"canonical\" href=\"https:\/\/gatewaypartners.eu\/lv\/industrijas\/celtnieciba-un-buvmateriali\/\" \/>\n<meta property=\"og:locale\" content=\"lv_LV\" \/>\n<meta property=\"og:type\" content=\"article\" \/>\n<meta property=\"og:title\" content=\"Celtniec\u012bba un B\u016bvmateri\u0101li | Gateway &amp; Partners\" \/>\n<meta property=\"og:description\" content=\"M\u016bsu pakalpojumi pal\u012bdz dibin\u0101t kontaktus ar uz\u0146\u0113m\u0113jiem, kas pal\u012bdz att\u012bst\u012bt celtniec\u012bbu. Iel\u016bkojieties, ko par mums run\u0101 celtniec\u012bbas uz\u0146\u0113mumi!\" \/>\n<meta property=\"og:url\" content=\"https:\/\/gatewaypartners.eu\/lv\/industrijas\/celtnieciba-un-buvmateriali\/\" \/>\n<meta property=\"og:site_name\" content=\"Gateway &amp; Partners\" \/>\n<meta property=\"article:modified_time\" content=\"2022-02-21T15:33:24+00:00\" \/>\n<meta property=\"og:image\" content=\"https:\/\/gatewaypartners.eu\/lv\/wp-content\/uploads\/sites\/2\/2017\/03\/Construction-architecture-1210672-1.jpg\" \/>\n\t<meta property=\"og:image:width\" content=\"2048\" \/>\n\t<meta property=\"og:image:height\" content=\"1536\" \/>\n\t<meta property=\"og:image:type\" content=\"image\/jpeg\" \/>\n<meta name=\"twitter:card\" content=\"summary_large_image\" \/>\n<script type=\"application\/ld+json\" class=\"yoast-schema-graph\">{\"@context\":\"https:\/\/schema.org\",\"@graph\":[{\"@type\":\"WebPage\",\"@id\":\"https:\/\/gatewaypartners.eu\/lv\/industrijas\/celtnieciba-un-buvmateriali\/\",\"url\":\"https:\/\/gatewaypartners.eu\/lv\/industrijas\/celtnieciba-un-buvmateriali\/\",\"name\":\"Celtniec\u012bba un B\u016bvmateri\u0101li | Gateway & Partners\",\"isPartOf\":{\"@id\":\"https:\/\/gatewaypartners.eu\/lv\/#website\"},\"datePublished\":\"2017-03-25T15:15:11+00:00\",\"dateModified\":\"2022-02-21T15:33:24+00:00\",\"description\":\"M\u016bsu pakalpojumi pal\u012bdz dibin\u0101t kontaktus ar uz\u0146\u0113m\u0113jiem, kas pal\u012bdz att\u012bst\u012bt celtniec\u012bbu. Iel\u016bkojieties, ko par mums run\u0101 celtniec\u012bbas uz\u0146\u0113mumi!\",\"breadcrumb\":{\"@id\":\"https:\/\/gatewaypartners.eu\/lv\/industrijas\/celtnieciba-un-buvmateriali\/#breadcrumb\"},\"inLanguage\":\"lv-LV\",\"potentialAction\":[{\"@type\":\"ReadAction\",\"target\":[\"https:\/\/gatewaypartners.eu\/lv\/industrijas\/celtnieciba-un-buvmateriali\/\"]}]},{\"@type\":\"BreadcrumbList\",\"@id\":\"https:\/\/gatewaypartners.eu\/lv\/industrijas\/celtnieciba-un-buvmateriali\/#breadcrumb\",\"itemListElement\":[{\"@type\":\"ListItem\",\"position\":1,\"name\":\"Industrijas\",\"item\":\"https:\/\/gatewaypartners.eu\/lv\/industrijas\/\"},{\"@type\":\"ListItem\",\"position\":2,\"name\":\"Celtniec\u012bba un b\u016bvmateri\u0101li\"}]},{\"@type\":\"WebSite\",\"@id\":\"https:\/\/gatewaypartners.eu\/lv\/#website\",\"url\":\"https:\/\/gatewaypartners.eu\/lv\/\",\"name\":\"Gateway &amp; Partners\",\"description\":\"Your Export Powerhouse\",\"potentialAction\":[{\"@type\":\"SearchAction\",\"target\":{\"@type\":\"EntryPoint\",\"urlTemplate\":\"https:\/\/gatewaypartners.eu\/lv\/?s={search_term_string}\"},\"query-input\":\"required name=search_term_string\"}],\"inLanguage\":\"lv-LV\"}]}<\/script>\n<!-- \/ Yoast SEO plugin. -->","yoast_head_json":{"title":"Celtniec\u012bba un B\u016bvmateri\u0101li | Gateway & Partners","description":"M\u016bsu pakalpojumi pal\u012bdz dibin\u0101t kontaktus ar uz\u0146\u0113m\u0113jiem, kas pal\u012bdz att\u012bst\u012bt celtniec\u012bbu. Iel\u016bkojieties, ko par mums run\u0101 celtniec\u012bbas uz\u0146\u0113mumi!","robots":{"index":"index","follow":"follow","max-snippet":"max-snippet:-1","max-image-preview":"max-image-preview:large","max-video-preview":"max-video-preview:-1"},"canonical":"https:\/\/gatewaypartners.eu\/lv\/industrijas\/celtnieciba-un-buvmateriali\/","og_locale":"lv_LV","og_type":"article","og_title":"Celtniec\u012bba un B\u016bvmateri\u0101li | Gateway & Partners","og_description":"M\u016bsu pakalpojumi pal\u012bdz dibin\u0101t kontaktus ar uz\u0146\u0113m\u0113jiem, kas pal\u012bdz att\u012bst\u012bt celtniec\u012bbu. Iel\u016bkojieties, ko par mums run\u0101 celtniec\u012bbas uz\u0146\u0113mumi!","og_url":"https:\/\/gatewaypartners.eu\/lv\/industrijas\/celtnieciba-un-buvmateriali\/","og_site_name":"Gateway &amp; Partners","article_modified_time":"2022-02-21T15:33:24+00:00","og_image":[{"width":2048,"height":1536,"url":"https:\/\/gatewaypartners.eu\/lv\/wp-content\/uploads\/sites\/2\/2017\/03\/Construction-architecture-1210672-1.jpg","type":"image\/jpeg"}],"twitter_card":"summary_large_image","schema":{"@context":"https:\/\/schema.org","@graph":[{"@type":"WebPage","@id":"https:\/\/gatewaypartners.eu\/lv\/industrijas\/celtnieciba-un-buvmateriali\/","url":"https:\/\/gatewaypartners.eu\/lv\/industrijas\/celtnieciba-un-buvmateriali\/","name":"Celtniec\u012bba un B\u016bvmateri\u0101li | Gateway & Partners","isPartOf":{"@id":"https:\/\/gatewaypartners.eu\/lv\/#website"},"datePublished":"2017-03-25T15:15:11+00:00","dateModified":"2022-02-21T15:33:24+00:00","description":"M\u016bsu pakalpojumi pal\u012bdz dibin\u0101t kontaktus ar uz\u0146\u0113m\u0113jiem, kas pal\u012bdz att\u012bst\u012bt celtniec\u012bbu. Iel\u016bkojieties, ko par mums run\u0101 celtniec\u012bbas uz\u0146\u0113mumi!","breadcrumb":{"@id":"https:\/\/gatewaypartners.eu\/lv\/industrijas\/celtnieciba-un-buvmateriali\/#breadcrumb"},"inLanguage":"lv-LV","potentialAction":[{"@type":"ReadAction","target":["https:\/\/gatewaypartners.eu\/lv\/industrijas\/celtnieciba-un-buvmateriali\/"]}]},{"@type":"BreadcrumbList","@id":"https:\/\/gatewaypartners.eu\/lv\/industrijas\/celtnieciba-un-buvmateriali\/#breadcrumb","itemListElement":[{"@type":"ListItem","position":1,"name":"Industrijas","item":"https:\/\/gatewaypartners.eu\/lv\/industrijas\/"},{"@type":"ListItem","position":2,"name":"Celtniec\u012bba un b\u016bvmateri\u0101li"}]},{"@type":"WebSite","@id":"https:\/\/gatewaypartners.eu\/lv\/#website","url":"https:\/\/gatewaypartners.eu\/lv\/","name":"Gateway &amp; Partners","description":"Your Export Powerhouse","potentialAction":[{"@type":"SearchAction","target":{"@type":"EntryPoint","urlTemplate":"https:\/\/gatewaypartners.eu\/lv\/?s={search_term_string}"},"query-input":"required name=search_term_string"}],"inLanguage":"lv-LV"}]}},"_links":{"self":[{"href":"https:\/\/gatewaypartners.eu\/lv\/wp-json\/wp\/v2\/pages\/559","targetHints":{"allow":["GET"]}}],"collection":[{"href":"https:\/\/gatewaypartners.eu\/lv\/wp-json\/wp\/v2\/pages"}],"about":[{"href":"https:\/\/gatewaypartners.eu\/lv\/wp-json\/wp\/v2\/types\/page"}],"author":[{"embeddable":true,"href":"https:\/\/gatewaypartners.eu\/lv\/wp-json\/wp\/v2\/users\/9"}],"replies":[{"embeddable":true,"href":"https:\/\/gatewaypartners.eu\/lv\/wp-json\/wp\/v2\/comments?post=559"}],"version-history":[{"count":5,"href":"https:\/\/gatewaypartners.eu\/lv\/wp-json\/wp\/v2\/pages\/559\/revisions"}],"predecessor-version":[{"id":796,"href":"https:\/\/gatewaypartners.eu\/lv\/wp-json\/wp\/v2\/pages\/559\/revisions\/796"}],"up":[{"embeddable":true,"href":"https:\/\/gatewaypartners.eu\/lv\/wp-json\/wp\/v2\/pages\/569"}],"wp:featuredmedia":[{"embeddable":true,"href":"https:\/\/gatewaypartners.eu\/lv\/wp-json\/wp\/v2\/media\/447"}],"wp:attachment":[{"href":"https:\/\/gatewaypartners.eu\/lv\/wp-json\/wp\/v2\/media?parent=559"}],"curies":[{"name":"wp","href":"https:\/\/api.w.org\/{rel}","templated":true}]}}