{"id":561,"date":"2017-03-25T17:16:16","date_gmt":"2017-03-25T15:16:16","guid":{"rendered":"http:\/\/gatewaypartners.eu\/lv\/?page_id=561"},"modified":"2022-02-21T17:32:50","modified_gmt":"2022-02-21T15:32:50","slug":"ediens-un-dzerieni","status":"publish","type":"page","link":"https:\/\/gatewaypartners.eu\/lv\/industrijas\/ediens-un-dzerieni\/","title":{"rendered":"P\u0101rtika un dz\u0113rieni"},"content":{"rendered":"","protected":false},"excerpt":{"rendered":"<p>S\u0101kot no m\u016bsu uz\u0146\u0113muma dibin\u0101\u0161anas 2004. gad\u0101, m\u016bsu komanda ir specializ\u0113jusies p\u0101rtikas un dz\u0113rienu industrijas izp\u0113t\u0113 un apguv\u0113. Savas past\u0101v\u0113\u0161anas laik\u0101 esam organiz\u0113ju\u0161i neskait\u0101mus projektus \u0161o industriju p\u0101rst\u0101vjiem, sadarbojoties ar individu\u0101liem uz\u0146\u0113mumiem, uz\u0146\u0113mumu grup\u0101m vai p\u0101rtikas klasteriem, esam veicin\u0101ju\u0161i tuv\u0101ku un t\u0101l\u0101ku tirgu apguvi, nodro\u0161inot tirgus izp\u0113ti un iepaz\u012bstinot m\u0113r\u0137a valsts mazumtirgot\u0101jus, vairumtirgot\u0101jus un HoReCa sektora p\u0101rst\u0101vjus ar jauniem produktiem.<\/p>\n","protected":false},"author":9,"featured_media":440,"parent":569,"menu_order":3,"comment_status":"closed","ping_status":"closed","template":"template-industry.php","meta":{"inline_featured_image":false,"footnotes":""},"class_list":["post-561","page","type-page","status-publish","has-post-thumbnail","hentry"],"acf":[],"yoast_head":"<!-- This site is optimized with the Yoast SEO plugin v20.2.1 - https:\/\/yoast.com\/wordpress\/plugins\/seo\/ -->\n<title>P\u0101rtika un Dz\u0113rieni | Gateway &amp; Partners<\/title>\n<meta name=\"description\" content=\"No dibin\u0101\u0161anas 2004. gad\u0101 esam specializ\u0113ju\u0161ies p\u0101rtikas un dz\u0113rienu industrijas izp\u0113t\u0113 un apguv\u0113. Uzziniet, ko par mums run\u0101 p\u0101rtikas un dz\u0113rienu klienti!\" \/>\n<meta name=\"robots\" content=\"index, follow, max-snippet:-1, max-image-preview:large, max-video-preview:-1\" \/>\n<link rel=\"canonical\" href=\"https:\/\/gatewaypartners.eu\/lv\/industrijas\/ediens-un-dzerieni\/\" \/>\n<meta property=\"og:locale\" content=\"lv_LV\" \/>\n<meta property=\"og:type\" content=\"article\" \/>\n<meta property=\"og:title\" content=\"P\u0101rtika un Dz\u0113rieni | Gateway &amp; Partners\" \/>\n<meta property=\"og:description\" content=\"No dibin\u0101\u0161anas 2004. gad\u0101 esam specializ\u0113ju\u0161ies p\u0101rtikas un dz\u0113rienu industrijas izp\u0113t\u0113 un apguv\u0113. Uzziniet, ko par mums run\u0101 p\u0101rtikas un dz\u0113rienu klienti!\" \/>\n<meta property=\"og:url\" content=\"https:\/\/gatewaypartners.eu\/lv\/industrijas\/ediens-un-dzerieni\/\" \/>\n<meta property=\"og:site_name\" content=\"Gateway &amp; Partners\" \/>\n<meta property=\"article:modified_time\" content=\"2022-02-21T15:32:50+00:00\" \/>\n<meta property=\"og:image\" content=\"https:\/\/gatewaypartners.eu\/lv\/wp-content\/uploads\/sites\/2\/2017\/03\/Food-supermarket-949912.jpg\" \/>\n\t<meta property=\"og:image:width\" content=\"2048\" \/>\n\t<meta property=\"og:image:height\" content=\"1178\" \/>\n\t<meta property=\"og:image:type\" content=\"image\/jpeg\" \/>\n<meta name=\"twitter:card\" content=\"summary_large_image\" \/>\n<script type=\"application\/ld+json\" class=\"yoast-schema-graph\">{\"@context\":\"https:\/\/schema.org\",\"@graph\":[{\"@type\":\"WebPage\",\"@id\":\"https:\/\/gatewaypartners.eu\/lv\/industrijas\/ediens-un-dzerieni\/\",\"url\":\"https:\/\/gatewaypartners.eu\/lv\/industrijas\/ediens-un-dzerieni\/\",\"name\":\"P\u0101rtika un Dz\u0113rieni | Gateway & Partners\",\"isPartOf\":{\"@id\":\"https:\/\/gatewaypartners.eu\/lv\/#website\"},\"datePublished\":\"2017-03-25T15:16:16+00:00\",\"dateModified\":\"2022-02-21T15:32:50+00:00\",\"description\":\"No dibin\u0101\u0161anas 2004. gad\u0101 esam specializ\u0113ju\u0161ies p\u0101rtikas un dz\u0113rienu industrijas izp\u0113t\u0113 un apguv\u0113. Uzziniet, ko par mums run\u0101 p\u0101rtikas un dz\u0113rienu klienti!\",\"breadcrumb\":{\"@id\":\"https:\/\/gatewaypartners.eu\/lv\/industrijas\/ediens-un-dzerieni\/#breadcrumb\"},\"inLanguage\":\"lv-LV\",\"potentialAction\":[{\"@type\":\"ReadAction\",\"target\":[\"https:\/\/gatewaypartners.eu\/lv\/industrijas\/ediens-un-dzerieni\/\"]}]},{\"@type\":\"BreadcrumbList\",\"@id\":\"https:\/\/gatewaypartners.eu\/lv\/industrijas\/ediens-un-dzerieni\/#breadcrumb\",\"itemListElement\":[{\"@type\":\"ListItem\",\"position\":1,\"name\":\"Industrijas\",\"item\":\"https:\/\/gatewaypartners.eu\/lv\/industrijas\/\"},{\"@type\":\"ListItem\",\"position\":2,\"name\":\"P\u0101rtika un dz\u0113rieni\"}]},{\"@type\":\"WebSite\",\"@id\":\"https:\/\/gatewaypartners.eu\/lv\/#website\",\"url\":\"https:\/\/gatewaypartners.eu\/lv\/\",\"name\":\"Gateway &amp; Partners\",\"description\":\"Your Export Powerhouse\",\"potentialAction\":[{\"@type\":\"SearchAction\",\"target\":{\"@type\":\"EntryPoint\",\"urlTemplate\":\"https:\/\/gatewaypartners.eu\/lv\/?s={search_term_string}\"},\"query-input\":\"required name=search_term_string\"}],\"inLanguage\":\"lv-LV\"}]}<\/script>\n<!-- \/ Yoast SEO plugin. -->","yoast_head_json":{"title":"P\u0101rtika un Dz\u0113rieni | Gateway & Partners","description":"No dibin\u0101\u0161anas 2004. gad\u0101 esam specializ\u0113ju\u0161ies p\u0101rtikas un dz\u0113rienu industrijas izp\u0113t\u0113 un apguv\u0113. Uzziniet, ko par mums run\u0101 p\u0101rtikas un dz\u0113rienu klienti!","robots":{"index":"index","follow":"follow","max-snippet":"max-snippet:-1","max-image-preview":"max-image-preview:large","max-video-preview":"max-video-preview:-1"},"canonical":"https:\/\/gatewaypartners.eu\/lv\/industrijas\/ediens-un-dzerieni\/","og_locale":"lv_LV","og_type":"article","og_title":"P\u0101rtika un Dz\u0113rieni | Gateway & Partners","og_description":"No dibin\u0101\u0161anas 2004. gad\u0101 esam specializ\u0113ju\u0161ies p\u0101rtikas un dz\u0113rienu industrijas izp\u0113t\u0113 un apguv\u0113. Uzziniet, ko par mums run\u0101 p\u0101rtikas un dz\u0113rienu klienti!","og_url":"https:\/\/gatewaypartners.eu\/lv\/industrijas\/ediens-un-dzerieni\/","og_site_name":"Gateway &amp; Partners","article_modified_time":"2022-02-21T15:32:50+00:00","og_image":[{"width":2048,"height":1178,"url":"https:\/\/gatewaypartners.eu\/lv\/wp-content\/uploads\/sites\/2\/2017\/03\/Food-supermarket-949912.jpg","type":"image\/jpeg"}],"twitter_card":"summary_large_image","schema":{"@context":"https:\/\/schema.org","@graph":[{"@type":"WebPage","@id":"https:\/\/gatewaypartners.eu\/lv\/industrijas\/ediens-un-dzerieni\/","url":"https:\/\/gatewaypartners.eu\/lv\/industrijas\/ediens-un-dzerieni\/","name":"P\u0101rtika un Dz\u0113rieni | Gateway & Partners","isPartOf":{"@id":"https:\/\/gatewaypartners.eu\/lv\/#website"},"datePublished":"2017-03-25T15:16:16+00:00","dateModified":"2022-02-21T15:32:50+00:00","description":"No dibin\u0101\u0161anas 2004. gad\u0101 esam specializ\u0113ju\u0161ies p\u0101rtikas un dz\u0113rienu industrijas izp\u0113t\u0113 un apguv\u0113. Uzziniet, ko par mums run\u0101 p\u0101rtikas un dz\u0113rienu klienti!","breadcrumb":{"@id":"https:\/\/gatewaypartners.eu\/lv\/industrijas\/ediens-un-dzerieni\/#breadcrumb"},"inLanguage":"lv-LV","potentialAction":[{"@type":"ReadAction","target":["https:\/\/gatewaypartners.eu\/lv\/industrijas\/ediens-un-dzerieni\/"]}]},{"@type":"BreadcrumbList","@id":"https:\/\/gatewaypartners.eu\/lv\/industrijas\/ediens-un-dzerieni\/#breadcrumb","itemListElement":[{"@type":"ListItem","position":1,"name":"Industrijas","item":"https:\/\/gatewaypartners.eu\/lv\/industrijas\/"},{"@type":"ListItem","position":2,"name":"P\u0101rtika un dz\u0113rieni"}]},{"@type":"WebSite","@id":"https:\/\/gatewaypartners.eu\/lv\/#website","url":"https:\/\/gatewaypartners.eu\/lv\/","name":"Gateway &amp; Partners","description":"Your Export Powerhouse","potentialAction":[{"@type":"SearchAction","target":{"@type":"EntryPoint","urlTemplate":"https:\/\/gatewaypartners.eu\/lv\/?s={search_term_string}"},"query-input":"required name=search_term_string"}],"inLanguage":"lv-LV"}]}},"_links":{"self":[{"href":"https:\/\/gatewaypartners.eu\/lv\/wp-json\/wp\/v2\/pages\/561","targetHints":{"allow":["GET"]}}],"collection":[{"href":"https:\/\/gatewaypartners.eu\/lv\/wp-json\/wp\/v2\/pages"}],"about":[{"href":"https:\/\/gatewaypartners.eu\/lv\/wp-json\/wp\/v2\/types\/page"}],"author":[{"embeddable":true,"href":"https:\/\/gatewaypartners.eu\/lv\/wp-json\/wp\/v2\/users\/9"}],"replies":[{"embeddable":true,"href":"https:\/\/gatewaypartners.eu\/lv\/wp-json\/wp\/v2\/comments?post=561"}],"version-history":[{"count":5,"href":"https:\/\/gatewaypartners.eu\/lv\/wp-json\/wp\/v2\/pages\/561\/revisions"}],"predecessor-version":[{"id":795,"href":"https:\/\/gatewaypartners.eu\/lv\/wp-json\/wp\/v2\/pages\/561\/revisions\/795"}],"up":[{"embeddable":true,"href":"https:\/\/gatewaypartners.eu\/lv\/wp-json\/wp\/v2\/pages\/569"}],"wp:featuredmedia":[{"embeddable":true,"href":"https:\/\/gatewaypartners.eu\/lv\/wp-json\/wp\/v2\/media\/440"}],"wp:attachment":[{"href":"https:\/\/gatewaypartners.eu\/lv\/wp-json\/wp\/v2\/media?parent=561"}],"curies":[{"name":"wp","href":"https:\/\/api.w.org\/{rel}","templated":true}]}}