{"id":563,"date":"2017-03-25T17:17:30","date_gmt":"2017-03-25T15:17:30","guid":{"rendered":"http:\/\/gatewaypartners.eu\/lv\/?page_id=563"},"modified":"2022-02-21T17:31:45","modified_gmt":"2022-02-21T15:31:45","slug":"metalapstrade-un-mehaniskas-iekartas","status":"publish","type":"page","link":"https:\/\/gatewaypartners.eu\/lv\/industrijas\/metalapstrade-un-mehaniskas-iekartas\/","title":{"rendered":"Met\u0101lapstr\u0101de un meh\u0101nisk\u0101s iek\u0101rtas"},"content":{"rendered":"","protected":false},"excerpt":{"rendered":"<p>Esam organiz\u0113ju\u0161i neskait\u0101mus projektus, kuru ietvaros esam iepaz\u012bstin\u0101ju\u0161i m\u016bsu klientus ar pieg\u0101d\u0101t\u0101ju \u0137\u0113des atbild\u012bgaj\u0101m person\u0101m, nodro\u0161inot efekt\u012bvu komunik\u0101ciju starp uz\u0146\u0113mumiem. M\u016bsu ikdien\u0101 ietilpst sadarb\u012bba ar auto, meh\u0101nisko iek\u0101rtu, transporta vai celtniec\u012bbas industriju \u0123ener\u0101l un apak\u0161uz\u0146\u0113m\u0113jiem.<\/p>\n","protected":false},"author":9,"featured_media":452,"parent":569,"menu_order":2,"comment_status":"closed","ping_status":"closed","template":"template-industry.php","meta":{"inline_featured_image":false,"footnotes":""},"class_list":["post-563","page","type-page","status-publish","has-post-thumbnail","hentry"],"acf":[],"yoast_head":"<!-- This site is optimized with the Yoast SEO plugin v20.2.1 - https:\/\/yoast.com\/wordpress\/plugins\/seo\/ -->\n<title>Met\u0101lapstr\u0101de un Meh\u0101nisk\u0101s Iek\u0101rtas | Gateway &amp; Partners<\/title>\n<meta name=\"description\" content=\"M\u016bsu ikdienu veido sadarb\u012bba ar auto, meh\u0101nisko iek\u0101rtu, transporta vai celtniec\u012bbas industriju uz\u0146\u0113m\u0113jiem. Uzziniet, ko par mums st\u0101sta klienti!\" \/>\n<meta name=\"robots\" content=\"index, follow, max-snippet:-1, max-image-preview:large, max-video-preview:-1\" \/>\n<link rel=\"canonical\" href=\"https:\/\/gatewaypartners.eu\/lv\/industrijas\/metalapstrade-un-mehaniskas-iekartas\/\" \/>\n<meta property=\"og:locale\" content=\"lv_LV\" \/>\n<meta property=\"og:type\" content=\"article\" \/>\n<meta property=\"og:title\" content=\"Met\u0101lapstr\u0101de un Meh\u0101nisk\u0101s Iek\u0101rtas | Gateway &amp; Partners\" \/>\n<meta property=\"og:description\" content=\"M\u016bsu ikdienu veido sadarb\u012bba ar auto, meh\u0101nisko iek\u0101rtu, transporta vai celtniec\u012bbas industriju uz\u0146\u0113m\u0113jiem. Uzziniet, ko par mums st\u0101sta klienti!\" \/>\n<meta property=\"og:url\" content=\"https:\/\/gatewaypartners.eu\/lv\/industrijas\/metalapstrade-un-mehaniskas-iekartas\/\" \/>\n<meta property=\"og:site_name\" content=\"Gateway &amp; Partners\" \/>\n<meta property=\"article:modified_time\" content=\"2022-02-21T15:31:45+00:00\" \/>\n<meta property=\"og:image\" content=\"https:\/\/gatewaypartners.eu\/lv\/wp-content\/uploads\/sites\/2\/2017\/03\/Metalworking-drill-444493-2.jpg\" \/>\n\t<meta property=\"og:image:width\" content=\"2048\" \/>\n\t<meta property=\"og:image:height\" content=\"1367\" \/>\n\t<meta property=\"og:image:type\" content=\"image\/jpeg\" \/>\n<meta name=\"twitter:card\" content=\"summary_large_image\" \/>\n<script type=\"application\/ld+json\" class=\"yoast-schema-graph\">{\"@context\":\"https:\/\/schema.org\",\"@graph\":[{\"@type\":\"WebPage\",\"@id\":\"https:\/\/gatewaypartners.eu\/lv\/industrijas\/metalapstrade-un-mehaniskas-iekartas\/\",\"url\":\"https:\/\/gatewaypartners.eu\/lv\/industrijas\/metalapstrade-un-mehaniskas-iekartas\/\",\"name\":\"Met\u0101lapstr\u0101de un Meh\u0101nisk\u0101s Iek\u0101rtas | Gateway & Partners\",\"isPartOf\":{\"@id\":\"https:\/\/gatewaypartners.eu\/lv\/#website\"},\"datePublished\":\"2017-03-25T15:17:30+00:00\",\"dateModified\":\"2022-02-21T15:31:45+00:00\",\"description\":\"M\u016bsu ikdienu veido sadarb\u012bba ar auto, meh\u0101nisko iek\u0101rtu, transporta vai celtniec\u012bbas industriju uz\u0146\u0113m\u0113jiem. Uzziniet, ko par mums st\u0101sta klienti!\",\"breadcrumb\":{\"@id\":\"https:\/\/gatewaypartners.eu\/lv\/industrijas\/metalapstrade-un-mehaniskas-iekartas\/#breadcrumb\"},\"inLanguage\":\"lv-LV\",\"potentialAction\":[{\"@type\":\"ReadAction\",\"target\":[\"https:\/\/gatewaypartners.eu\/lv\/industrijas\/metalapstrade-un-mehaniskas-iekartas\/\"]}]},{\"@type\":\"BreadcrumbList\",\"@id\":\"https:\/\/gatewaypartners.eu\/lv\/industrijas\/metalapstrade-un-mehaniskas-iekartas\/#breadcrumb\",\"itemListElement\":[{\"@type\":\"ListItem\",\"position\":1,\"name\":\"Industrijas\",\"item\":\"https:\/\/gatewaypartners.eu\/lv\/industrijas\/\"},{\"@type\":\"ListItem\",\"position\":2,\"name\":\"Met\u0101lapstr\u0101de un meh\u0101nisk\u0101s iek\u0101rtas\"}]},{\"@type\":\"WebSite\",\"@id\":\"https:\/\/gatewaypartners.eu\/lv\/#website\",\"url\":\"https:\/\/gatewaypartners.eu\/lv\/\",\"name\":\"Gateway &amp; Partners\",\"description\":\"Your Export Powerhouse\",\"potentialAction\":[{\"@type\":\"SearchAction\",\"target\":{\"@type\":\"EntryPoint\",\"urlTemplate\":\"https:\/\/gatewaypartners.eu\/lv\/?s={search_term_string}\"},\"query-input\":\"required name=search_term_string\"}],\"inLanguage\":\"lv-LV\"}]}<\/script>\n<!-- \/ Yoast SEO plugin. -->","yoast_head_json":{"title":"Met\u0101lapstr\u0101de un Meh\u0101nisk\u0101s Iek\u0101rtas | Gateway & Partners","description":"M\u016bsu ikdienu veido sadarb\u012bba ar auto, meh\u0101nisko iek\u0101rtu, transporta vai celtniec\u012bbas industriju uz\u0146\u0113m\u0113jiem. Uzziniet, ko par mums st\u0101sta klienti!","robots":{"index":"index","follow":"follow","max-snippet":"max-snippet:-1","max-image-preview":"max-image-preview:large","max-video-preview":"max-video-preview:-1"},"canonical":"https:\/\/gatewaypartners.eu\/lv\/industrijas\/metalapstrade-un-mehaniskas-iekartas\/","og_locale":"lv_LV","og_type":"article","og_title":"Met\u0101lapstr\u0101de un Meh\u0101nisk\u0101s Iek\u0101rtas | Gateway & Partners","og_description":"M\u016bsu ikdienu veido sadarb\u012bba ar auto, meh\u0101nisko iek\u0101rtu, transporta vai celtniec\u012bbas industriju uz\u0146\u0113m\u0113jiem. Uzziniet, ko par mums st\u0101sta klienti!","og_url":"https:\/\/gatewaypartners.eu\/lv\/industrijas\/metalapstrade-un-mehaniskas-iekartas\/","og_site_name":"Gateway &amp; Partners","article_modified_time":"2022-02-21T15:31:45+00:00","og_image":[{"width":2048,"height":1367,"url":"https:\/\/gatewaypartners.eu\/lv\/wp-content\/uploads\/sites\/2\/2017\/03\/Metalworking-drill-444493-2.jpg","type":"image\/jpeg"}],"twitter_card":"summary_large_image","schema":{"@context":"https:\/\/schema.org","@graph":[{"@type":"WebPage","@id":"https:\/\/gatewaypartners.eu\/lv\/industrijas\/metalapstrade-un-mehaniskas-iekartas\/","url":"https:\/\/gatewaypartners.eu\/lv\/industrijas\/metalapstrade-un-mehaniskas-iekartas\/","name":"Met\u0101lapstr\u0101de un Meh\u0101nisk\u0101s Iek\u0101rtas | Gateway & Partners","isPartOf":{"@id":"https:\/\/gatewaypartners.eu\/lv\/#website"},"datePublished":"2017-03-25T15:17:30+00:00","dateModified":"2022-02-21T15:31:45+00:00","description":"M\u016bsu ikdienu veido sadarb\u012bba ar auto, meh\u0101nisko iek\u0101rtu, transporta vai celtniec\u012bbas industriju uz\u0146\u0113m\u0113jiem. Uzziniet, ko par mums st\u0101sta klienti!","breadcrumb":{"@id":"https:\/\/gatewaypartners.eu\/lv\/industrijas\/metalapstrade-un-mehaniskas-iekartas\/#breadcrumb"},"inLanguage":"lv-LV","potentialAction":[{"@type":"ReadAction","target":["https:\/\/gatewaypartners.eu\/lv\/industrijas\/metalapstrade-un-mehaniskas-iekartas\/"]}]},{"@type":"BreadcrumbList","@id":"https:\/\/gatewaypartners.eu\/lv\/industrijas\/metalapstrade-un-mehaniskas-iekartas\/#breadcrumb","itemListElement":[{"@type":"ListItem","position":1,"name":"Industrijas","item":"https:\/\/gatewaypartners.eu\/lv\/industrijas\/"},{"@type":"ListItem","position":2,"name":"Met\u0101lapstr\u0101de un meh\u0101nisk\u0101s iek\u0101rtas"}]},{"@type":"WebSite","@id":"https:\/\/gatewaypartners.eu\/lv\/#website","url":"https:\/\/gatewaypartners.eu\/lv\/","name":"Gateway &amp; Partners","description":"Your Export Powerhouse","potentialAction":[{"@type":"SearchAction","target":{"@type":"EntryPoint","urlTemplate":"https:\/\/gatewaypartners.eu\/lv\/?s={search_term_string}"},"query-input":"required name=search_term_string"}],"inLanguage":"lv-LV"}]}},"_links":{"self":[{"href":"https:\/\/gatewaypartners.eu\/lv\/wp-json\/wp\/v2\/pages\/563","targetHints":{"allow":["GET"]}}],"collection":[{"href":"https:\/\/gatewaypartners.eu\/lv\/wp-json\/wp\/v2\/pages"}],"about":[{"href":"https:\/\/gatewaypartners.eu\/lv\/wp-json\/wp\/v2\/types\/page"}],"author":[{"embeddable":true,"href":"https:\/\/gatewaypartners.eu\/lv\/wp-json\/wp\/v2\/users\/9"}],"replies":[{"embeddable":true,"href":"https:\/\/gatewaypartners.eu\/lv\/wp-json\/wp\/v2\/comments?post=563"}],"version-history":[{"count":5,"href":"https:\/\/gatewaypartners.eu\/lv\/wp-json\/wp\/v2\/pages\/563\/revisions"}],"predecessor-version":[{"id":793,"href":"https:\/\/gatewaypartners.eu\/lv\/wp-json\/wp\/v2\/pages\/563\/revisions\/793"}],"up":[{"embeddable":true,"href":"https:\/\/gatewaypartners.eu\/lv\/wp-json\/wp\/v2\/pages\/569"}],"wp:featuredmedia":[{"embeddable":true,"href":"https:\/\/gatewaypartners.eu\/lv\/wp-json\/wp\/v2\/media\/452"}],"wp:attachment":[{"href":"https:\/\/gatewaypartners.eu\/lv\/wp-json\/wp\/v2\/media?parent=563"}],"curies":[{"name":"wp","href":"https:\/\/api.w.org\/{rel}","templated":true}]}}