{"id":565,"date":"2017-03-25T17:18:58","date_gmt":"2017-03-25T15:18:58","guid":{"rendered":"http:\/\/gatewaypartners.eu\/lv\/?page_id=565"},"modified":"2022-02-21T17:31:16","modified_gmt":"2022-02-21T15:31:16","slug":"starptautiskas-tirdzniecibas-organizacijas-un-klasteri","status":"publish","type":"page","link":"https:\/\/gatewaypartners.eu\/lv\/industrijas\/starptautiskas-tirdzniecibas-organizacijas-un-klasteri\/","title":{"rendered":"Starptautiskas tirdzniec\u012bbas organiz\u0101cijas un klasteri"},"content":{"rendered":"<p>Uz\u0146\u0113mumam Gateway &amp; Partners uzticas vair\u0101kas tirdzniec\u012bbas veicin\u0101\u0161anas a\u0123ent\u016bras, klasteri un asoci\u0101cijas. Gateway &amp; Partners pied\u0101v\u0101tie pakalpojumi ietver tirgus izp\u0113ti, B2B p\u0101rdo\u0161anas att\u012bst\u012b\u0161anu tirdzniec\u012bbas misiju ietvaros, B2B kontakt-bir\u017eu un pirc\u0113ju viz\u012b\u0161u organiz\u0113\u0161anu.<\/p>\n","protected":false},"excerpt":{"rendered":"<p>Uz\u0146\u0113mumam Gateway &#038; Partners uzticas vair\u0101kas tirdzniec\u012bbas veicin\u0101\u0161anas a\u0123ent\u016bras, klasteri un asoci\u0101cijas. Gateway &#038; Partners pied\u0101v\u0101tie pakalpojumi ietver tirgus izp\u0113ti, B2B p\u0101rdo\u0161anas att\u012bst\u012b\u0161anu tirdzniec\u012bbas misiju ietvaros, B2B kontakt-bir\u017eu un pirc\u0113ju viz\u012b\u0161u organiz\u0113\u0161anu. <\/p>\n","protected":false},"author":9,"featured_media":437,"parent":569,"menu_order":1,"comment_status":"closed","ping_status":"closed","template":"template-industry.php","meta":{"inline_featured_image":false,"footnotes":""},"class_list":["post-565","page","type-page","status-publish","has-post-thumbnail","hentry"],"acf":[],"yoast_head":"<!-- This site is optimized with the Yoast SEO plugin v20.2.1 - https:\/\/yoast.com\/wordpress\/plugins\/seo\/ -->\n<title>Starptautiskas Eksporta Organiz\u0101cijas | Gateway &amp; Partners<\/title>\n<meta name=\"description\" content=\"Gateway &amp; Partners ir uztic\u0113ju\u0161\u0101s da\u017e\u0101das tirdzniec\u012bbas veicin\u0101\u0161anas a\u0123ent\u016bras, klasteri un asoci\u0101cijas. Uzziniet, ko par sadarb\u012bbu ar mums run\u0101 m\u016bsu klienti!\" \/>\n<meta name=\"robots\" content=\"index, follow, max-snippet:-1, max-image-preview:large, max-video-preview:-1\" \/>\n<link rel=\"canonical\" href=\"https:\/\/gatewaypartners.eu\/lv\/industrijas\/starptautiskas-tirdzniecibas-organizacijas-un-klasteri\/\" \/>\n<meta property=\"og:locale\" content=\"lv_LV\" \/>\n<meta property=\"og:type\" content=\"article\" \/>\n<meta property=\"og:title\" content=\"Starptautiskas Eksporta Organiz\u0101cijas | Gateway &amp; Partners\" \/>\n<meta property=\"og:description\" content=\"Gateway &amp; Partners ir uztic\u0113ju\u0161\u0101s da\u017e\u0101das tirdzniec\u012bbas veicin\u0101\u0161anas a\u0123ent\u016bras, klasteri un asoci\u0101cijas. Uzziniet, ko par sadarb\u012bbu ar mums run\u0101 m\u016bsu klienti!\" \/>\n<meta property=\"og:url\" content=\"https:\/\/gatewaypartners.eu\/lv\/industrijas\/starptautiskas-tirdzniecibas-organizacijas-un-klasteri\/\" \/>\n<meta property=\"og:site_name\" content=\"Gateway &amp; Partners\" \/>\n<meta property=\"article:modified_time\" content=\"2022-02-21T15:31:16+00:00\" \/>\n<meta property=\"og:image\" content=\"https:\/\/gatewaypartners.eu\/lv\/wp-content\/uploads\/sites\/2\/2017\/03\/Careers-roof-top-1436884.jpg\" \/>\n\t<meta property=\"og:image:width\" content=\"2048\" \/>\n\t<meta property=\"og:image:height\" content=\"1365\" \/>\n\t<meta property=\"og:image:type\" content=\"image\/jpeg\" \/>\n<meta name=\"twitter:card\" content=\"summary_large_image\" \/>\n<script type=\"application\/ld+json\" class=\"yoast-schema-graph\">{\"@context\":\"https:\/\/schema.org\",\"@graph\":[{\"@type\":\"WebPage\",\"@id\":\"https:\/\/gatewaypartners.eu\/lv\/industrijas\/starptautiskas-tirdzniecibas-organizacijas-un-klasteri\/\",\"url\":\"https:\/\/gatewaypartners.eu\/lv\/industrijas\/starptautiskas-tirdzniecibas-organizacijas-un-klasteri\/\",\"name\":\"Starptautiskas Eksporta Organiz\u0101cijas | Gateway & Partners\",\"isPartOf\":{\"@id\":\"https:\/\/gatewaypartners.eu\/lv\/#website\"},\"datePublished\":\"2017-03-25T15:18:58+00:00\",\"dateModified\":\"2022-02-21T15:31:16+00:00\",\"description\":\"Gateway & Partners ir uztic\u0113ju\u0161\u0101s da\u017e\u0101das tirdzniec\u012bbas veicin\u0101\u0161anas a\u0123ent\u016bras, klasteri un asoci\u0101cijas. Uzziniet, ko par sadarb\u012bbu ar mums run\u0101 m\u016bsu klienti!\",\"breadcrumb\":{\"@id\":\"https:\/\/gatewaypartners.eu\/lv\/industrijas\/starptautiskas-tirdzniecibas-organizacijas-un-klasteri\/#breadcrumb\"},\"inLanguage\":\"lv-LV\",\"potentialAction\":[{\"@type\":\"ReadAction\",\"target\":[\"https:\/\/gatewaypartners.eu\/lv\/industrijas\/starptautiskas-tirdzniecibas-organizacijas-un-klasteri\/\"]}]},{\"@type\":\"BreadcrumbList\",\"@id\":\"https:\/\/gatewaypartners.eu\/lv\/industrijas\/starptautiskas-tirdzniecibas-organizacijas-un-klasteri\/#breadcrumb\",\"itemListElement\":[{\"@type\":\"ListItem\",\"position\":1,\"name\":\"Industrijas\",\"item\":\"https:\/\/gatewaypartners.eu\/lv\/industrijas\/\"},{\"@type\":\"ListItem\",\"position\":2,\"name\":\"Starptautiskas tirdzniec\u012bbas organiz\u0101cijas un klasteri\"}]},{\"@type\":\"WebSite\",\"@id\":\"https:\/\/gatewaypartners.eu\/lv\/#website\",\"url\":\"https:\/\/gatewaypartners.eu\/lv\/\",\"name\":\"Gateway &amp; Partners\",\"description\":\"Your Export Powerhouse\",\"potentialAction\":[{\"@type\":\"SearchAction\",\"target\":{\"@type\":\"EntryPoint\",\"urlTemplate\":\"https:\/\/gatewaypartners.eu\/lv\/?s={search_term_string}\"},\"query-input\":\"required name=search_term_string\"}],\"inLanguage\":\"lv-LV\"}]}<\/script>\n<!-- \/ Yoast SEO plugin. -->","yoast_head_json":{"title":"Starptautiskas Eksporta Organiz\u0101cijas | Gateway & Partners","description":"Gateway & Partners ir uztic\u0113ju\u0161\u0101s da\u017e\u0101das tirdzniec\u012bbas veicin\u0101\u0161anas a\u0123ent\u016bras, klasteri un asoci\u0101cijas. Uzziniet, ko par sadarb\u012bbu ar mums run\u0101 m\u016bsu klienti!","robots":{"index":"index","follow":"follow","max-snippet":"max-snippet:-1","max-image-preview":"max-image-preview:large","max-video-preview":"max-video-preview:-1"},"canonical":"https:\/\/gatewaypartners.eu\/lv\/industrijas\/starptautiskas-tirdzniecibas-organizacijas-un-klasteri\/","og_locale":"lv_LV","og_type":"article","og_title":"Starptautiskas Eksporta Organiz\u0101cijas | Gateway & Partners","og_description":"Gateway & Partners ir uztic\u0113ju\u0161\u0101s da\u017e\u0101das tirdzniec\u012bbas veicin\u0101\u0161anas a\u0123ent\u016bras, klasteri un asoci\u0101cijas. Uzziniet, ko par sadarb\u012bbu ar mums run\u0101 m\u016bsu klienti!","og_url":"https:\/\/gatewaypartners.eu\/lv\/industrijas\/starptautiskas-tirdzniecibas-organizacijas-un-klasteri\/","og_site_name":"Gateway &amp; Partners","article_modified_time":"2022-02-21T15:31:16+00:00","og_image":[{"width":2048,"height":1365,"url":"https:\/\/gatewaypartners.eu\/lv\/wp-content\/uploads\/sites\/2\/2017\/03\/Careers-roof-top-1436884.jpg","type":"image\/jpeg"}],"twitter_card":"summary_large_image","schema":{"@context":"https:\/\/schema.org","@graph":[{"@type":"WebPage","@id":"https:\/\/gatewaypartners.eu\/lv\/industrijas\/starptautiskas-tirdzniecibas-organizacijas-un-klasteri\/","url":"https:\/\/gatewaypartners.eu\/lv\/industrijas\/starptautiskas-tirdzniecibas-organizacijas-un-klasteri\/","name":"Starptautiskas Eksporta Organiz\u0101cijas | Gateway & Partners","isPartOf":{"@id":"https:\/\/gatewaypartners.eu\/lv\/#website"},"datePublished":"2017-03-25T15:18:58+00:00","dateModified":"2022-02-21T15:31:16+00:00","description":"Gateway & Partners ir uztic\u0113ju\u0161\u0101s da\u017e\u0101das tirdzniec\u012bbas veicin\u0101\u0161anas a\u0123ent\u016bras, klasteri un asoci\u0101cijas. Uzziniet, ko par sadarb\u012bbu ar mums run\u0101 m\u016bsu klienti!","breadcrumb":{"@id":"https:\/\/gatewaypartners.eu\/lv\/industrijas\/starptautiskas-tirdzniecibas-organizacijas-un-klasteri\/#breadcrumb"},"inLanguage":"lv-LV","potentialAction":[{"@type":"ReadAction","target":["https:\/\/gatewaypartners.eu\/lv\/industrijas\/starptautiskas-tirdzniecibas-organizacijas-un-klasteri\/"]}]},{"@type":"BreadcrumbList","@id":"https:\/\/gatewaypartners.eu\/lv\/industrijas\/starptautiskas-tirdzniecibas-organizacijas-un-klasteri\/#breadcrumb","itemListElement":[{"@type":"ListItem","position":1,"name":"Industrijas","item":"https:\/\/gatewaypartners.eu\/lv\/industrijas\/"},{"@type":"ListItem","position":2,"name":"Starptautiskas tirdzniec\u012bbas organiz\u0101cijas un klasteri"}]},{"@type":"WebSite","@id":"https:\/\/gatewaypartners.eu\/lv\/#website","url":"https:\/\/gatewaypartners.eu\/lv\/","name":"Gateway &amp; Partners","description":"Your Export Powerhouse","potentialAction":[{"@type":"SearchAction","target":{"@type":"EntryPoint","urlTemplate":"https:\/\/gatewaypartners.eu\/lv\/?s={search_term_string}"},"query-input":"required name=search_term_string"}],"inLanguage":"lv-LV"}]}},"_links":{"self":[{"href":"https:\/\/gatewaypartners.eu\/lv\/wp-json\/wp\/v2\/pages\/565","targetHints":{"allow":["GET"]}}],"collection":[{"href":"https:\/\/gatewaypartners.eu\/lv\/wp-json\/wp\/v2\/pages"}],"about":[{"href":"https:\/\/gatewaypartners.eu\/lv\/wp-json\/wp\/v2\/types\/page"}],"author":[{"embeddable":true,"href":"https:\/\/gatewaypartners.eu\/lv\/wp-json\/wp\/v2\/users\/9"}],"replies":[{"embeddable":true,"href":"https:\/\/gatewaypartners.eu\/lv\/wp-json\/wp\/v2\/comments?post=565"}],"version-history":[{"count":8,"href":"https:\/\/gatewaypartners.eu\/lv\/wp-json\/wp\/v2\/pages\/565\/revisions"}],"predecessor-version":[{"id":792,"href":"https:\/\/gatewaypartners.eu\/lv\/wp-json\/wp\/v2\/pages\/565\/revisions\/792"}],"up":[{"embeddable":true,"href":"https:\/\/gatewaypartners.eu\/lv\/wp-json\/wp\/v2\/pages\/569"}],"wp:featuredmedia":[{"embeddable":true,"href":"https:\/\/gatewaypartners.eu\/lv\/wp-json\/wp\/v2\/media\/437"}],"wp:attachment":[{"href":"https:\/\/gatewaypartners.eu\/lv\/wp-json\/wp\/v2\/media?parent=565"}],"curies":[{"name":"wp","href":"https:\/\/api.w.org\/{rel}","templated":true}]}}