{"id":569,"date":"2017-03-25T17:22:33","date_gmt":"2017-03-25T15:22:33","guid":{"rendered":"http:\/\/gatewaypartners.eu\/lv\/?page_id=569"},"modified":"2022-02-21T17:30:31","modified_gmt":"2022-02-21T15:30:31","slug":"industrijas","status":"publish","type":"page","link":"https:\/\/gatewaypartners.eu\/lv\/industrijas\/","title":{"rendered":"Industrijas"},"content":{"rendered":"","protected":false},"excerpt":{"rendered":"<p>Pla\u0161a pieredze da\u017e\u0101d\u0101s industrij\u0101s, specifiskas tirgus zin\u0101\u0161anas, person\u012bga pieeja un profesion\u0101li padomi uzlabos J\u016bsu eksporta p\u0101rdo\u0161anu. Vair\u0101ku gadu garum\u0101 esam str\u0101d\u0101ju\u0161i ar da\u017e\u0101du industriju p\u0101rst\u0101vjiem un esam sniegu\u0161i tirgus apguves atbalstu visu izm\u0113ru uz\u0146\u0113mumiem un organiz\u0101cij\u0101m.<\/p>\n","protected":false},"author":9,"featured_media":428,"parent":0,"menu_order":0,"comment_status":"closed","ping_status":"closed","template":"template-industries.php","meta":{"inline_featured_image":false,"footnotes":""},"class_list":["post-569","page","type-page","status-publish","has-post-thumbnail","hentry"],"acf":[],"yoast_head":"<!-- This site is optimized with the Yoast SEO plugin v20.2.1 - https:\/\/yoast.com\/wordpress\/plugins\/seo\/ -->\n<title>Industrijas | Gateway &amp; Partners<\/title>\n<meta name=\"description\" content=\"Vair\u0101ku gadu darbs ir pal\u012bdz\u0113jis uzkr\u0101t pieredzi, lai rastu person\u012bgu pieeju J\u016bsu eksporta p\u0101rdo\u0161anai. Vair\u0101k par zin\u0101\u0161an\u0101m un sniegumu noskaidrojiet \u0161eit!\" \/>\n<meta name=\"robots\" content=\"index, follow, max-snippet:-1, max-image-preview:large, max-video-preview:-1\" \/>\n<link rel=\"canonical\" href=\"https:\/\/gatewaypartners.eu\/lv\/industrijas\/\" \/>\n<meta property=\"og:locale\" content=\"lv_LV\" \/>\n<meta property=\"og:type\" content=\"article\" \/>\n<meta property=\"og:title\" content=\"Industrijas | Gateway &amp; Partners\" \/>\n<meta property=\"og:description\" content=\"Vair\u0101ku gadu darbs ir pal\u012bdz\u0113jis uzkr\u0101t pieredzi, lai rastu person\u012bgu pieeju J\u016bsu eksporta p\u0101rdo\u0161anai. Vair\u0101k par zin\u0101\u0161an\u0101m un sniegumu noskaidrojiet \u0161eit!\" \/>\n<meta property=\"og:url\" content=\"https:\/\/gatewaypartners.eu\/lv\/industrijas\/\" \/>\n<meta property=\"og:site_name\" content=\"Gateway &amp; Partners\" \/>\n<meta property=\"article:modified_time\" content=\"2022-02-21T15:30:31+00:00\" \/>\n<meta property=\"og:image\" content=\"https:\/\/gatewaypartners.eu\/lv\/wp-content\/uploads\/sites\/2\/2017\/03\/Industries-airport-1659008_1920.jpg\" \/>\n\t<meta property=\"og:image:width\" content=\"1920\" \/>\n\t<meta property=\"og:image:height\" content=\"1280\" \/>\n\t<meta property=\"og:image:type\" content=\"image\/jpeg\" \/>\n<meta name=\"twitter:card\" content=\"summary_large_image\" \/>\n<script type=\"application\/ld+json\" class=\"yoast-schema-graph\">{\"@context\":\"https:\/\/schema.org\",\"@graph\":[{\"@type\":\"WebPage\",\"@id\":\"https:\/\/gatewaypartners.eu\/lv\/industrijas\/\",\"url\":\"https:\/\/gatewaypartners.eu\/lv\/industrijas\/\",\"name\":\"Industrijas | Gateway & Partners\",\"isPartOf\":{\"@id\":\"https:\/\/gatewaypartners.eu\/lv\/#website\"},\"datePublished\":\"2017-03-25T15:22:33+00:00\",\"dateModified\":\"2022-02-21T15:30:31+00:00\",\"description\":\"Vair\u0101ku gadu darbs ir pal\u012bdz\u0113jis uzkr\u0101t pieredzi, lai rastu person\u012bgu pieeju J\u016bsu eksporta p\u0101rdo\u0161anai. Vair\u0101k par zin\u0101\u0161an\u0101m un sniegumu noskaidrojiet \u0161eit!\",\"inLanguage\":\"lv-LV\",\"potentialAction\":[{\"@type\":\"ReadAction\",\"target\":[\"https:\/\/gatewaypartners.eu\/lv\/industrijas\/\"]}]},{\"@type\":\"WebSite\",\"@id\":\"https:\/\/gatewaypartners.eu\/lv\/#website\",\"url\":\"https:\/\/gatewaypartners.eu\/lv\/\",\"name\":\"Gateway &amp; Partners\",\"description\":\"Your Export Powerhouse\",\"potentialAction\":[{\"@type\":\"SearchAction\",\"target\":{\"@type\":\"EntryPoint\",\"urlTemplate\":\"https:\/\/gatewaypartners.eu\/lv\/?s={search_term_string}\"},\"query-input\":\"required name=search_term_string\"}],\"inLanguage\":\"lv-LV\"}]}<\/script>\n<!-- \/ Yoast SEO plugin. -->","yoast_head_json":{"title":"Industrijas | Gateway & Partners","description":"Vair\u0101ku gadu darbs ir pal\u012bdz\u0113jis uzkr\u0101t pieredzi, lai rastu person\u012bgu pieeju J\u016bsu eksporta p\u0101rdo\u0161anai. Vair\u0101k par zin\u0101\u0161an\u0101m un sniegumu noskaidrojiet \u0161eit!","robots":{"index":"index","follow":"follow","max-snippet":"max-snippet:-1","max-image-preview":"max-image-preview:large","max-video-preview":"max-video-preview:-1"},"canonical":"https:\/\/gatewaypartners.eu\/lv\/industrijas\/","og_locale":"lv_LV","og_type":"article","og_title":"Industrijas | Gateway & Partners","og_description":"Vair\u0101ku gadu darbs ir pal\u012bdz\u0113jis uzkr\u0101t pieredzi, lai rastu person\u012bgu pieeju J\u016bsu eksporta p\u0101rdo\u0161anai. Vair\u0101k par zin\u0101\u0161an\u0101m un sniegumu noskaidrojiet \u0161eit!","og_url":"https:\/\/gatewaypartners.eu\/lv\/industrijas\/","og_site_name":"Gateway &amp; Partners","article_modified_time":"2022-02-21T15:30:31+00:00","og_image":[{"width":1920,"height":1280,"url":"https:\/\/gatewaypartners.eu\/lv\/wp-content\/uploads\/sites\/2\/2017\/03\/Industries-airport-1659008_1920.jpg","type":"image\/jpeg"}],"twitter_card":"summary_large_image","schema":{"@context":"https:\/\/schema.org","@graph":[{"@type":"WebPage","@id":"https:\/\/gatewaypartners.eu\/lv\/industrijas\/","url":"https:\/\/gatewaypartners.eu\/lv\/industrijas\/","name":"Industrijas | Gateway & Partners","isPartOf":{"@id":"https:\/\/gatewaypartners.eu\/lv\/#website"},"datePublished":"2017-03-25T15:22:33+00:00","dateModified":"2022-02-21T15:30:31+00:00","description":"Vair\u0101ku gadu darbs ir pal\u012bdz\u0113jis uzkr\u0101t pieredzi, lai rastu person\u012bgu pieeju J\u016bsu eksporta p\u0101rdo\u0161anai. Vair\u0101k par zin\u0101\u0161an\u0101m un sniegumu noskaidrojiet \u0161eit!","inLanguage":"lv-LV","potentialAction":[{"@type":"ReadAction","target":["https:\/\/gatewaypartners.eu\/lv\/industrijas\/"]}]},{"@type":"WebSite","@id":"https:\/\/gatewaypartners.eu\/lv\/#website","url":"https:\/\/gatewaypartners.eu\/lv\/","name":"Gateway &amp; Partners","description":"Your Export Powerhouse","potentialAction":[{"@type":"SearchAction","target":{"@type":"EntryPoint","urlTemplate":"https:\/\/gatewaypartners.eu\/lv\/?s={search_term_string}"},"query-input":"required name=search_term_string"}],"inLanguage":"lv-LV"}]}},"_links":{"self":[{"href":"https:\/\/gatewaypartners.eu\/lv\/wp-json\/wp\/v2\/pages\/569","targetHints":{"allow":["GET"]}}],"collection":[{"href":"https:\/\/gatewaypartners.eu\/lv\/wp-json\/wp\/v2\/pages"}],"about":[{"href":"https:\/\/gatewaypartners.eu\/lv\/wp-json\/wp\/v2\/types\/page"}],"author":[{"embeddable":true,"href":"https:\/\/gatewaypartners.eu\/lv\/wp-json\/wp\/v2\/users\/9"}],"replies":[{"embeddable":true,"href":"https:\/\/gatewaypartners.eu\/lv\/wp-json\/wp\/v2\/comments?post=569"}],"version-history":[{"count":3,"href":"https:\/\/gatewaypartners.eu\/lv\/wp-json\/wp\/v2\/pages\/569\/revisions"}],"predecessor-version":[{"id":790,"href":"https:\/\/gatewaypartners.eu\/lv\/wp-json\/wp\/v2\/pages\/569\/revisions\/790"}],"wp:featuredmedia":[{"embeddable":true,"href":"https:\/\/gatewaypartners.eu\/lv\/wp-json\/wp\/v2\/media\/428"}],"wp:attachment":[{"href":"https:\/\/gatewaypartners.eu\/lv\/wp-json\/wp\/v2\/media?parent=569"}],"curies":[{"name":"wp","href":"https:\/\/api.w.org\/{rel}","templated":true}]}}