{"id":571,"date":"2017-03-25T17:35:19","date_gmt":"2017-03-25T15:35:19","guid":{"rendered":"http:\/\/gatewaypartners.eu\/lv\/?page_id=571"},"modified":"2024-11-15T12:43:48","modified_gmt":"2024-11-15T10:43:48","slug":"par-mums","status":"publish","type":"page","link":"https:\/\/gatewaypartners.eu\/lv\/par-mums\/","title":{"rendered":"Par mums"},"content":{"rendered":"<h2 style=\"text-align: center;\">M\u016bsu st\u0101sts<\/h2>\n<p>Gateway &amp; Partners, iepriek\u0161 GatewayBaltic, tika dibin\u0101ts 2004. gad\u0101 un specializ\u0113jas viet\u0113jo uz\u0146\u0113mumu eksporta att\u012bst\u012b\u0161an\u0101 starptautiskos tirgos. M\u016bsu misija ir palielin\u0101t m\u016bsu klientu eksporta p\u0101rdo\u0161anas rezult\u0101tus, iepaz\u012bstinot uz\u0146\u0113mumus ar jauniem tirgiem un atkl\u0101jot svar\u012bgu tirgus inform\u0101ciju. Savas darb\u012bbas laik\u0101 esam organiz\u0113ju\u0161i vair\u0101k k\u0101 1000 projektus klientiem, kas p\u0101rst\u0101v da\u017e\u0101das industrijas. M\u016bsu klientu lok\u0101 ir individu\u0101li viet\u0113jie eksport\u0113t\u0101ji, tirdzniec\u012bbas veicin\u0101\u0161anas a\u0123ent\u016bras un klasteri. M\u0113s pal\u012bdzam m\u016bsu klientiem att\u012bst\u012bties to izv\u0113l\u0113tos tirgos, s\u0101kot no Zieme\u013cvalst\u012bm un Eiropu, beidzot ar tik t\u0101l\u0101m valst\u012bm k\u0101 ASV, Meksika un \u0136\u012bna.<\/p>\n<p>Uz\u0146\u0113mumam Gateway &amp; Partners uzticas vair\u0101kas tirdzniec\u012bbas veicin\u0101\u0161anas organiz\u0101cijas, k\u0101 piem\u0113ram, Innovation Norway, Enterprise Estonia, Pasaules Banka, LIAA, Moldova Investment, Export Promotion Agency, Enterprise Ireland, Enterprise Lithuania un Enterprise Georgia, k\u0101 ar\u012b Turku Virtuves Piederumu klasteris, Turku Tekstila asoci\u0101cija, Turku Elektropre\u010du klasteris un citi.<\/p>\n<p>M\u0113s esam pla\u0161s tirgus izp\u0113tes profesion\u0101\u013cu t\u012bkls, kas ir p\u0101rst\u0101v\u0113ts da\u017e\u0101d\u0101s valst\u012bs, un pied\u0101v\u0101 saviem klientiem ieskatu viet\u0113j\u0101 tirg\u016b un profesion\u0101lu atbalstu t\u0101 apg\u016b\u0161an\u0101.<\/p>\n<p>Gateway &amp; Partners ir k\u013cuvis par noz\u012bm\u012bgu atbalstu Baltijas uz\u0146\u0113mumiem un var sevi d\u0113v\u0113t par\u00a0Eksporta Sp\u0113kstaciju.<\/p>\n","protected":false},"excerpt":{"rendered":"<p>M\u016bsu kaisl\u012bba ir starptautisk\u0101s p\u0101rdo\u0161anas att\u012bst\u012b\u0161ana. M\u0113s uzlabosim J\u016bsu uz\u0146\u0113muma starptautisk\u0101s p\u0101rdo\u0161anas rezult\u0101tus ar m\u016bsu pieredzi, komandu un kontaktu t\u012bklu. <\/p>\n","protected":false},"author":9,"featured_media":416,"parent":0,"menu_order":0,"comment_status":"closed","ping_status":"closed","template":"template-about.php","meta":{"inline_featured_image":false,"footnotes":""},"class_list":["post-571","page","type-page","status-publish","has-post-thumbnail","hentry"],"acf":[],"yoast_head":"<!-- This site is optimized with the Yoast SEO plugin v20.2.1 - https:\/\/yoast.com\/wordpress\/plugins\/seo\/ -->\n<title>Eksporta Tirgus Att\u012bst\u012bba | Gateway &amp; Partners<\/title>\n<meta name=\"description\" content=\"M\u016bsu misija ir eksporta strat\u0113\u0123ija, kas veicina eksporta p\u0101rdo\u0161anas rezult\u0101tu pieaugumu. M\u0113s veidojam labas klientu attiec\u012bbas. M\u016bsu st\u0101sts atrodams \u0161eit!\" \/>\n<meta name=\"robots\" content=\"index, follow, max-snippet:-1, max-image-preview:large, max-video-preview:-1\" \/>\n<link rel=\"canonical\" href=\"https:\/\/gatewaypartners.eu\/lv\/par-mums\/\" \/>\n<meta property=\"og:locale\" content=\"lv_LV\" \/>\n<meta property=\"og:type\" content=\"article\" \/>\n<meta property=\"og:title\" content=\"Eksporta Tirgus Att\u012bst\u012bba | Gateway &amp; Partners\" \/>\n<meta property=\"og:description\" content=\"M\u016bsu misija ir eksporta strat\u0113\u0123ija, kas veicina eksporta p\u0101rdo\u0161anas rezult\u0101tu pieaugumu. M\u0113s veidojam labas klientu attiec\u012bbas. M\u016bsu st\u0101sts atrodams \u0161eit!\" \/>\n<meta property=\"og:url\" content=\"https:\/\/gatewaypartners.eu\/lv\/par-mums\/\" \/>\n<meta property=\"og:site_name\" content=\"Gateway &amp; Partners\" \/>\n<meta property=\"article:modified_time\" content=\"2024-11-15T10:43:48+00:00\" \/>\n<meta property=\"og:image\" content=\"https:\/\/gatewaypartners.eu\/lv\/wp-content\/uploads\/sites\/2\/2017\/03\/airport-about.jpg\" \/>\n\t<meta property=\"og:image:width\" content=\"2048\" \/>\n\t<meta property=\"og:image:height\" content=\"1396\" \/>\n\t<meta property=\"og:image:type\" content=\"image\/jpeg\" \/>\n<meta name=\"twitter:card\" content=\"summary_large_image\" \/>\n<script type=\"application\/ld+json\" class=\"yoast-schema-graph\">{\"@context\":\"https:\/\/schema.org\",\"@graph\":[{\"@type\":\"WebPage\",\"@id\":\"https:\/\/gatewaypartners.eu\/lv\/par-mums\/\",\"url\":\"https:\/\/gatewaypartners.eu\/lv\/par-mums\/\",\"name\":\"Eksporta Tirgus Att\u012bst\u012bba | Gateway & Partners\",\"isPartOf\":{\"@id\":\"https:\/\/gatewaypartners.eu\/lv\/#website\"},\"datePublished\":\"2017-03-25T15:35:19+00:00\",\"dateModified\":\"2024-11-15T10:43:48+00:00\",\"description\":\"M\u016bsu misija ir eksporta strat\u0113\u0123ija, kas veicina eksporta p\u0101rdo\u0161anas rezult\u0101tu pieaugumu. M\u0113s veidojam labas klientu attiec\u012bbas. M\u016bsu st\u0101sts atrodams \u0161eit!\",\"inLanguage\":\"lv-LV\",\"potentialAction\":[{\"@type\":\"ReadAction\",\"target\":[\"https:\/\/gatewaypartners.eu\/lv\/par-mums\/\"]}]},{\"@type\":\"WebSite\",\"@id\":\"https:\/\/gatewaypartners.eu\/lv\/#website\",\"url\":\"https:\/\/gatewaypartners.eu\/lv\/\",\"name\":\"Gateway &amp; Partners\",\"description\":\"Your Export Powerhouse\",\"potentialAction\":[{\"@type\":\"SearchAction\",\"target\":{\"@type\":\"EntryPoint\",\"urlTemplate\":\"https:\/\/gatewaypartners.eu\/lv\/?s={search_term_string}\"},\"query-input\":\"required name=search_term_string\"}],\"inLanguage\":\"lv-LV\"}]}<\/script>\n<!-- \/ Yoast SEO plugin. -->","yoast_head_json":{"title":"Eksporta Tirgus Att\u012bst\u012bba | Gateway & Partners","description":"M\u016bsu misija ir eksporta strat\u0113\u0123ija, kas veicina eksporta p\u0101rdo\u0161anas rezult\u0101tu pieaugumu. M\u0113s veidojam labas klientu attiec\u012bbas. M\u016bsu st\u0101sts atrodams \u0161eit!","robots":{"index":"index","follow":"follow","max-snippet":"max-snippet:-1","max-image-preview":"max-image-preview:large","max-video-preview":"max-video-preview:-1"},"canonical":"https:\/\/gatewaypartners.eu\/lv\/par-mums\/","og_locale":"lv_LV","og_type":"article","og_title":"Eksporta Tirgus Att\u012bst\u012bba | Gateway & Partners","og_description":"M\u016bsu misija ir eksporta strat\u0113\u0123ija, kas veicina eksporta p\u0101rdo\u0161anas rezult\u0101tu pieaugumu. M\u0113s veidojam labas klientu attiec\u012bbas. M\u016bsu st\u0101sts atrodams \u0161eit!","og_url":"https:\/\/gatewaypartners.eu\/lv\/par-mums\/","og_site_name":"Gateway &amp; Partners","article_modified_time":"2024-11-15T10:43:48+00:00","og_image":[{"width":2048,"height":1396,"url":"https:\/\/gatewaypartners.eu\/lv\/wp-content\/uploads\/sites\/2\/2017\/03\/airport-about.jpg","type":"image\/jpeg"}],"twitter_card":"summary_large_image","schema":{"@context":"https:\/\/schema.org","@graph":[{"@type":"WebPage","@id":"https:\/\/gatewaypartners.eu\/lv\/par-mums\/","url":"https:\/\/gatewaypartners.eu\/lv\/par-mums\/","name":"Eksporta Tirgus Att\u012bst\u012bba | Gateway & Partners","isPartOf":{"@id":"https:\/\/gatewaypartners.eu\/lv\/#website"},"datePublished":"2017-03-25T15:35:19+00:00","dateModified":"2024-11-15T10:43:48+00:00","description":"M\u016bsu misija ir eksporta strat\u0113\u0123ija, kas veicina eksporta p\u0101rdo\u0161anas rezult\u0101tu pieaugumu. M\u0113s veidojam labas klientu attiec\u012bbas. M\u016bsu st\u0101sts atrodams \u0161eit!","inLanguage":"lv-LV","potentialAction":[{"@type":"ReadAction","target":["https:\/\/gatewaypartners.eu\/lv\/par-mums\/"]}]},{"@type":"WebSite","@id":"https:\/\/gatewaypartners.eu\/lv\/#website","url":"https:\/\/gatewaypartners.eu\/lv\/","name":"Gateway &amp; Partners","description":"Your Export Powerhouse","potentialAction":[{"@type":"SearchAction","target":{"@type":"EntryPoint","urlTemplate":"https:\/\/gatewaypartners.eu\/lv\/?s={search_term_string}"},"query-input":"required name=search_term_string"}],"inLanguage":"lv-LV"}]}},"_links":{"self":[{"href":"https:\/\/gatewaypartners.eu\/lv\/wp-json\/wp\/v2\/pages\/571","targetHints":{"allow":["GET"]}}],"collection":[{"href":"https:\/\/gatewaypartners.eu\/lv\/wp-json\/wp\/v2\/pages"}],"about":[{"href":"https:\/\/gatewaypartners.eu\/lv\/wp-json\/wp\/v2\/types\/page"}],"author":[{"embeddable":true,"href":"https:\/\/gatewaypartners.eu\/lv\/wp-json\/wp\/v2\/users\/9"}],"replies":[{"embeddable":true,"href":"https:\/\/gatewaypartners.eu\/lv\/wp-json\/wp\/v2\/comments?post=571"}],"version-history":[{"count":54,"href":"https:\/\/gatewaypartners.eu\/lv\/wp-json\/wp\/v2\/pages\/571\/revisions"}],"predecessor-version":[{"id":1831,"href":"https:\/\/gatewaypartners.eu\/lv\/wp-json\/wp\/v2\/pages\/571\/revisions\/1831"}],"wp:featuredmedia":[{"embeddable":true,"href":"https:\/\/gatewaypartners.eu\/lv\/wp-json\/wp\/v2\/media\/416"}],"wp:attachment":[{"href":"https:\/\/gatewaypartners.eu\/lv\/wp-json\/wp\/v2\/media?parent=571"}],"curies":[{"name":"wp","href":"https:\/\/api.w.org\/{rel}","templated":true}]}}