{"id":573,"date":"2017-03-25T17:49:08","date_gmt":"2017-03-25T15:49:08","guid":{"rendered":"http:\/\/gatewaypartners.eu\/lv\/?page_id=573"},"modified":"2024-11-15T12:40:37","modified_gmt":"2024-11-15T10:40:37","slug":"vakances","status":"publish","type":"page","link":"https:\/\/gatewaypartners.eu\/lv\/vakances\/","title":{"rendered":"Karjera"},"content":{"rendered":"<p>Gateway &amp; Partners komandu p\u0101rst\u0101v ener\u0123iski, motiv\u0113ti un pozit\u012bvi dom\u0101jo\u0161i cilv\u0113ki, kurus aizrauj starptautisk\u0101 uz\u0146\u0113m\u0113jdarb\u012bba. Pievienojoties mums tev b\u016bs iesp\u0113ja piedal\u012bties un ietekm\u0113t starptautisko tirdzniec\u012bbu, kas \u013caus k\u013c\u016bt par profesion\u0101li \u012bs\u0101 laika posm\u0101. M\u0113s nodro\u0161in\u0101sim apm\u0101c\u012bbu sesijas un t\u016bl\u012bt\u0113ju atgriezenisko saiti, strauju zin\u0101\u0161anu apguvi par da\u017e\u0101d\u0101m nozar\u0113m un tirgiem, un atbalstu person\u012bgaj\u0101 izaugsm\u0113.<\/p>\n<h3 style=\"text-align: center;\"><strong>M\u016bsu v\u0113rt\u012bbas<\/strong><\/h3>\n<p><img loading=\"lazy\" decoding=\"async\" class=\"aligncenter wp-image-1492\" src=\"https:\/\/gatewaypartners.eu\/lv\/wp-content\/uploads\/sites\/2\/2022\/10\/International-community-1-300x200.png\" alt=\"\" width=\"550\" height=\"367\" srcset=\"https:\/\/gatewaypartners.eu\/lv\/wp-content\/uploads\/sites\/2\/2022\/10\/International-community-1-300x200.png 300w, https:\/\/gatewaypartners.eu\/lv\/wp-content\/uploads\/sites\/2\/2022\/10\/International-community-1-1024x683.png 1024w, https:\/\/gatewaypartners.eu\/lv\/wp-content\/uploads\/sites\/2\/2022\/10\/International-community-1-768x512.png 768w, https:\/\/gatewaypartners.eu\/lv\/wp-content\/uploads\/sites\/2\/2022\/10\/International-community-1-1536x1024.png 1536w, https:\/\/gatewaypartners.eu\/lv\/wp-content\/uploads\/sites\/2\/2022\/10\/International-community-1-2048x1365.png 2048w\" sizes=\"auto, (max-width: 550px) 100vw, 550px\" \/><\/p>\n<p>M\u0113s tev pied\u0101v\u0101jam:<\/p>\n<ul>\n<li>Iesp\u0113ju m\u0101c\u012bties un augt m\u016bsu uz\u0146\u0113mum\u0101<\/li>\n<li>Biznesa komunik\u0101cijas iema\u0146u treni\u0146us<\/li>\n<li>Lielisku kafiju un interesantus iek\u0161\u0113jos pas\u0101kumus<\/li>\n<li>Da\u017e\u0101dus un draudz\u012bgus kol\u0113\u0123us<\/li>\n<li>Dienas devu izaicin\u0101jumu<\/li>\n<\/ul>\n<h3 style=\"text-align: center;\"><strong>K\u0101p\u0113c darbiniekiem pat\u012bk pie mums<\/strong><\/h3>\n<p><img loading=\"lazy\" decoding=\"async\" class=\"wp-image-1497 aligncenter\" src=\"https:\/\/gatewaypartners.eu\/lv\/wp-content\/uploads\/sites\/2\/2022\/10\/LV-300x200.png\" alt=\"\" width=\"1000\" height=\"667\" srcset=\"https:\/\/gatewaypartners.eu\/lv\/wp-content\/uploads\/sites\/2\/2022\/10\/LV-300x200.png 300w, https:\/\/gatewaypartners.eu\/lv\/wp-content\/uploads\/sites\/2\/2022\/10\/LV-1024x683.png 1024w, https:\/\/gatewaypartners.eu\/lv\/wp-content\/uploads\/sites\/2\/2022\/10\/LV-768x512.png 768w, https:\/\/gatewaypartners.eu\/lv\/wp-content\/uploads\/sites\/2\/2022\/10\/LV-1536x1024.png 1536w, https:\/\/gatewaypartners.eu\/lv\/wp-content\/uploads\/sites\/2\/2022\/10\/LV-2048x1365.png 2048w\" sizes=\"auto, (max-width: 1000px) 100vw, 1000px\" \/><\/p>\n<p>Ja tu:<\/p>\n<ul>\n<li>Mekl\u0113 starptautisku vidi R\u012bgas centr\u0101<\/li>\n<li>Esi ieinteres\u0113ts starptautiskaj\u0101 uz\u0146\u0113m\u0113jdarb\u012bb\u0101<\/li>\n<li>Br\u012bvi p\u0101rvaldi ang\u013cu un\/vai citas sve\u0161valodas<\/li>\n<li>Interes\u0113jies par da\u017e\u0101d\u0101m industrij\u0101m, tirgiem un biznesa procesiem<\/li>\n<li>Komunik\u0101cij\u0101 ar apk\u0101rt\u0113jiem esi k\u0101 zivs \u016bden\u012b<\/li>\n<li>Varb\u016bt aizraujies ar datu anal\u012bzi un tirgus izp\u0113ti?<\/li>\n<\/ul>\n<p>Pievienojies m\u016bsu komandai pilna vai nepilna laika poz\u012bcijai, vai k\u013c\u016bsti par \u0101r\u0161tata darbinieku!<\/p>\n<p>&nbsp;<\/p>\n<h3><strong>Piesakies tagad!<\/strong><\/h3>\n<p>&nbsp;<\/p>\n\n<div class=\"wpcf7 no-js\" id=\"wpcf7-f1490-o1\" lang=\"en-US\" dir=\"ltr\">\n<div class=\"screen-reader-response\"><p role=\"status\" aria-live=\"polite\" aria-atomic=\"true\"><\/p> <ul><\/ul><\/div>\n<form action=\"\/lv\/wp-json\/wp\/v2\/pages\/573#wpcf7-f1490-o1\" method=\"post\" class=\"wpcf7-form init\" aria-label=\"Contact form\" enctype=\"multipart\/form-data\" novalidate=\"novalidate\" data-status=\"init\">\n<div style=\"display: none;\">\n<input type=\"hidden\" name=\"_wpcf7\" value=\"1490\" \/>\n<input type=\"hidden\" name=\"_wpcf7_version\" value=\"5.7.4\" \/>\n<input type=\"hidden\" name=\"_wpcf7_locale\" value=\"en_US\" \/>\n<input type=\"hidden\" name=\"_wpcf7_unit_tag\" value=\"wpcf7-f1490-o1\" \/>\n<input type=\"hidden\" name=\"_wpcf7_container_post\" value=\"0\" \/>\n<input type=\"hidden\" name=\"_wpcf7_posted_data_hash\" value=\"\" \/>\n<\/div>\n<p><label> V\u0101rds<br \/>\n<span class=\"wpcf7-form-control-wrap\" data-name=\"your-name\"><input size=\"40\" class=\"wpcf7-form-control wpcf7-text wpcf7-validates-as-required\" aria-required=\"true\" aria-invalid=\"false\" value=\"\" type=\"text\" name=\"your-name\" \/><\/span> <\/label>\n<\/p>\n<p><label> E-pasts<br \/>\n<span class=\"wpcf7-form-control-wrap\" data-name=\"your-email\"><input size=\"40\" class=\"wpcf7-form-control wpcf7-text wpcf7-email wpcf7-validates-as-required wpcf7-validates-as-email\" aria-required=\"true\" aria-invalid=\"false\" value=\"\" type=\"email\" name=\"your-email\" \/><\/span> <\/label>\n<\/p>\n<p><label> T\u0113ma<br \/>\n<span class=\"wpcf7-form-control-wrap\" data-name=\"your-subject\"><input size=\"40\" class=\"wpcf7-form-control wpcf7-text wpcf7-validates-as-required\" aria-required=\"true\" aria-invalid=\"false\" value=\"\" type=\"text\" name=\"your-subject\" \/><\/span> <\/label>\n<\/p>\n<p><label> Tavs pieteikums<br \/>\n<span class=\"wpcf7-form-control-wrap\" data-name=\"your-message\"><textarea cols=\"40\" rows=\"10\" class=\"wpcf7-form-control wpcf7-textarea\" aria-invalid=\"false\" name=\"your-message\"><\/textarea><\/span> <\/label>\n<\/p>\n<p><label> Aug\u0161upl\u0101d\u0113 CV<br \/>\n<span class=\"wpcf7-form-control-wrap\" data-name=\"your-file\"><input size=\"40\" class=\"wpcf7-form-control wpcf7-file\" accept=\".pdf,.txt,.doc\" aria-invalid=\"false\" type=\"file\" name=\"your-file\" \/><\/span> <\/label>\n<\/p>\n<p><input class=\"wpcf7-form-control has-spinner wpcf7-submit\" type=\"submit\" value=\"Pieteikties\" \/>\n<\/p><div class=\"wpcf7-response-output\" aria-hidden=\"true\"><\/div>\n<\/form>\n<\/div>\n\n","protected":false},"excerpt":{"rendered":"<p>Ja esi ieinteres\u0113ts str\u0101d\u0101t starptautisk\u0101 biznesa vid\u0113 un esi gatavs nep\u0101rtraukti m\u0101c\u012bties un att\u012bst\u012bties, pievienojies m\u016bsu komandai!<\/p>\n","protected":false},"author":9,"featured_media":1479,"parent":0,"menu_order":0,"comment_status":"closed","ping_status":"closed","template":"template-careers.php","meta":{"inline_featured_image":false,"footnotes":""},"class_list":["post-573","page","type-page","status-publish","has-post-thumbnail","hentry"],"acf":[],"yoast_head":"<!-- This site is optimized with the Yoast SEO plugin v20.2.1 - https:\/\/yoast.com\/wordpress\/plugins\/seo\/ -->\n<title>Pievienojies M\u016bsu Komandai | Vakances | Gateway &amp; Partners<\/title>\n<meta name=\"description\" content=\"Ja esi ieinteres\u0113ts str\u0101d\u0101t starptautisk\u0101 biznesa vid\u0113 vai m\u0101c\u012bties un att\u012bst\u012bties, tad pievienojies pilna vai nepilna laika poz\u012bcijai ar izaugsmes iesp\u0113j\u0101m.\" \/>\n<meta name=\"robots\" content=\"index, follow, max-snippet:-1, max-image-preview:large, max-video-preview:-1\" \/>\n<link rel=\"canonical\" href=\"https:\/\/gatewaypartners.eu\/lv\/vakances\/\" \/>\n<meta property=\"og:locale\" content=\"lv_LV\" \/>\n<meta property=\"og:type\" content=\"article\" \/>\n<meta property=\"og:title\" content=\"Pievienojies M\u016bsu Komandai | Vakances | Gateway &amp; Partners\" \/>\n<meta property=\"og:description\" content=\"Ja esi ieinteres\u0113ts str\u0101d\u0101t starptautisk\u0101 biznesa vid\u0113 vai m\u0101c\u012bties un att\u012bst\u012bties, tad pievienojies pilna vai nepilna laika poz\u012bcijai ar izaugsmes iesp\u0113j\u0101m.\" \/>\n<meta property=\"og:url\" content=\"https:\/\/gatewaypartners.eu\/lv\/vakances\/\" \/>\n<meta property=\"og:site_name\" content=\"Gateway &amp; Partners\" \/>\n<meta property=\"article:modified_time\" content=\"2024-11-15T10:40:37+00:00\" \/>\n<meta property=\"og:image\" content=\"https:\/\/gatewaypartners.eu\/lv\/wp-content\/uploads\/sites\/2\/2022\/10\/mailchimp-04X1Yp9hNH8-unsplash-scaled.jpg\" \/>\n\t<meta property=\"og:image:width\" content=\"2560\" \/>\n\t<meta property=\"og:image:height\" content=\"1707\" \/>\n\t<meta property=\"og:image:type\" content=\"image\/jpeg\" \/>\n<meta name=\"twitter:card\" content=\"summary_large_image\" \/>\n<script type=\"application\/ld+json\" class=\"yoast-schema-graph\">{\"@context\":\"https:\/\/schema.org\",\"@graph\":[{\"@type\":\"WebPage\",\"@id\":\"https:\/\/gatewaypartners.eu\/lv\/vakances\/\",\"url\":\"https:\/\/gatewaypartners.eu\/lv\/vakances\/\",\"name\":\"Pievienojies M\u016bsu Komandai | Vakances | Gateway & Partners\",\"isPartOf\":{\"@id\":\"https:\/\/gatewaypartners.eu\/lv\/#website\"},\"datePublished\":\"2017-03-25T15:49:08+00:00\",\"dateModified\":\"2024-11-15T10:40:37+00:00\",\"description\":\"Ja esi ieinteres\u0113ts str\u0101d\u0101t starptautisk\u0101 biznesa vid\u0113 vai m\u0101c\u012bties un att\u012bst\u012bties, tad pievienojies pilna vai nepilna laika poz\u012bcijai ar izaugsmes iesp\u0113j\u0101m.\",\"inLanguage\":\"lv-LV\",\"potentialAction\":[{\"@type\":\"ReadAction\",\"target\":[\"https:\/\/gatewaypartners.eu\/lv\/vakances\/\"]}]},{\"@type\":\"WebSite\",\"@id\":\"https:\/\/gatewaypartners.eu\/lv\/#website\",\"url\":\"https:\/\/gatewaypartners.eu\/lv\/\",\"name\":\"Gateway &amp; Partners\",\"description\":\"Your Export Powerhouse\",\"potentialAction\":[{\"@type\":\"SearchAction\",\"target\":{\"@type\":\"EntryPoint\",\"urlTemplate\":\"https:\/\/gatewaypartners.eu\/lv\/?s={search_term_string}\"},\"query-input\":\"required name=search_term_string\"}],\"inLanguage\":\"lv-LV\"}]}<\/script>\n<!-- \/ Yoast SEO plugin. -->","yoast_head_json":{"title":"Pievienojies M\u016bsu Komandai | Vakances | Gateway & Partners","description":"Ja esi ieinteres\u0113ts str\u0101d\u0101t starptautisk\u0101 biznesa vid\u0113 vai m\u0101c\u012bties un att\u012bst\u012bties, tad pievienojies pilna vai nepilna laika poz\u012bcijai ar izaugsmes iesp\u0113j\u0101m.","robots":{"index":"index","follow":"follow","max-snippet":"max-snippet:-1","max-image-preview":"max-image-preview:large","max-video-preview":"max-video-preview:-1"},"canonical":"https:\/\/gatewaypartners.eu\/lv\/vakances\/","og_locale":"lv_LV","og_type":"article","og_title":"Pievienojies M\u016bsu Komandai | Vakances | Gateway & Partners","og_description":"Ja esi ieinteres\u0113ts str\u0101d\u0101t starptautisk\u0101 biznesa vid\u0113 vai m\u0101c\u012bties un att\u012bst\u012bties, tad pievienojies pilna vai nepilna laika poz\u012bcijai ar izaugsmes iesp\u0113j\u0101m.","og_url":"https:\/\/gatewaypartners.eu\/lv\/vakances\/","og_site_name":"Gateway &amp; Partners","article_modified_time":"2024-11-15T10:40:37+00:00","og_image":[{"width":2560,"height":1707,"url":"https:\/\/gatewaypartners.eu\/lv\/wp-content\/uploads\/sites\/2\/2022\/10\/mailchimp-04X1Yp9hNH8-unsplash-scaled.jpg","type":"image\/jpeg"}],"twitter_card":"summary_large_image","schema":{"@context":"https:\/\/schema.org","@graph":[{"@type":"WebPage","@id":"https:\/\/gatewaypartners.eu\/lv\/vakances\/","url":"https:\/\/gatewaypartners.eu\/lv\/vakances\/","name":"Pievienojies M\u016bsu Komandai | Vakances | Gateway & Partners","isPartOf":{"@id":"https:\/\/gatewaypartners.eu\/lv\/#website"},"datePublished":"2017-03-25T15:49:08+00:00","dateModified":"2024-11-15T10:40:37+00:00","description":"Ja esi ieinteres\u0113ts str\u0101d\u0101t starptautisk\u0101 biznesa vid\u0113 vai m\u0101c\u012bties un att\u012bst\u012bties, tad pievienojies pilna vai nepilna laika poz\u012bcijai ar izaugsmes iesp\u0113j\u0101m.","inLanguage":"lv-LV","potentialAction":[{"@type":"ReadAction","target":["https:\/\/gatewaypartners.eu\/lv\/vakances\/"]}]},{"@type":"WebSite","@id":"https:\/\/gatewaypartners.eu\/lv\/#website","url":"https:\/\/gatewaypartners.eu\/lv\/","name":"Gateway &amp; Partners","description":"Your Export Powerhouse","potentialAction":[{"@type":"SearchAction","target":{"@type":"EntryPoint","urlTemplate":"https:\/\/gatewaypartners.eu\/lv\/?s={search_term_string}"},"query-input":"required name=search_term_string"}],"inLanguage":"lv-LV"}]}},"_links":{"self":[{"href":"https:\/\/gatewaypartners.eu\/lv\/wp-json\/wp\/v2\/pages\/573","targetHints":{"allow":["GET"]}}],"collection":[{"href":"https:\/\/gatewaypartners.eu\/lv\/wp-json\/wp\/v2\/pages"}],"about":[{"href":"https:\/\/gatewaypartners.eu\/lv\/wp-json\/wp\/v2\/types\/page"}],"author":[{"embeddable":true,"href":"https:\/\/gatewaypartners.eu\/lv\/wp-json\/wp\/v2\/users\/9"}],"replies":[{"embeddable":true,"href":"https:\/\/gatewaypartners.eu\/lv\/wp-json\/wp\/v2\/comments?post=573"}],"version-history":[{"count":21,"href":"https:\/\/gatewaypartners.eu\/lv\/wp-json\/wp\/v2\/pages\/573\/revisions"}],"predecessor-version":[{"id":1830,"href":"https:\/\/gatewaypartners.eu\/lv\/wp-json\/wp\/v2\/pages\/573\/revisions\/1830"}],"wp:featuredmedia":[{"embeddable":true,"href":"https:\/\/gatewaypartners.eu\/lv\/wp-json\/wp\/v2\/media\/1479"}],"wp:attachment":[{"href":"https:\/\/gatewaypartners.eu\/lv\/wp-json\/wp\/v2\/media?parent=573"}],"curies":[{"name":"wp","href":"https:\/\/api.w.org\/{rel}","templated":true}]}}