{"id":577,"date":"2017-03-25T17:55:57","date_gmt":"2017-03-25T15:55:57","guid":{"rendered":"http:\/\/gatewaypartners.eu\/lv\/?page_id=577"},"modified":"2022-02-21T17:37:29","modified_gmt":"2022-02-21T15:37:29","slug":"kontakti","status":"publish","type":"page","link":"https:\/\/gatewaypartners.eu\/lv\/kontakti\/","title":{"rendered":"Kontakti"},"content":{"rendered":"<p>Ja J\u016bs interes\u0113 starptautiskas izaugsmes iesp\u0113jas, sazinieties ar mums!<\/p>\n","protected":false},"excerpt":{"rendered":"<p>Ja J\u016bs interes\u0113 starptautiskas izaugsmes iesp\u0113jas, sazinieties ar mums! <\/p>\n","protected":false},"author":9,"featured_media":451,"parent":0,"menu_order":0,"comment_status":"closed","ping_status":"closed","template":"template-contacts.php","meta":{"inline_featured_image":false,"footnotes":""},"class_list":["post-577","page","type-page","status-publish","has-post-thumbnail","hentry"],"acf":[],"yoast_head":"<!-- This site is optimized with the Yoast SEO plugin v20.2.1 - https:\/\/yoast.com\/wordpress\/plugins\/seo\/ -->\n<title>Kontakti | Birojs | Gateway &amp; Partners<\/title>\n<meta name=\"description\" content=\"Rakstiet vai zvaniet mums, ja J\u016bs interes\u0113 starptautiskas izaugsmes iesp\u0113jas!\" \/>\n<meta name=\"robots\" content=\"index, follow, max-snippet:-1, max-image-preview:large, max-video-preview:-1\" \/>\n<link rel=\"canonical\" href=\"https:\/\/gatewaypartners.eu\/lv\/kontakti\/\" \/>\n<meta property=\"og:locale\" content=\"lv_LV\" \/>\n<meta property=\"og:type\" content=\"article\" \/>\n<meta property=\"og:title\" content=\"Kontakti | Birojs | Gateway &amp; Partners\" \/>\n<meta property=\"og:description\" content=\"Rakstiet vai zvaniet mums, ja J\u016bs interes\u0113 starptautiskas izaugsmes iesp\u0113jas!\" \/>\n<meta property=\"og:url\" content=\"https:\/\/gatewaypartners.eu\/lv\/kontakti\/\" \/>\n<meta property=\"og:site_name\" content=\"Gateway &amp; Partners\" \/>\n<meta property=\"article:modified_time\" content=\"2022-02-21T15:37:29+00:00\" \/>\n<meta property=\"og:image\" content=\"https:\/\/gatewaypartners.eu\/lv\/wp-content\/uploads\/sites\/2\/2017\/03\/contacts.jpg\" \/>\n\t<meta property=\"og:image:width\" content=\"2048\" \/>\n\t<meta property=\"og:image:height\" content=\"1371\" \/>\n\t<meta property=\"og:image:type\" content=\"image\/jpeg\" \/>\n<meta name=\"twitter:card\" content=\"summary_large_image\" \/>\n<script type=\"application\/ld+json\" class=\"yoast-schema-graph\">{\"@context\":\"https:\/\/schema.org\",\"@graph\":[{\"@type\":\"WebPage\",\"@id\":\"https:\/\/gatewaypartners.eu\/lv\/kontakti\/\",\"url\":\"https:\/\/gatewaypartners.eu\/lv\/kontakti\/\",\"name\":\"Kontakti | Birojs | Gateway & Partners\",\"isPartOf\":{\"@id\":\"https:\/\/gatewaypartners.eu\/lv\/#website\"},\"datePublished\":\"2017-03-25T15:55:57+00:00\",\"dateModified\":\"2022-02-21T15:37:29+00:00\",\"description\":\"Rakstiet vai zvaniet mums, ja J\u016bs interes\u0113 starptautiskas izaugsmes iesp\u0113jas!\",\"inLanguage\":\"lv-LV\",\"potentialAction\":[{\"@type\":\"ReadAction\",\"target\":[\"https:\/\/gatewaypartners.eu\/lv\/kontakti\/\"]}]},{\"@type\":\"WebSite\",\"@id\":\"https:\/\/gatewaypartners.eu\/lv\/#website\",\"url\":\"https:\/\/gatewaypartners.eu\/lv\/\",\"name\":\"Gateway &amp; Partners\",\"description\":\"Your Export Powerhouse\",\"potentialAction\":[{\"@type\":\"SearchAction\",\"target\":{\"@type\":\"EntryPoint\",\"urlTemplate\":\"https:\/\/gatewaypartners.eu\/lv\/?s={search_term_string}\"},\"query-input\":\"required name=search_term_string\"}],\"inLanguage\":\"lv-LV\"}]}<\/script>\n<!-- \/ Yoast SEO plugin. -->","yoast_head_json":{"title":"Kontakti | Birojs | Gateway & Partners","description":"Rakstiet vai zvaniet mums, ja J\u016bs interes\u0113 starptautiskas izaugsmes iesp\u0113jas!","robots":{"index":"index","follow":"follow","max-snippet":"max-snippet:-1","max-image-preview":"max-image-preview:large","max-video-preview":"max-video-preview:-1"},"canonical":"https:\/\/gatewaypartners.eu\/lv\/kontakti\/","og_locale":"lv_LV","og_type":"article","og_title":"Kontakti | Birojs | Gateway & Partners","og_description":"Rakstiet vai zvaniet mums, ja J\u016bs interes\u0113 starptautiskas izaugsmes iesp\u0113jas!","og_url":"https:\/\/gatewaypartners.eu\/lv\/kontakti\/","og_site_name":"Gateway &amp; Partners","article_modified_time":"2022-02-21T15:37:29+00:00","og_image":[{"width":2048,"height":1371,"url":"https:\/\/gatewaypartners.eu\/lv\/wp-content\/uploads\/sites\/2\/2017\/03\/contacts.jpg","type":"image\/jpeg"}],"twitter_card":"summary_large_image","schema":{"@context":"https:\/\/schema.org","@graph":[{"@type":"WebPage","@id":"https:\/\/gatewaypartners.eu\/lv\/kontakti\/","url":"https:\/\/gatewaypartners.eu\/lv\/kontakti\/","name":"Kontakti | Birojs | Gateway & Partners","isPartOf":{"@id":"https:\/\/gatewaypartners.eu\/lv\/#website"},"datePublished":"2017-03-25T15:55:57+00:00","dateModified":"2022-02-21T15:37:29+00:00","description":"Rakstiet vai zvaniet mums, ja J\u016bs interes\u0113 starptautiskas izaugsmes iesp\u0113jas!","inLanguage":"lv-LV","potentialAction":[{"@type":"ReadAction","target":["https:\/\/gatewaypartners.eu\/lv\/kontakti\/"]}]},{"@type":"WebSite","@id":"https:\/\/gatewaypartners.eu\/lv\/#website","url":"https:\/\/gatewaypartners.eu\/lv\/","name":"Gateway &amp; Partners","description":"Your Export Powerhouse","potentialAction":[{"@type":"SearchAction","target":{"@type":"EntryPoint","urlTemplate":"https:\/\/gatewaypartners.eu\/lv\/?s={search_term_string}"},"query-input":"required name=search_term_string"}],"inLanguage":"lv-LV"}]}},"_links":{"self":[{"href":"https:\/\/gatewaypartners.eu\/lv\/wp-json\/wp\/v2\/pages\/577","targetHints":{"allow":["GET"]}}],"collection":[{"href":"https:\/\/gatewaypartners.eu\/lv\/wp-json\/wp\/v2\/pages"}],"about":[{"href":"https:\/\/gatewaypartners.eu\/lv\/wp-json\/wp\/v2\/types\/page"}],"author":[{"embeddable":true,"href":"https:\/\/gatewaypartners.eu\/lv\/wp-json\/wp\/v2\/users\/9"}],"replies":[{"embeddable":true,"href":"https:\/\/gatewaypartners.eu\/lv\/wp-json\/wp\/v2\/comments?post=577"}],"version-history":[{"count":3,"href":"https:\/\/gatewaypartners.eu\/lv\/wp-json\/wp\/v2\/pages\/577\/revisions"}],"predecessor-version":[{"id":788,"href":"https:\/\/gatewaypartners.eu\/lv\/wp-json\/wp\/v2\/pages\/577\/revisions\/788"}],"wp:featuredmedia":[{"embeddable":true,"href":"https:\/\/gatewaypartners.eu\/lv\/wp-json\/wp\/v2\/media\/451"}],"wp:attachment":[{"href":"https:\/\/gatewaypartners.eu\/lv\/wp-json\/wp\/v2\/media?parent=577"}],"curies":[{"name":"wp","href":"https:\/\/api.w.org\/{rel}","templated":true}]}}