{"id":370,"date":"2017-03-10T14:51:44","date_gmt":"2017-03-10T12:51:44","guid":{"rendered":"http:\/\/gatewaypartners.eu\/ro\/?page_id=370"},"modified":"2023-02-02T13:20:13","modified_gmt":"2023-02-02T11:20:13","slug":"punctul-tau-de-demarare-a-exporturilor","status":"publish","type":"page","link":"https:\/\/gatewaypartners.eu\/md\/","title":{"rendered":"Punctul t\u0103u de Demarare a Exporturilor"},"content":{"rendered":"<p><a class=\"btn btn-primary btn-lg\" href=\"https:\/\/gatewaypartners.eu\/ro\/despre\/\">Despre<\/a><\/p>\n<p><!--more--><\/p>\n<p>Dezvoltarea rela\u021biilor de colaborare cu partenerii externi \u0219i lansarea exportului de bunuri sau servicii pe pie\u021be noi reprezint\u0103 un obiectiv de perspectiv\u0103 pentru fiecare antreprenor. Potrivit statisticilor, volumul comer\u021bului exterior \u00een Moldova cre\u0219te anual, precum \u0219i lista m\u0103rfurilor exportate se extinde continuu. Deci, produsele companiei dvs. ar putea face parte din aceast\u0103 list\u0103 \u0219i ar putea deveni exportabile. Exportul reprezint\u0103 \u00een sine un pas ferm c\u0103tre dezvoltarea afacerii dvs., care v\u0103 va ajuta s\u0103 deveni\u021bi recunoscu\u021bi pe pie\u021bele externe.<\/p>\n<p>Este necesar s\u0103 v\u0103 preg\u0103ti\u021bi pentru a p\u0103trunde pe pie\u021bele interna\u021bionale. Aceasta include diverse cerin\u021be importante, \u00eendeplinirea c\u0103rora necesit\u0103 cuno\u0219tin\u021be \u0219i experien\u021be particulare. Din acest motiv, mul\u021bi antreprenori aleg s\u0103 recurg\u0103 la ajutorul consultan\u021bilor profesioni\u0219ti, pentru care consultan\u021ba \u00een export este o sarcin\u0103 zilnic\u0103.<\/p>\n<p>Noi, compania Gateway &amp; Partners, oferim servicii de cercetare \u0219i penetrare pe noi pie\u021be pentru companiile locale. Indiferent de ni\u0219a de afacere pe care o reprezenta\u021bi, o strategie potrivit\u0103 de promovare a exportului \u0219i un export organizat corect v\u0103 va permite s\u0103 deveni\u021bi mai competitivi pe pia\u021b\u0103. Consultan\u021ba \u00een dezvoltarea exportul reprezint\u0103 primul pas \u00een dezvoltarea comer\u021bului pe pie\u021bele externe.<\/p>\n<p>Consultan\u021ba \u00een dezvoltarea exportul v\u0103 va ajuta s\u0103 g\u0103si\u021bi r\u0103spunsuri la urm\u0103toarele \u00eentreb\u0103ri:<\/p>\n<ul>\n<li>Exportul este potrivit pentru activitatea companiei mele \u0219i este preg\u0103tit\u0103 compania pentru intrarea pe noi pie\u021be?<\/li>\n<li>Care sunt pie\u021bele care ar fi cele mai potrivite pentru compania mea \u0219i cu penetrarea c\u0103rora s\u0103 \u00eencepem?<\/li>\n<li>Cum s\u0103 v\u0103 preg\u0103ti\u021bi cel mai eficient pentru a intra pe anumite pie\u021be?<\/li>\n<li>Cum s\u0103 ob\u021bine\u021bi primele contacte importante de afaceri \u0219i unde s\u0103 le g\u0103si\u021bi?<\/li>\n<\/ul>\n<p>&nbsp;<\/p>\n<p>Chiar dac\u0103 promovarea exportului \u00een linii generale are acelea\u0219i directive\/pa\u0219i, \u00een practic\u0103, utilizarea\u00a0 acestora difer\u0103 pentru fiecare companie \u00een parte. Consultan\u021ba \u00een dezvoltarea exportul v\u0103 va ajuta s\u0103 stabili\u021bi corect priorit\u0103\u021bile pentru a seta un plan strategic de export. \u021aine-\u021bi minte c\u0103 exportul este o activitate care necesit\u0103 mult timp \u0219i mult\u0103 munc\u0103 &#8211; trebuie s\u0103 fi\u021bi r\u0103bd\u0103tori, deoarece perioada de timp \u00eentre primul contact \u0219i primul export va fi \u00eendelungat\u0103. Exportul diferitor bunuri \u0219i servicii este legat de multe aspecte \u0219i \u00eentreb\u0103ri, din acest motiv consultan\u021ba \u00een export este doar unul dintre serviciile pe care le oferim. Suportul nostru la dezvoltarea exporturilor dvs. \u0219i alte servicii sunt oferite de profesioni\u0219ti cu experien\u021b\u0103 semnificativ\u0103 \u00een promovarea pe pie\u021belor interna\u021bionale.<\/p>\n","protected":false},"excerpt":{"rendered":"<p>Calea ta de Acces c\u0103tre Noi Pie\u021be.<\/p>\n","protected":false},"author":3,"featured_media":276,"parent":0,"menu_order":0,"comment_status":"closed","ping_status":"closed","template":"template-home.php","meta":{"inline_featured_image":false,"footnotes":""},"class_list":["post-370","page","type-page","status-publish","has-post-thumbnail","hentry"],"acf":[],"yoast_head":"<!-- This site is optimized with the Yoast SEO plugin v20.2.1 - https:\/\/yoast.com\/wordpress\/plugins\/seo\/ -->\n<title>Punctul t\u0103u de Demarare a Exporturilor - Gateway &amp; Partners<\/title>\n<meta name=\"robots\" content=\"index, follow, max-snippet:-1, max-image-preview:large, max-video-preview:-1\" \/>\n<link rel=\"canonical\" href=\"https:\/\/gatewaypartners.eu\/md\/\" \/>\n<meta property=\"og:locale\" content=\"ro_RO\" \/>\n<meta property=\"og:type\" content=\"article\" \/>\n<meta property=\"og:title\" content=\"Punctul t\u0103u de Demarare a Exporturilor - Gateway &amp; Partners\" \/>\n<meta property=\"og:description\" content=\"Calea ta de Acces c\u0103tre Noi Pie\u021be.\" \/>\n<meta property=\"og:url\" content=\"https:\/\/gatewaypartners.eu\/md\/\" \/>\n<meta property=\"og:site_name\" content=\"Gateway &amp; Partners\" \/>\n<meta property=\"article:modified_time\" content=\"2023-02-02T11:20:13+00:00\" \/>\n<meta property=\"og:image\" content=\"https:\/\/gatewaypartners.eu\/md\/wp-content\/uploads\/sites\/3\/2017\/03\/Index.jpg\" \/>\n\t<meta property=\"og:image:width\" content=\"2048\" \/>\n\t<meta property=\"og:image:height\" content=\"942\" \/>\n\t<meta property=\"og:image:type\" content=\"image\/jpeg\" \/>\n<meta name=\"twitter:card\" content=\"summary_large_image\" \/>\n<script type=\"application\/ld+json\" class=\"yoast-schema-graph\">{\"@context\":\"https:\/\/schema.org\",\"@graph\":[{\"@type\":\"WebPage\",\"@id\":\"https:\/\/gatewaypartners.eu\/md\/\",\"url\":\"https:\/\/gatewaypartners.eu\/md\/\",\"name\":\"Punctul t\u0103u de Demarare a Exporturilor - Gateway &amp; Partners\",\"isPartOf\":{\"@id\":\"https:\/\/gatewaypartners.eu\/md\/#website\"},\"datePublished\":\"2017-03-10T12:51:44+00:00\",\"dateModified\":\"2023-02-02T11:20:13+00:00\",\"inLanguage\":\"ro-RO\",\"potentialAction\":[{\"@type\":\"ReadAction\",\"target\":[\"https:\/\/gatewaypartners.eu\/md\/\"]}]},{\"@type\":\"WebSite\",\"@id\":\"https:\/\/gatewaypartners.eu\/md\/#website\",\"url\":\"https:\/\/gatewaypartners.eu\/md\/\",\"name\":\"Gateway &amp; Partners\",\"description\":\"Punctul t\u0103u de Demarare a Exporturilor.\",\"potentialAction\":[{\"@type\":\"SearchAction\",\"target\":{\"@type\":\"EntryPoint\",\"urlTemplate\":\"https:\/\/gatewaypartners.eu\/md\/?s={search_term_string}\"},\"query-input\":\"required name=search_term_string\"}],\"inLanguage\":\"ro-RO\"}]}<\/script>\n<!-- \/ Yoast SEO plugin. -->","yoast_head_json":{"title":"Punctul t\u0103u de Demarare a Exporturilor - Gateway &amp; Partners","robots":{"index":"index","follow":"follow","max-snippet":"max-snippet:-1","max-image-preview":"max-image-preview:large","max-video-preview":"max-video-preview:-1"},"canonical":"https:\/\/gatewaypartners.eu\/md\/","og_locale":"ro_RO","og_type":"article","og_title":"Punctul t\u0103u de Demarare a Exporturilor - Gateway &amp; Partners","og_description":"Calea ta de Acces c\u0103tre Noi Pie\u021be.","og_url":"https:\/\/gatewaypartners.eu\/md\/","og_site_name":"Gateway &amp; Partners","article_modified_time":"2023-02-02T11:20:13+00:00","og_image":[{"width":2048,"height":942,"url":"https:\/\/gatewaypartners.eu\/md\/wp-content\/uploads\/sites\/3\/2017\/03\/Index.jpg","type":"image\/jpeg"}],"twitter_card":"summary_large_image","schema":{"@context":"https:\/\/schema.org","@graph":[{"@type":"WebPage","@id":"https:\/\/gatewaypartners.eu\/md\/","url":"https:\/\/gatewaypartners.eu\/md\/","name":"Punctul t\u0103u de Demarare a Exporturilor - Gateway &amp; Partners","isPartOf":{"@id":"https:\/\/gatewaypartners.eu\/md\/#website"},"datePublished":"2017-03-10T12:51:44+00:00","dateModified":"2023-02-02T11:20:13+00:00","inLanguage":"ro-RO","potentialAction":[{"@type":"ReadAction","target":["https:\/\/gatewaypartners.eu\/md\/"]}]},{"@type":"WebSite","@id":"https:\/\/gatewaypartners.eu\/md\/#website","url":"https:\/\/gatewaypartners.eu\/md\/","name":"Gateway &amp; Partners","description":"Punctul t\u0103u de Demarare a Exporturilor.","potentialAction":[{"@type":"SearchAction","target":{"@type":"EntryPoint","urlTemplate":"https:\/\/gatewaypartners.eu\/md\/?s={search_term_string}"},"query-input":"required name=search_term_string"}],"inLanguage":"ro-RO"}]}},"_links":{"self":[{"href":"https:\/\/gatewaypartners.eu\/md\/wp-json\/wp\/v2\/pages\/370","targetHints":{"allow":["GET"]}}],"collection":[{"href":"https:\/\/gatewaypartners.eu\/md\/wp-json\/wp\/v2\/pages"}],"about":[{"href":"https:\/\/gatewaypartners.eu\/md\/wp-json\/wp\/v2\/types\/page"}],"author":[{"embeddable":true,"href":"https:\/\/gatewaypartners.eu\/md\/wp-json\/wp\/v2\/users\/3"}],"replies":[{"embeddable":true,"href":"https:\/\/gatewaypartners.eu\/md\/wp-json\/wp\/v2\/comments?post=370"}],"version-history":[{"count":13,"href":"https:\/\/gatewaypartners.eu\/md\/wp-json\/wp\/v2\/pages\/370\/revisions"}],"predecessor-version":[{"id":960,"href":"https:\/\/gatewaypartners.eu\/md\/wp-json\/wp\/v2\/pages\/370\/revisions\/960"}],"wp:featuredmedia":[{"embeddable":true,"href":"https:\/\/gatewaypartners.eu\/md\/wp-json\/wp\/v2\/media\/276"}],"wp:attachment":[{"href":"https:\/\/gatewaypartners.eu\/md\/wp-json\/wp\/v2\/media?parent=370"}],"curies":[{"name":"wp","href":"https:\/\/api.w.org\/{rel}","templated":true}]}}