{"id":393,"date":"2017-03-13T12:05:57","date_gmt":"2017-03-13T10:05:57","guid":{"rendered":"http:\/\/gatewaypartners.eu\/ro\/?page_id=393"},"modified":"2022-02-08T11:38:59","modified_gmt":"2022-02-08T09:38:59","slug":"it-si-tehnologii","status":"publish","type":"page","link":"https:\/\/gatewaypartners.eu\/md\/industrii\/it-si-tehnologii\/","title":{"rendered":"IT \u0219i Tehnologii"},"content":{"rendered":"","protected":false},"excerpt":{"rendered":"<p>Chiar dac\u0103 opereaz\u0103 \u00een format digital, companiile de IT au \u00een continuare nevoie de parteneri B2B \u0219i clien\u021bi. Sprijinim companiile de tehnologie prin efectuarea cercet\u0103rilor de pia\u021b\u0103 \u0219i identificarea partenerilor de afaceri \u0219i a oportunit\u0103\u021bilor de extindere din \u021a\u0103rile Nordice p\u00e2n\u0103 \u00een India.<\/p>\n","protected":false},"author":3,"featured_media":290,"parent":410,"menu_order":8,"comment_status":"closed","ping_status":"closed","template":"template-industry.php","meta":{"inline_featured_image":false,"footnotes":""},"class_list":["post-393","page","type-page","status-publish","has-post-thumbnail","hentry"],"acf":[],"yoast_head":"<!-- This site is optimized with the Yoast SEO plugin v20.2.1 - https:\/\/yoast.com\/wordpress\/plugins\/seo\/ -->\n<title>IT \u0219i Tehnologii - Gateway &amp; Partners<\/title>\n<meta name=\"robots\" content=\"index, follow, max-snippet:-1, max-image-preview:large, max-video-preview:-1\" \/>\n<link rel=\"canonical\" href=\"https:\/\/gatewaypartners.eu\/md\/industrii\/it-si-tehnologii\/\" \/>\n<meta property=\"og:locale\" content=\"ro_RO\" \/>\n<meta property=\"og:type\" content=\"article\" \/>\n<meta property=\"og:title\" content=\"IT \u0219i Tehnologii - Gateway &amp; Partners\" \/>\n<meta property=\"og:description\" content=\"Chiar dac\u0103 opereaz\u0103 \u00een format digital, companiile de IT au \u00een continuare nevoie de parteneri B2B \u0219i clien\u021bi. Sprijinim companiile de tehnologie prin efectuarea cercet\u0103rilor de pia\u021b\u0103 \u0219i identificarea partenerilor de afaceri \u0219i a oportunit\u0103\u021bilor de extindere din \u021a\u0103rile Nordice p\u00e2n\u0103 \u00een India.\" \/>\n<meta property=\"og:url\" content=\"https:\/\/gatewaypartners.eu\/md\/industrii\/it-si-tehnologii\/\" \/>\n<meta property=\"og:site_name\" content=\"Gateway &amp; Partners\" \/>\n<meta property=\"article:modified_time\" content=\"2022-02-08T09:38:59+00:00\" \/>\n<meta property=\"og:image\" content=\"https:\/\/gatewaypartners.eu\/md\/wp-content\/uploads\/sites\/3\/2017\/03\/IT-mother-board-581597-2.jpg\" \/>\n\t<meta property=\"og:image:width\" content=\"2048\" \/>\n\t<meta property=\"og:image:height\" content=\"1536\" \/>\n\t<meta property=\"og:image:type\" content=\"image\/jpeg\" \/>\n<meta name=\"twitter:card\" content=\"summary_large_image\" \/>\n<script type=\"application\/ld+json\" class=\"yoast-schema-graph\">{\"@context\":\"https:\/\/schema.org\",\"@graph\":[{\"@type\":\"WebPage\",\"@id\":\"https:\/\/gatewaypartners.eu\/md\/industrii\/it-si-tehnologii\/\",\"url\":\"https:\/\/gatewaypartners.eu\/md\/industrii\/it-si-tehnologii\/\",\"name\":\"IT \u0219i Tehnologii - Gateway &amp; Partners\",\"isPartOf\":{\"@id\":\"https:\/\/gatewaypartners.eu\/md\/#website\"},\"datePublished\":\"2017-03-13T10:05:57+00:00\",\"dateModified\":\"2022-02-08T09:38:59+00:00\",\"breadcrumb\":{\"@id\":\"https:\/\/gatewaypartners.eu\/md\/industrii\/it-si-tehnologii\/#breadcrumb\"},\"inLanguage\":\"ro-RO\",\"potentialAction\":[{\"@type\":\"ReadAction\",\"target\":[\"https:\/\/gatewaypartners.eu\/md\/industrii\/it-si-tehnologii\/\"]}]},{\"@type\":\"BreadcrumbList\",\"@id\":\"https:\/\/gatewaypartners.eu\/md\/industrii\/it-si-tehnologii\/#breadcrumb\",\"itemListElement\":[{\"@type\":\"ListItem\",\"position\":1,\"name\":\"Industrii\",\"item\":\"https:\/\/gatewaypartners.eu\/md\/industrii\/\"},{\"@type\":\"ListItem\",\"position\":2,\"name\":\"IT \u0219i Tehnologii\"}]},{\"@type\":\"WebSite\",\"@id\":\"https:\/\/gatewaypartners.eu\/md\/#website\",\"url\":\"https:\/\/gatewaypartners.eu\/md\/\",\"name\":\"Gateway &amp; Partners\",\"description\":\"Punctul t\u0103u de Demarare a Exporturilor.\",\"potentialAction\":[{\"@type\":\"SearchAction\",\"target\":{\"@type\":\"EntryPoint\",\"urlTemplate\":\"https:\/\/gatewaypartners.eu\/md\/?s={search_term_string}\"},\"query-input\":\"required name=search_term_string\"}],\"inLanguage\":\"ro-RO\"}]}<\/script>\n<!-- \/ Yoast SEO plugin. -->","yoast_head_json":{"title":"IT \u0219i Tehnologii - Gateway &amp; Partners","robots":{"index":"index","follow":"follow","max-snippet":"max-snippet:-1","max-image-preview":"max-image-preview:large","max-video-preview":"max-video-preview:-1"},"canonical":"https:\/\/gatewaypartners.eu\/md\/industrii\/it-si-tehnologii\/","og_locale":"ro_RO","og_type":"article","og_title":"IT \u0219i Tehnologii - Gateway &amp; Partners","og_description":"Chiar dac\u0103 opereaz\u0103 \u00een format digital, companiile de IT au \u00een continuare nevoie de parteneri B2B \u0219i clien\u021bi. Sprijinim companiile de tehnologie prin efectuarea cercet\u0103rilor de pia\u021b\u0103 \u0219i identificarea partenerilor de afaceri \u0219i a oportunit\u0103\u021bilor de extindere din \u021a\u0103rile Nordice p\u00e2n\u0103 \u00een India.","og_url":"https:\/\/gatewaypartners.eu\/md\/industrii\/it-si-tehnologii\/","og_site_name":"Gateway &amp; Partners","article_modified_time":"2022-02-08T09:38:59+00:00","og_image":[{"width":2048,"height":1536,"url":"https:\/\/gatewaypartners.eu\/md\/wp-content\/uploads\/sites\/3\/2017\/03\/IT-mother-board-581597-2.jpg","type":"image\/jpeg"}],"twitter_card":"summary_large_image","schema":{"@context":"https:\/\/schema.org","@graph":[{"@type":"WebPage","@id":"https:\/\/gatewaypartners.eu\/md\/industrii\/it-si-tehnologii\/","url":"https:\/\/gatewaypartners.eu\/md\/industrii\/it-si-tehnologii\/","name":"IT \u0219i Tehnologii - Gateway &amp; Partners","isPartOf":{"@id":"https:\/\/gatewaypartners.eu\/md\/#website"},"datePublished":"2017-03-13T10:05:57+00:00","dateModified":"2022-02-08T09:38:59+00:00","breadcrumb":{"@id":"https:\/\/gatewaypartners.eu\/md\/industrii\/it-si-tehnologii\/#breadcrumb"},"inLanguage":"ro-RO","potentialAction":[{"@type":"ReadAction","target":["https:\/\/gatewaypartners.eu\/md\/industrii\/it-si-tehnologii\/"]}]},{"@type":"BreadcrumbList","@id":"https:\/\/gatewaypartners.eu\/md\/industrii\/it-si-tehnologii\/#breadcrumb","itemListElement":[{"@type":"ListItem","position":1,"name":"Industrii","item":"https:\/\/gatewaypartners.eu\/md\/industrii\/"},{"@type":"ListItem","position":2,"name":"IT \u0219i Tehnologii"}]},{"@type":"WebSite","@id":"https:\/\/gatewaypartners.eu\/md\/#website","url":"https:\/\/gatewaypartners.eu\/md\/","name":"Gateway &amp; Partners","description":"Punctul t\u0103u de Demarare a Exporturilor.","potentialAction":[{"@type":"SearchAction","target":{"@type":"EntryPoint","urlTemplate":"https:\/\/gatewaypartners.eu\/md\/?s={search_term_string}"},"query-input":"required name=search_term_string"}],"inLanguage":"ro-RO"}]}},"_links":{"self":[{"href":"https:\/\/gatewaypartners.eu\/md\/wp-json\/wp\/v2\/pages\/393","targetHints":{"allow":["GET"]}}],"collection":[{"href":"https:\/\/gatewaypartners.eu\/md\/wp-json\/wp\/v2\/pages"}],"about":[{"href":"https:\/\/gatewaypartners.eu\/md\/wp-json\/wp\/v2\/types\/page"}],"author":[{"embeddable":true,"href":"https:\/\/gatewaypartners.eu\/md\/wp-json\/wp\/v2\/users\/3"}],"replies":[{"embeddable":true,"href":"https:\/\/gatewaypartners.eu\/md\/wp-json\/wp\/v2\/comments?post=393"}],"version-history":[{"count":2,"href":"https:\/\/gatewaypartners.eu\/md\/wp-json\/wp\/v2\/pages\/393\/revisions"}],"predecessor-version":[{"id":567,"href":"https:\/\/gatewaypartners.eu\/md\/wp-json\/wp\/v2\/pages\/393\/revisions\/567"}],"up":[{"embeddable":true,"href":"https:\/\/gatewaypartners.eu\/md\/wp-json\/wp\/v2\/pages\/410"}],"wp:featuredmedia":[{"embeddable":true,"href":"https:\/\/gatewaypartners.eu\/md\/wp-json\/wp\/v2\/media\/290"}],"wp:attachment":[{"href":"https:\/\/gatewaypartners.eu\/md\/wp-json\/wp\/v2\/media?parent=393"}],"curies":[{"name":"wp","href":"https:\/\/api.w.org\/{rel}","templated":true}]}}