{"id":408,"date":"2017-03-13T13:42:45","date_gmt":"2017-03-13T11:42:45","guid":{"rendered":"http:\/\/gatewaypartners.eu\/ro\/?page_id=408"},"modified":"2022-02-08T11:36:56","modified_gmt":"2022-02-08T09:36:56","slug":"organizatii-comerciale-internationale-si-clustere","status":"publish","type":"page","link":"https:\/\/gatewaypartners.eu\/md\/industrii\/organizatii-comerciale-internationale-si-clustere\/","title":{"rendered":"Organiza\u021bii Comerciale Interna\u021bionale \u0219i Clustere"},"content":{"rendered":"","protected":false},"excerpt":{"rendered":"<p>Gateway &#038; Partners se bucur\u0103 de \u00eencrederea unui num\u0103r mare de agen\u021bii de promovare a comer\u021bului, clustere \u0219i asocia\u021bii. Sarcinile pentru care am fost solicita\u021bi au vizat cercetarea de pia\u021b\u0103 \u0219i cre\u0219terea v\u00e2nz\u0103rilor B2B prin organizarea misiunilor comerciale, evenimentele B2B matchmaking \u0219i gestionarea vizitelor de afaceri.<\/p>\n","protected":false},"author":3,"featured_media":291,"parent":410,"menu_order":1,"comment_status":"closed","ping_status":"closed","template":"template-industry.php","meta":{"inline_featured_image":false,"footnotes":""},"class_list":["post-408","page","type-page","status-publish","has-post-thumbnail","hentry"],"acf":[],"yoast_head":"<!-- This site is optimized with the Yoast SEO plugin v20.2.1 - https:\/\/yoast.com\/wordpress\/plugins\/seo\/ -->\n<title>Organiza\u021bii Comerciale Interna\u021bionale \u0219i Clustere - Gateway &amp; Partners<\/title>\n<meta name=\"robots\" content=\"index, follow, max-snippet:-1, max-image-preview:large, max-video-preview:-1\" \/>\n<link rel=\"canonical\" href=\"https:\/\/gatewaypartners.eu\/md\/industrii\/organizatii-comerciale-internationale-si-clustere\/\" \/>\n<meta property=\"og:locale\" content=\"ro_RO\" \/>\n<meta property=\"og:type\" content=\"article\" \/>\n<meta property=\"og:title\" content=\"Organiza\u021bii Comerciale Interna\u021bionale \u0219i Clustere - Gateway &amp; Partners\" \/>\n<meta property=\"og:description\" content=\"Gateway &amp; Partners se bucur\u0103 de \u00eencrederea unui num\u0103r mare de agen\u021bii de promovare a comer\u021bului, clustere \u0219i asocia\u021bii. Sarcinile pentru care am fost solicita\u021bi au vizat cercetarea de pia\u021b\u0103 \u0219i cre\u0219terea v\u00e2nz\u0103rilor B2B prin organizarea misiunilor comerciale, evenimentele B2B matchmaking \u0219i gestionarea vizitelor de afaceri.\" \/>\n<meta property=\"og:url\" content=\"https:\/\/gatewaypartners.eu\/md\/industrii\/organizatii-comerciale-internationale-si-clustere\/\" \/>\n<meta property=\"og:site_name\" content=\"Gateway &amp; Partners\" \/>\n<meta property=\"article:modified_time\" content=\"2022-02-08T09:36:56+00:00\" \/>\n<meta property=\"og:image\" content=\"https:\/\/gatewaypartners.eu\/md\/wp-content\/uploads\/sites\/3\/2017\/03\/Careers-roof-top-1436884.jpg\" \/>\n\t<meta property=\"og:image:width\" content=\"2048\" \/>\n\t<meta property=\"og:image:height\" content=\"1365\" \/>\n\t<meta property=\"og:image:type\" content=\"image\/jpeg\" \/>\n<meta name=\"twitter:card\" content=\"summary_large_image\" \/>\n<script type=\"application\/ld+json\" class=\"yoast-schema-graph\">{\"@context\":\"https:\/\/schema.org\",\"@graph\":[{\"@type\":\"WebPage\",\"@id\":\"https:\/\/gatewaypartners.eu\/md\/industrii\/organizatii-comerciale-internationale-si-clustere\/\",\"url\":\"https:\/\/gatewaypartners.eu\/md\/industrii\/organizatii-comerciale-internationale-si-clustere\/\",\"name\":\"Organiza\u021bii Comerciale Interna\u021bionale \u0219i Clustere - Gateway &amp; Partners\",\"isPartOf\":{\"@id\":\"https:\/\/gatewaypartners.eu\/md\/#website\"},\"datePublished\":\"2017-03-13T11:42:45+00:00\",\"dateModified\":\"2022-02-08T09:36:56+00:00\",\"breadcrumb\":{\"@id\":\"https:\/\/gatewaypartners.eu\/md\/industrii\/organizatii-comerciale-internationale-si-clustere\/#breadcrumb\"},\"inLanguage\":\"ro-RO\",\"potentialAction\":[{\"@type\":\"ReadAction\",\"target\":[\"https:\/\/gatewaypartners.eu\/md\/industrii\/organizatii-comerciale-internationale-si-clustere\/\"]}]},{\"@type\":\"BreadcrumbList\",\"@id\":\"https:\/\/gatewaypartners.eu\/md\/industrii\/organizatii-comerciale-internationale-si-clustere\/#breadcrumb\",\"itemListElement\":[{\"@type\":\"ListItem\",\"position\":1,\"name\":\"Industrii\",\"item\":\"https:\/\/gatewaypartners.eu\/md\/industrii\/\"},{\"@type\":\"ListItem\",\"position\":2,\"name\":\"Organiza\u021bii Comerciale Interna\u021bionale \u0219i Clustere\"}]},{\"@type\":\"WebSite\",\"@id\":\"https:\/\/gatewaypartners.eu\/md\/#website\",\"url\":\"https:\/\/gatewaypartners.eu\/md\/\",\"name\":\"Gateway &amp; Partners\",\"description\":\"Punctul t\u0103u de Demarare a Exporturilor.\",\"potentialAction\":[{\"@type\":\"SearchAction\",\"target\":{\"@type\":\"EntryPoint\",\"urlTemplate\":\"https:\/\/gatewaypartners.eu\/md\/?s={search_term_string}\"},\"query-input\":\"required name=search_term_string\"}],\"inLanguage\":\"ro-RO\"}]}<\/script>\n<!-- \/ Yoast SEO plugin. -->","yoast_head_json":{"title":"Organiza\u021bii Comerciale Interna\u021bionale \u0219i Clustere - Gateway &amp; Partners","robots":{"index":"index","follow":"follow","max-snippet":"max-snippet:-1","max-image-preview":"max-image-preview:large","max-video-preview":"max-video-preview:-1"},"canonical":"https:\/\/gatewaypartners.eu\/md\/industrii\/organizatii-comerciale-internationale-si-clustere\/","og_locale":"ro_RO","og_type":"article","og_title":"Organiza\u021bii Comerciale Interna\u021bionale \u0219i Clustere - Gateway &amp; Partners","og_description":"Gateway & Partners se bucur\u0103 de \u00eencrederea unui num\u0103r mare de agen\u021bii de promovare a comer\u021bului, clustere \u0219i asocia\u021bii. Sarcinile pentru care am fost solicita\u021bi au vizat cercetarea de pia\u021b\u0103 \u0219i cre\u0219terea v\u00e2nz\u0103rilor B2B prin organizarea misiunilor comerciale, evenimentele B2B matchmaking \u0219i gestionarea vizitelor de afaceri.","og_url":"https:\/\/gatewaypartners.eu\/md\/industrii\/organizatii-comerciale-internationale-si-clustere\/","og_site_name":"Gateway &amp; Partners","article_modified_time":"2022-02-08T09:36:56+00:00","og_image":[{"width":2048,"height":1365,"url":"https:\/\/gatewaypartners.eu\/md\/wp-content\/uploads\/sites\/3\/2017\/03\/Careers-roof-top-1436884.jpg","type":"image\/jpeg"}],"twitter_card":"summary_large_image","schema":{"@context":"https:\/\/schema.org","@graph":[{"@type":"WebPage","@id":"https:\/\/gatewaypartners.eu\/md\/industrii\/organizatii-comerciale-internationale-si-clustere\/","url":"https:\/\/gatewaypartners.eu\/md\/industrii\/organizatii-comerciale-internationale-si-clustere\/","name":"Organiza\u021bii Comerciale Interna\u021bionale \u0219i Clustere - Gateway &amp; Partners","isPartOf":{"@id":"https:\/\/gatewaypartners.eu\/md\/#website"},"datePublished":"2017-03-13T11:42:45+00:00","dateModified":"2022-02-08T09:36:56+00:00","breadcrumb":{"@id":"https:\/\/gatewaypartners.eu\/md\/industrii\/organizatii-comerciale-internationale-si-clustere\/#breadcrumb"},"inLanguage":"ro-RO","potentialAction":[{"@type":"ReadAction","target":["https:\/\/gatewaypartners.eu\/md\/industrii\/organizatii-comerciale-internationale-si-clustere\/"]}]},{"@type":"BreadcrumbList","@id":"https:\/\/gatewaypartners.eu\/md\/industrii\/organizatii-comerciale-internationale-si-clustere\/#breadcrumb","itemListElement":[{"@type":"ListItem","position":1,"name":"Industrii","item":"https:\/\/gatewaypartners.eu\/md\/industrii\/"},{"@type":"ListItem","position":2,"name":"Organiza\u021bii Comerciale Interna\u021bionale \u0219i Clustere"}]},{"@type":"WebSite","@id":"https:\/\/gatewaypartners.eu\/md\/#website","url":"https:\/\/gatewaypartners.eu\/md\/","name":"Gateway &amp; Partners","description":"Punctul t\u0103u de Demarare a Exporturilor.","potentialAction":[{"@type":"SearchAction","target":{"@type":"EntryPoint","urlTemplate":"https:\/\/gatewaypartners.eu\/md\/?s={search_term_string}"},"query-input":"required name=search_term_string"}],"inLanguage":"ro-RO"}]}},"_links":{"self":[{"href":"https:\/\/gatewaypartners.eu\/md\/wp-json\/wp\/v2\/pages\/408","targetHints":{"allow":["GET"]}}],"collection":[{"href":"https:\/\/gatewaypartners.eu\/md\/wp-json\/wp\/v2\/pages"}],"about":[{"href":"https:\/\/gatewaypartners.eu\/md\/wp-json\/wp\/v2\/types\/page"}],"author":[{"embeddable":true,"href":"https:\/\/gatewaypartners.eu\/md\/wp-json\/wp\/v2\/users\/3"}],"replies":[{"embeddable":true,"href":"https:\/\/gatewaypartners.eu\/md\/wp-json\/wp\/v2\/comments?post=408"}],"version-history":[{"count":3,"href":"https:\/\/gatewaypartners.eu\/md\/wp-json\/wp\/v2\/pages\/408\/revisions"}],"predecessor-version":[{"id":558,"href":"https:\/\/gatewaypartners.eu\/md\/wp-json\/wp\/v2\/pages\/408\/revisions\/558"}],"up":[{"embeddable":true,"href":"https:\/\/gatewaypartners.eu\/md\/wp-json\/wp\/v2\/pages\/410"}],"wp:featuredmedia":[{"embeddable":true,"href":"https:\/\/gatewaypartners.eu\/md\/wp-json\/wp\/v2\/media\/291"}],"wp:attachment":[{"href":"https:\/\/gatewaypartners.eu\/md\/wp-json\/wp\/v2\/media?parent=408"}],"curies":[{"name":"wp","href":"https:\/\/api.w.org\/{rel}","templated":true}]}}