{"id":410,"date":"2017-03-13T13:49:32","date_gmt":"2017-03-13T11:49:32","guid":{"rendered":"http:\/\/gatewaypartners.eu\/ro\/?page_id=410"},"modified":"2022-02-08T11:36:34","modified_gmt":"2022-02-08T09:36:34","slug":"industrii","status":"publish","type":"page","link":"https:\/\/gatewaypartners.eu\/md\/industrii\/","title":{"rendered":"Industrii"},"content":{"rendered":"","protected":false},"excerpt":{"rendered":"<p>Experien\u021ba ampl\u0103 \u00een diverse industrii, market know-how, atitudinea personal\u0103 \u0219i asisten\u021ba profesional\u0103 vor contribui esen\u021bial la cre\u0219terea v\u00e2nz\u0103rilor companiei Dvs. la export. Pe parcursul activit\u0103\u021bii noastre am intervenit \u00een diverse industrii \u0219i pie\u021be, sprijinind afaceri \u0219i organiza\u021bii de toate m\u0103rimile.<\/p>\n","protected":false},"author":3,"featured_media":282,"parent":0,"menu_order":0,"comment_status":"closed","ping_status":"closed","template":"template-industries.php","meta":{"inline_featured_image":false,"footnotes":""},"class_list":["post-410","page","type-page","status-publish","has-post-thumbnail","hentry"],"acf":[],"yoast_head":"<!-- This site is optimized with the Yoast SEO plugin v20.2.1 - https:\/\/yoast.com\/wordpress\/plugins\/seo\/ -->\n<title>Industrii - Gateway &amp; Partners<\/title>\n<meta name=\"robots\" content=\"index, follow, max-snippet:-1, max-image-preview:large, max-video-preview:-1\" \/>\n<link rel=\"canonical\" href=\"https:\/\/gatewaypartners.eu\/md\/industrii\/\" \/>\n<meta property=\"og:locale\" content=\"ro_RO\" \/>\n<meta property=\"og:type\" content=\"article\" \/>\n<meta property=\"og:title\" content=\"Industrii - Gateway &amp; Partners\" \/>\n<meta property=\"og:description\" content=\"Experien\u021ba ampl\u0103 \u00een diverse industrii, market know-how, atitudinea personal\u0103 \u0219i asisten\u021ba profesional\u0103 vor contribui esen\u021bial la cre\u0219terea v\u00e2nz\u0103rilor companiei Dvs. la export. Pe parcursul activit\u0103\u021bii noastre am intervenit \u00een diverse industrii \u0219i pie\u021be, sprijinind afaceri \u0219i organiza\u021bii de toate m\u0103rimile.\" \/>\n<meta property=\"og:url\" content=\"https:\/\/gatewaypartners.eu\/md\/industrii\/\" \/>\n<meta property=\"og:site_name\" content=\"Gateway &amp; Partners\" \/>\n<meta property=\"article:modified_time\" content=\"2022-02-08T09:36:34+00:00\" \/>\n<meta property=\"og:image\" content=\"https:\/\/gatewaypartners.eu\/md\/wp-content\/uploads\/sites\/3\/2017\/03\/Industries-airport-1659008_1920.jpg\" \/>\n\t<meta property=\"og:image:width\" content=\"1920\" \/>\n\t<meta property=\"og:image:height\" content=\"1280\" \/>\n\t<meta property=\"og:image:type\" content=\"image\/jpeg\" \/>\n<meta name=\"twitter:card\" content=\"summary_large_image\" \/>\n<script type=\"application\/ld+json\" class=\"yoast-schema-graph\">{\"@context\":\"https:\/\/schema.org\",\"@graph\":[{\"@type\":\"WebPage\",\"@id\":\"https:\/\/gatewaypartners.eu\/md\/industrii\/\",\"url\":\"https:\/\/gatewaypartners.eu\/md\/industrii\/\",\"name\":\"Industrii - Gateway &amp; Partners\",\"isPartOf\":{\"@id\":\"https:\/\/gatewaypartners.eu\/md\/#website\"},\"datePublished\":\"2017-03-13T11:49:32+00:00\",\"dateModified\":\"2022-02-08T09:36:34+00:00\",\"inLanguage\":\"ro-RO\",\"potentialAction\":[{\"@type\":\"ReadAction\",\"target\":[\"https:\/\/gatewaypartners.eu\/md\/industrii\/\"]}]},{\"@type\":\"WebSite\",\"@id\":\"https:\/\/gatewaypartners.eu\/md\/#website\",\"url\":\"https:\/\/gatewaypartners.eu\/md\/\",\"name\":\"Gateway &amp; Partners\",\"description\":\"Punctul t\u0103u de Demarare a Exporturilor.\",\"potentialAction\":[{\"@type\":\"SearchAction\",\"target\":{\"@type\":\"EntryPoint\",\"urlTemplate\":\"https:\/\/gatewaypartners.eu\/md\/?s={search_term_string}\"},\"query-input\":\"required name=search_term_string\"}],\"inLanguage\":\"ro-RO\"}]}<\/script>\n<!-- \/ Yoast SEO plugin. -->","yoast_head_json":{"title":"Industrii - Gateway &amp; Partners","robots":{"index":"index","follow":"follow","max-snippet":"max-snippet:-1","max-image-preview":"max-image-preview:large","max-video-preview":"max-video-preview:-1"},"canonical":"https:\/\/gatewaypartners.eu\/md\/industrii\/","og_locale":"ro_RO","og_type":"article","og_title":"Industrii - Gateway &amp; Partners","og_description":"Experien\u021ba ampl\u0103 \u00een diverse industrii, market know-how, atitudinea personal\u0103 \u0219i asisten\u021ba profesional\u0103 vor contribui esen\u021bial la cre\u0219terea v\u00e2nz\u0103rilor companiei Dvs. la export. Pe parcursul activit\u0103\u021bii noastre am intervenit \u00een diverse industrii \u0219i pie\u021be, sprijinind afaceri \u0219i organiza\u021bii de toate m\u0103rimile.","og_url":"https:\/\/gatewaypartners.eu\/md\/industrii\/","og_site_name":"Gateway &amp; Partners","article_modified_time":"2022-02-08T09:36:34+00:00","og_image":[{"width":1920,"height":1280,"url":"https:\/\/gatewaypartners.eu\/md\/wp-content\/uploads\/sites\/3\/2017\/03\/Industries-airport-1659008_1920.jpg","type":"image\/jpeg"}],"twitter_card":"summary_large_image","schema":{"@context":"https:\/\/schema.org","@graph":[{"@type":"WebPage","@id":"https:\/\/gatewaypartners.eu\/md\/industrii\/","url":"https:\/\/gatewaypartners.eu\/md\/industrii\/","name":"Industrii - Gateway &amp; Partners","isPartOf":{"@id":"https:\/\/gatewaypartners.eu\/md\/#website"},"datePublished":"2017-03-13T11:49:32+00:00","dateModified":"2022-02-08T09:36:34+00:00","inLanguage":"ro-RO","potentialAction":[{"@type":"ReadAction","target":["https:\/\/gatewaypartners.eu\/md\/industrii\/"]}]},{"@type":"WebSite","@id":"https:\/\/gatewaypartners.eu\/md\/#website","url":"https:\/\/gatewaypartners.eu\/md\/","name":"Gateway &amp; Partners","description":"Punctul t\u0103u de Demarare a Exporturilor.","potentialAction":[{"@type":"SearchAction","target":{"@type":"EntryPoint","urlTemplate":"https:\/\/gatewaypartners.eu\/md\/?s={search_term_string}"},"query-input":"required name=search_term_string"}],"inLanguage":"ro-RO"}]}},"_links":{"self":[{"href":"https:\/\/gatewaypartners.eu\/md\/wp-json\/wp\/v2\/pages\/410","targetHints":{"allow":["GET"]}}],"collection":[{"href":"https:\/\/gatewaypartners.eu\/md\/wp-json\/wp\/v2\/pages"}],"about":[{"href":"https:\/\/gatewaypartners.eu\/md\/wp-json\/wp\/v2\/types\/page"}],"author":[{"embeddable":true,"href":"https:\/\/gatewaypartners.eu\/md\/wp-json\/wp\/v2\/users\/3"}],"replies":[{"embeddable":true,"href":"https:\/\/gatewaypartners.eu\/md\/wp-json\/wp\/v2\/comments?post=410"}],"version-history":[{"count":1,"href":"https:\/\/gatewaypartners.eu\/md\/wp-json\/wp\/v2\/pages\/410\/revisions"}],"predecessor-version":[{"id":411,"href":"https:\/\/gatewaypartners.eu\/md\/wp-json\/wp\/v2\/pages\/410\/revisions\/411"}],"wp:featuredmedia":[{"embeddable":true,"href":"https:\/\/gatewaypartners.eu\/md\/wp-json\/wp\/v2\/media\/282"}],"wp:attachment":[{"href":"https:\/\/gatewaypartners.eu\/md\/wp-json\/wp\/v2\/media?parent=410"}],"curies":[{"name":"wp","href":"https:\/\/api.w.org\/{rel}","templated":true}]}}