{"id":1950,"date":"2022-02-12T14:15:42","date_gmt":"2022-02-12T12:15:42","guid":{"rendered":"http:\/\/gatewaypartners.eu\/pl\/?page_id=1950"},"modified":"2026-05-11T18:12:31","modified_gmt":"2026-05-11T15:12:31","slug":"dostawcow-branzowych","status":"publish","type":"page","link":"https:\/\/gatewaypartners.eu\/pl\/uslugi\/dostawcow-branzowych\/","title":{"rendered":"Wyszukiwanie Dostawc\u00f3w Bran\u017cowych"},"content":{"rendered":"\r\n<h2 class=\"wp-block-heading\"><strong>Pozyskiwanie Dostawc\u00f3w<\/strong><\/h2>\r\n\r\n\r\n\r\n<p>Dzi\u0119ki naszemu wieloletniemu do\u015bwiadczeniu nawi\u0105zali\u015bmy bezpo\u015brednie relacje i wsp\u00f3\u0142pracowali\u015bmy z ponad 10 000 zagranicznych oraz lokalnych producent\u00f3w z bran\u017cy spo\u017cywczej, metalowej, meblarskiej, tekstylnej, drzewnej, medycznej, IT, budowlanej i wielu innych sektor\u00f3w.<\/p>\r\n\r\n\r\n\r\n<p>Je\u015bli szukasz <a href=\"https:\/\/gatewaypartners.eu\/pl\/uslugi\/zarzadzanie-eksportem\/\">potencjalnych dostawc\u00f3w<\/a> i chcesz lepiej pozna\u0107 ich mo\u017cliwo\u015bci oraz poziomy cenowe dla dowolnego produktu lub us\u0142ugi, po prostu wype\u0142nij poni\u017cszy formularz. Przedstawimy Ci list\u0119 odpowiednich dostawc\u00f3w, dopasowan\u0105 do Twoich potrzeb i wymaga\u0144, pomagaj\u0105c Ci zaoszcz\u0119dzi\u0107 czas i pieni\u0105dze, kt\u00f3re musia\u0142by\u015b przeznaczy\u0107 na samodzieln\u0105 weryfikacj\u0119 najlepszych <a href=\"https:\/\/gatewaypartners.eu\/pl\/uslugi\/zarzadzanie-eksportem\/\">potencjalnych partner\u00f3w<\/a>.<\/p>\r\n\r\n\r\n\r\n<p><strong>Nasze dzia\u0142ania:<\/strong><\/p>\r\n\r\n\r\n\r\n<ul class=\"wp-block-list\">\r\n<li>Zidentyfikujemy odpowiednich dostawc\u00f3w<\/li>\r\n<li>Przedstawimy Twoje zapytanie i wymagania potencjalnym dostawcom na <a href=\"https:\/\/gatewaypartners.eu\/pl\/uslugi\/wywiad-rynkowy\/\">rynku docelowym<\/a><\/li>\r\n<li><a href=\"https:\/\/gatewaypartners.eu\/pl\/uslugi\/pozyskiwanie-inwestycji\/\">Zorganizujemy spotkanie biznesowe<\/a> z najlepiej dopasowanym dostawc\u0105 i pomo\u017cemy Ci zrozumie\u0107 mo\u017cliwo\u015bci wsp\u00f3\u0142pracy<\/li>\r\n<li>Us\u0142uga jest bezp\u0142atna (pobieramy prowizj\u0119 od producent\u00f3w)<\/li>\r\n<\/ul>\r\n\r\n\r\n\r\n<h3 class=\"wp-block-heading\"><strong>Wype\u0142nij poni\u017cszy formularz, a my skontaktujemy si\u0119 z Tob\u0105:<\/strong><\/h3>\r\n\r\n\r\n\r\n\r\n\n<div class=\"wpcf7 no-js\" id=\"wpcf7-f1987-o1\" lang=\"en-US\" dir=\"ltr\">\n<div class=\"screen-reader-response\"><p role=\"status\" aria-live=\"polite\" aria-atomic=\"true\"><\/p> <ul><\/ul><\/div>\n<form action=\"\/pl\/wp-json\/wp\/v2\/pages\/1950#wpcf7-f1987-o1\" method=\"post\" class=\"wpcf7-form init\" aria-label=\"Contact form\" novalidate=\"novalidate\" data-status=\"init\">\n<div style=\"display: none;\">\n<input type=\"hidden\" name=\"_wpcf7\" value=\"1987\" \/>\n<input type=\"hidden\" name=\"_wpcf7_version\" value=\"5.7.4\" \/>\n<input type=\"hidden\" name=\"_wpcf7_locale\" value=\"en_US\" \/>\n<input type=\"hidden\" name=\"_wpcf7_unit_tag\" value=\"wpcf7-f1987-o1\" \/>\n<input type=\"hidden\" name=\"_wpcf7_container_post\" value=\"0\" \/>\n<input type=\"hidden\" name=\"_wpcf7_posted_data_hash\" value=\"\" \/>\n<\/div>\n<p><label>Nazwa firmy (wymagane)<br \/>\n<span class=\"wpcf7-form-control-wrap\" data-name=\"your-company\"><input size=\"40\" class=\"wpcf7-form-control wpcf7-text wpcf7-validates-as-required\" aria-required=\"true\" aria-invalid=\"false\" value=\"\" type=\"text\" name=\"your-company\" \/><\/span> <\/label>\n<\/p>\n<p><label>Strona internetowa firmy (wymagane)<br \/>\n<span class=\"wpcf7-form-control-wrap\" data-name=\"your-website\"><input size=\"40\" class=\"wpcf7-form-control wpcf7-text wpcf7-validates-as-required\" aria-required=\"true\" aria-invalid=\"false\" value=\"\" type=\"text\" name=\"your-website\" \/><\/span> <\/label>\n<\/p>\n<p><label>Imi\u0119 i nazwisko (wymagane)<br \/>\n<span class=\"wpcf7-form-control-wrap\" data-name=\"your-name\"><input size=\"40\" class=\"wpcf7-form-control wpcf7-text wpcf7-validates-as-required\" aria-required=\"true\" aria-invalid=\"false\" value=\"\" type=\"text\" name=\"your-name\" \/><\/span> <\/label>\n<\/p>\n<p><label>Stanowisko (wymagane)<br \/>\n<span class=\"wpcf7-form-control-wrap\" data-name=\"your-position\"><input size=\"40\" class=\"wpcf7-form-control wpcf7-text wpcf7-validates-as-required\" aria-required=\"true\" aria-invalid=\"false\" value=\"\" type=\"text\" name=\"your-position\" \/><\/span> <\/label>\n<\/p>\n<p><label>Adres e-mail (wymagane)<br \/>\n<span class=\"wpcf7-form-control-wrap\" data-name=\"your-email\"><input size=\"40\" class=\"wpcf7-form-control wpcf7-text wpcf7-email wpcf7-validates-as-required wpcf7-validates-as-email\" aria-required=\"true\" aria-invalid=\"false\" value=\"\" type=\"email\" name=\"your-email\" \/><\/span> <\/label>\n<\/p>\n<p><label>Numer telefonu (wymagane)<br \/>\n<span class=\"wpcf7-form-control-wrap\" data-name=\"your-number\"><input size=\"40\" class=\"wpcf7-form-control wpcf7-text wpcf7-validates-as-required\" aria-required=\"true\" aria-invalid=\"false\" value=\"\" type=\"text\" name=\"your-number\" \/><\/span> <\/label>\n<\/p>\n<p><label>Poszukiwany produkt\/us\u0142uga (wymagane)<br \/>\n<span class=\"wpcf7-form-control-wrap\" data-name=\"your-product\"><input size=\"40\" class=\"wpcf7-form-control wpcf7-text wpcf7-validates-as-required\" aria-required=\"true\" aria-invalid=\"false\" value=\"\" type=\"text\" name=\"your-product\" \/><\/span> <\/label>\n<\/p>\n<p><label>Rynek docelowy (wymagane)<br \/>\n<span class=\"wpcf7-form-control-wrap\" data-name=\"your-market\"><input size=\"40\" class=\"wpcf7-form-control wpcf7-text wpcf7-validates-as-required\" aria-required=\"true\" aria-invalid=\"false\" value=\"\" type=\"text\" name=\"your-market\" \/><\/span> <\/label>\n<\/p>\n<p><label>Przybli\u017cona wielko\u015b\u0107 zam\u00f3wienia<br \/>\n<span class=\"wpcf7-form-control-wrap\" data-name=\"your-quantities\"><input size=\"40\" class=\"wpcf7-form-control wpcf7-text\" aria-invalid=\"false\" value=\"\" type=\"text\" name=\"your-quantities\" \/><\/span> <\/label>\n<\/p>\n<p><label>Specyficzne certyfikaty wymagane od dostawcy<br \/>\n<span class=\"wpcf7-form-control-wrap\" data-name=\"your-certificates\"><input size=\"40\" class=\"wpcf7-form-control wpcf7-text\" aria-invalid=\"false\" value=\"\" type=\"text\" name=\"your-certificates\" \/><\/span> <\/label>\n<\/p>\n<p><label>Wymagania dotycz\u0105ce opakowania<br \/>\n<span class=\"wpcf7-form-control-wrap\" data-name=\"your-packaging\"><input size=\"40\" class=\"wpcf7-form-control wpcf7-text\" aria-invalid=\"false\" value=\"\" type=\"text\" name=\"your-packaging\" \/><\/span> <\/label>\n<\/p>\n<p><label>Warunki dostawy<br \/>\n<span class=\"wpcf7-form-control-wrap\" data-name=\"your-delivery\"><input size=\"40\" class=\"wpcf7-form-control wpcf7-text\" aria-invalid=\"false\" value=\"\" type=\"text\" name=\"your-delivery\" \/><\/span> <\/label>\n<\/p>\n<p><label>Warunki p\u0142atno\u015bci<br \/>\n<span class=\"wpcf7-form-control-wrap\" data-name=\"your-payment\"><input size=\"40\" class=\"wpcf7-form-control wpcf7-text\" aria-invalid=\"false\" value=\"\" type=\"text\" name=\"your-payment\" \/><\/span> <\/label>\n<\/p>\n<p><label>Inne uwagi\/pytania<br \/>\n<span class=\"wpcf7-form-control-wrap\" data-name=\"your-comments\"><input size=\"40\" class=\"wpcf7-form-control wpcf7-text\" aria-invalid=\"false\" value=\"\" type=\"text\" name=\"your-comments\" \/><\/span> <\/label>\n<\/p>\n<p><label>Preferowana forma kontaktu (telefon\/e-mail)<br \/>\n<span class=\"wpcf7-form-control-wrap\" data-name=\"your-contact\"><input size=\"40\" class=\"wpcf7-form-control wpcf7-text\" aria-invalid=\"false\" value=\"\" type=\"text\" name=\"your-contact\" \/><\/span> <\/label>\n<\/p>\n<p><input class=\"wpcf7-form-control has-spinner wpcf7-submit\" type=\"submit\" value=\"Wy\u015blij\" \/>\n<\/p><div class=\"wpcf7-response-output\" aria-hidden=\"true\"><\/div>\n<\/form>\n<\/div>\n\n","protected":false},"excerpt":{"rendered":"<p>Identyfikacja Odpowiednich Dostawc\u00f3w<br \/>\nPozyskiwanie Dostawc\u00f3w<\/p>\n","protected":false},"author":3,"featured_media":1981,"parent":67,"menu_order":2,"comment_status":"closed","ping_status":"closed","template":"template-service.php","meta":{"inline_featured_image":false,"footnotes":""},"class_list":["post-1950","page","type-page","status-publish","has-post-thumbnail","hentry"],"acf":[],"yoast_head":"<!-- This site is optimized with the Yoast SEO plugin v20.2.1 - https:\/\/yoast.com\/wordpress\/plugins\/seo\/ -->\n<title>Dostawc\u00f3w Bran\u017cowych | Gateway &amp; Partners<\/title>\n<meta name=\"description\" content=\"If you are looking for potential suppliers, fill the form below and we will introduce the list of relevant suppliers according to your needs and requirements.\" \/>\n<meta name=\"robots\" content=\"index, follow, max-snippet:-1, max-image-preview:large, max-video-preview:-1\" \/>\n<link rel=\"canonical\" href=\"https:\/\/gatewaypartners.eu\/pl\/uslugi\/dostawcow-branzowych\/\" \/>\n<meta property=\"og:locale\" content=\"pl_PL\" \/>\n<meta property=\"og:type\" content=\"article\" \/>\n<meta property=\"og:title\" content=\"Dostawc\u00f3w Bran\u017cowych | Gateway &amp; Partners\" \/>\n<meta property=\"og:description\" content=\"If you are looking for potential suppliers, fill the form below and we will introduce the list of relevant suppliers according to your needs and requirements.\" \/>\n<meta property=\"og:url\" content=\"https:\/\/gatewaypartners.eu\/pl\/uslugi\/dostawcow-branzowych\/\" \/>\n<meta property=\"og:site_name\" content=\"Gateway &amp; Partners\" \/>\n<meta property=\"article:modified_time\" content=\"2026-05-11T15:12:31+00:00\" \/>\n<meta property=\"og:image\" content=\"https:\/\/gatewaypartners.eu\/pl\/wp-content\/uploads\/sites\/14\/2020\/07\/patrick-robert-doyle-mBJ4PNZH_EE-unsplash_copy1-1.jpg\" \/>\n\t<meta property=\"og:image:width\" content=\"2048\" \/>\n\t<meta property=\"og:image:height\" content=\"1351\" \/>\n\t<meta property=\"og:image:type\" content=\"image\/jpeg\" \/>\n<meta name=\"twitter:card\" content=\"summary_large_image\" \/>\n<script type=\"application\/ld+json\" class=\"yoast-schema-graph\">{\"@context\":\"https:\/\/schema.org\",\"@graph\":[{\"@type\":\"WebPage\",\"@id\":\"https:\/\/gatewaypartners.eu\/pl\/uslugi\/dostawcow-branzowych\/\",\"url\":\"https:\/\/gatewaypartners.eu\/pl\/uslugi\/dostawcow-branzowych\/\",\"name\":\"Dostawc\u00f3w Bran\u017cowych | Gateway & Partners\",\"isPartOf\":{\"@id\":\"https:\/\/gatewaypartners.eu\/pl\/#website\"},\"datePublished\":\"2022-02-12T12:15:42+00:00\",\"dateModified\":\"2026-05-11T15:12:31+00:00\",\"description\":\"If you are looking for potential suppliers, fill the form below and we will introduce the list of relevant suppliers according to your needs and requirements.\",\"breadcrumb\":{\"@id\":\"https:\/\/gatewaypartners.eu\/pl\/uslugi\/dostawcow-branzowych\/#breadcrumb\"},\"inLanguage\":\"pl-PL\",\"potentialAction\":[{\"@type\":\"ReadAction\",\"target\":[\"https:\/\/gatewaypartners.eu\/pl\/uslugi\/dostawcow-branzowych\/\"]}]},{\"@type\":\"BreadcrumbList\",\"@id\":\"https:\/\/gatewaypartners.eu\/pl\/uslugi\/dostawcow-branzowych\/#breadcrumb\",\"itemListElement\":[{\"@type\":\"ListItem\",\"position\":1,\"name\":\"Us\u0142ugi\",\"item\":\"https:\/\/gatewaypartners.eu\/pl\/uslugi\/\"},{\"@type\":\"ListItem\",\"position\":2,\"name\":\"Wyszukiwanie Dostawc\u00f3w Bran\u017cowych\"}]},{\"@type\":\"WebSite\",\"@id\":\"https:\/\/gatewaypartners.eu\/pl\/#website\",\"url\":\"https:\/\/gatewaypartners.eu\/pl\/\",\"name\":\"Gateway &amp; Partners\",\"description\":\"Your Export Powerhouse\",\"potentialAction\":[{\"@type\":\"SearchAction\",\"target\":{\"@type\":\"EntryPoint\",\"urlTemplate\":\"https:\/\/gatewaypartners.eu\/pl\/?s={search_term_string}\"},\"query-input\":\"required name=search_term_string\"}],\"inLanguage\":\"pl-PL\"}]}<\/script>\n<!-- \/ Yoast SEO plugin. -->","yoast_head_json":{"title":"Dostawc\u00f3w Bran\u017cowych | Gateway & Partners","description":"If you are looking for potential suppliers, fill the form below and we will introduce the list of relevant suppliers according to your needs and requirements.","robots":{"index":"index","follow":"follow","max-snippet":"max-snippet:-1","max-image-preview":"max-image-preview:large","max-video-preview":"max-video-preview:-1"},"canonical":"https:\/\/gatewaypartners.eu\/pl\/uslugi\/dostawcow-branzowych\/","og_locale":"pl_PL","og_type":"article","og_title":"Dostawc\u00f3w Bran\u017cowych | Gateway & Partners","og_description":"If you are looking for potential suppliers, fill the form below and we will introduce the list of relevant suppliers according to your needs and requirements.","og_url":"https:\/\/gatewaypartners.eu\/pl\/uslugi\/dostawcow-branzowych\/","og_site_name":"Gateway &amp; Partners","article_modified_time":"2026-05-11T15:12:31+00:00","og_image":[{"width":2048,"height":1351,"url":"https:\/\/gatewaypartners.eu\/pl\/wp-content\/uploads\/sites\/14\/2020\/07\/patrick-robert-doyle-mBJ4PNZH_EE-unsplash_copy1-1.jpg","type":"image\/jpeg"}],"twitter_card":"summary_large_image","schema":{"@context":"https:\/\/schema.org","@graph":[{"@type":"WebPage","@id":"https:\/\/gatewaypartners.eu\/pl\/uslugi\/dostawcow-branzowych\/","url":"https:\/\/gatewaypartners.eu\/pl\/uslugi\/dostawcow-branzowych\/","name":"Dostawc\u00f3w Bran\u017cowych | Gateway & Partners","isPartOf":{"@id":"https:\/\/gatewaypartners.eu\/pl\/#website"},"datePublished":"2022-02-12T12:15:42+00:00","dateModified":"2026-05-11T15:12:31+00:00","description":"If you are looking for potential suppliers, fill the form below and we will introduce the list of relevant suppliers according to your needs and requirements.","breadcrumb":{"@id":"https:\/\/gatewaypartners.eu\/pl\/uslugi\/dostawcow-branzowych\/#breadcrumb"},"inLanguage":"pl-PL","potentialAction":[{"@type":"ReadAction","target":["https:\/\/gatewaypartners.eu\/pl\/uslugi\/dostawcow-branzowych\/"]}]},{"@type":"BreadcrumbList","@id":"https:\/\/gatewaypartners.eu\/pl\/uslugi\/dostawcow-branzowych\/#breadcrumb","itemListElement":[{"@type":"ListItem","position":1,"name":"Us\u0142ugi","item":"https:\/\/gatewaypartners.eu\/pl\/uslugi\/"},{"@type":"ListItem","position":2,"name":"Wyszukiwanie Dostawc\u00f3w Bran\u017cowych"}]},{"@type":"WebSite","@id":"https:\/\/gatewaypartners.eu\/pl\/#website","url":"https:\/\/gatewaypartners.eu\/pl\/","name":"Gateway &amp; Partners","description":"Your Export Powerhouse","potentialAction":[{"@type":"SearchAction","target":{"@type":"EntryPoint","urlTemplate":"https:\/\/gatewaypartners.eu\/pl\/?s={search_term_string}"},"query-input":"required name=search_term_string"}],"inLanguage":"pl-PL"}]}},"_links":{"self":[{"href":"https:\/\/gatewaypartners.eu\/pl\/wp-json\/wp\/v2\/pages\/1950","targetHints":{"allow":["GET"]}}],"collection":[{"href":"https:\/\/gatewaypartners.eu\/pl\/wp-json\/wp\/v2\/pages"}],"about":[{"href":"https:\/\/gatewaypartners.eu\/pl\/wp-json\/wp\/v2\/types\/page"}],"author":[{"embeddable":true,"href":"https:\/\/gatewaypartners.eu\/pl\/wp-json\/wp\/v2\/users\/3"}],"replies":[{"embeddable":true,"href":"https:\/\/gatewaypartners.eu\/pl\/wp-json\/wp\/v2\/comments?post=1950"}],"version-history":[{"count":45,"href":"https:\/\/gatewaypartners.eu\/pl\/wp-json\/wp\/v2\/pages\/1950\/revisions"}],"predecessor-version":[{"id":2768,"href":"https:\/\/gatewaypartners.eu\/pl\/wp-json\/wp\/v2\/pages\/1950\/revisions\/2768"}],"up":[{"embeddable":true,"href":"https:\/\/gatewaypartners.eu\/pl\/wp-json\/wp\/v2\/pages\/67"}],"wp:featuredmedia":[{"embeddable":true,"href":"https:\/\/gatewaypartners.eu\/pl\/wp-json\/wp\/v2\/media\/1981"}],"wp:attachment":[{"href":"https:\/\/gatewaypartners.eu\/pl\/wp-json\/wp\/v2\/media?parent=1950"}],"curies":[{"name":"wp","href":"https:\/\/api.w.org\/{rel}","templated":true}]}}