{"id":622,"date":"2022-02-12T18:03:33","date_gmt":"2022-02-12T16:03:33","guid":{"rendered":"http:\/\/gatewaypartners.eu\/?page_id=622"},"modified":"2026-05-11T18:13:44","modified_gmt":"2026-05-11T15:13:44","slug":"edukacja-eksportowa","status":"publish","type":"page","link":"https:\/\/gatewaypartners.eu\/pl\/uslugi\/edukacja-eksportowa\/","title":{"rendered":"Edukacja Eksportowa"},"content":{"rendered":"<h2><strong>Eksportowy Masterclass<\/strong><\/h2>\n<p><a href=\"https:\/\/gatewaypartners.eu\/pl\/uslugi\/wywiad-rynkowy\/\">Rozw\u00f3j na rynkach<\/a> mi\u0119dzynarodowych to w istocie budowanie trwa\u0142ych relacji z klientami. Nasz Masterclass dostarcza wszystkich narz\u0119dzi do rozwijania i piel\u0119gnowania <a href=\"https:\/\/gatewaypartners.eu\/pl\/uslugi\/zarzadzanie-eksportem\/\">nowych relacji biznesowych<\/a>. Zazwyczaj obejmuje 1-2 dni szkolenia dla mened\u017cer\u00f3w i dyrektor\u00f3w sprzeda\u017cy. Mo\u017ce by\u0107 zorganizowany jako kurs otwarty lub indywidualnie dla klienta.<\/p>\n<p>Tematyka Masterclass obejmuje jeden lub kilka nast\u0119puj\u0105cych temat\u00f3w:<\/p>\n<ul>\n<li>Planowanie i Strategi\u0119 Eksportow\u0105<\/li>\n<li>Mark\u0119 i Marketing w Eksporcie<\/li>\n<li>Sprzeda\u017c Eksportow\u0105 i Relacje z Klientami<\/li>\n<\/ul>\n<h2><strong>Akademia Eksportu<\/strong><\/h2>\n<p class=\"p1\">Pi\u0119ciodniowa Akademia Eksportu to intensywny program edukacyjny przygotowuj\u0105cy eksporter\u00f3w do <a href=\"https:\/\/gatewaypartners.eu\/pl\/uslugi\/rozwoj-marki\/\">mi\u0119dzynarodowego wzrostu<\/a>. Podczas akademii kadra zarz\u0105dzaj\u0105ca uczy si\u0119 od ekspert\u00f3w i praktyk\u00f3w, analizuje studia przypadk\u00f3w, wykonuje zadania praktyczne i omawia indywidualne wyzwania.<\/p>\n<p class=\"p1\">Akademia Eksportu obejmuje:<\/p>\n<ul>\n<li class=\"p2\">Tworzenie skutecznej strategii i planu eksportowego<\/li>\n<li class=\"p2\"><a href=\"https:\/\/gatewaypartners.eu\/pl\/uslugi\/wywiad-rynkowy\/\">Badanie rynku<\/a> i analiz\u0119 propozycji warto\u015bci<\/li>\n<li class=\"p2\"><a href=\"https:\/\/gatewaypartners.eu\/pl\/uslugi\/rozwoj-marki\/\">Rozw\u00f3j marki eksportowej<\/a> i marketing<\/li>\n<li class=\"p2\"><a href=\"https:\/\/gatewaypartners.eu\/pl\/uslugi\/zarzadzanie-eksportem\/\">Pozyskiwanie partner\u00f3w handlowych<\/a> i udzia\u0142 w wizytach zagranicznych<\/li>\n<li class=\"p2\">Budowanie relacji z klientami i negocjacje<\/li>\n<li class=\"p2\">Kwestie praktyczne \u2013 logistyka, taryfy, c\u0142a, aspekty prawne i finansowanie eksportu<\/li>\n<\/ul>\n<h2><strong>Podr\u0119cznik Eksportu<\/strong><\/h2>\n<p>Zesp\u00f3\u0142 Gateway &amp; Partners opracowa\u0142 szereg materia\u0142\u00f3w edukacyjnych. Podr\u0119cznik Eksportu omawia kluczowe zagadnienia dla firm rozwijaj\u0105cych si\u0119 globalnie i jest przewodnikiem \u201ekrok po kroku\u201d po mi\u0119dzynarodowym rynku.<\/p>\n","protected":false},"excerpt":{"rendered":"<p>Export Mastersclass<br \/>\nAkademia Eksportu<br \/>\nPodr\u0119cznik Eksportera<\/p>\n","protected":false},"author":1,"featured_media":180,"parent":67,"menu_order":6,"comment_status":"closed","ping_status":"closed","template":"template-service.php","meta":{"inline_featured_image":false,"footnotes":""},"class_list":["post-622","page","type-page","status-publish","has-post-thumbnail","hentry"],"acf":[],"yoast_head":"<!-- This site is optimized with the Yoast SEO plugin v20.2.1 - https:\/\/yoast.com\/wordpress\/plugins\/seo\/ -->\n<title>Edukacja Eksportowa | Gateway &amp; Partners<\/title>\n<meta name=\"description\" content=\"We offer Export Education services, including Export Masterclass, Export Academy and Export Handbook! Find out more in our export education here!\" \/>\n<meta name=\"robots\" content=\"index, follow, max-snippet:-1, max-image-preview:large, max-video-preview:-1\" \/>\n<link rel=\"canonical\" href=\"https:\/\/gatewaypartners.eu\/pl\/uslugi\/edukacja-eksportowa\/\" \/>\n<meta property=\"og:locale\" content=\"pl_PL\" \/>\n<meta property=\"og:type\" content=\"article\" \/>\n<meta property=\"og:title\" content=\"Edukacja Eksportowa | Gateway &amp; Partners\" \/>\n<meta property=\"og:description\" content=\"We offer Export Education services, including Export Masterclass, Export Academy and Export Handbook! Find out more in our export education here!\" \/>\n<meta property=\"og:url\" content=\"https:\/\/gatewaypartners.eu\/pl\/uslugi\/edukacja-eksportowa\/\" \/>\n<meta property=\"og:site_name\" content=\"Gateway &amp; Partners\" \/>\n<meta property=\"article:modified_time\" content=\"2026-05-11T15:13:44+00:00\" \/>\n<meta property=\"og:image\" content=\"https:\/\/gatewaypartners.eu\/pl\/wp-content\/uploads\/sites\/14\/2016\/11\/Export_education-treadmill-1028296.jpg\" \/>\n\t<meta property=\"og:image:width\" content=\"2048\" \/>\n\t<meta property=\"og:image:height\" content=\"1536\" \/>\n\t<meta property=\"og:image:type\" content=\"image\/jpeg\" \/>\n<meta name=\"twitter:card\" content=\"summary_large_image\" \/>\n<script type=\"application\/ld+json\" class=\"yoast-schema-graph\">{\"@context\":\"https:\/\/schema.org\",\"@graph\":[{\"@type\":\"WebPage\",\"@id\":\"https:\/\/gatewaypartners.eu\/pl\/uslugi\/edukacja-eksportowa\/\",\"url\":\"https:\/\/gatewaypartners.eu\/pl\/uslugi\/edukacja-eksportowa\/\",\"name\":\"Edukacja Eksportowa | Gateway & Partners\",\"isPartOf\":{\"@id\":\"https:\/\/gatewaypartners.eu\/pl\/#website\"},\"datePublished\":\"2022-02-12T16:03:33+00:00\",\"dateModified\":\"2026-05-11T15:13:44+00:00\",\"description\":\"We offer Export Education services, including Export Masterclass, Export Academy and Export Handbook! Find out more in our export education here!\",\"breadcrumb\":{\"@id\":\"https:\/\/gatewaypartners.eu\/pl\/uslugi\/edukacja-eksportowa\/#breadcrumb\"},\"inLanguage\":\"pl-PL\",\"potentialAction\":[{\"@type\":\"ReadAction\",\"target\":[\"https:\/\/gatewaypartners.eu\/pl\/uslugi\/edukacja-eksportowa\/\"]}]},{\"@type\":\"BreadcrumbList\",\"@id\":\"https:\/\/gatewaypartners.eu\/pl\/uslugi\/edukacja-eksportowa\/#breadcrumb\",\"itemListElement\":[{\"@type\":\"ListItem\",\"position\":1,\"name\":\"Us\u0142ugi\",\"item\":\"https:\/\/gatewaypartners.eu\/pl\/uslugi\/\"},{\"@type\":\"ListItem\",\"position\":2,\"name\":\"Edukacja Eksportowa\"}]},{\"@type\":\"WebSite\",\"@id\":\"https:\/\/gatewaypartners.eu\/pl\/#website\",\"url\":\"https:\/\/gatewaypartners.eu\/pl\/\",\"name\":\"Gateway &amp; Partners\",\"description\":\"Your Export Powerhouse\",\"potentialAction\":[{\"@type\":\"SearchAction\",\"target\":{\"@type\":\"EntryPoint\",\"urlTemplate\":\"https:\/\/gatewaypartners.eu\/pl\/?s={search_term_string}\"},\"query-input\":\"required name=search_term_string\"}],\"inLanguage\":\"pl-PL\"}]}<\/script>\n<!-- \/ Yoast SEO plugin. -->","yoast_head_json":{"title":"Edukacja Eksportowa | Gateway & Partners","description":"We offer Export Education services, including Export Masterclass, Export Academy and Export Handbook! Find out more in our export education here!","robots":{"index":"index","follow":"follow","max-snippet":"max-snippet:-1","max-image-preview":"max-image-preview:large","max-video-preview":"max-video-preview:-1"},"canonical":"https:\/\/gatewaypartners.eu\/pl\/uslugi\/edukacja-eksportowa\/","og_locale":"pl_PL","og_type":"article","og_title":"Edukacja Eksportowa | Gateway & Partners","og_description":"We offer Export Education services, including Export Masterclass, Export Academy and Export Handbook! Find out more in our export education here!","og_url":"https:\/\/gatewaypartners.eu\/pl\/uslugi\/edukacja-eksportowa\/","og_site_name":"Gateway &amp; Partners","article_modified_time":"2026-05-11T15:13:44+00:00","og_image":[{"width":2048,"height":1536,"url":"https:\/\/gatewaypartners.eu\/pl\/wp-content\/uploads\/sites\/14\/2016\/11\/Export_education-treadmill-1028296.jpg","type":"image\/jpeg"}],"twitter_card":"summary_large_image","schema":{"@context":"https:\/\/schema.org","@graph":[{"@type":"WebPage","@id":"https:\/\/gatewaypartners.eu\/pl\/uslugi\/edukacja-eksportowa\/","url":"https:\/\/gatewaypartners.eu\/pl\/uslugi\/edukacja-eksportowa\/","name":"Edukacja Eksportowa | Gateway & Partners","isPartOf":{"@id":"https:\/\/gatewaypartners.eu\/pl\/#website"},"datePublished":"2022-02-12T16:03:33+00:00","dateModified":"2026-05-11T15:13:44+00:00","description":"We offer Export Education services, including Export Masterclass, Export Academy and Export Handbook! Find out more in our export education here!","breadcrumb":{"@id":"https:\/\/gatewaypartners.eu\/pl\/uslugi\/edukacja-eksportowa\/#breadcrumb"},"inLanguage":"pl-PL","potentialAction":[{"@type":"ReadAction","target":["https:\/\/gatewaypartners.eu\/pl\/uslugi\/edukacja-eksportowa\/"]}]},{"@type":"BreadcrumbList","@id":"https:\/\/gatewaypartners.eu\/pl\/uslugi\/edukacja-eksportowa\/#breadcrumb","itemListElement":[{"@type":"ListItem","position":1,"name":"Us\u0142ugi","item":"https:\/\/gatewaypartners.eu\/pl\/uslugi\/"},{"@type":"ListItem","position":2,"name":"Edukacja Eksportowa"}]},{"@type":"WebSite","@id":"https:\/\/gatewaypartners.eu\/pl\/#website","url":"https:\/\/gatewaypartners.eu\/pl\/","name":"Gateway &amp; Partners","description":"Your Export Powerhouse","potentialAction":[{"@type":"SearchAction","target":{"@type":"EntryPoint","urlTemplate":"https:\/\/gatewaypartners.eu\/pl\/?s={search_term_string}"},"query-input":"required name=search_term_string"}],"inLanguage":"pl-PL"}]}},"_links":{"self":[{"href":"https:\/\/gatewaypartners.eu\/pl\/wp-json\/wp\/v2\/pages\/622","targetHints":{"allow":["GET"]}}],"collection":[{"href":"https:\/\/gatewaypartners.eu\/pl\/wp-json\/wp\/v2\/pages"}],"about":[{"href":"https:\/\/gatewaypartners.eu\/pl\/wp-json\/wp\/v2\/types\/page"}],"author":[{"embeddable":true,"href":"https:\/\/gatewaypartners.eu\/pl\/wp-json\/wp\/v2\/users\/1"}],"replies":[{"embeddable":true,"href":"https:\/\/gatewaypartners.eu\/pl\/wp-json\/wp\/v2\/comments?post=622"}],"version-history":[{"count":10,"href":"https:\/\/gatewaypartners.eu\/pl\/wp-json\/wp\/v2\/pages\/622\/revisions"}],"predecessor-version":[{"id":2771,"href":"https:\/\/gatewaypartners.eu\/pl\/wp-json\/wp\/v2\/pages\/622\/revisions\/2771"}],"up":[{"embeddable":true,"href":"https:\/\/gatewaypartners.eu\/pl\/wp-json\/wp\/v2\/pages\/67"}],"wp:featuredmedia":[{"embeddable":true,"href":"https:\/\/gatewaypartners.eu\/pl\/wp-json\/wp\/v2\/media\/180"}],"wp:attachment":[{"href":"https:\/\/gatewaypartners.eu\/pl\/wp-json\/wp\/v2\/media?parent=622"}],"curies":[{"name":"wp","href":"https:\/\/api.w.org\/{rel}","templated":true}]}}