{"id":624,"date":"2022-02-18T01:04:54","date_gmt":"2022-02-17T23:04:54","guid":{"rendered":"http:\/\/gatewaypartners.eu\/?page_id=624"},"modified":"2026-05-11T18:13:25","modified_gmt":"2026-05-11T15:13:25","slug":"rozwoj-marki","status":"publish","type":"page","link":"https:\/\/gatewaypartners.eu\/pl\/uslugi\/rozwoj-marki\/","title":{"rendered":"Rozw\u00f3j Marki Eksportowej"},"content":{"rendered":"<h2><strong>Rozw\u00f3j marki\u00a0<\/strong><\/h2>\n<p class=\"p1\">Pierwsze wra\u017cenie jest wa\u017cne nie tylko w relacjach mi\u0119dzyludzkich, ale tak\u017ce w <a href=\"https:\/\/gatewaypartners.eu\/pl\/uslugi\/pozyskiwanie-inwestycji\/\">biznesie mi\u0119dzynarodowym<\/a>. Rozwijaj\u0105c si\u0119 globalnie, firmy cz\u0119sto staj\u0105 przed konieczno\u015bci\u0105 od\u015bwie\u017cenia wizerunku korporacyjnego lub nawet stworzenia marki od podstaw. Nasz zesp\u00f3\u0142 ekspert\u00f3w, we wsp\u00f3\u0142pracy z mi\u0119dzynarodowymi projektantami, <a href=\"https:\/\/gatewaypartners.eu\/pl\/uslugi\/rozwoj-marki\/\">przygotuje Twoj\u0105 mark\u0119<\/a> na rynki zagraniczne.<\/p>\n<p><strong>W ramach tej us\u0142ugi:<\/strong><\/p>\n<ul>\n<li>\n<p class=\"p2\">Przeprowadzimy audyt marki i zidentyfikujemy jej kluczowe warto\u015bci<\/p>\n<\/li>\n<li>\n<p class=\"p2\">Zwizualizujemy to\u017csamo\u015b\u0107 Twojej marki (logo, kolorystyka, typografia)<\/p>\n<\/li>\n<li>\n<p class=\"p2\">Przygotujemy niezb\u0119dne materia\u0142y marketingowe<\/p>\n<\/li>\n<li>\n<p class=\"p2\">Przeszkolimy Tw\u00f3j zesp\u00f3\u0142 w zakresie pos\u0142ugiwania si\u0119 identyfikacj\u0105 wizualn\u0105 firmy<\/p>\n<\/li>\n<\/ul>\n<h2><strong>Projektowanie Materia\u0142\u00f3w Marketingowych<\/strong><\/h2>\n<p class=\"p1\">Niezale\u017cnie od tego, czy jest to prezentacja sprzeda\u017cowa, strona internetowa, katalog, broszura czy portfolio produkt\u00f3w \u2013 tworzymy dla naszych klient\u00f3w wszystkie narz\u0119dzia marketingowe niezb\u0119dne do prowadzenia mi\u0119dzynarodowego biznesu. Nasz zesp\u00f3\u0142 nie tylko przygotuje Tw\u00f3j zestaw materia\u0142\u00f3w, ale mo\u017ce r\u00f3wnie\u017c stale pe\u0142ni\u0107 funkcj\u0119 Twojego dzia\u0142u graficznego.<\/p>\n<p class=\"p1\"><strong>W ramach tej us\u0142ugi:<\/strong><\/p>\n<ul>\n<li class=\"p1\">Zaprojektujemy Twoj\u0105 stron\u0119 eksportow\u0105 \u2013 nowoczesny design i merytoryczne tre\u015bci<\/li>\n<li class=\"p1\">Stworzymy opraw\u0119 wizualn\u0105 marketingu \u2013 profil firmy, prezentacje, katalogi produkt\u00f3w i inne<\/li>\n<li class=\"p1\">Zapewnimy bie\u017c\u0105c\u0105 obs\u0142ug\u0119 i aktualizacj\u0119 Twoich materia\u0142\u00f3w wizualnych<\/li>\n<\/ul>\n<h2><strong>Wsparcie Podczas Targ\u00f3w<\/strong><\/h2>\n<p class=\"p1\">Targi wci\u0105\u017c pozostaj\u0105 g\u0142\u00f3wn\u0105 aren\u0105 spotka\u0144 dla mi\u0119dzynarodowych partner\u00f3w biznesowych. Nasz zesp\u00f3\u0142 doradc\u00f3w pomo\u017ce Ci przygotowa\u0107 si\u0119 do mi\u0119dzynarodowych targ\u00f3w \u2013 od projektu stoiska i opracowania tre\u015bci wizualnych, po prace przygotowawcze przed wydarzeniem i wsparcie w jego trakcie.<\/p>\n<p class=\"p1\"><strong>W ramach tej us\u0142ugi:<\/strong><\/p>\n<ul>\n<li class=\"p1\">Zaprojektujemy stoisko i przygotujemy materia\u0142y wizualne \u2013 prezentacje, broszury, pr\u00f3bki i upominki<\/li>\n<li class=\"p1\">Zaprosimy obecnych i nowych klient\u00f3w na targi oraz um\u00f3wimy <a href=\"https:\/\/gatewaypartners.eu\/pl\/uslugi\/zarzadzanie-eksportem\/\">spotkania B2B<\/a><\/li>\n<li class=\"p1\">Zapewnimy wsparcie podczas targ\u00f3w \u2013 dodatkow\u0105 si\u0142\u0119 sprzeda\u017cow\u0105 na Twoim stoisku<\/li>\n<li class=\"p1\">Zaoferujemy wsparcie potargowe \u2013 komunikacj\u0119 i kontynuacj\u0119 rozm\u00f3w z <a href=\"https:\/\/gatewaypartners.eu\/pl\/uslugi\/zarzadzanie-eksportem\/\">pozyskanymi leadami<\/a><\/li>\n<\/ul>\n","protected":false},"excerpt":{"rendered":"<p>Rozw\u00f3j Marki<br \/>\nProjektowanie Materia\u0142\u00f3w Marketingowych<br \/>\nWsparcie Targowe<\/p>\n","protected":false},"author":1,"featured_media":179,"parent":67,"menu_order":4,"comment_status":"closed","ping_status":"closed","template":"template-service.php","meta":{"inline_featured_image":false,"footnotes":""},"class_list":["post-624","page","type-page","status-publish","has-post-thumbnail","hentry"],"acf":[],"yoast_head":"<!-- This site is optimized with the Yoast SEO plugin v20.2.1 - https:\/\/yoast.com\/wordpress\/plugins\/seo\/ -->\n<title>Rozw\u00f3j Marki | Gateway &amp; Partners<\/title>\n<meta name=\"description\" content=\"Our team will prepare your brand for international markets! We offer: Marketing Material Design, Trade Fair Assistance. Check out more here!\" \/>\n<meta name=\"robots\" content=\"index, follow, max-snippet:-1, max-image-preview:large, max-video-preview:-1\" \/>\n<link rel=\"canonical\" href=\"https:\/\/gatewaypartners.eu\/pl\/uslugi\/rozwoj-marki\/\" \/>\n<meta property=\"og:locale\" content=\"pl_PL\" \/>\n<meta property=\"og:type\" content=\"article\" \/>\n<meta property=\"og:title\" content=\"Rozw\u00f3j Marki | Gateway &amp; Partners\" \/>\n<meta property=\"og:description\" content=\"Our team will prepare your brand for international markets! We offer: Marketing Material Design, Trade Fair Assistance. Check out more here!\" \/>\n<meta property=\"og:url\" content=\"https:\/\/gatewaypartners.eu\/pl\/uslugi\/rozwoj-marki\/\" \/>\n<meta property=\"og:site_name\" content=\"Gateway &amp; Partners\" \/>\n<meta property=\"article:modified_time\" content=\"2026-05-11T15:13:25+00:00\" \/>\n<meta property=\"og:image\" content=\"https:\/\/gatewaypartners.eu\/pl\/wp-content\/uploads\/sites\/14\/2016\/11\/Market_service-paris-1265956.jpg\" \/>\n\t<meta property=\"og:image:width\" content=\"2048\" \/>\n\t<meta property=\"og:image:height\" content=\"1365\" \/>\n\t<meta property=\"og:image:type\" content=\"image\/jpeg\" \/>\n<meta name=\"twitter:card\" content=\"summary_large_image\" \/>\n<script type=\"application\/ld+json\" class=\"yoast-schema-graph\">{\"@context\":\"https:\/\/schema.org\",\"@graph\":[{\"@type\":\"WebPage\",\"@id\":\"https:\/\/gatewaypartners.eu\/pl\/uslugi\/rozwoj-marki\/\",\"url\":\"https:\/\/gatewaypartners.eu\/pl\/uslugi\/rozwoj-marki\/\",\"name\":\"Rozw\u00f3j Marki | Gateway & Partners\",\"isPartOf\":{\"@id\":\"https:\/\/gatewaypartners.eu\/pl\/#website\"},\"datePublished\":\"2022-02-17T23:04:54+00:00\",\"dateModified\":\"2026-05-11T15:13:25+00:00\",\"description\":\"Our team will prepare your brand for international markets! We offer: Marketing Material Design, Trade Fair Assistance. Check out more here!\",\"breadcrumb\":{\"@id\":\"https:\/\/gatewaypartners.eu\/pl\/uslugi\/rozwoj-marki\/#breadcrumb\"},\"inLanguage\":\"pl-PL\",\"potentialAction\":[{\"@type\":\"ReadAction\",\"target\":[\"https:\/\/gatewaypartners.eu\/pl\/uslugi\/rozwoj-marki\/\"]}]},{\"@type\":\"BreadcrumbList\",\"@id\":\"https:\/\/gatewaypartners.eu\/pl\/uslugi\/rozwoj-marki\/#breadcrumb\",\"itemListElement\":[{\"@type\":\"ListItem\",\"position\":1,\"name\":\"Us\u0142ugi\",\"item\":\"https:\/\/gatewaypartners.eu\/pl\/uslugi\/\"},{\"@type\":\"ListItem\",\"position\":2,\"name\":\"Rozw\u00f3j Marki Eksportowej\"}]},{\"@type\":\"WebSite\",\"@id\":\"https:\/\/gatewaypartners.eu\/pl\/#website\",\"url\":\"https:\/\/gatewaypartners.eu\/pl\/\",\"name\":\"Gateway &amp; Partners\",\"description\":\"Your Export Powerhouse\",\"potentialAction\":[{\"@type\":\"SearchAction\",\"target\":{\"@type\":\"EntryPoint\",\"urlTemplate\":\"https:\/\/gatewaypartners.eu\/pl\/?s={search_term_string}\"},\"query-input\":\"required name=search_term_string\"}],\"inLanguage\":\"pl-PL\"}]}<\/script>\n<!-- \/ Yoast SEO plugin. -->","yoast_head_json":{"title":"Rozw\u00f3j Marki | Gateway & Partners","description":"Our team will prepare your brand for international markets! We offer: Marketing Material Design, Trade Fair Assistance. Check out more here!","robots":{"index":"index","follow":"follow","max-snippet":"max-snippet:-1","max-image-preview":"max-image-preview:large","max-video-preview":"max-video-preview:-1"},"canonical":"https:\/\/gatewaypartners.eu\/pl\/uslugi\/rozwoj-marki\/","og_locale":"pl_PL","og_type":"article","og_title":"Rozw\u00f3j Marki | Gateway & Partners","og_description":"Our team will prepare your brand for international markets! We offer: Marketing Material Design, Trade Fair Assistance. Check out more here!","og_url":"https:\/\/gatewaypartners.eu\/pl\/uslugi\/rozwoj-marki\/","og_site_name":"Gateway &amp; Partners","article_modified_time":"2026-05-11T15:13:25+00:00","og_image":[{"width":2048,"height":1365,"url":"https:\/\/gatewaypartners.eu\/pl\/wp-content\/uploads\/sites\/14\/2016\/11\/Market_service-paris-1265956.jpg","type":"image\/jpeg"}],"twitter_card":"summary_large_image","schema":{"@context":"https:\/\/schema.org","@graph":[{"@type":"WebPage","@id":"https:\/\/gatewaypartners.eu\/pl\/uslugi\/rozwoj-marki\/","url":"https:\/\/gatewaypartners.eu\/pl\/uslugi\/rozwoj-marki\/","name":"Rozw\u00f3j Marki | Gateway & Partners","isPartOf":{"@id":"https:\/\/gatewaypartners.eu\/pl\/#website"},"datePublished":"2022-02-17T23:04:54+00:00","dateModified":"2026-05-11T15:13:25+00:00","description":"Our team will prepare your brand for international markets! We offer: Marketing Material Design, Trade Fair Assistance. Check out more here!","breadcrumb":{"@id":"https:\/\/gatewaypartners.eu\/pl\/uslugi\/rozwoj-marki\/#breadcrumb"},"inLanguage":"pl-PL","potentialAction":[{"@type":"ReadAction","target":["https:\/\/gatewaypartners.eu\/pl\/uslugi\/rozwoj-marki\/"]}]},{"@type":"BreadcrumbList","@id":"https:\/\/gatewaypartners.eu\/pl\/uslugi\/rozwoj-marki\/#breadcrumb","itemListElement":[{"@type":"ListItem","position":1,"name":"Us\u0142ugi","item":"https:\/\/gatewaypartners.eu\/pl\/uslugi\/"},{"@type":"ListItem","position":2,"name":"Rozw\u00f3j Marki Eksportowej"}]},{"@type":"WebSite","@id":"https:\/\/gatewaypartners.eu\/pl\/#website","url":"https:\/\/gatewaypartners.eu\/pl\/","name":"Gateway &amp; Partners","description":"Your Export Powerhouse","potentialAction":[{"@type":"SearchAction","target":{"@type":"EntryPoint","urlTemplate":"https:\/\/gatewaypartners.eu\/pl\/?s={search_term_string}"},"query-input":"required name=search_term_string"}],"inLanguage":"pl-PL"}]}},"_links":{"self":[{"href":"https:\/\/gatewaypartners.eu\/pl\/wp-json\/wp\/v2\/pages\/624","targetHints":{"allow":["GET"]}}],"collection":[{"href":"https:\/\/gatewaypartners.eu\/pl\/wp-json\/wp\/v2\/pages"}],"about":[{"href":"https:\/\/gatewaypartners.eu\/pl\/wp-json\/wp\/v2\/types\/page"}],"author":[{"embeddable":true,"href":"https:\/\/gatewaypartners.eu\/pl\/wp-json\/wp\/v2\/users\/1"}],"replies":[{"embeddable":true,"href":"https:\/\/gatewaypartners.eu\/pl\/wp-json\/wp\/v2\/comments?post=624"}],"version-history":[{"count":11,"href":"https:\/\/gatewaypartners.eu\/pl\/wp-json\/wp\/v2\/pages\/624\/revisions"}],"predecessor-version":[{"id":2770,"href":"https:\/\/gatewaypartners.eu\/pl\/wp-json\/wp\/v2\/pages\/624\/revisions\/2770"}],"up":[{"embeddable":true,"href":"https:\/\/gatewaypartners.eu\/pl\/wp-json\/wp\/v2\/pages\/67"}],"wp:featuredmedia":[{"embeddable":true,"href":"https:\/\/gatewaypartners.eu\/pl\/wp-json\/wp\/v2\/media\/179"}],"wp:attachment":[{"href":"https:\/\/gatewaypartners.eu\/pl\/wp-json\/wp\/v2\/media?parent=624"}],"curies":[{"name":"wp","href":"https:\/\/api.w.org\/{rel}","templated":true}]}}