{"id":626,"date":"2022-02-18T16:06:16","date_gmt":"2022-02-18T14:06:16","guid":{"rendered":"http:\/\/gatewaypartners.eu\/?page_id=626"},"modified":"2026-05-11T18:12:55","modified_gmt":"2026-05-11T15:12:55","slug":"pozyskiwanie-inwestycji","status":"publish","type":"page","link":"https:\/\/gatewaypartners.eu\/pl\/uslugi\/pozyskiwanie-inwestycji\/","title":{"rendered":"Pozyskiwanie Inwestycji"},"content":{"rendered":"<h2><strong>Studium Wykonalno\u015bci<\/strong><\/h2>\n<p class=\"p1\">Pierwszym etapem przyci\u0105gania inwestor\u00f3w jest <a href=\"https:\/\/gatewaypartners.eu\/pl\/uslugi\/wywiad-rynkowy\/\">analiza obszaru inwestycyjnego<\/a> w celu zidentyfikowania przewag konkurencyjnych i korzy\u015bci ekonomicznych, a tak\u017ce okre\u015blenia region\u00f3w i bran\u017c, z kt\u00f3rych mog\u0105 pochodzi\u0107 <a href=\"https:\/\/gatewaypartners.eu\/pl\/uslugi\/dostawcow-branzowych\/\">inwestorzy<\/a>. Po zako\u0144czeniu badania kolejnym etapem jest opracowanie oferty inwestycyjnej, co stanowi fundament sprawnego procesu pozyskiwania kapita\u0142u.<\/p>\n<p><strong>W ramach tej us\u0142ugi:<\/strong><\/p>\n<ul>\n<li>\n<p class=\"p1\">Zbierzemy istotne dane o inwestycji w celu okre\u015blenia przewagi konkurencyjnej<\/p>\n<\/li>\n<li>\n<p class=\"p1\">Przygotujemy analiz\u0119 koszt\u00f3w i zwrotu z inwestycji wraz z prognozami<\/p>\n<\/li>\n<li>\n<p class=\"p1\">Zaproponujemy profil inwestora \u2013 bran\u017ca, region, wielko\u015b\u0107, segment biznesowy<\/p>\n<\/li>\n<li>\n<p class=\"p1\">Przygotujemy wk\u0142ad merytoryczny do opracowania oferty inwestycyjnej<\/p>\n<\/li>\n<\/ul>\n<h2><strong>Opracowanie Oferty Inwestycyjnej<\/strong><\/h2>\n<p class=\"p1\">Aby przyci\u0105gn\u0105\u0107 potencjalnych inwestor\u00f3w, kluczowe jest przygotowanie wysokiej jako\u015bci propozycji, kt\u00f3ra wzbudzi zainteresowanie ju\u017c w pierwszej chwili oraz jasno okre\u015bli potencja\u0142 biznesowy inwestycji.<\/p>\n<p class=\"p1\"><strong>W ramach tej us\u0142ugi:<\/strong><\/p>\n<ul>\n<li class=\"p2\">Zgromadzimy wszystkie niezb\u0119dne informacje uzupe\u0142niaj\u0105ce<\/li>\n<li class=\"p2\">Obliczymy wszystkie nak\u0142ady finansowe<\/li>\n<li class=\"p2\">Przygotujemy kompletn\u0105 ofert\u0119 inwestycyjn\u0105<\/li>\n<\/ul>\n<h2><strong>Pozyskiwanie inwestor\u00f3w<\/strong><\/h2>\n<p class=\"p1\">Przyci\u0105ganie inwestycji jest priorytetem dla organizacji pa\u0144stwowych, samorz\u0105d\u00f3w i podmiot\u00f3w prywatnych. W ramach tej us\u0142ugi przeprowadzimy analiz\u0119 oferty, zidentyfikujemy profil inwestora oraz kraj pochodzenia, przedstawimy Twoj\u0105 propozycj\u0119 potencjalnym inwestorom i wesprzemy negocjacje.<\/p>\n<p class=\"p1\"><strong>W ramach tej us\u0142ugi:<\/strong><\/p>\n<ul>\n<li class=\"p2\">Przeanalizujemy ofert\u0119, przeprowadzimy badanie wykonalno\u015bci i opracujemy propozycj\u0119 inwestycyjn\u0105<\/li>\n<li class=\"p2\">Zidentyfikujemy potencjalnych inwestor\u00f3w (bran\u017ce, wielko\u015b\u0107, profil, kraj)<\/li>\n<li class=\"p2\">Nawi\u0105\u017cemy kontakt i przedstawimy Twoj\u0105 ofert\u0119 potencjalnym inwestorom<\/li>\n<li class=\"p2\"><a href=\"https:\/\/gatewaypartners.eu\/pl\/uslugi\/zarzadzanie-eksportem\/\">Zorganizujemy spotkania inwestycyjne<\/a> dla obu stron<\/li>\n<li class=\"p2\">Zorganizujemy wizyty inwestor\u00f3w w miejscu inwestycji<\/li>\n<li class=\"p2\">Poprowadzimy komunikacj\u0119 i follow-up z inwestorami<\/li>\n<\/ul>\n","protected":false},"excerpt":{"rendered":"<p>Studium Wykonalno\u015bci<br \/>\nOpracowanie Oferty Inwestycyjnej<br \/>\nPozyskiwanie Inwestycji<\/p>\n","protected":false},"author":1,"featured_media":178,"parent":67,"menu_order":3,"comment_status":"closed","ping_status":"closed","template":"template-service.php","meta":{"inline_featured_image":false,"footnotes":""},"class_list":["post-626","page","type-page","status-publish","has-post-thumbnail","hentry"],"acf":[],"yoast_head":"<!-- This site is optimized with the Yoast SEO plugin v20.2.1 - https:\/\/yoast.com\/wordpress\/plugins\/seo\/ -->\n<title>Pozyskiwanie Inwestycji | Gateway &amp; Partners<\/title>\n<meta name=\"description\" content=\"We offer Investment Atrraction services, including Feasibility Study, Investment Offer Development and Investment Attraction. See full service description here!\" \/>\n<meta name=\"robots\" content=\"index, follow, max-snippet:-1, max-image-preview:large, max-video-preview:-1\" \/>\n<link rel=\"canonical\" href=\"https:\/\/gatewaypartners.eu\/pl\/uslugi\/pozyskiwanie-inwestycji\/\" \/>\n<meta property=\"og:locale\" content=\"pl_PL\" \/>\n<meta property=\"og:type\" content=\"article\" \/>\n<meta property=\"og:title\" content=\"Pozyskiwanie Inwestycji | Gateway &amp; Partners\" \/>\n<meta property=\"og:description\" content=\"We offer Investment Atrraction services, including Feasibility Study, Investment Offer Development and Investment Attraction. See full service description here!\" \/>\n<meta property=\"og:url\" content=\"https:\/\/gatewaypartners.eu\/pl\/uslugi\/pozyskiwanie-inwestycji\/\" \/>\n<meta property=\"og:site_name\" content=\"Gateway &amp; Partners\" \/>\n<meta property=\"article:modified_time\" content=\"2026-05-11T15:12:55+00:00\" \/>\n<meta property=\"og:image\" content=\"https:\/\/gatewaypartners.eu\/pl\/wp-content\/uploads\/sites\/14\/2016\/11\/Investment_attraction-train-1747216.jpg\" \/>\n\t<meta property=\"og:image:width\" content=\"2048\" \/>\n\t<meta property=\"og:image:height\" content=\"1153\" \/>\n\t<meta property=\"og:image:type\" content=\"image\/jpeg\" \/>\n<meta name=\"twitter:card\" content=\"summary_large_image\" \/>\n<script type=\"application\/ld+json\" class=\"yoast-schema-graph\">{\"@context\":\"https:\/\/schema.org\",\"@graph\":[{\"@type\":\"WebPage\",\"@id\":\"https:\/\/gatewaypartners.eu\/pl\/uslugi\/pozyskiwanie-inwestycji\/\",\"url\":\"https:\/\/gatewaypartners.eu\/pl\/uslugi\/pozyskiwanie-inwestycji\/\",\"name\":\"Pozyskiwanie Inwestycji | Gateway & Partners\",\"isPartOf\":{\"@id\":\"https:\/\/gatewaypartners.eu\/pl\/#website\"},\"datePublished\":\"2022-02-18T14:06:16+00:00\",\"dateModified\":\"2026-05-11T15:12:55+00:00\",\"description\":\"We offer Investment Atrraction services, including Feasibility Study, Investment Offer Development and Investment Attraction. See full service description here!\",\"breadcrumb\":{\"@id\":\"https:\/\/gatewaypartners.eu\/pl\/uslugi\/pozyskiwanie-inwestycji\/#breadcrumb\"},\"inLanguage\":\"pl-PL\",\"potentialAction\":[{\"@type\":\"ReadAction\",\"target\":[\"https:\/\/gatewaypartners.eu\/pl\/uslugi\/pozyskiwanie-inwestycji\/\"]}]},{\"@type\":\"BreadcrumbList\",\"@id\":\"https:\/\/gatewaypartners.eu\/pl\/uslugi\/pozyskiwanie-inwestycji\/#breadcrumb\",\"itemListElement\":[{\"@type\":\"ListItem\",\"position\":1,\"name\":\"Us\u0142ugi\",\"item\":\"https:\/\/gatewaypartners.eu\/pl\/uslugi\/\"},{\"@type\":\"ListItem\",\"position\":2,\"name\":\"Pozyskiwanie Inwestycji\"}]},{\"@type\":\"WebSite\",\"@id\":\"https:\/\/gatewaypartners.eu\/pl\/#website\",\"url\":\"https:\/\/gatewaypartners.eu\/pl\/\",\"name\":\"Gateway &amp; Partners\",\"description\":\"Your Export Powerhouse\",\"potentialAction\":[{\"@type\":\"SearchAction\",\"target\":{\"@type\":\"EntryPoint\",\"urlTemplate\":\"https:\/\/gatewaypartners.eu\/pl\/?s={search_term_string}\"},\"query-input\":\"required name=search_term_string\"}],\"inLanguage\":\"pl-PL\"}]}<\/script>\n<!-- \/ Yoast SEO plugin. -->","yoast_head_json":{"title":"Pozyskiwanie Inwestycji | Gateway & Partners","description":"We offer Investment Atrraction services, including Feasibility Study, Investment Offer Development and Investment Attraction. See full service description here!","robots":{"index":"index","follow":"follow","max-snippet":"max-snippet:-1","max-image-preview":"max-image-preview:large","max-video-preview":"max-video-preview:-1"},"canonical":"https:\/\/gatewaypartners.eu\/pl\/uslugi\/pozyskiwanie-inwestycji\/","og_locale":"pl_PL","og_type":"article","og_title":"Pozyskiwanie Inwestycji | Gateway & Partners","og_description":"We offer Investment Atrraction services, including Feasibility Study, Investment Offer Development and Investment Attraction. See full service description here!","og_url":"https:\/\/gatewaypartners.eu\/pl\/uslugi\/pozyskiwanie-inwestycji\/","og_site_name":"Gateway &amp; Partners","article_modified_time":"2026-05-11T15:12:55+00:00","og_image":[{"width":2048,"height":1153,"url":"https:\/\/gatewaypartners.eu\/pl\/wp-content\/uploads\/sites\/14\/2016\/11\/Investment_attraction-train-1747216.jpg","type":"image\/jpeg"}],"twitter_card":"summary_large_image","schema":{"@context":"https:\/\/schema.org","@graph":[{"@type":"WebPage","@id":"https:\/\/gatewaypartners.eu\/pl\/uslugi\/pozyskiwanie-inwestycji\/","url":"https:\/\/gatewaypartners.eu\/pl\/uslugi\/pozyskiwanie-inwestycji\/","name":"Pozyskiwanie Inwestycji | Gateway & Partners","isPartOf":{"@id":"https:\/\/gatewaypartners.eu\/pl\/#website"},"datePublished":"2022-02-18T14:06:16+00:00","dateModified":"2026-05-11T15:12:55+00:00","description":"We offer Investment Atrraction services, including Feasibility Study, Investment Offer Development and Investment Attraction. See full service description here!","breadcrumb":{"@id":"https:\/\/gatewaypartners.eu\/pl\/uslugi\/pozyskiwanie-inwestycji\/#breadcrumb"},"inLanguage":"pl-PL","potentialAction":[{"@type":"ReadAction","target":["https:\/\/gatewaypartners.eu\/pl\/uslugi\/pozyskiwanie-inwestycji\/"]}]},{"@type":"BreadcrumbList","@id":"https:\/\/gatewaypartners.eu\/pl\/uslugi\/pozyskiwanie-inwestycji\/#breadcrumb","itemListElement":[{"@type":"ListItem","position":1,"name":"Us\u0142ugi","item":"https:\/\/gatewaypartners.eu\/pl\/uslugi\/"},{"@type":"ListItem","position":2,"name":"Pozyskiwanie Inwestycji"}]},{"@type":"WebSite","@id":"https:\/\/gatewaypartners.eu\/pl\/#website","url":"https:\/\/gatewaypartners.eu\/pl\/","name":"Gateway &amp; Partners","description":"Your Export Powerhouse","potentialAction":[{"@type":"SearchAction","target":{"@type":"EntryPoint","urlTemplate":"https:\/\/gatewaypartners.eu\/pl\/?s={search_term_string}"},"query-input":"required name=search_term_string"}],"inLanguage":"pl-PL"}]}},"_links":{"self":[{"href":"https:\/\/gatewaypartners.eu\/pl\/wp-json\/wp\/v2\/pages\/626","targetHints":{"allow":["GET"]}}],"collection":[{"href":"https:\/\/gatewaypartners.eu\/pl\/wp-json\/wp\/v2\/pages"}],"about":[{"href":"https:\/\/gatewaypartners.eu\/pl\/wp-json\/wp\/v2\/types\/page"}],"author":[{"embeddable":true,"href":"https:\/\/gatewaypartners.eu\/pl\/wp-json\/wp\/v2\/users\/1"}],"replies":[{"embeddable":true,"href":"https:\/\/gatewaypartners.eu\/pl\/wp-json\/wp\/v2\/comments?post=626"}],"version-history":[{"count":10,"href":"https:\/\/gatewaypartners.eu\/pl\/wp-json\/wp\/v2\/pages\/626\/revisions"}],"predecessor-version":[{"id":2769,"href":"https:\/\/gatewaypartners.eu\/pl\/wp-json\/wp\/v2\/pages\/626\/revisions\/2769"}],"up":[{"embeddable":true,"href":"https:\/\/gatewaypartners.eu\/pl\/wp-json\/wp\/v2\/pages\/67"}],"wp:featuredmedia":[{"embeddable":true,"href":"https:\/\/gatewaypartners.eu\/pl\/wp-json\/wp\/v2\/media\/178"}],"wp:attachment":[{"href":"https:\/\/gatewaypartners.eu\/pl\/wp-json\/wp\/v2\/media?parent=626"}],"curies":[{"name":"wp","href":"https:\/\/api.w.org\/{rel}","templated":true}]}}