{"id":628,"date":"2022-02-18T13:07:37","date_gmt":"2022-02-18T11:07:37","guid":{"rendered":"http:\/\/gatewaypartners.eu\/?page_id=628"},"modified":"2026-05-11T18:12:14","modified_gmt":"2026-05-11T15:12:14","slug":"wywiad-rynkowy","status":"publish","type":"page","link":"https:\/\/gatewaypartners.eu\/pl\/uslugi\/wywiad-rynkowy\/","title":{"rendered":"Wywiad Rynkowy"},"content":{"rendered":"<h2><strong>Badania i Analizy Rynku<\/strong><\/h2>\n<p>Projekty badawcze wspieraj\u0105 firmy poprzez dostarczanie <a href=\"https:\/\/gatewaypartners.eu\/pl\/uslugi\/rozwoj-marki\/\">konkretnych informacji rynkowych<\/a>, niezb\u0119dnych do podejmowania decyzji strategicznych.<\/p>\n<p><strong>W ramach tej us\u0142ugi:<\/strong><\/p>\n<ul>\n<li>\n<p class=\"p1\">Stworzymy przegl\u0105d rynku, odkryjemy kluczowe czynniki ekonomiczne i trendy<\/p>\n<\/li>\n<li>\n<p class=\"p1\">Oszacujemy wielko\u015b\u0107 rynku, przeanalizujemy dane dotycz\u0105ce importu i produkcji lokalnej oraz udzia\u0142y w rynku<\/p>\n<\/li>\n<li>\n<p class=\"p1\">Przeanalizujemy rozw\u00f3j konkretnych bran\u017c oraz konkurencj\u0119<\/p>\n<\/li>\n<li>\n<p class=\"p1\">Zapewnimy us\u0142ugi z zakresu segmentacji i pozycjonowania<\/p>\n<\/li>\n<li>\n<p class=\"p1\"><a href=\"https:\/\/gatewaypartners.eu\/pl\/uslugi\/zarzadzanie-eksportem\/\">Zidentyfikujemy kana\u0142y sprzeda\u017cy<\/a> na rynku oraz kluczowych klient\u00f3w<\/p>\n<\/li>\n<li>\n<p class=\"p1\">Przeprowadzimy wywiady eksperckie, przeanalizujemy dane statystyczne i zbierzemy informacje z r\u00f3\u017cnych \u017ar\u00f3de\u0142<\/p>\n<\/li>\n<li>\n<p class=\"p1\"><span class=\"s1\">Por\u00f3wnamy kilka rynk\u00f3w i wska\u017cemy najbardziej perspektywiczne<\/span><\/p>\n<\/li>\n<li>\n<p class=\"p1\">Opracujemy raporty rynkowe z profesjonaln\u0105 wizualizacj\u0105 i podsumowaniem w formie prezentacji<\/p>\n<\/li>\n<\/ul>\n<h2><strong>Jako\u015bciowe i Ilo\u015bciowe Badania Klient\u00f3w Oraz Benchmarking Konkurencji<\/strong><\/h2>\n<p class=\"p1\">Us\u0142uga ta pomaga zrozumie\u0107, jak klienci oceniaj\u0105 Twoje us\u0142ugi, pozwala por\u00f3wna\u0107 ofert\u0119 z konkurencj\u0105 oraz zidentyfikowa\u0107 potrzeby potencjalnych klient\u00f3w.<\/p>\n<p class=\"p1\"><strong>W ramach tej us\u0142ugi:<\/strong><\/p>\n<ul>\n<li class=\"p1\">Przeprowadzimy wywiady z <a href=\"https:\/\/gatewaypartners.eu\/pl\/uslugi\/dostawcow-branzowych\/\">potencjalnymi klientami<\/a> (metodami Focus groups, Face to face, CATI lub CAPI), aby <a href=\"https:\/\/gatewaypartners.eu\/pl\/uslugi\/rozwoj-marki\/\">zrozumie\u0107 potrzeby rynku<\/a> i dopasowanie Twojej oferty<\/li>\n<li class=\"p1\">Przeprowadzimy wywiady z Twoimi obecnymi klientami, aby zidentyfikowa\u0107 mocne strony i obszary do poprawy<\/li>\n<li class=\"p1\">Por\u00f3wnamy Twoj\u0105 ofert\u0119 z istniej\u0105c\u0105 konkurencj\u0105<\/li>\n<li class=\"p1\">Zarekomendujemy zmiany, aby sprosta\u0107 potrzebom obecnych i nowych klient\u00f3w<\/li>\n<\/ul>\n<h2><strong>Monitoring Rynku i Lead\u00f3w Sprzeda\u017cowych<\/strong><\/h2>\n<p class=\"p1\">Gromadzimy \u015bwie\u017ce <a href=\"https:\/\/gatewaypartners.eu\/pl\/uslugi\/zarzadzanie-eksportem\/\">informacje rynkowe<\/a> dotycz\u0105ce kluczowych dzia\u0142a\u0144 Twoich klient\u00f3w i konkurent\u00f3w oraz trend\u00f3w bran\u017cowych na strategicznych dla Ciebie rynkach. Pomaga to trzyma\u0107 r\u0119k\u0119 na pulsie, podejmowa\u0107 decyzje strategiczne i dzia\u0142a\u0107.<\/p>\n<p class=\"p1\"><strong>W ramach tej us\u0142ugi:<\/strong><\/p>\n<ul>\n<li class=\"p1\">Okre\u015blimy, jakie informacje s\u0105 dla Ciebie istotne do sta\u0142ego monitorowania (w cyklu miesi\u0119cznym, kwartalnym lub rocznym)<\/li>\n<li class=\"p1\">Zbierzemy informacje z lokalnych \u017ar\u00f3de\u0142 na wielu rynkach<\/li>\n<li class=\"p1\">Podsumujemy i dostarczymy istotne informacje biznesowe w kompaktowym formacie<\/li>\n<\/ul>\n","protected":false},"excerpt":{"rendered":"<p>Badania i Analizy Rynku<br \/>\nJako\u015bciowe i Ilo\u015bciowe Badania Klient\u00f3w<br \/>\nMonitoring rynku i lead\u00f3w sprzeda\u017cowych<\/p>\n","protected":false},"author":1,"featured_media":177,"parent":67,"menu_order":2,"comment_status":"closed","ping_status":"closed","template":"template-service.php","meta":{"inline_featured_image":false,"footnotes":""},"class_list":["post-628","page","type-page","status-publish","has-post-thumbnail","hentry"],"acf":[],"yoast_head":"<!-- This site is optimized with the Yoast SEO plugin v20.2.1 - https:\/\/yoast.com\/wordpress\/plugins\/seo\/ -->\n<title>Wywiad Rynkowy | Gateway &amp; Partners<\/title>\n<meta name=\"description\" content=\"We offer Market Intelligence services, including Market Research and Analysis, Qualitative and Quantitative Customer Surveys, Market and Sales Lead Monitoring.\" \/>\n<meta name=\"robots\" content=\"index, follow, max-snippet:-1, max-image-preview:large, max-video-preview:-1\" \/>\n<link rel=\"canonical\" href=\"https:\/\/gatewaypartners.eu\/pl\/uslugi\/wywiad-rynkowy\/\" \/>\n<meta property=\"og:locale\" content=\"pl_PL\" \/>\n<meta property=\"og:type\" content=\"article\" \/>\n<meta property=\"og:title\" content=\"Wywiad Rynkowy | Gateway &amp; Partners\" \/>\n<meta property=\"og:description\" content=\"We offer Market Intelligence services, including Market Research and Analysis, Qualitative and Quantitative Customer Surveys, Market and Sales Lead Monitoring.\" \/>\n<meta property=\"og:url\" content=\"https:\/\/gatewaypartners.eu\/pl\/uslugi\/wywiad-rynkowy\/\" \/>\n<meta property=\"og:site_name\" content=\"Gateway &amp; Partners\" \/>\n<meta property=\"article:modified_time\" content=\"2026-05-11T15:12:14+00:00\" \/>\n<meta property=\"og:image\" content=\"https:\/\/gatewaypartners.eu\/pl\/wp-content\/uploads\/sites\/14\/2016\/11\/Market_intelligence-airport-1640407.jpg\" \/>\n\t<meta property=\"og:image:width\" content=\"2048\" \/>\n\t<meta property=\"og:image:height\" content=\"1536\" \/>\n\t<meta property=\"og:image:type\" content=\"image\/jpeg\" \/>\n<meta name=\"twitter:card\" content=\"summary_large_image\" \/>\n<script type=\"application\/ld+json\" class=\"yoast-schema-graph\">{\"@context\":\"https:\/\/schema.org\",\"@graph\":[{\"@type\":\"WebPage\",\"@id\":\"https:\/\/gatewaypartners.eu\/pl\/uslugi\/wywiad-rynkowy\/\",\"url\":\"https:\/\/gatewaypartners.eu\/pl\/uslugi\/wywiad-rynkowy\/\",\"name\":\"Wywiad Rynkowy | Gateway & Partners\",\"isPartOf\":{\"@id\":\"https:\/\/gatewaypartners.eu\/pl\/#website\"},\"datePublished\":\"2022-02-18T11:07:37+00:00\",\"dateModified\":\"2026-05-11T15:12:14+00:00\",\"description\":\"We offer Market Intelligence services, including Market Research and Analysis, Qualitative and Quantitative Customer Surveys, Market and Sales Lead Monitoring.\",\"breadcrumb\":{\"@id\":\"https:\/\/gatewaypartners.eu\/pl\/uslugi\/wywiad-rynkowy\/#breadcrumb\"},\"inLanguage\":\"pl-PL\",\"potentialAction\":[{\"@type\":\"ReadAction\",\"target\":[\"https:\/\/gatewaypartners.eu\/pl\/uslugi\/wywiad-rynkowy\/\"]}]},{\"@type\":\"BreadcrumbList\",\"@id\":\"https:\/\/gatewaypartners.eu\/pl\/uslugi\/wywiad-rynkowy\/#breadcrumb\",\"itemListElement\":[{\"@type\":\"ListItem\",\"position\":1,\"name\":\"Us\u0142ugi\",\"item\":\"https:\/\/gatewaypartners.eu\/pl\/uslugi\/\"},{\"@type\":\"ListItem\",\"position\":2,\"name\":\"Wywiad Rynkowy\"}]},{\"@type\":\"WebSite\",\"@id\":\"https:\/\/gatewaypartners.eu\/pl\/#website\",\"url\":\"https:\/\/gatewaypartners.eu\/pl\/\",\"name\":\"Gateway &amp; Partners\",\"description\":\"Your Export Powerhouse\",\"potentialAction\":[{\"@type\":\"SearchAction\",\"target\":{\"@type\":\"EntryPoint\",\"urlTemplate\":\"https:\/\/gatewaypartners.eu\/pl\/?s={search_term_string}\"},\"query-input\":\"required name=search_term_string\"}],\"inLanguage\":\"pl-PL\"}]}<\/script>\n<!-- \/ Yoast SEO plugin. -->","yoast_head_json":{"title":"Wywiad Rynkowy | Gateway & Partners","description":"We offer Market Intelligence services, including Market Research and Analysis, Qualitative and Quantitative Customer Surveys, Market and Sales Lead Monitoring.","robots":{"index":"index","follow":"follow","max-snippet":"max-snippet:-1","max-image-preview":"max-image-preview:large","max-video-preview":"max-video-preview:-1"},"canonical":"https:\/\/gatewaypartners.eu\/pl\/uslugi\/wywiad-rynkowy\/","og_locale":"pl_PL","og_type":"article","og_title":"Wywiad Rynkowy | Gateway & Partners","og_description":"We offer Market Intelligence services, including Market Research and Analysis, Qualitative and Quantitative Customer Surveys, Market and Sales Lead Monitoring.","og_url":"https:\/\/gatewaypartners.eu\/pl\/uslugi\/wywiad-rynkowy\/","og_site_name":"Gateway &amp; Partners","article_modified_time":"2026-05-11T15:12:14+00:00","og_image":[{"width":2048,"height":1536,"url":"https:\/\/gatewaypartners.eu\/pl\/wp-content\/uploads\/sites\/14\/2016\/11\/Market_intelligence-airport-1640407.jpg","type":"image\/jpeg"}],"twitter_card":"summary_large_image","schema":{"@context":"https:\/\/schema.org","@graph":[{"@type":"WebPage","@id":"https:\/\/gatewaypartners.eu\/pl\/uslugi\/wywiad-rynkowy\/","url":"https:\/\/gatewaypartners.eu\/pl\/uslugi\/wywiad-rynkowy\/","name":"Wywiad Rynkowy | Gateway & Partners","isPartOf":{"@id":"https:\/\/gatewaypartners.eu\/pl\/#website"},"datePublished":"2022-02-18T11:07:37+00:00","dateModified":"2026-05-11T15:12:14+00:00","description":"We offer Market Intelligence services, including Market Research and Analysis, Qualitative and Quantitative Customer Surveys, Market and Sales Lead Monitoring.","breadcrumb":{"@id":"https:\/\/gatewaypartners.eu\/pl\/uslugi\/wywiad-rynkowy\/#breadcrumb"},"inLanguage":"pl-PL","potentialAction":[{"@type":"ReadAction","target":["https:\/\/gatewaypartners.eu\/pl\/uslugi\/wywiad-rynkowy\/"]}]},{"@type":"BreadcrumbList","@id":"https:\/\/gatewaypartners.eu\/pl\/uslugi\/wywiad-rynkowy\/#breadcrumb","itemListElement":[{"@type":"ListItem","position":1,"name":"Us\u0142ugi","item":"https:\/\/gatewaypartners.eu\/pl\/uslugi\/"},{"@type":"ListItem","position":2,"name":"Wywiad Rynkowy"}]},{"@type":"WebSite","@id":"https:\/\/gatewaypartners.eu\/pl\/#website","url":"https:\/\/gatewaypartners.eu\/pl\/","name":"Gateway &amp; Partners","description":"Your Export Powerhouse","potentialAction":[{"@type":"SearchAction","target":{"@type":"EntryPoint","urlTemplate":"https:\/\/gatewaypartners.eu\/pl\/?s={search_term_string}"},"query-input":"required name=search_term_string"}],"inLanguage":"pl-PL"}]}},"_links":{"self":[{"href":"https:\/\/gatewaypartners.eu\/pl\/wp-json\/wp\/v2\/pages\/628","targetHints":{"allow":["GET"]}}],"collection":[{"href":"https:\/\/gatewaypartners.eu\/pl\/wp-json\/wp\/v2\/pages"}],"about":[{"href":"https:\/\/gatewaypartners.eu\/pl\/wp-json\/wp\/v2\/types\/page"}],"author":[{"embeddable":true,"href":"https:\/\/gatewaypartners.eu\/pl\/wp-json\/wp\/v2\/users\/1"}],"replies":[{"embeddable":true,"href":"https:\/\/gatewaypartners.eu\/pl\/wp-json\/wp\/v2\/comments?post=628"}],"version-history":[{"count":14,"href":"https:\/\/gatewaypartners.eu\/pl\/wp-json\/wp\/v2\/pages\/628\/revisions"}],"predecessor-version":[{"id":2767,"href":"https:\/\/gatewaypartners.eu\/pl\/wp-json\/wp\/v2\/pages\/628\/revisions\/2767"}],"up":[{"embeddable":true,"href":"https:\/\/gatewaypartners.eu\/pl\/wp-json\/wp\/v2\/pages\/67"}],"wp:featuredmedia":[{"embeddable":true,"href":"https:\/\/gatewaypartners.eu\/pl\/wp-json\/wp\/v2\/media\/177"}],"wp:attachment":[{"href":"https:\/\/gatewaypartners.eu\/pl\/wp-json\/wp\/v2\/media?parent=628"}],"curies":[{"name":"wp","href":"https:\/\/api.w.org\/{rel}","templated":true}]}}