{"id":630,"date":"2022-02-18T12:08:40","date_gmt":"2022-02-18T10:08:40","guid":{"rendered":"http:\/\/gatewaypartners.eu\/?page_id=630"},"modified":"2026-05-11T18:10:04","modified_gmt":"2026-05-11T15:10:04","slug":"zarzadzanie-eksportem","status":"publish","type":"page","link":"https:\/\/gatewaypartners.eu\/pl\/uslugi\/zarzadzanie-eksportem\/","title":{"rendered":"Zarz\u0105dzanie Eksportem i Sprzeda\u017c\u0105"},"content":{"rendered":"<h2><strong>Pozyskiwanie partner\u00f3w handlowych\u00a0<\/strong><\/h2>\n<p class=\"p1\">Przedstawimy Twoj\u0105 firm\u0119 potencjalnym partnerom na <a href=\"https:\/\/gatewaypartners.eu\/pl\/uslugi\/wywiad-rynkowy\/\">rynkach docelowych<\/a>, zidentyfikujemy leady sprzeda\u017cowe i um\u00f3wimy spotkania handlowe.<\/p>\n<p><strong>W ramach tej us\u0142ugi:<\/strong><\/p>\n<ul>\n<li>\n<p class=\"p1\">Zidentyfikujemy odpowiednie kana\u0142y sprzeda\u017cy<\/p>\n<\/li>\n<li>\n<p class=\"p1\">Zaprezentujemy Tw\u00f3j produkt potencjalnym partnerom i klientom na rynku docelowym<\/p>\n<\/li>\n<li>\n<p class=\"p1\">Zorganizujemy spotkania biznesowe z <a href=\"https:\/\/gatewaypartners.eu\/pl\/uslugi\/dostawcow-branzowych\/\">potencjalnymi partnerami handlowymi<\/a> i klientami na danym rynku<\/p>\n<\/li>\n<li>\n<p class=\"p1\">Zadbamy o wszelkie kwestie organizacyjne, aby zapewni\u0107 najwy\u017csz\u0105 jako\u015b\u0107 Twojej wizyty<\/p>\n<\/li>\n<\/ul>\n<h2><strong>Wydarzenia Match-makingowe B2B<\/strong><\/h2>\n<p class=\"p1\">Organizujemy wydarzenia typu match-making dla grup firm zainteresowanych nawi\u0105zaniem <a href=\"https:\/\/gatewaypartners.eu\/pl\/uslugi\/rozwoj-marki\/\">nowych partnerstw eksportowych<\/a>.<\/p>\n<p class=\"p1\"><strong>W ramach tej us\u0142ugi:<\/strong><\/p>\n<ul>\n<li>\n<p class=\"p1\">Zorganizujemy wydarzenie match-makingowe B2B dla grupy przedsi\u0119biorstw<\/p>\n<\/li>\n<li>\n<p class=\"p1\">Um\u00f3wimy indywidualne <a href=\"https:\/\/gatewaypartners.eu\/pl\/uslugi\/wywiad-rynkowy\/\">spotkania sprzeda\u017cowe<\/a> dla uczestnik\u00f3w<\/p>\n<\/li>\n<li>\n<p class=\"p1\">Zorganizujemy seminarium lub wizyt\u0119 studyjn\u0105 na rynku docelowym<\/p>\n<\/li>\n<li>\n<p class=\"p1\">Zadbamy o wszelkie kwestie organizacyjne, aby zapewni\u0107 profesjonalny przebieg wizyty<\/p>\n<\/li>\n<\/ul>\n<h2><strong>Zarz\u0105dzanie Eksportem<\/strong><\/h2>\n<p class=\"p1\">W ramach us\u0142ugi zarz\u0105dzania eksportem b\u0119dziemy pe\u0142ni\u0107 funkcj\u0119 Twoich zewn\u0119trznych mened\u017cer\u00f3w ds. sprzeda\u017cy eksportowej.<\/p>\n<p class=\"p1\"><strong>W ramach tej us\u0142ugi:<\/strong><\/p>\n<ul>\n<li class=\"p1\">B\u0119dziemy stale pracowa\u0107 nad rozwojem Twojej sprzeda\u017cy zagranicznej<\/li>\n<li class=\"p1\">B\u0119dziemy budowa\u0107 relacje z klientami, przejmuj\u0105c odpowiedzialno\u015b\u0107 za komunikacj\u0119 oraz negocjacje cen i warunk\u00f3w dostaw<\/li>\n<li class=\"p1\">Wsp\u00f3lnie z Tob\u0105 b\u0119dziemy opracowywa\u0107 nowe produkty na rynki eksportowe<\/li>\n<\/ul>\n","protected":false},"excerpt":{"rendered":"<p>Pozyskiwanie Partner\u00f3w Handlowych<br \/>\nWydarzenia match-makingowe B2B<br \/>\nZarz\u0105dzanie Exportem<\/p>\n","protected":false},"author":1,"featured_media":197,"parent":67,"menu_order":1,"comment_status":"closed","ping_status":"closed","template":"template-service.php","meta":{"inline_featured_image":false,"footnotes":""},"class_list":["post-630","page","type-page","status-publish","has-post-thumbnail","hentry"],"acf":[],"yoast_head":"<!-- This site is optimized with the Yoast SEO plugin v20.2.1 - https:\/\/yoast.com\/wordpress\/plugins\/seo\/ -->\n<title>Zarz\u0105dzanie Eksportem | Gateway &amp; Partners<\/title>\n<meta name=\"description\" content=\"We will introduce your product to potential partners and clients, organize match making events, work with your export sales development. See full services here!\" \/>\n<meta name=\"robots\" content=\"index, follow, max-snippet:-1, max-image-preview:large, max-video-preview:-1\" \/>\n<link rel=\"canonical\" href=\"https:\/\/gatewaypartners.eu\/pl\/uslugi\/zarzadzanie-eksportem\/\" \/>\n<meta property=\"og:locale\" content=\"pl_PL\" \/>\n<meta property=\"og:type\" content=\"article\" \/>\n<meta property=\"og:title\" content=\"Zarz\u0105dzanie Eksportem | Gateway &amp; Partners\" \/>\n<meta property=\"og:description\" content=\"We will introduce your product to potential partners and clients, organize match making events, work with your export sales development. See full services here!\" \/>\n<meta property=\"og:url\" content=\"https:\/\/gatewaypartners.eu\/pl\/uslugi\/zarzadzanie-eksportem\/\" \/>\n<meta property=\"og:site_name\" content=\"Gateway &amp; Partners\" \/>\n<meta property=\"article:modified_time\" content=\"2026-05-11T15:10:04+00:00\" \/>\n<meta property=\"og:image\" content=\"https:\/\/gatewaypartners.eu\/pl\/wp-content\/uploads\/sites\/14\/2016\/11\/Export_intelligence_airport-1497690_1920.jpg\" \/>\n\t<meta property=\"og:image:width\" content=\"1920\" \/>\n\t<meta property=\"og:image:height\" content=\"1285\" \/>\n\t<meta property=\"og:image:type\" content=\"image\/jpeg\" \/>\n<meta name=\"twitter:card\" content=\"summary_large_image\" \/>\n<script type=\"application\/ld+json\" class=\"yoast-schema-graph\">{\"@context\":\"https:\/\/schema.org\",\"@graph\":[{\"@type\":\"WebPage\",\"@id\":\"https:\/\/gatewaypartners.eu\/pl\/uslugi\/zarzadzanie-eksportem\/\",\"url\":\"https:\/\/gatewaypartners.eu\/pl\/uslugi\/zarzadzanie-eksportem\/\",\"name\":\"Zarz\u0105dzanie Eksportem | Gateway & Partners\",\"isPartOf\":{\"@id\":\"https:\/\/gatewaypartners.eu\/pl\/#website\"},\"datePublished\":\"2022-02-18T10:08:40+00:00\",\"dateModified\":\"2026-05-11T15:10:04+00:00\",\"description\":\"We will introduce your product to potential partners and clients, organize match making events, work with your export sales development. See full services here!\",\"breadcrumb\":{\"@id\":\"https:\/\/gatewaypartners.eu\/pl\/uslugi\/zarzadzanie-eksportem\/#breadcrumb\"},\"inLanguage\":\"pl-PL\",\"potentialAction\":[{\"@type\":\"ReadAction\",\"target\":[\"https:\/\/gatewaypartners.eu\/pl\/uslugi\/zarzadzanie-eksportem\/\"]}]},{\"@type\":\"BreadcrumbList\",\"@id\":\"https:\/\/gatewaypartners.eu\/pl\/uslugi\/zarzadzanie-eksportem\/#breadcrumb\",\"itemListElement\":[{\"@type\":\"ListItem\",\"position\":1,\"name\":\"Us\u0142ugi\",\"item\":\"https:\/\/gatewaypartners.eu\/pl\/uslugi\/\"},{\"@type\":\"ListItem\",\"position\":2,\"name\":\"Zarz\u0105dzanie Eksportem i Sprzeda\u017c\u0105\"}]},{\"@type\":\"WebSite\",\"@id\":\"https:\/\/gatewaypartners.eu\/pl\/#website\",\"url\":\"https:\/\/gatewaypartners.eu\/pl\/\",\"name\":\"Gateway &amp; Partners\",\"description\":\"Your Export Powerhouse\",\"potentialAction\":[{\"@type\":\"SearchAction\",\"target\":{\"@type\":\"EntryPoint\",\"urlTemplate\":\"https:\/\/gatewaypartners.eu\/pl\/?s={search_term_string}\"},\"query-input\":\"required name=search_term_string\"}],\"inLanguage\":\"pl-PL\"}]}<\/script>\n<!-- \/ Yoast SEO plugin. -->","yoast_head_json":{"title":"Zarz\u0105dzanie Eksportem | Gateway & Partners","description":"We will introduce your product to potential partners and clients, organize match making events, work with your export sales development. See full services here!","robots":{"index":"index","follow":"follow","max-snippet":"max-snippet:-1","max-image-preview":"max-image-preview:large","max-video-preview":"max-video-preview:-1"},"canonical":"https:\/\/gatewaypartners.eu\/pl\/uslugi\/zarzadzanie-eksportem\/","og_locale":"pl_PL","og_type":"article","og_title":"Zarz\u0105dzanie Eksportem | Gateway & Partners","og_description":"We will introduce your product to potential partners and clients, organize match making events, work with your export sales development. See full services here!","og_url":"https:\/\/gatewaypartners.eu\/pl\/uslugi\/zarzadzanie-eksportem\/","og_site_name":"Gateway &amp; Partners","article_modified_time":"2026-05-11T15:10:04+00:00","og_image":[{"width":1920,"height":1285,"url":"https:\/\/gatewaypartners.eu\/pl\/wp-content\/uploads\/sites\/14\/2016\/11\/Export_intelligence_airport-1497690_1920.jpg","type":"image\/jpeg"}],"twitter_card":"summary_large_image","schema":{"@context":"https:\/\/schema.org","@graph":[{"@type":"WebPage","@id":"https:\/\/gatewaypartners.eu\/pl\/uslugi\/zarzadzanie-eksportem\/","url":"https:\/\/gatewaypartners.eu\/pl\/uslugi\/zarzadzanie-eksportem\/","name":"Zarz\u0105dzanie Eksportem | Gateway & Partners","isPartOf":{"@id":"https:\/\/gatewaypartners.eu\/pl\/#website"},"datePublished":"2022-02-18T10:08:40+00:00","dateModified":"2026-05-11T15:10:04+00:00","description":"We will introduce your product to potential partners and clients, organize match making events, work with your export sales development. See full services here!","breadcrumb":{"@id":"https:\/\/gatewaypartners.eu\/pl\/uslugi\/zarzadzanie-eksportem\/#breadcrumb"},"inLanguage":"pl-PL","potentialAction":[{"@type":"ReadAction","target":["https:\/\/gatewaypartners.eu\/pl\/uslugi\/zarzadzanie-eksportem\/"]}]},{"@type":"BreadcrumbList","@id":"https:\/\/gatewaypartners.eu\/pl\/uslugi\/zarzadzanie-eksportem\/#breadcrumb","itemListElement":[{"@type":"ListItem","position":1,"name":"Us\u0142ugi","item":"https:\/\/gatewaypartners.eu\/pl\/uslugi\/"},{"@type":"ListItem","position":2,"name":"Zarz\u0105dzanie Eksportem i Sprzeda\u017c\u0105"}]},{"@type":"WebSite","@id":"https:\/\/gatewaypartners.eu\/pl\/#website","url":"https:\/\/gatewaypartners.eu\/pl\/","name":"Gateway &amp; Partners","description":"Your Export Powerhouse","potentialAction":[{"@type":"SearchAction","target":{"@type":"EntryPoint","urlTemplate":"https:\/\/gatewaypartners.eu\/pl\/?s={search_term_string}"},"query-input":"required name=search_term_string"}],"inLanguage":"pl-PL"}]}},"_links":{"self":[{"href":"https:\/\/gatewaypartners.eu\/pl\/wp-json\/wp\/v2\/pages\/630","targetHints":{"allow":["GET"]}}],"collection":[{"href":"https:\/\/gatewaypartners.eu\/pl\/wp-json\/wp\/v2\/pages"}],"about":[{"href":"https:\/\/gatewaypartners.eu\/pl\/wp-json\/wp\/v2\/types\/page"}],"author":[{"embeddable":true,"href":"https:\/\/gatewaypartners.eu\/pl\/wp-json\/wp\/v2\/users\/1"}],"replies":[{"embeddable":true,"href":"https:\/\/gatewaypartners.eu\/pl\/wp-json\/wp\/v2\/comments?post=630"}],"version-history":[{"count":14,"href":"https:\/\/gatewaypartners.eu\/pl\/wp-json\/wp\/v2\/pages\/630\/revisions"}],"predecessor-version":[{"id":2766,"href":"https:\/\/gatewaypartners.eu\/pl\/wp-json\/wp\/v2\/pages\/630\/revisions\/2766"}],"up":[{"embeddable":true,"href":"https:\/\/gatewaypartners.eu\/pl\/wp-json\/wp\/v2\/pages\/67"}],"wp:featuredmedia":[{"embeddable":true,"href":"https:\/\/gatewaypartners.eu\/pl\/wp-json\/wp\/v2\/media\/197"}],"wp:attachment":[{"href":"https:\/\/gatewaypartners.eu\/pl\/wp-json\/wp\/v2\/media?parent=630"}],"curies":[{"name":"wp","href":"https:\/\/api.w.org\/{rel}","templated":true}]}}