{"id":642,"date":"2017-02-18T00:29:34","date_gmt":"2017-02-17T22:29:34","guid":{"rendered":"http:\/\/gatewaypartners.eu\/?page_id=642"},"modified":"2026-04-19T20:13:53","modified_gmt":"2026-04-19T17:13:53","slug":"elektronika-automatyka","status":"publish","type":"page","link":"https:\/\/gatewaypartners.eu\/pl\/branze\/elektronika-automatyka\/","title":{"rendered":"Elektronika I Automatyka"},"content":{"rendered":"","protected":false},"excerpt":{"rendered":"<p>Im bardziej zaawansowany i innowacyjny produkt, tym lepiej! Nasz zesp\u00f3\u0142 z entuzjazmem poznaje ka\u017cd\u0105 nowo\u015b\u0107, aby zapewni\u0107 idealne wprowadzenie produktu do potencjalnych klient\u00f3w na r\u00f3\u017cnych rynkach.<\/p>\n","protected":false},"author":1,"featured_media":182,"parent":69,"menu_order":5,"comment_status":"closed","ping_status":"closed","template":"template-industry.php","meta":{"inline_featured_image":false,"footnotes":""},"class_list":["post-642","page","type-page","status-publish","has-post-thumbnail","hentry"],"acf":[],"yoast_head":"<!-- This site is optimized with the Yoast SEO plugin v20.2.1 - https:\/\/yoast.com\/wordpress\/plugins\/seo\/ -->\n<title>Elektronika I Automatyka | Gateway &amp; Partners<\/title>\n<meta name=\"description\" content=\"Our team is keen to learn your product and deliver the perfect introduction to potential customers. See what our Electronics and Automation clients have to say!\" \/>\n<meta name=\"robots\" content=\"index, follow, max-snippet:-1, max-image-preview:large, max-video-preview:-1\" \/>\n<link rel=\"canonical\" href=\"https:\/\/gatewaypartners.eu\/pl\/branze\/elektronika-automatyka\/\" \/>\n<meta property=\"og:locale\" content=\"pl_PL\" \/>\n<meta property=\"og:type\" content=\"article\" \/>\n<meta property=\"og:title\" content=\"Elektronika I Automatyka | Gateway &amp; Partners\" \/>\n<meta property=\"og:description\" content=\"Our team is keen to learn your product and deliver the perfect introduction to potential customers. See what our Electronics and Automation clients have to say!\" \/>\n<meta property=\"og:url\" content=\"https:\/\/gatewaypartners.eu\/pl\/branze\/elektronika-automatyka\/\" \/>\n<meta property=\"og:site_name\" content=\"Gateway &amp; Partners\" \/>\n<meta property=\"article:modified_time\" content=\"2026-04-19T17:13:53+00:00\" \/>\n<meta property=\"og:image\" content=\"https:\/\/gatewaypartners.eu\/pl\/wp-content\/uploads\/sites\/14\/2016\/11\/Electronic-service-428538.jpg\" \/>\n\t<meta property=\"og:image:width\" content=\"2000\" \/>\n\t<meta property=\"og:image:height\" content=\"1324\" \/>\n\t<meta property=\"og:image:type\" content=\"image\/jpeg\" \/>\n<meta name=\"twitter:card\" content=\"summary_large_image\" \/>\n<script type=\"application\/ld+json\" class=\"yoast-schema-graph\">{\"@context\":\"https:\/\/schema.org\",\"@graph\":[{\"@type\":\"WebPage\",\"@id\":\"https:\/\/gatewaypartners.eu\/pl\/branze\/elektronika-automatyka\/\",\"url\":\"https:\/\/gatewaypartners.eu\/pl\/branze\/elektronika-automatyka\/\",\"name\":\"Elektronika I Automatyka | Gateway & Partners\",\"isPartOf\":{\"@id\":\"https:\/\/gatewaypartners.eu\/pl\/#website\"},\"datePublished\":\"2017-02-17T22:29:34+00:00\",\"dateModified\":\"2026-04-19T17:13:53+00:00\",\"description\":\"Our team is keen to learn your product and deliver the perfect introduction to potential customers. See what our Electronics and Automation clients have to say!\",\"breadcrumb\":{\"@id\":\"https:\/\/gatewaypartners.eu\/pl\/branze\/elektronika-automatyka\/#breadcrumb\"},\"inLanguage\":\"pl-PL\",\"potentialAction\":[{\"@type\":\"ReadAction\",\"target\":[\"https:\/\/gatewaypartners.eu\/pl\/branze\/elektronika-automatyka\/\"]}]},{\"@type\":\"BreadcrumbList\",\"@id\":\"https:\/\/gatewaypartners.eu\/pl\/branze\/elektronika-automatyka\/#breadcrumb\",\"itemListElement\":[{\"@type\":\"ListItem\",\"position\":1,\"name\":\"Bran\u017ce\",\"item\":\"https:\/\/gatewaypartners.eu\/pl\/branze\/\"},{\"@type\":\"ListItem\",\"position\":2,\"name\":\"Elektronika I Automatyka\"}]},{\"@type\":\"WebSite\",\"@id\":\"https:\/\/gatewaypartners.eu\/pl\/#website\",\"url\":\"https:\/\/gatewaypartners.eu\/pl\/\",\"name\":\"Gateway &amp; Partners\",\"description\":\"Your Export Powerhouse\",\"potentialAction\":[{\"@type\":\"SearchAction\",\"target\":{\"@type\":\"EntryPoint\",\"urlTemplate\":\"https:\/\/gatewaypartners.eu\/pl\/?s={search_term_string}\"},\"query-input\":\"required name=search_term_string\"}],\"inLanguage\":\"pl-PL\"}]}<\/script>\n<!-- \/ Yoast SEO plugin. -->","yoast_head_json":{"title":"Elektronika I Automatyka | Gateway & Partners","description":"Our team is keen to learn your product and deliver the perfect introduction to potential customers. See what our Electronics and Automation clients have to say!","robots":{"index":"index","follow":"follow","max-snippet":"max-snippet:-1","max-image-preview":"max-image-preview:large","max-video-preview":"max-video-preview:-1"},"canonical":"https:\/\/gatewaypartners.eu\/pl\/branze\/elektronika-automatyka\/","og_locale":"pl_PL","og_type":"article","og_title":"Elektronika I Automatyka | Gateway & Partners","og_description":"Our team is keen to learn your product and deliver the perfect introduction to potential customers. See what our Electronics and Automation clients have to say!","og_url":"https:\/\/gatewaypartners.eu\/pl\/branze\/elektronika-automatyka\/","og_site_name":"Gateway &amp; Partners","article_modified_time":"2026-04-19T17:13:53+00:00","og_image":[{"width":2000,"height":1324,"url":"https:\/\/gatewaypartners.eu\/pl\/wp-content\/uploads\/sites\/14\/2016\/11\/Electronic-service-428538.jpg","type":"image\/jpeg"}],"twitter_card":"summary_large_image","schema":{"@context":"https:\/\/schema.org","@graph":[{"@type":"WebPage","@id":"https:\/\/gatewaypartners.eu\/pl\/branze\/elektronika-automatyka\/","url":"https:\/\/gatewaypartners.eu\/pl\/branze\/elektronika-automatyka\/","name":"Elektronika I Automatyka | Gateway & Partners","isPartOf":{"@id":"https:\/\/gatewaypartners.eu\/pl\/#website"},"datePublished":"2017-02-17T22:29:34+00:00","dateModified":"2026-04-19T17:13:53+00:00","description":"Our team is keen to learn your product and deliver the perfect introduction to potential customers. See what our Electronics and Automation clients have to say!","breadcrumb":{"@id":"https:\/\/gatewaypartners.eu\/pl\/branze\/elektronika-automatyka\/#breadcrumb"},"inLanguage":"pl-PL","potentialAction":[{"@type":"ReadAction","target":["https:\/\/gatewaypartners.eu\/pl\/branze\/elektronika-automatyka\/"]}]},{"@type":"BreadcrumbList","@id":"https:\/\/gatewaypartners.eu\/pl\/branze\/elektronika-automatyka\/#breadcrumb","itemListElement":[{"@type":"ListItem","position":1,"name":"Bran\u017ce","item":"https:\/\/gatewaypartners.eu\/pl\/branze\/"},{"@type":"ListItem","position":2,"name":"Elektronika I Automatyka"}]},{"@type":"WebSite","@id":"https:\/\/gatewaypartners.eu\/pl\/#website","url":"https:\/\/gatewaypartners.eu\/pl\/","name":"Gateway &amp; Partners","description":"Your Export Powerhouse","potentialAction":[{"@type":"SearchAction","target":{"@type":"EntryPoint","urlTemplate":"https:\/\/gatewaypartners.eu\/pl\/?s={search_term_string}"},"query-input":"required name=search_term_string"}],"inLanguage":"pl-PL"}]}},"_links":{"self":[{"href":"https:\/\/gatewaypartners.eu\/pl\/wp-json\/wp\/v2\/pages\/642","targetHints":{"allow":["GET"]}}],"collection":[{"href":"https:\/\/gatewaypartners.eu\/pl\/wp-json\/wp\/v2\/pages"}],"about":[{"href":"https:\/\/gatewaypartners.eu\/pl\/wp-json\/wp\/v2\/types\/page"}],"author":[{"embeddable":true,"href":"https:\/\/gatewaypartners.eu\/pl\/wp-json\/wp\/v2\/users\/1"}],"replies":[{"embeddable":true,"href":"https:\/\/gatewaypartners.eu\/pl\/wp-json\/wp\/v2\/comments?post=642"}],"version-history":[{"count":2,"href":"https:\/\/gatewaypartners.eu\/pl\/wp-json\/wp\/v2\/pages\/642\/revisions"}],"predecessor-version":[{"id":2732,"href":"https:\/\/gatewaypartners.eu\/pl\/wp-json\/wp\/v2\/pages\/642\/revisions\/2732"}],"up":[{"embeddable":true,"href":"https:\/\/gatewaypartners.eu\/pl\/wp-json\/wp\/v2\/pages\/69"}],"wp:featuredmedia":[{"embeddable":true,"href":"https:\/\/gatewaypartners.eu\/pl\/wp-json\/wp\/v2\/media\/182"}],"wp:attachment":[{"href":"https:\/\/gatewaypartners.eu\/pl\/wp-json\/wp\/v2\/media?parent=642"}],"curies":[{"name":"wp","href":"https:\/\/api.w.org\/{rel}","templated":true}]}}