{"id":647,"date":"2017-02-18T00:34:53","date_gmt":"2017-02-17T22:34:53","guid":{"rendered":"http:\/\/gatewaypartners.eu\/?page_id=647"},"modified":"2026-04-19T20:13:37","modified_gmt":"2026-04-19T17:13:37","slug":"obrobka-metali-przemysl-maszynowy","status":"publish","type":"page","link":"https:\/\/gatewaypartners.eu\/pl\/branze\/obrobka-metali-przemysl-maszynowy\/","title":{"rendered":"Obr\u00f3bka Metali i Przemys\u0142 Maszynowy"},"content":{"rendered":"","protected":false},"excerpt":{"rendered":"<p>Zrealizowali\u015bmy liczne projekty, dzi\u0119ki kt\u00f3rym nasi klienci awansowali w \u0142a\u0144cuchu dostaw. Praca z podwykonawcami dla bran\u017cy motoryzacyjnej, maszynowej, transportowej czy budowlanej to nasza codzienno\u015b\u0107.<\/p>\n","protected":false},"author":1,"featured_media":201,"parent":69,"menu_order":2,"comment_status":"closed","ping_status":"closed","template":"template-industry.php","meta":{"inline_featured_image":false,"footnotes":""},"class_list":["post-647","page","type-page","status-publish","has-post-thumbnail","hentry"],"acf":[],"yoast_head":"<!-- This site is optimized with the Yoast SEO plugin v20.2.1 - https:\/\/yoast.com\/wordpress\/plugins\/seo\/ -->\n<title>Obr\u00f3bka Metali i Przemys\u0142 Maszynowy | Gateway &amp; Partners<\/title>\n<meta name=\"description\" content=\"Our daily life: working with subcontractors in the automotive, machinery, transport or construction industries. Find out what clients are saying about us!\" \/>\n<meta name=\"robots\" content=\"index, follow, max-snippet:-1, max-image-preview:large, max-video-preview:-1\" \/>\n<link rel=\"canonical\" href=\"https:\/\/gatewaypartners.eu\/pl\/branze\/obrobka-metali-przemysl-maszynowy\/\" \/>\n<meta property=\"og:locale\" content=\"pl_PL\" \/>\n<meta property=\"og:type\" content=\"article\" \/>\n<meta property=\"og:title\" content=\"Obr\u00f3bka Metali i Przemys\u0142 Maszynowy | Gateway &amp; Partners\" \/>\n<meta property=\"og:description\" content=\"Our daily life: working with subcontractors in the automotive, machinery, transport or construction industries. Find out what clients are saying about us!\" \/>\n<meta property=\"og:url\" content=\"https:\/\/gatewaypartners.eu\/pl\/branze\/obrobka-metali-przemysl-maszynowy\/\" \/>\n<meta property=\"og:site_name\" content=\"Gateway &amp; Partners\" \/>\n<meta property=\"article:modified_time\" content=\"2026-04-19T17:13:37+00:00\" \/>\n<meta property=\"og:image\" content=\"https:\/\/gatewaypartners.eu\/pl\/wp-content\/uploads\/sites\/14\/2016\/11\/Metalworking-drill-444493-2.jpg\" \/>\n\t<meta property=\"og:image:width\" content=\"2048\" \/>\n\t<meta property=\"og:image:height\" content=\"1367\" \/>\n\t<meta property=\"og:image:type\" content=\"image\/jpeg\" \/>\n<meta name=\"twitter:card\" content=\"summary_large_image\" \/>\n<script type=\"application\/ld+json\" class=\"yoast-schema-graph\">{\"@context\":\"https:\/\/schema.org\",\"@graph\":[{\"@type\":\"WebPage\",\"@id\":\"https:\/\/gatewaypartners.eu\/pl\/branze\/obrobka-metali-przemysl-maszynowy\/\",\"url\":\"https:\/\/gatewaypartners.eu\/pl\/branze\/obrobka-metali-przemysl-maszynowy\/\",\"name\":\"Obr\u00f3bka Metali i Przemys\u0142 Maszynowy | Gateway & Partners\",\"isPartOf\":{\"@id\":\"https:\/\/gatewaypartners.eu\/pl\/#website\"},\"datePublished\":\"2017-02-17T22:34:53+00:00\",\"dateModified\":\"2026-04-19T17:13:37+00:00\",\"description\":\"Our daily life: working with subcontractors in the automotive, machinery, transport or construction industries. Find out what clients are saying about us!\",\"breadcrumb\":{\"@id\":\"https:\/\/gatewaypartners.eu\/pl\/branze\/obrobka-metali-przemysl-maszynowy\/#breadcrumb\"},\"inLanguage\":\"pl-PL\",\"potentialAction\":[{\"@type\":\"ReadAction\",\"target\":[\"https:\/\/gatewaypartners.eu\/pl\/branze\/obrobka-metali-przemysl-maszynowy\/\"]}]},{\"@type\":\"BreadcrumbList\",\"@id\":\"https:\/\/gatewaypartners.eu\/pl\/branze\/obrobka-metali-przemysl-maszynowy\/#breadcrumb\",\"itemListElement\":[{\"@type\":\"ListItem\",\"position\":1,\"name\":\"Bran\u017ce\",\"item\":\"https:\/\/gatewaypartners.eu\/pl\/branze\/\"},{\"@type\":\"ListItem\",\"position\":2,\"name\":\"Obr\u00f3bka Metali i Przemys\u0142 Maszynowy\"}]},{\"@type\":\"WebSite\",\"@id\":\"https:\/\/gatewaypartners.eu\/pl\/#website\",\"url\":\"https:\/\/gatewaypartners.eu\/pl\/\",\"name\":\"Gateway &amp; Partners\",\"description\":\"Your Export Powerhouse\",\"potentialAction\":[{\"@type\":\"SearchAction\",\"target\":{\"@type\":\"EntryPoint\",\"urlTemplate\":\"https:\/\/gatewaypartners.eu\/pl\/?s={search_term_string}\"},\"query-input\":\"required name=search_term_string\"}],\"inLanguage\":\"pl-PL\"}]}<\/script>\n<!-- \/ Yoast SEO plugin. -->","yoast_head_json":{"title":"Obr\u00f3bka Metali i Przemys\u0142 Maszynowy | Gateway & Partners","description":"Our daily life: working with subcontractors in the automotive, machinery, transport or construction industries. Find out what clients are saying about us!","robots":{"index":"index","follow":"follow","max-snippet":"max-snippet:-1","max-image-preview":"max-image-preview:large","max-video-preview":"max-video-preview:-1"},"canonical":"https:\/\/gatewaypartners.eu\/pl\/branze\/obrobka-metali-przemysl-maszynowy\/","og_locale":"pl_PL","og_type":"article","og_title":"Obr\u00f3bka Metali i Przemys\u0142 Maszynowy | Gateway & Partners","og_description":"Our daily life: working with subcontractors in the automotive, machinery, transport or construction industries. Find out what clients are saying about us!","og_url":"https:\/\/gatewaypartners.eu\/pl\/branze\/obrobka-metali-przemysl-maszynowy\/","og_site_name":"Gateway &amp; Partners","article_modified_time":"2026-04-19T17:13:37+00:00","og_image":[{"width":2048,"height":1367,"url":"https:\/\/gatewaypartners.eu\/pl\/wp-content\/uploads\/sites\/14\/2016\/11\/Metalworking-drill-444493-2.jpg","type":"image\/jpeg"}],"twitter_card":"summary_large_image","schema":{"@context":"https:\/\/schema.org","@graph":[{"@type":"WebPage","@id":"https:\/\/gatewaypartners.eu\/pl\/branze\/obrobka-metali-przemysl-maszynowy\/","url":"https:\/\/gatewaypartners.eu\/pl\/branze\/obrobka-metali-przemysl-maszynowy\/","name":"Obr\u00f3bka Metali i Przemys\u0142 Maszynowy | Gateway & Partners","isPartOf":{"@id":"https:\/\/gatewaypartners.eu\/pl\/#website"},"datePublished":"2017-02-17T22:34:53+00:00","dateModified":"2026-04-19T17:13:37+00:00","description":"Our daily life: working with subcontractors in the automotive, machinery, transport or construction industries. Find out what clients are saying about us!","breadcrumb":{"@id":"https:\/\/gatewaypartners.eu\/pl\/branze\/obrobka-metali-przemysl-maszynowy\/#breadcrumb"},"inLanguage":"pl-PL","potentialAction":[{"@type":"ReadAction","target":["https:\/\/gatewaypartners.eu\/pl\/branze\/obrobka-metali-przemysl-maszynowy\/"]}]},{"@type":"BreadcrumbList","@id":"https:\/\/gatewaypartners.eu\/pl\/branze\/obrobka-metali-przemysl-maszynowy\/#breadcrumb","itemListElement":[{"@type":"ListItem","position":1,"name":"Bran\u017ce","item":"https:\/\/gatewaypartners.eu\/pl\/branze\/"},{"@type":"ListItem","position":2,"name":"Obr\u00f3bka Metali i Przemys\u0142 Maszynowy"}]},{"@type":"WebSite","@id":"https:\/\/gatewaypartners.eu\/pl\/#website","url":"https:\/\/gatewaypartners.eu\/pl\/","name":"Gateway &amp; Partners","description":"Your Export Powerhouse","potentialAction":[{"@type":"SearchAction","target":{"@type":"EntryPoint","urlTemplate":"https:\/\/gatewaypartners.eu\/pl\/?s={search_term_string}"},"query-input":"required name=search_term_string"}],"inLanguage":"pl-PL"}]}},"_links":{"self":[{"href":"https:\/\/gatewaypartners.eu\/pl\/wp-json\/wp\/v2\/pages\/647","targetHints":{"allow":["GET"]}}],"collection":[{"href":"https:\/\/gatewaypartners.eu\/pl\/wp-json\/wp\/v2\/pages"}],"about":[{"href":"https:\/\/gatewaypartners.eu\/pl\/wp-json\/wp\/v2\/types\/page"}],"author":[{"embeddable":true,"href":"https:\/\/gatewaypartners.eu\/pl\/wp-json\/wp\/v2\/users\/1"}],"replies":[{"embeddable":true,"href":"https:\/\/gatewaypartners.eu\/pl\/wp-json\/wp\/v2\/comments?post=647"}],"version-history":[{"count":2,"href":"https:\/\/gatewaypartners.eu\/pl\/wp-json\/wp\/v2\/pages\/647\/revisions"}],"predecessor-version":[{"id":2730,"href":"https:\/\/gatewaypartners.eu\/pl\/wp-json\/wp\/v2\/pages\/647\/revisions\/2730"}],"up":[{"embeddable":true,"href":"https:\/\/gatewaypartners.eu\/pl\/wp-json\/wp\/v2\/pages\/69"}],"wp:featuredmedia":[{"embeddable":true,"href":"https:\/\/gatewaypartners.eu\/pl\/wp-json\/wp\/v2\/media\/201"}],"wp:attachment":[{"href":"https:\/\/gatewaypartners.eu\/pl\/wp-json\/wp\/v2\/media?parent=647"}],"curies":[{"name":"wp","href":"https:\/\/api.w.org\/{rel}","templated":true}]}}