{"id":649,"date":"2017-02-18T00:38:19","date_gmt":"2017-02-17T22:38:19","guid":{"rendered":"http:\/\/gatewaypartners.eu\/?page_id=649"},"modified":"2026-04-19T20:13:23","modified_gmt":"2026-04-19T17:13:23","slug":"miedzynarodowe-organizacje-handlowe-klastry","status":"publish","type":"page","link":"https:\/\/gatewaypartners.eu\/pl\/branze\/miedzynarodowe-organizacje-handlowe-klastry\/","title":{"rendered":"Mi\u0119dzynarodowe Organizacje Handlowe i Klastry"},"content":{"rendered":"","protected":false},"excerpt":{"rendered":"<p>Gateway &#038; Partners cieszy si\u0119 zaufaniem r\u00f3\u017cnych agencji promocji handlu, klastr\u00f3w i stowarzysze\u0144. Zlecane nam zadania obejmuj\u0105 badania rynku oraz rozw\u00f3j sprzeda\u017cy B2B w formie misji handlowych, wydarze\u0144 matchmakingowych B2B oraz wizyt przyjazdowych dla kupc\u00f3w.<\/p>\n","protected":false},"author":1,"featured_media":191,"parent":69,"menu_order":1,"comment_status":"closed","ping_status":"closed","template":"template-industry.php","meta":{"inline_featured_image":false,"footnotes":""},"class_list":["post-649","page","type-page","status-publish","has-post-thumbnail","hentry"],"acf":[],"yoast_head":"<!-- This site is optimized with the Yoast SEO plugin v20.2.1 - https:\/\/yoast.com\/wordpress\/plugins\/seo\/ -->\n<title>Mi\u0119dzynarodowe Organizacje i Klastry | Gateway &amp; Partners<\/title>\n<meta name=\"description\" content=\"Gateway &amp; Partners have been trusted by various trade promotion agencies, clusters and associations. See what our clients have to say about working with us.\" \/>\n<meta name=\"robots\" content=\"index, follow, max-snippet:-1, max-image-preview:large, max-video-preview:-1\" \/>\n<link rel=\"canonical\" href=\"https:\/\/gatewaypartners.eu\/pl\/branze\/miedzynarodowe-organizacje-handlowe-klastry\/\" \/>\n<meta property=\"og:locale\" content=\"pl_PL\" \/>\n<meta property=\"og:type\" content=\"article\" \/>\n<meta property=\"og:title\" content=\"Mi\u0119dzynarodowe Organizacje i Klastry | Gateway &amp; Partners\" \/>\n<meta property=\"og:description\" content=\"Gateway &amp; Partners have been trusted by various trade promotion agencies, clusters and associations. See what our clients have to say about working with us.\" \/>\n<meta property=\"og:url\" content=\"https:\/\/gatewaypartners.eu\/pl\/branze\/miedzynarodowe-organizacje-handlowe-klastry\/\" \/>\n<meta property=\"og:site_name\" content=\"Gateway &amp; Partners\" \/>\n<meta property=\"article:modified_time\" content=\"2026-04-19T17:13:23+00:00\" \/>\n<meta property=\"og:image\" content=\"https:\/\/gatewaypartners.eu\/pl\/wp-content\/uploads\/sites\/14\/2016\/11\/Careers-roof-top-1436884.jpg\" \/>\n\t<meta property=\"og:image:width\" content=\"2048\" \/>\n\t<meta property=\"og:image:height\" content=\"1365\" \/>\n\t<meta property=\"og:image:type\" content=\"image\/jpeg\" \/>\n<meta name=\"twitter:card\" content=\"summary_large_image\" \/>\n<script type=\"application\/ld+json\" class=\"yoast-schema-graph\">{\"@context\":\"https:\/\/schema.org\",\"@graph\":[{\"@type\":\"WebPage\",\"@id\":\"https:\/\/gatewaypartners.eu\/pl\/branze\/miedzynarodowe-organizacje-handlowe-klastry\/\",\"url\":\"https:\/\/gatewaypartners.eu\/pl\/branze\/miedzynarodowe-organizacje-handlowe-klastry\/\",\"name\":\"Mi\u0119dzynarodowe Organizacje i Klastry | Gateway & Partners\",\"isPartOf\":{\"@id\":\"https:\/\/gatewaypartners.eu\/pl\/#website\"},\"datePublished\":\"2017-02-17T22:38:19+00:00\",\"dateModified\":\"2026-04-19T17:13:23+00:00\",\"description\":\"Gateway & Partners have been trusted by various trade promotion agencies, clusters and associations. See what our clients have to say about working with us.\",\"breadcrumb\":{\"@id\":\"https:\/\/gatewaypartners.eu\/pl\/branze\/miedzynarodowe-organizacje-handlowe-klastry\/#breadcrumb\"},\"inLanguage\":\"pl-PL\",\"potentialAction\":[{\"@type\":\"ReadAction\",\"target\":[\"https:\/\/gatewaypartners.eu\/pl\/branze\/miedzynarodowe-organizacje-handlowe-klastry\/\"]}]},{\"@type\":\"BreadcrumbList\",\"@id\":\"https:\/\/gatewaypartners.eu\/pl\/branze\/miedzynarodowe-organizacje-handlowe-klastry\/#breadcrumb\",\"itemListElement\":[{\"@type\":\"ListItem\",\"position\":1,\"name\":\"Bran\u017ce\",\"item\":\"https:\/\/gatewaypartners.eu\/pl\/branze\/\"},{\"@type\":\"ListItem\",\"position\":2,\"name\":\"Mi\u0119dzynarodowe Organizacje Handlowe i Klastry\"}]},{\"@type\":\"WebSite\",\"@id\":\"https:\/\/gatewaypartners.eu\/pl\/#website\",\"url\":\"https:\/\/gatewaypartners.eu\/pl\/\",\"name\":\"Gateway &amp; Partners\",\"description\":\"Your Export Powerhouse\",\"potentialAction\":[{\"@type\":\"SearchAction\",\"target\":{\"@type\":\"EntryPoint\",\"urlTemplate\":\"https:\/\/gatewaypartners.eu\/pl\/?s={search_term_string}\"},\"query-input\":\"required name=search_term_string\"}],\"inLanguage\":\"pl-PL\"}]}<\/script>\n<!-- \/ Yoast SEO plugin. -->","yoast_head_json":{"title":"Mi\u0119dzynarodowe Organizacje i Klastry | Gateway & Partners","description":"Gateway & Partners have been trusted by various trade promotion agencies, clusters and associations. See what our clients have to say about working with us.","robots":{"index":"index","follow":"follow","max-snippet":"max-snippet:-1","max-image-preview":"max-image-preview:large","max-video-preview":"max-video-preview:-1"},"canonical":"https:\/\/gatewaypartners.eu\/pl\/branze\/miedzynarodowe-organizacje-handlowe-klastry\/","og_locale":"pl_PL","og_type":"article","og_title":"Mi\u0119dzynarodowe Organizacje i Klastry | Gateway & Partners","og_description":"Gateway & Partners have been trusted by various trade promotion agencies, clusters and associations. See what our clients have to say about working with us.","og_url":"https:\/\/gatewaypartners.eu\/pl\/branze\/miedzynarodowe-organizacje-handlowe-klastry\/","og_site_name":"Gateway &amp; Partners","article_modified_time":"2026-04-19T17:13:23+00:00","og_image":[{"width":2048,"height":1365,"url":"https:\/\/gatewaypartners.eu\/pl\/wp-content\/uploads\/sites\/14\/2016\/11\/Careers-roof-top-1436884.jpg","type":"image\/jpeg"}],"twitter_card":"summary_large_image","schema":{"@context":"https:\/\/schema.org","@graph":[{"@type":"WebPage","@id":"https:\/\/gatewaypartners.eu\/pl\/branze\/miedzynarodowe-organizacje-handlowe-klastry\/","url":"https:\/\/gatewaypartners.eu\/pl\/branze\/miedzynarodowe-organizacje-handlowe-klastry\/","name":"Mi\u0119dzynarodowe Organizacje i Klastry | Gateway & Partners","isPartOf":{"@id":"https:\/\/gatewaypartners.eu\/pl\/#website"},"datePublished":"2017-02-17T22:38:19+00:00","dateModified":"2026-04-19T17:13:23+00:00","description":"Gateway & Partners have been trusted by various trade promotion agencies, clusters and associations. See what our clients have to say about working with us.","breadcrumb":{"@id":"https:\/\/gatewaypartners.eu\/pl\/branze\/miedzynarodowe-organizacje-handlowe-klastry\/#breadcrumb"},"inLanguage":"pl-PL","potentialAction":[{"@type":"ReadAction","target":["https:\/\/gatewaypartners.eu\/pl\/branze\/miedzynarodowe-organizacje-handlowe-klastry\/"]}]},{"@type":"BreadcrumbList","@id":"https:\/\/gatewaypartners.eu\/pl\/branze\/miedzynarodowe-organizacje-handlowe-klastry\/#breadcrumb","itemListElement":[{"@type":"ListItem","position":1,"name":"Bran\u017ce","item":"https:\/\/gatewaypartners.eu\/pl\/branze\/"},{"@type":"ListItem","position":2,"name":"Mi\u0119dzynarodowe Organizacje Handlowe i Klastry"}]},{"@type":"WebSite","@id":"https:\/\/gatewaypartners.eu\/pl\/#website","url":"https:\/\/gatewaypartners.eu\/pl\/","name":"Gateway &amp; Partners","description":"Your Export Powerhouse","potentialAction":[{"@type":"SearchAction","target":{"@type":"EntryPoint","urlTemplate":"https:\/\/gatewaypartners.eu\/pl\/?s={search_term_string}"},"query-input":"required name=search_term_string"}],"inLanguage":"pl-PL"}]}},"_links":{"self":[{"href":"https:\/\/gatewaypartners.eu\/pl\/wp-json\/wp\/v2\/pages\/649","targetHints":{"allow":["GET"]}}],"collection":[{"href":"https:\/\/gatewaypartners.eu\/pl\/wp-json\/wp\/v2\/pages"}],"about":[{"href":"https:\/\/gatewaypartners.eu\/pl\/wp-json\/wp\/v2\/types\/page"}],"author":[{"embeddable":true,"href":"https:\/\/gatewaypartners.eu\/pl\/wp-json\/wp\/v2\/users\/1"}],"replies":[{"embeddable":true,"href":"https:\/\/gatewaypartners.eu\/pl\/wp-json\/wp\/v2\/comments?post=649"}],"version-history":[{"count":2,"href":"https:\/\/gatewaypartners.eu\/pl\/wp-json\/wp\/v2\/pages\/649\/revisions"}],"predecessor-version":[{"id":2729,"href":"https:\/\/gatewaypartners.eu\/pl\/wp-json\/wp\/v2\/pages\/649\/revisions\/2729"}],"up":[{"embeddable":true,"href":"https:\/\/gatewaypartners.eu\/pl\/wp-json\/wp\/v2\/pages\/69"}],"wp:featuredmedia":[{"embeddable":true,"href":"https:\/\/gatewaypartners.eu\/pl\/wp-json\/wp\/v2\/media\/191"}],"wp:attachment":[{"href":"https:\/\/gatewaypartners.eu\/pl\/wp-json\/wp\/v2\/media?parent=649"}],"curies":[{"name":"wp","href":"https:\/\/api.w.org\/{rel}","templated":true}]}}