{"id":69,"date":"2016-11-25T16:08:33","date_gmt":"2016-11-25T16:08:33","guid":{"rendered":"http:\/\/gatewaypartners.eu\/?page_id=69"},"modified":"2026-04-19T20:05:50","modified_gmt":"2026-04-19T17:05:50","slug":"branze","status":"publish","type":"page","link":"https:\/\/gatewaypartners.eu\/pl\/branze\/","title":{"rendered":"Bran\u017ce"},"content":{"rendered":"","protected":false},"excerpt":{"rendered":"<p>Bogate do\u015bwiadczenie w r\u00f3\u017cnych bran\u017cach, znajomo\u015b\u0107 rynku, osobiste podej\u015bcie i profesjonalne doradztwo wzmocni\u0105 Twoj\u0105 sprzeda\u017c eksportow\u0105. Przez lata pracowali\u015bmy w wielu bran\u017cach i na r\u00f3\u017cnych rynkach, wspieraj\u0105c firmy i organizacje ka\u017cdej wielko\u015bci.<\/p>\n","protected":false},"author":1,"featured_media":202,"parent":0,"menu_order":0,"comment_status":"closed","ping_status":"closed","template":"template-industries.php","meta":{"inline_featured_image":false,"footnotes":""},"class_list":["post-69","page","type-page","status-publish","has-post-thumbnail","hentry"],"acf":[],"yoast_head":"<!-- This site is optimized with the Yoast SEO plugin v20.2.1 - https:\/\/yoast.com\/wordpress\/plugins\/seo\/ -->\n<title>Industries | Gateway &amp; Partners<\/title>\n<meta name=\"description\" content=\"Extensive experience across various industries, market know-how, a personal attitude and professional advice will empower your export sales.\" \/>\n<meta name=\"robots\" content=\"index, follow, max-snippet:-1, max-image-preview:large, max-video-preview:-1\" \/>\n<link rel=\"canonical\" href=\"https:\/\/gatewaypartners.eu\/pl\/branze\/\" \/>\n<meta property=\"og:locale\" content=\"pl_PL\" \/>\n<meta property=\"og:type\" content=\"article\" \/>\n<meta property=\"og:title\" content=\"Industries | Gateway &amp; Partners\" \/>\n<meta property=\"og:description\" content=\"Extensive experience across various industries, market know-how, a personal attitude and professional advice will empower your export sales.\" \/>\n<meta property=\"og:url\" content=\"https:\/\/gatewaypartners.eu\/pl\/branze\/\" \/>\n<meta property=\"og:site_name\" content=\"Gateway &amp; Partners\" \/>\n<meta property=\"article:modified_time\" content=\"2026-04-19T17:05:50+00:00\" \/>\n<meta property=\"og:image\" content=\"https:\/\/gatewaypartners.eu\/pl\/wp-content\/uploads\/sites\/14\/2016\/11\/Industries-airport-1659008_1920.jpg\" \/>\n\t<meta property=\"og:image:width\" content=\"1920\" \/>\n\t<meta property=\"og:image:height\" content=\"1280\" \/>\n\t<meta property=\"og:image:type\" content=\"image\/jpeg\" \/>\n<meta name=\"twitter:card\" content=\"summary_large_image\" \/>\n<script type=\"application\/ld+json\" class=\"yoast-schema-graph\">{\"@context\":\"https:\/\/schema.org\",\"@graph\":[{\"@type\":\"WebPage\",\"@id\":\"https:\/\/gatewaypartners.eu\/pl\/branze\/\",\"url\":\"https:\/\/gatewaypartners.eu\/pl\/branze\/\",\"name\":\"Industries | Gateway & Partners\",\"isPartOf\":{\"@id\":\"https:\/\/gatewaypartners.eu\/pl\/#website\"},\"datePublished\":\"2016-11-25T16:08:33+00:00\",\"dateModified\":\"2026-04-19T17:05:50+00:00\",\"description\":\"Extensive experience across various industries, market know-how, a personal attitude and professional advice will empower your export sales.\",\"inLanguage\":\"pl-PL\",\"potentialAction\":[{\"@type\":\"ReadAction\",\"target\":[\"https:\/\/gatewaypartners.eu\/pl\/branze\/\"]}]},{\"@type\":\"WebSite\",\"@id\":\"https:\/\/gatewaypartners.eu\/pl\/#website\",\"url\":\"https:\/\/gatewaypartners.eu\/pl\/\",\"name\":\"Gateway &amp; Partners\",\"description\":\"Your Export Powerhouse\",\"potentialAction\":[{\"@type\":\"SearchAction\",\"target\":{\"@type\":\"EntryPoint\",\"urlTemplate\":\"https:\/\/gatewaypartners.eu\/pl\/?s={search_term_string}\"},\"query-input\":\"required name=search_term_string\"}],\"inLanguage\":\"pl-PL\"}]}<\/script>\n<!-- \/ Yoast SEO plugin. -->","yoast_head_json":{"title":"Industries | Gateway & Partners","description":"Extensive experience across various industries, market know-how, a personal attitude and professional advice will empower your export sales.","robots":{"index":"index","follow":"follow","max-snippet":"max-snippet:-1","max-image-preview":"max-image-preview:large","max-video-preview":"max-video-preview:-1"},"canonical":"https:\/\/gatewaypartners.eu\/pl\/branze\/","og_locale":"pl_PL","og_type":"article","og_title":"Industries | Gateway & Partners","og_description":"Extensive experience across various industries, market know-how, a personal attitude and professional advice will empower your export sales.","og_url":"https:\/\/gatewaypartners.eu\/pl\/branze\/","og_site_name":"Gateway &amp; Partners","article_modified_time":"2026-04-19T17:05:50+00:00","og_image":[{"width":1920,"height":1280,"url":"https:\/\/gatewaypartners.eu\/pl\/wp-content\/uploads\/sites\/14\/2016\/11\/Industries-airport-1659008_1920.jpg","type":"image\/jpeg"}],"twitter_card":"summary_large_image","schema":{"@context":"https:\/\/schema.org","@graph":[{"@type":"WebPage","@id":"https:\/\/gatewaypartners.eu\/pl\/branze\/","url":"https:\/\/gatewaypartners.eu\/pl\/branze\/","name":"Industries | Gateway & Partners","isPartOf":{"@id":"https:\/\/gatewaypartners.eu\/pl\/#website"},"datePublished":"2016-11-25T16:08:33+00:00","dateModified":"2026-04-19T17:05:50+00:00","description":"Extensive experience across various industries, market know-how, a personal attitude and professional advice will empower your export sales.","inLanguage":"pl-PL","potentialAction":[{"@type":"ReadAction","target":["https:\/\/gatewaypartners.eu\/pl\/branze\/"]}]},{"@type":"WebSite","@id":"https:\/\/gatewaypartners.eu\/pl\/#website","url":"https:\/\/gatewaypartners.eu\/pl\/","name":"Gateway &amp; Partners","description":"Your Export Powerhouse","potentialAction":[{"@type":"SearchAction","target":{"@type":"EntryPoint","urlTemplate":"https:\/\/gatewaypartners.eu\/pl\/?s={search_term_string}"},"query-input":"required name=search_term_string"}],"inLanguage":"pl-PL"}]}},"_links":{"self":[{"href":"https:\/\/gatewaypartners.eu\/pl\/wp-json\/wp\/v2\/pages\/69","targetHints":{"allow":["GET"]}}],"collection":[{"href":"https:\/\/gatewaypartners.eu\/pl\/wp-json\/wp\/v2\/pages"}],"about":[{"href":"https:\/\/gatewaypartners.eu\/pl\/wp-json\/wp\/v2\/types\/page"}],"author":[{"embeddable":true,"href":"https:\/\/gatewaypartners.eu\/pl\/wp-json\/wp\/v2\/users\/1"}],"replies":[{"embeddable":true,"href":"https:\/\/gatewaypartners.eu\/pl\/wp-json\/wp\/v2\/comments?post=69"}],"version-history":[{"count":7,"href":"https:\/\/gatewaypartners.eu\/pl\/wp-json\/wp\/v2\/pages\/69\/revisions"}],"predecessor-version":[{"id":2728,"href":"https:\/\/gatewaypartners.eu\/pl\/wp-json\/wp\/v2\/pages\/69\/revisions\/2728"}],"wp:featuredmedia":[{"embeddable":true,"href":"https:\/\/gatewaypartners.eu\/pl\/wp-json\/wp\/v2\/media\/202"}],"wp:attachment":[{"href":"https:\/\/gatewaypartners.eu\/pl\/wp-json\/wp\/v2\/media?parent=69"}],"curies":[{"name":"wp","href":"https:\/\/api.w.org\/{rel}","templated":true}]}}